{"id":22515,"date":"2025-06-15T11:09:13","date_gmt":"2025-06-15T09:09:13","guid":{"rendered":"https:\/\/norwegianmade.no\/produkt\/botanisk-candle-floral-kolleksjon\/"},"modified":"2025-10-05T15:11:53","modified_gmt":"2025-10-05T13:11:53","slug":"botanisk-candle-floral-kolleksjon","status":"publish","type":"product","link":"https:\/\/norwegianmade.no\/en\/produkt\/botanisk-candle-floral-kolleksjon\/","title":{"rendered":"Botanisk Candle Floral Kolleksjon"},"content":{"rendered":"<p style=\"background-image: none;background-position: 0% 0%;background-size: auto;background-repeat: repeat;background-attachment: scroll;border: 0px;margin: 0px;padding: 0px;vertical-align: baseline;font-style: inherit;font-size: inherit;font-family: inherit;line-height: inherit\" data-mce-style=\"background-image: none; background-position: 0% 0%; background-size: auto; background-repeat: repeat; background-attachment: scroll; border: 0px; margin: 0px; padding: 0px; vertical-align: baseline; font-style: inherit; font-size: inherit; font-family: inherit; line-height: inherit;\"><strong style=\"background-image: none;background-position: 0% 0%;background-size: auto;background-repeat: repeat;background-attachment: scroll;border: 0px;margin: 0px;padding: 0px;vertical-align: baseline\" data-mce-style=\"background-image: none; background-position: 0% 0%; background-size: auto; background-repeat: repeat; background-attachment: scroll; border: 0px; margin: 0px; padding: 0px; vertical-align: baseline;\">Nysgjerrig p\u00e5 \u00e5 oppdage Botaniske Telys Dufter?\u00a0<\/strong>\u00a0Utforsk Botaniske Telysene!\u00a0<\/p>\n<p style=\"background-image: none;background-position: 0% 0%;background-size: auto;background-repeat: repeat;background-attachment: scroll;border: 0px;margin: 0px;padding: 0px;vertical-align: baseline;font-style: inherit;font-size: inherit;font-family: inherit;line-height: inherit\" data-mce-style=\"background-image: none; background-position: 0% 0%; background-size: auto; background-repeat: repeat; background-attachment: scroll; border: 0px; margin: 0px; padding: 0px; vertical-align: baseline; font-style: inherit; font-size: inherit; font-family: inherit; line-height: inherit;\">Gi mer Botaniske og blomster atmosf\u00e6re til hvert et rom med v\u00e5re Botaniske Telys!\u00a0<span style=\"font-family: inherit;font-size: inherit;font-style: inherit\" data-mce-style=\"font-family: inherit; font-size: inherit; font-style: inherit;\">Botanisk Candle Telys\u00a0\u00a0gir en\u00a0botaniske\u00a0og rogivende duft som skaper en avslappende atmosf\u00e6re. \u00a0Botaniske Candle telysene er laget av naturlig b\u00e6rekraftig Svensk rapsvoks og er biologisk nedbrytbare, noe som gj\u00f8r dem til et milj\u00f8vennlig og b\u00e6rekraftig\u00a0valg. Botanisk Candle telysene er laget av naturlige duftoljer og eteriske oljer som er fir for parabener og Ftalater.<\/span><\/p>\n<p style=\"background-image: none;background-position: 0% 0%;background-size: auto;background-repeat: repeat;background-attachment: scroll;border: 0px;margin: 0px;padding: 0px;vertical-align: baseline;font-style: inherit;font-size: inherit;font-family: inherit;line-height: inherit\" data-mce-style=\"background-image: none; background-position: 0% 0%; background-size: auto; background-repeat: repeat; background-attachment: scroll; border: 0px; margin: 0px; padding: 0px; vertical-align: baseline; font-style: inherit; font-size: inherit; font-family: inherit; line-height: inherit;\">Med en brennetid p\u00e5 omtrent 8\u00a0timer er de perfekte for \u00e5 sette en beroligende stemning i hjemmet og som en koselig\u00a0gave.\u00a0<\/p>\n<p style=\"background-image: none;background-position: 0% 0%;background-size: auto;background-repeat: repeat;background-attachment: scroll;border: 0px;margin: 0px;padding: 0px;vertical-align: baseline;font-style: inherit;font-size: inherit;font-family: inherit;line-height: inherit\" data-mce-style=\"background-image: none; background-position: 0% 0%; background-size: auto; background-repeat: repeat; background-attachment: scroll; border: 0px; margin: 0px; padding: 0px; vertical-align: baseline; font-style: inherit; font-size: inherit; font-family: inherit; line-height: inherit;\">6 ulike botaniske dufter:<\/p>\n<p style=\"background-image: none;background-position: 0% 0%;background-size: auto;background-repeat: repeat;background-attachment: scroll;border: 0px;margin: 0px;padding: 0px;vertical-align: baseline;font-style: inherit;font-size: inherit;font-family: inherit;line-height: inherit\" data-mce-style=\"background-image: none; background-position: 0% 0%; background-size: auto; background-repeat: repeat; background-attachment: scroll; border: 0px; margin: 0px; padding: 0px; vertical-align: baseline; font-style: inherit; font-size: inherit; font-family: inherit; line-height: inherit;\">*Floral Garden<\/p>\n<p style=\"background-image: none;background-position: 0% 0%;background-size: auto;background-repeat: repeat;background-attachment: scroll;border: 0px;margin: 0px;padding: 0px;vertical-align: baseline;font-style: inherit;font-size: inherit;font-family: inherit;line-height: inherit\" data-mce-style=\"background-image: none; background-position: 0% 0%; background-size: auto; background-repeat: repeat; background-attachment: scroll; border: 0px; margin: 0px; padding: 0px; vertical-align: baseline; font-style: inherit; font-size: inherit; font-family: inherit; line-height: inherit;\">*Lavender Spa<\/p>\n<p style=\"background-image: none;background-position: 0% 0%;background-size: auto;background-repeat: repeat;background-attachment: scroll;border: 0px;margin: 0px;padding: 0px;vertical-align: baseline;font-style: inherit;font-size: inherit;font-family: inherit;line-height: inherit\" data-mce-style=\"background-image: none; background-position: 0% 0%; background-size: auto; background-repeat: repeat; background-attachment: scroll; border: 0px; margin: 0px; padding: 0px; vertical-align: baseline; font-style: inherit; font-size: inherit; font-family: inherit; line-height: inherit;\">*Gardenia<\/p>\n<p style=\"background-image: none;background-position: 0% 0%;background-size: auto;background-repeat: repeat;background-attachment: scroll;border: 0px;margin: 0px;padding: 0px;vertical-align: baseline;font-style: inherit;font-size: inherit;font-family: inherit;line-height: inherit\" data-mce-style=\"background-image: none; background-position: 0% 0%; background-size: auto; background-repeat: repeat; background-attachment: scroll; border: 0px; margin: 0px; padding: 0px; vertical-align: baseline; font-style: inherit; font-size: inherit; font-family: inherit; line-height: inherit;\">*Jasmine<\/p>\n<p style=\"background-image: none;background-position: 0% 0%;background-size: auto;background-repeat: repeat;background-attachment: scroll;border: 0px;margin: 0px;padding: 0px;vertical-align: baseline;font-style: inherit;font-size: inherit;font-family: inherit;line-height: inherit\" data-mce-style=\"background-image: none; background-position: 0% 0%; background-size: auto; background-repeat: repeat; background-attachment: scroll; border: 0px; margin: 0px; padding: 0px; vertical-align: baseline; font-style: inherit; font-size: inherit; font-family: inherit; line-height: inherit;\">*Ylang- Ylang med Amethyst.<\/p>\n<p style=\"background-image: none;background-position: 0% 0%;background-size: auto;background-repeat: repeat;background-attachment: scroll;border: 0px;margin: 0px;padding: 0px;vertical-align: baseline;font-style: inherit;font-size: inherit;font-family: inherit;line-height: inherit\" data-mce-style=\"background-image: none; background-position: 0% 0%; background-size: auto; background-repeat: repeat; background-attachment: scroll; border: 0px; margin: 0px; padding: 0px; vertical-align: baseline; font-style: inherit; font-size: inherit; font-family: inherit; line-height: inherit;\">*Patchouli\u00a0<\/p>\n<p style=\"background-image: none;background-position: 0% 0%;background-size: auto;background-repeat: repeat;background-attachment: scroll;border: 0px;margin: 0px;padding: 0px;vertical-align: baseline;font-style: inherit;font-size: inherit;font-family: inherit;line-height: inherit\" data-mce-style=\"background-image: none; background-position: 0% 0%; background-size: auto; background-repeat: repeat; background-attachment: scroll; border: 0px; margin: 0px; padding: 0px; vertical-align: baseline; font-style: inherit; font-size: inherit; font-family: inherit; line-height: inherit;\">Botanisk Candle Telys\u00a0brenner uten \u00e5 slippe ut giftige stoffer eller sote.<\/p>\n<p style=\"background-image: none;background-position: 0% 0%;background-size: auto;background-repeat: repeat;background-attachment: scroll;border: 0px;margin: 0px;padding: 0px;vertical-align: baseline;font-style: inherit;font-size: inherit;font-family: inherit;line-height: inherit\" data-mce-style=\"background-image: none; background-position: 0% 0%; background-size: auto; background-repeat: repeat; background-attachment: scroll; border: 0px; margin: 0px; padding: 0px; vertical-align: baseline; font-style: inherit; font-size: inherit; font-family: inherit; line-height: inherit;\">Pakke inneholder 9\u00a0telys.<\/p>\n<p style=\"background-image: none;background-position: 0% 0%;background-size: auto;background-repeat: repeat;background-attachment: scroll;border: 0px;margin: 0px;padding: 0px;vertical-align: baseline;font-style: inherit;font-size: inherit;font-family: inherit;line-height: inherit\" data-mce-style=\"background-image: none; background-position: 0% 0%; background-size: auto; background-repeat: repeat; background-attachment: scroll; border: 0px; margin: 0px; padding: 0px; vertical-align: baseline; font-style: inherit; font-size: inherit; font-family: inherit; line-height: inherit;\">15 g per telys.\u00a0<\/p>\n<p style=\"background-image: none;background-position: 0% 0%;background-size: auto;background-repeat: repeat;background-attachment: scroll;border: 0px;margin: 0px;padding: 0px;vertical-align: baseline;font-style: inherit;font-size: inherit;font-family: inherit;line-height: inherit\" data-mce-style=\"background-image: none; background-position: 0% 0%; background-size: auto; background-repeat: repeat; background-attachment: scroll; border: 0px; margin: 0px; padding: 0px; vertical-align: baseline; font-style: inherit; font-size: inherit; font-family: inherit; line-height: inherit;\">Rapsvoks, Eteriske Oljer, \u00a0Naturlige Dufteoljer (IFRA) og Bomullsveke.\u00a0<\/p>\n","protected":false},"excerpt":{"rendered":"<p><img loading=\"lazy\" decoding=\"async\" class=\"alignnone size-medium wp-image-22658\" src=\"https:\/\/norwegianmade.no\/wp-content\/uploads\/2025\/10\/freepik_assistant_1759582620928-1-219x300.png\" alt=\"\" width=\"219\" height=\"300\" data-mce-src=\"https:\/\/norwegianmade.no\/wp-content\/uploads\/2025\/10\/freepik_assistant_1759582620928-1-219x300.png\" srcset=\"https:\/\/norwegianmade.no\/wp-content\/uploads\/2025\/10\/freepik_assistant_1759582620928-1-219x300.png 219w, https:\/\/norwegianmade.no\/wp-content\/uploads\/2025\/10\/freepik_assistant_1759582620928-1-747x1024.png 747w, https:\/\/norwegianmade.no\/wp-content\/uploads\/2025\/10\/freepik_assistant_1759582620928-1-768x1052.png 768w, https:\/\/norwegianmade.no\/wp-content\/uploads\/2025\/10\/freepik_assistant_1759582620928-1-600x822.png 600w, https:\/\/norwegianmade.no\/wp-content\/uploads\/2025\/10\/freepik_assistant_1759582620928-1-64x88.png 64w, https:\/\/norwegianmade.no\/wp-content\/uploads\/2025\/10\/freepik_assistant_1759582620928-1.png 864w\" sizes=\"auto, (max-width: 219px) 100vw, 219px\" \/><\/p>\n","protected":false},"featured_media":22656,"comment_status":"open","ping_status":"closed","template":"","meta":{"_acf_changed":false},"product_brand":[],"product_cat":[],"product_tag":[],"class_list":{"0":"post-22515","1":"product","2":"type-product","3":"status-publish","4":"has-post-thumbnail","7":"first","8":"instock","9":"sale","10":"taxable","11":"shipping-taxable","12":"product-type-simple"},"acf":[],"yoast_head":"<!-- This site is optimized with the Yoast SEO plugin v27.1.1 - https:\/\/yoast.com\/product\/yoast-seo-wordpress\/ -->\n<title>Botanisk Candle Floral Kolleksjon &#8226; Norwegian Made<\/title>\n<meta name=\"robots\" content=\"index, follow, max-snippet:-1, max-image-preview:large, max-video-preview:-1\" \/>\n<link rel=\"canonical\" href=\"https:\/\/norwegianmade.no\/produkt\/botanisk-candle-floral-kolleksjon\/\" \/>\n<meta property=\"og:locale\" content=\"en_US\" \/>\n<meta property=\"og:type\" content=\"article\" \/>\n<meta property=\"og:title\" content=\"Botanisk Candle Floral Kolleksjon &#8226; Norwegian Made\" \/>\n<meta property=\"og:url\" content=\"https:\/\/norwegianmade.no\/produkt\/botanisk-candle-floral-kolleksjon\/\" \/>\n<meta property=\"og:site_name\" content=\"Norwegian Made\" \/>\n<meta property=\"article:modified_time\" content=\"2025-10-05T13:11:53+00:00\" \/>\n<meta property=\"og:image\" content=\"https:\/\/norwegianmade.no\/wp-content\/uploads\/2025\/10\/freepik_assistant_1759582502509.png\" \/>\n\t<meta property=\"og:image:width\" content=\"1024\" \/>\n\t<meta property=\"og:image:height\" content=\"1024\" \/>\n\t<meta property=\"og:image:type\" content=\"image\/png\" \/>\n<meta name=\"twitter:card\" content=\"summary_large_image\" \/>\n<meta name=\"twitter:label1\" content=\"Est. reading time\" \/>\n\t<meta name=\"twitter:data1\" content=\"1 minute\" \/>\n<script type=\"application\/ld+json\" class=\"yoast-schema-graph\">{\"@context\":\"https:\/\/schema.org\",\"@graph\":[{\"@type\":\"WebPage\",\"@id\":\"https:\/\/norwegianmade.no\/produkt\/botanisk-candle-floral-kolleksjon\/\",\"url\":\"https:\/\/norwegianmade.no\/produkt\/botanisk-candle-floral-kolleksjon\/\",\"name\":\"Botanisk Candle Floral Kolleksjon &#8226; Norwegian Made\",\"isPartOf\":{\"@id\":\"https:\/\/norwegianmade.no\/#website\"},\"primaryImageOfPage\":{\"@id\":\"https:\/\/norwegianmade.no\/produkt\/botanisk-candle-floral-kolleksjon\/#primaryimage\"},\"image\":{\"@id\":\"https:\/\/norwegianmade.no\/produkt\/botanisk-candle-floral-kolleksjon\/#primaryimage\"},\"thumbnailUrl\":\"https:\/\/norwegianmade.no\/wp-content\/uploads\/2025\/10\/freepik_assistant_1759582502509.png\",\"datePublished\":\"2025-06-15T09:09:13+00:00\",\"dateModified\":\"2025-10-05T13:11:53+00:00\",\"breadcrumb\":{\"@id\":\"https:\/\/norwegianmade.no\/produkt\/botanisk-candle-floral-kolleksjon\/#breadcrumb\"},\"inLanguage\":\"en-US\",\"potentialAction\":[{\"@type\":\"ReadAction\",\"target\":[\"https:\/\/norwegianmade.no\/produkt\/botanisk-candle-floral-kolleksjon\/\"]}]},{\"@type\":\"ImageObject\",\"inLanguage\":\"en-US\",\"@id\":\"https:\/\/norwegianmade.no\/produkt\/botanisk-candle-floral-kolleksjon\/#primaryimage\",\"url\":\"https:\/\/norwegianmade.no\/wp-content\/uploads\/2025\/10\/freepik_assistant_1759582502509.png\",\"contentUrl\":\"https:\/\/norwegianmade.no\/wp-content\/uploads\/2025\/10\/freepik_assistant_1759582502509.png\",\"width\":1024,\"height\":1024},{\"@type\":\"BreadcrumbList\",\"@id\":\"https:\/\/norwegianmade.no\/produkt\/botanisk-candle-floral-kolleksjon\/#breadcrumb\",\"itemListElement\":[{\"@type\":\"ListItem\",\"position\":1,\"name\":\"Hjem\",\"item\":\"https:\/\/norwegianmade.no\/en\/\"},{\"@type\":\"ListItem\",\"position\":2,\"name\":\"Shop\",\"item\":\"https:\/\/norwegianmade.no\/en\/shop\/\"},{\"@type\":\"ListItem\",\"position\":3,\"name\":\"Botanisk Candle Floral Kolleksjon\"}]},{\"@type\":\"WebSite\",\"@id\":\"https:\/\/norwegianmade.no\/#website\",\"url\":\"https:\/\/norwegianmade.no\/\",\"name\":\"Norwegian Made\",\"description\":\"Norges st\u00f8rste markedsplass for norske produsenter\",\"publisher\":{\"@id\":\"https:\/\/norwegianmade.no\/#organization\"},\"potentialAction\":[{\"@type\":\"SearchAction\",\"target\":{\"@type\":\"EntryPoint\",\"urlTemplate\":\"https:\/\/norwegianmade.no\/?s={search_term_string}\"},\"query-input\":{\"@type\":\"PropertyValueSpecification\",\"valueRequired\":true,\"valueName\":\"search_term_string\"}}],\"inLanguage\":\"en-US\"},{\"@type\":\"Organization\",\"@id\":\"https:\/\/norwegianmade.no\/#organization\",\"name\":\"Norwegian Made\",\"url\":\"https:\/\/norwegianmade.no\/\",\"logo\":{\"@type\":\"ImageObject\",\"inLanguage\":\"en-US\",\"@id\":\"https:\/\/norwegianmade.no\/#\/schema\/logo\/image\/\",\"url\":\"https:\/\/norwegianmade.no\/wp-content\/uploads\/2020\/11\/logo-liggende-norwegian-made-web.png\",\"contentUrl\":\"https:\/\/norwegianmade.no\/wp-content\/uploads\/2020\/11\/logo-liggende-norwegian-made-web.png\",\"width\":200,\"height\":58,\"caption\":\"Norwegian Made\"},\"image\":{\"@id\":\"https:\/\/norwegianmade.no\/#\/schema\/logo\/image\/\"}}]}<\/script>\n<!-- \/ Yoast SEO plugin. -->","yoast_head_json":{"title":"Botanisk Candle Floral Kolleksjon &#8226; Norwegian Made","robots":{"index":"index","follow":"follow","max-snippet":"max-snippet:-1","max-image-preview":"max-image-preview:large","max-video-preview":"max-video-preview:-1"},"canonical":"https:\/\/norwegianmade.no\/produkt\/botanisk-candle-floral-kolleksjon\/","og_locale":"en_US","og_type":"article","og_title":"Botanisk Candle Floral Kolleksjon &#8226; Norwegian Made","og_url":"https:\/\/norwegianmade.no\/produkt\/botanisk-candle-floral-kolleksjon\/","og_site_name":"Norwegian Made","article_modified_time":"2025-10-05T13:11:53+00:00","og_image":[{"width":1024,"height":1024,"url":"https:\/\/norwegianmade.no\/wp-content\/uploads\/2025\/10\/freepik_assistant_1759582502509.png","type":"image\/png"}],"twitter_card":"summary_large_image","twitter_misc":{"Est. reading time":"1 minute"},"schema":{"@context":"https:\/\/schema.org","@graph":[{"@type":"WebPage","@id":"https:\/\/norwegianmade.no\/produkt\/botanisk-candle-floral-kolleksjon\/","url":"https:\/\/norwegianmade.no\/produkt\/botanisk-candle-floral-kolleksjon\/","name":"Botanisk Candle Floral Kolleksjon &#8226; Norwegian Made","isPartOf":{"@id":"https:\/\/norwegianmade.no\/#website"},"primaryImageOfPage":{"@id":"https:\/\/norwegianmade.no\/produkt\/botanisk-candle-floral-kolleksjon\/#primaryimage"},"image":{"@id":"https:\/\/norwegianmade.no\/produkt\/botanisk-candle-floral-kolleksjon\/#primaryimage"},"thumbnailUrl":"https:\/\/norwegianmade.no\/wp-content\/uploads\/2025\/10\/freepik_assistant_1759582502509.png","datePublished":"2025-06-15T09:09:13+00:00","dateModified":"2025-10-05T13:11:53+00:00","breadcrumb":{"@id":"https:\/\/norwegianmade.no\/produkt\/botanisk-candle-floral-kolleksjon\/#breadcrumb"},"inLanguage":"en-US","potentialAction":[{"@type":"ReadAction","target":["https:\/\/norwegianmade.no\/produkt\/botanisk-candle-floral-kolleksjon\/"]}]},{"@type":"ImageObject","inLanguage":"en-US","@id":"https:\/\/norwegianmade.no\/produkt\/botanisk-candle-floral-kolleksjon\/#primaryimage","url":"https:\/\/norwegianmade.no\/wp-content\/uploads\/2025\/10\/freepik_assistant_1759582502509.png","contentUrl":"https:\/\/norwegianmade.no\/wp-content\/uploads\/2025\/10\/freepik_assistant_1759582502509.png","width":1024,"height":1024},{"@type":"BreadcrumbList","@id":"https:\/\/norwegianmade.no\/produkt\/botanisk-candle-floral-kolleksjon\/#breadcrumb","itemListElement":[{"@type":"ListItem","position":1,"name":"Hjem","item":"https:\/\/norwegianmade.no\/en\/"},{"@type":"ListItem","position":2,"name":"Shop","item":"https:\/\/norwegianmade.no\/en\/shop\/"},{"@type":"ListItem","position":3,"name":"Botanisk Candle Floral Kolleksjon"}]},{"@type":"WebSite","@id":"https:\/\/norwegianmade.no\/#website","url":"https:\/\/norwegianmade.no\/","name":"Norwegian Made","description":"Norges st\u00f8rste markedsplass for norske produsenter","publisher":{"@id":"https:\/\/norwegianmade.no\/#organization"},"potentialAction":[{"@type":"SearchAction","target":{"@type":"EntryPoint","urlTemplate":"https:\/\/norwegianmade.no\/?s={search_term_string}"},"query-input":{"@type":"PropertyValueSpecification","valueRequired":true,"valueName":"search_term_string"}}],"inLanguage":"en-US"},{"@type":"Organization","@id":"https:\/\/norwegianmade.no\/#organization","name":"Norwegian Made","url":"https:\/\/norwegianmade.no\/","logo":{"@type":"ImageObject","inLanguage":"en-US","@id":"https:\/\/norwegianmade.no\/#\/schema\/logo\/image\/","url":"https:\/\/norwegianmade.no\/wp-content\/uploads\/2020\/11\/logo-liggende-norwegian-made-web.png","contentUrl":"https:\/\/norwegianmade.no\/wp-content\/uploads\/2020\/11\/logo-liggende-norwegian-made-web.png","width":200,"height":58,"caption":"Norwegian Made"},"image":{"@id":"https:\/\/norwegianmade.no\/#\/schema\/logo\/image\/"}}]}},"_links":{"self":[{"href":"https:\/\/norwegianmade.no\/en\/wp-json\/wp\/v2\/product\/22515","targetHints":{"allow":["GET"]}}],"collection":[{"href":"https:\/\/norwegianmade.no\/en\/wp-json\/wp\/v2\/product"}],"about":[{"href":"https:\/\/norwegianmade.no\/en\/wp-json\/wp\/v2\/types\/product"}],"replies":[{"embeddable":true,"href":"https:\/\/norwegianmade.no\/en\/wp-json\/wp\/v2\/comments?post=22515"}],"wp:featuredmedia":[{"embeddable":true,"href":"https:\/\/norwegianmade.no\/en\/wp-json\/wp\/v2\/media\/22656"}],"wp:attachment":[{"href":"https:\/\/norwegianmade.no\/en\/wp-json\/wp\/v2\/media?parent=22515"}],"wp:term":[{"taxonomy":"product_brand","embeddable":true,"href":"https:\/\/norwegianmade.no\/en\/wp-json\/wp\/v2\/product_brand?post=22515"},{"taxonomy":"product_cat","embeddable":true,"href":"https:\/\/norwegianmade.no\/en\/wp-json\/wp\/v2\/product_cat?post=22515"},{"taxonomy":"product_tag","embeddable":true,"href":"https:\/\/norwegianmade.no\/en\/wp-json\/wp\/v2\/product_tag?post=22515"}],"curies":[{"name":"wp","href":"https:\/\/api.w.org\/{rel}","templated":true}]}}