{"id":22519,"date":"2025-06-24T10:30:42","date_gmt":"2025-06-24T08:30:42","guid":{"rendered":"https:\/\/norwegianmade.no\/produkt\/vognlenke-med-hvite-skyer\/"},"modified":"2025-10-12T21:29:49","modified_gmt":"2025-10-12T19:29:49","slug":"vognlenke-med-hvite-skyer","status":"publish","type":"product","link":"https:\/\/norwegianmade.no\/en\/produkt\/vognlenke-med-hvite-skyer\/","title":{"rendered":"Vognlenke med hvite skyer"},"content":{"rendered":"<p data-mce-style=\"margin: 0px; padding: 20px 0px 0px; line-height: 20px; font-family: Arial, Helvetica, sans-serif;\" style=\"margin: 0px;padding: 20px 0px 0px;line-height: 20px;font-family: Arial, Helvetica, sans-serif\">\ud83c\udf3c S\u00f8t vognlenke med hvite skyer i ull og fargerike ullkuler. Skyene er fylt med allergivennlig fyllvatt. Ullkuler og skyer er festet i sterk hamptr\u00e5d. Solide klips fra Tinkafu til \u00e5 feste lenken til vognen f\u00f8lger med.\u00a0<\/p>\n<p data-mce-style=\"margin: 0px; padding: 20px 0px 0px; line-height: 20px; font-family: Arial, Helvetica, sans-serif;\" style=\"margin: 0px;padding: 20px 0px 0px;line-height: 20px;font-family: Arial, Helvetica, sans-serif\">\ud83c\udf3c Ta gjerne kontakt om du \u00f8nsker \u00e5 f\u00e5 designet en vognlenke i dine favorittfarger. Flere bilder kan sees p\u00e5 Instagram @aasearild<\/p>\n<p data-mce-style=\"margin: 0px; padding: 20px 0px 0px; line-height: 20px; font-family: Arial, Helvetica, sans-serif;\" style=\"margin: 0px;padding: 20px 0px 0px;line-height: 20px;font-family: Arial, Helvetica, sans-serif\">\ud83c\udf3c I 2019 ble jeg som designer godkjent medlem av Norwegian Made; kvalitetsprodukter laget i Norge. \u00a0<\/p>\n<p data-mce-style=\"margin: 0px; padding: 20px 0px 0px; line-height: 20px; font-family: Arial, Helvetica, sans-serif;\" style=\"margin: 0px;padding: 20px 0px 0px;line-height: 20px;font-family: Arial, Helvetica, sans-serif\">\ud83c\udf3c Takk for bes\u00f8ket \ud83c\udf3c<\/p>\n","protected":false},"excerpt":{"rendered":"<div class=\"mceTemp\">\n<dl id=\"attachment_22517\" class=\"wp-caption alignnone\" style=\"width: 288px\" data-mce-style=\"width: 288px;\">\n<dt class=\"wp-caption-dt\"><img loading=\"lazy\" decoding=\"async\" class=\"size-medium wp-image-22517\" src=\"https:\/\/norwegianmade.no\/wp-content\/uploads\/2025\/06\/IMG_7982-288x300.jpeg\" alt=\"\" width=\"288\" height=\"300\" data-mce-src=\"https:\/\/norwegianmade.no\/wp-content\/uploads\/2025\/06\/IMG_7982-288x300.jpeg\" srcset=\"https:\/\/norwegianmade.no\/wp-content\/uploads\/2025\/06\/IMG_7982-288x300.jpeg 288w, https:\/\/norwegianmade.no\/wp-content\/uploads\/2025\/06\/IMG_7982-600x626.jpeg 600w, https:\/\/norwegianmade.no\/wp-content\/uploads\/2025\/06\/IMG_7982-64x67.jpeg 64w, https:\/\/norwegianmade.no\/wp-content\/uploads\/2025\/06\/IMG_7982.jpeg 713w\" sizes=\"auto, (max-width: 288px) 100vw, 288px\" \/><\/dt>\n<dd class=\"wp-caption-dd\">Screenshot<\/dd>\n<\/dl>\n<\/div>\n","protected":false},"featured_media":22517,"comment_status":"open","ping_status":"closed","template":"","meta":{"_acf_changed":false},"product_brand":[],"product_cat":[],"product_tag":[],"class_list":{"0":"post-22519","1":"product","2":"type-product","3":"status-publish","4":"has-post-thumbnail","7":"first","8":"instock","9":"taxable","10":"shipping-taxable","11":"product-type-simple"},"acf":[],"yoast_head":"<!-- This site is optimized with the Yoast SEO plugin v27.1.1 - https:\/\/yoast.com\/product\/yoast-seo-wordpress\/ -->\n<title>Vognlenke med hvite skyer &#8226; Norwegian Made<\/title>\n<meta name=\"robots\" content=\"index, follow, max-snippet:-1, max-image-preview:large, max-video-preview:-1\" \/>\n<link rel=\"canonical\" href=\"https:\/\/norwegianmade.no\/produkt\/vognlenke-med-hvite-skyer\/\" \/>\n<meta property=\"og:locale\" content=\"en_US\" \/>\n<meta property=\"og:type\" content=\"article\" \/>\n<meta property=\"og:title\" content=\"Vognlenke med hvite skyer &#8226; Norwegian Made\" \/>\n<meta property=\"og:description\" content=\"Screenshot\" \/>\n<meta property=\"og:url\" content=\"https:\/\/norwegianmade.no\/produkt\/vognlenke-med-hvite-skyer\/\" \/>\n<meta property=\"og:site_name\" content=\"Norwegian Made\" \/>\n<meta property=\"article:modified_time\" content=\"2025-10-12T19:29:49+00:00\" \/>\n<meta name=\"twitter:card\" content=\"summary_large_image\" \/>\n<script type=\"application\/ld+json\" class=\"yoast-schema-graph\">{\"@context\":\"https:\/\/schema.org\",\"@graph\":[{\"@type\":\"WebPage\",\"@id\":\"https:\/\/norwegianmade.no\/produkt\/vognlenke-med-hvite-skyer\/\",\"url\":\"https:\/\/norwegianmade.no\/produkt\/vognlenke-med-hvite-skyer\/\",\"name\":\"Vognlenke med hvite skyer &#8226; Norwegian Made\",\"isPartOf\":{\"@id\":\"https:\/\/norwegianmade.no\/#website\"},\"primaryImageOfPage\":{\"@id\":\"https:\/\/norwegianmade.no\/produkt\/vognlenke-med-hvite-skyer\/#primaryimage\"},\"image\":{\"@id\":\"https:\/\/norwegianmade.no\/produkt\/vognlenke-med-hvite-skyer\/#primaryimage\"},\"thumbnailUrl\":\"https:\/\/norwegianmade.no\/wp-content\/uploads\/2025\/06\/IMG_7982.jpeg\",\"datePublished\":\"2025-06-24T08:30:42+00:00\",\"dateModified\":\"2025-10-12T19:29:49+00:00\",\"breadcrumb\":{\"@id\":\"https:\/\/norwegianmade.no\/produkt\/vognlenke-med-hvite-skyer\/#breadcrumb\"},\"inLanguage\":\"en-US\",\"potentialAction\":[{\"@type\":\"ReadAction\",\"target\":[\"https:\/\/norwegianmade.no\/produkt\/vognlenke-med-hvite-skyer\/\"]}]},{\"@type\":\"ImageObject\",\"inLanguage\":\"en-US\",\"@id\":\"https:\/\/norwegianmade.no\/produkt\/vognlenke-med-hvite-skyer\/#primaryimage\",\"url\":\"https:\/\/norwegianmade.no\/wp-content\/uploads\/2025\/06\/IMG_7982.jpeg\",\"contentUrl\":\"https:\/\/norwegianmade.no\/wp-content\/uploads\/2025\/06\/IMG_7982.jpeg\",\"width\":713,\"height\":744,\"caption\":\"Screenshot\"},{\"@type\":\"BreadcrumbList\",\"@id\":\"https:\/\/norwegianmade.no\/produkt\/vognlenke-med-hvite-skyer\/#breadcrumb\",\"itemListElement\":[{\"@type\":\"ListItem\",\"position\":1,\"name\":\"Hjem\",\"item\":\"https:\/\/norwegianmade.no\/en\/\"},{\"@type\":\"ListItem\",\"position\":2,\"name\":\"Shop\",\"item\":\"https:\/\/norwegianmade.no\/en\/shop\/\"},{\"@type\":\"ListItem\",\"position\":3,\"name\":\"Vognlenke med hvite skyer\"}]},{\"@type\":\"WebSite\",\"@id\":\"https:\/\/norwegianmade.no\/#website\",\"url\":\"https:\/\/norwegianmade.no\/\",\"name\":\"Norwegian Made\",\"description\":\"Norges st\u00f8rste markedsplass for norske produsenter\",\"publisher\":{\"@id\":\"https:\/\/norwegianmade.no\/#organization\"},\"potentialAction\":[{\"@type\":\"SearchAction\",\"target\":{\"@type\":\"EntryPoint\",\"urlTemplate\":\"https:\/\/norwegianmade.no\/?s={search_term_string}\"},\"query-input\":{\"@type\":\"PropertyValueSpecification\",\"valueRequired\":true,\"valueName\":\"search_term_string\"}}],\"inLanguage\":\"en-US\"},{\"@type\":\"Organization\",\"@id\":\"https:\/\/norwegianmade.no\/#organization\",\"name\":\"Norwegian Made\",\"url\":\"https:\/\/norwegianmade.no\/\",\"logo\":{\"@type\":\"ImageObject\",\"inLanguage\":\"en-US\",\"@id\":\"https:\/\/norwegianmade.no\/#\/schema\/logo\/image\/\",\"url\":\"https:\/\/norwegianmade.no\/wp-content\/uploads\/2020\/11\/logo-liggende-norwegian-made-web.png\",\"contentUrl\":\"https:\/\/norwegianmade.no\/wp-content\/uploads\/2020\/11\/logo-liggende-norwegian-made-web.png\",\"width\":200,\"height\":58,\"caption\":\"Norwegian Made\"},\"image\":{\"@id\":\"https:\/\/norwegianmade.no\/#\/schema\/logo\/image\/\"}}]}<\/script>\n<!-- \/ Yoast SEO plugin. -->","yoast_head_json":{"title":"Vognlenke med hvite skyer &#8226; Norwegian Made","robots":{"index":"index","follow":"follow","max-snippet":"max-snippet:-1","max-image-preview":"max-image-preview:large","max-video-preview":"max-video-preview:-1"},"canonical":"https:\/\/norwegianmade.no\/produkt\/vognlenke-med-hvite-skyer\/","og_locale":"en_US","og_type":"article","og_title":"Vognlenke med hvite skyer &#8226; Norwegian Made","og_description":"Screenshot","og_url":"https:\/\/norwegianmade.no\/produkt\/vognlenke-med-hvite-skyer\/","og_site_name":"Norwegian Made","article_modified_time":"2025-10-12T19:29:49+00:00","twitter_card":"summary_large_image","schema":{"@context":"https:\/\/schema.org","@graph":[{"@type":"WebPage","@id":"https:\/\/norwegianmade.no\/produkt\/vognlenke-med-hvite-skyer\/","url":"https:\/\/norwegianmade.no\/produkt\/vognlenke-med-hvite-skyer\/","name":"Vognlenke med hvite skyer &#8226; Norwegian Made","isPartOf":{"@id":"https:\/\/norwegianmade.no\/#website"},"primaryImageOfPage":{"@id":"https:\/\/norwegianmade.no\/produkt\/vognlenke-med-hvite-skyer\/#primaryimage"},"image":{"@id":"https:\/\/norwegianmade.no\/produkt\/vognlenke-med-hvite-skyer\/#primaryimage"},"thumbnailUrl":"https:\/\/norwegianmade.no\/wp-content\/uploads\/2025\/06\/IMG_7982.jpeg","datePublished":"2025-06-24T08:30:42+00:00","dateModified":"2025-10-12T19:29:49+00:00","breadcrumb":{"@id":"https:\/\/norwegianmade.no\/produkt\/vognlenke-med-hvite-skyer\/#breadcrumb"},"inLanguage":"en-US","potentialAction":[{"@type":"ReadAction","target":["https:\/\/norwegianmade.no\/produkt\/vognlenke-med-hvite-skyer\/"]}]},{"@type":"ImageObject","inLanguage":"en-US","@id":"https:\/\/norwegianmade.no\/produkt\/vognlenke-med-hvite-skyer\/#primaryimage","url":"https:\/\/norwegianmade.no\/wp-content\/uploads\/2025\/06\/IMG_7982.jpeg","contentUrl":"https:\/\/norwegianmade.no\/wp-content\/uploads\/2025\/06\/IMG_7982.jpeg","width":713,"height":744,"caption":"Screenshot"},{"@type":"BreadcrumbList","@id":"https:\/\/norwegianmade.no\/produkt\/vognlenke-med-hvite-skyer\/#breadcrumb","itemListElement":[{"@type":"ListItem","position":1,"name":"Hjem","item":"https:\/\/norwegianmade.no\/en\/"},{"@type":"ListItem","position":2,"name":"Shop","item":"https:\/\/norwegianmade.no\/en\/shop\/"},{"@type":"ListItem","position":3,"name":"Vognlenke med hvite skyer"}]},{"@type":"WebSite","@id":"https:\/\/norwegianmade.no\/#website","url":"https:\/\/norwegianmade.no\/","name":"Norwegian Made","description":"Norges st\u00f8rste markedsplass for norske produsenter","publisher":{"@id":"https:\/\/norwegianmade.no\/#organization"},"potentialAction":[{"@type":"SearchAction","target":{"@type":"EntryPoint","urlTemplate":"https:\/\/norwegianmade.no\/?s={search_term_string}"},"query-input":{"@type":"PropertyValueSpecification","valueRequired":true,"valueName":"search_term_string"}}],"inLanguage":"en-US"},{"@type":"Organization","@id":"https:\/\/norwegianmade.no\/#organization","name":"Norwegian Made","url":"https:\/\/norwegianmade.no\/","logo":{"@type":"ImageObject","inLanguage":"en-US","@id":"https:\/\/norwegianmade.no\/#\/schema\/logo\/image\/","url":"https:\/\/norwegianmade.no\/wp-content\/uploads\/2020\/11\/logo-liggende-norwegian-made-web.png","contentUrl":"https:\/\/norwegianmade.no\/wp-content\/uploads\/2020\/11\/logo-liggende-norwegian-made-web.png","width":200,"height":58,"caption":"Norwegian Made"},"image":{"@id":"https:\/\/norwegianmade.no\/#\/schema\/logo\/image\/"}}]}},"_links":{"self":[{"href":"https:\/\/norwegianmade.no\/en\/wp-json\/wp\/v2\/product\/22519","targetHints":{"allow":["GET"]}}],"collection":[{"href":"https:\/\/norwegianmade.no\/en\/wp-json\/wp\/v2\/product"}],"about":[{"href":"https:\/\/norwegianmade.no\/en\/wp-json\/wp\/v2\/types\/product"}],"replies":[{"embeddable":true,"href":"https:\/\/norwegianmade.no\/en\/wp-json\/wp\/v2\/comments?post=22519"}],"wp:featuredmedia":[{"embeddable":true,"href":"https:\/\/norwegianmade.no\/en\/wp-json\/wp\/v2\/media\/22517"}],"wp:attachment":[{"href":"https:\/\/norwegianmade.no\/en\/wp-json\/wp\/v2\/media?parent=22519"}],"wp:term":[{"taxonomy":"product_brand","embeddable":true,"href":"https:\/\/norwegianmade.no\/en\/wp-json\/wp\/v2\/product_brand?post=22519"},{"taxonomy":"product_cat","embeddable":true,"href":"https:\/\/norwegianmade.no\/en\/wp-json\/wp\/v2\/product_cat?post=22519"},{"taxonomy":"product_tag","embeddable":true,"href":"https:\/\/norwegianmade.no\/en\/wp-json\/wp\/v2\/product_tag?post=22519"}],"curies":[{"name":"wp","href":"https:\/\/api.w.org\/{rel}","templated":true}]}}