{"id":22741,"date":"2025-10-20T10:19:33","date_gmt":"2025-10-20T08:19:33","guid":{"rendered":"https:\/\/norwegianmade.no\/?post_type=product&#038;p=22741"},"modified":"2026-02-27T13:34:14","modified_gmt":"2026-02-27T12:34:14","slug":"no-1-skrin-til-bunadsolv-bjork-m-gront-stoff","status":"publish","type":"product","link":"https:\/\/norwegianmade.no\/en\/produkt\/no-1-skrin-til-bunadsolv-bjork-m-gront-stoff\/","title":{"rendered":"No.1 Skrin til bunads\u00f8lv bj\u00f8rk m gr\u00f8nt stoff"},"content":{"rendered":"<p><\/p>\n","protected":false},"excerpt":{"rendered":"<p>No.1 til Bunads\u00f8lv er det det absolutt mest solgte skrinet. Skrinet har 7 rom i varierte st\u00f8rrelser i to etasjer og passer til bunads\u00f8lv til mange ulike bunader. Prisen er inklusive gravering p\u00e5 lokket.<\/p>\n<p>Utvendig m\u00e5l er 160x127x70mm<\/p>\n<p>Gavepose\/ oppbevaringspose no.1 passer perfekt til dette.<\/p>\n<p>Gj\u00f8r skrinet personlig med gravering. . Skriv teksten du \u00f8nsker<br \/>gravert i feltet &#8220;Ordrenotater&#8221; i kassen\/ betaling. Du vil motta en<br \/>epost med korrektur, slik at du ser hvordan det vil se ut. Skriftens st\u00f8rrelse<br \/>og plassering kan eventuelt justeres.<\/p>\n<p><br data-mce-bogus=\"1\"><\/p>\n","protected":false},"featured_media":22748,"comment_status":"open","ping_status":"closed","template":"","meta":{"_acf_changed":false},"product_brand":[],"product_cat":[78,59,66,62],"product_tag":[],"class_list":{"0":"post-22741","1":"product","2":"type-product","3":"status-publish","4":"has-post-thumbnail","6":"product_cat-gaver","7":"product_cat-interior-kunst","8":"product_cat-mobler-og-trevarer","9":"product_cat-smykker","11":"first","12":"outofstock","13":"sold-individually","14":"taxable","15":"shipping-taxable","16":"purchasable","17":"product-type-simple"},"acf":[],"yoast_head":"<!-- This site is optimized with the Yoast SEO plugin v27.1.1 - https:\/\/yoast.com\/product\/yoast-seo-wordpress\/ -->\n<title>No.1 Skrin til bunads\u00f8lv bj\u00f8rk m gr\u00f8nt stoff &#8226; Norwegian Made<\/title>\n<meta name=\"robots\" content=\"index, follow, max-snippet:-1, max-image-preview:large, max-video-preview:-1\" \/>\n<link rel=\"canonical\" href=\"https:\/\/norwegianmade.no\/produkt\/no-1-skrin-til-bunadsolv-bjork-m-gront-stoff\/\" \/>\n<meta property=\"og:locale\" content=\"en_US\" \/>\n<meta property=\"og:type\" content=\"article\" \/>\n<meta property=\"og:title\" content=\"No.1 Skrin til bunads\u00f8lv bj\u00f8rk m gr\u00f8nt stoff &#8226; Norwegian Made\" \/>\n<meta property=\"og:description\" content=\"No.1 til Bunads\u00f8lv er det det absolutt mest solgte skrinet. Skrinet har 7 rom i varierte st\u00f8rrelser i to etasjer og passer til bunads\u00f8lv til mange ulike bunader. Prisen er inklusive gravering p\u00e5 lokket.Utvendig m\u00e5l er 160x127x70mmGavepose\/ oppbevaringspose no.1 passer perfekt til dette.Gj\u00f8r skrinet personlig med gravering. . Skriv teksten du \u00f8nskergravert i feltet &quot;Ordrenotater&quot; i kassen\/ betaling. Du vil motta enepost med korrektur, slik at du ser hvordan det vil se ut. Skriftens st\u00f8rrelseog plassering kan eventuelt justeres.\" \/>\n<meta property=\"og:url\" content=\"https:\/\/norwegianmade.no\/produkt\/no-1-skrin-til-bunadsolv-bjork-m-gront-stoff\/\" \/>\n<meta property=\"og:site_name\" content=\"Norwegian Made\" \/>\n<meta property=\"article:modified_time\" content=\"2026-02-27T12:34:14+00:00\" \/>\n<meta property=\"og:image\" content=\"https:\/\/norwegianmade.no\/wp-content\/uploads\/2023\/02\/IMG_0371-2-scaled.jpeg\" \/>\n\t<meta property=\"og:image:width\" content=\"1920\" \/>\n\t<meta property=\"og:image:height\" content=\"2560\" \/>\n\t<meta property=\"og:image:type\" content=\"image\/jpeg\" \/>\n<meta name=\"twitter:card\" content=\"summary_large_image\" \/>\n<script type=\"application\/ld+json\" class=\"yoast-schema-graph\">{\"@context\":\"https:\/\/schema.org\",\"@graph\":[{\"@type\":\"WebPage\",\"@id\":\"https:\/\/norwegianmade.no\/produkt\/no-1-skrin-til-bunadsolv-bjork-m-gront-stoff\/\",\"url\":\"https:\/\/norwegianmade.no\/produkt\/no-1-skrin-til-bunadsolv-bjork-m-gront-stoff\/\",\"name\":\"No.1 Skrin til bunads\u00f8lv bj\u00f8rk m gr\u00f8nt stoff &#8226; Norwegian Made\",\"isPartOf\":{\"@id\":\"https:\/\/norwegianmade.no\/#website\"},\"primaryImageOfPage\":{\"@id\":\"https:\/\/norwegianmade.no\/produkt\/no-1-skrin-til-bunadsolv-bjork-m-gront-stoff\/#primaryimage\"},\"image\":{\"@id\":\"https:\/\/norwegianmade.no\/produkt\/no-1-skrin-til-bunadsolv-bjork-m-gront-stoff\/#primaryimage\"},\"thumbnailUrl\":\"https:\/\/norwegianmade.no\/wp-content\/uploads\/2025\/10\/4.jpg\",\"datePublished\":\"2025-10-20T08:19:33+00:00\",\"dateModified\":\"2026-02-27T12:34:14+00:00\",\"breadcrumb\":{\"@id\":\"https:\/\/norwegianmade.no\/produkt\/no-1-skrin-til-bunadsolv-bjork-m-gront-stoff\/#breadcrumb\"},\"inLanguage\":\"en-US\",\"potentialAction\":[{\"@type\":\"ReadAction\",\"target\":[\"https:\/\/norwegianmade.no\/produkt\/no-1-skrin-til-bunadsolv-bjork-m-gront-stoff\/\"]}]},{\"@type\":\"ImageObject\",\"inLanguage\":\"en-US\",\"@id\":\"https:\/\/norwegianmade.no\/produkt\/no-1-skrin-til-bunadsolv-bjork-m-gront-stoff\/#primaryimage\",\"url\":\"https:\/\/norwegianmade.no\/wp-content\/uploads\/2025\/10\/4.jpg\",\"contentUrl\":\"https:\/\/norwegianmade.no\/wp-content\/uploads\/2025\/10\/4.jpg\",\"width\":480,\"height\":640},{\"@type\":\"BreadcrumbList\",\"@id\":\"https:\/\/norwegianmade.no\/produkt\/no-1-skrin-til-bunadsolv-bjork-m-gront-stoff\/#breadcrumb\",\"itemListElement\":[{\"@type\":\"ListItem\",\"position\":1,\"name\":\"Hjem\",\"item\":\"https:\/\/norwegianmade.no\/en\/\"},{\"@type\":\"ListItem\",\"position\":2,\"name\":\"Shop\",\"item\":\"https:\/\/norwegianmade.no\/en\/shop\/\"},{\"@type\":\"ListItem\",\"position\":3,\"name\":\"No.1 Skrin til bunads\u00f8lv bj\u00f8rk m gr\u00f8nt stoff\"}]},{\"@type\":\"WebSite\",\"@id\":\"https:\/\/norwegianmade.no\/#website\",\"url\":\"https:\/\/norwegianmade.no\/\",\"name\":\"Norwegian Made\",\"description\":\"Norges st\u00f8rste markedsplass for norske produsenter\",\"publisher\":{\"@id\":\"https:\/\/norwegianmade.no\/#organization\"},\"potentialAction\":[{\"@type\":\"SearchAction\",\"target\":{\"@type\":\"EntryPoint\",\"urlTemplate\":\"https:\/\/norwegianmade.no\/?s={search_term_string}\"},\"query-input\":{\"@type\":\"PropertyValueSpecification\",\"valueRequired\":true,\"valueName\":\"search_term_string\"}}],\"inLanguage\":\"en-US\"},{\"@type\":\"Organization\",\"@id\":\"https:\/\/norwegianmade.no\/#organization\",\"name\":\"Norwegian Made\",\"url\":\"https:\/\/norwegianmade.no\/\",\"logo\":{\"@type\":\"ImageObject\",\"inLanguage\":\"en-US\",\"@id\":\"https:\/\/norwegianmade.no\/#\/schema\/logo\/image\/\",\"url\":\"https:\/\/norwegianmade.no\/wp-content\/uploads\/2020\/11\/logo-liggende-norwegian-made-web.png\",\"contentUrl\":\"https:\/\/norwegianmade.no\/wp-content\/uploads\/2020\/11\/logo-liggende-norwegian-made-web.png\",\"width\":200,\"height\":58,\"caption\":\"Norwegian Made\"},\"image\":{\"@id\":\"https:\/\/norwegianmade.no\/#\/schema\/logo\/image\/\"}}]}<\/script>\n<!-- \/ Yoast SEO plugin. -->","yoast_head_json":{"title":"No.1 Skrin til bunads\u00f8lv bj\u00f8rk m gr\u00f8nt stoff &#8226; Norwegian Made","robots":{"index":"index","follow":"follow","max-snippet":"max-snippet:-1","max-image-preview":"max-image-preview:large","max-video-preview":"max-video-preview:-1"},"canonical":"https:\/\/norwegianmade.no\/produkt\/no-1-skrin-til-bunadsolv-bjork-m-gront-stoff\/","og_locale":"en_US","og_type":"article","og_title":"No.1 Skrin til bunads\u00f8lv bj\u00f8rk m gr\u00f8nt stoff &#8226; Norwegian Made","og_description":"No.1 til Bunads\u00f8lv er det det absolutt mest solgte skrinet. Skrinet har 7 rom i varierte st\u00f8rrelser i to etasjer og passer til bunads\u00f8lv til mange ulike bunader. Prisen er inklusive gravering p\u00e5 lokket.Utvendig m\u00e5l er 160x127x70mmGavepose\/ oppbevaringspose no.1 passer perfekt til dette.Gj\u00f8r skrinet personlig med gravering. . Skriv teksten du \u00f8nskergravert i feltet \"Ordrenotater\" i kassen\/ betaling. Du vil motta enepost med korrektur, slik at du ser hvordan det vil se ut. Skriftens st\u00f8rrelseog plassering kan eventuelt justeres.","og_url":"https:\/\/norwegianmade.no\/produkt\/no-1-skrin-til-bunadsolv-bjork-m-gront-stoff\/","og_site_name":"Norwegian Made","article_modified_time":"2026-02-27T12:34:14+00:00","og_image":[{"width":1920,"height":2560,"url":"https:\/\/norwegianmade.no\/wp-content\/uploads\/2023\/02\/IMG_0371-2-scaled.jpeg","type":"image\/jpeg"}],"twitter_card":"summary_large_image","schema":{"@context":"https:\/\/schema.org","@graph":[{"@type":"WebPage","@id":"https:\/\/norwegianmade.no\/produkt\/no-1-skrin-til-bunadsolv-bjork-m-gront-stoff\/","url":"https:\/\/norwegianmade.no\/produkt\/no-1-skrin-til-bunadsolv-bjork-m-gront-stoff\/","name":"No.1 Skrin til bunads\u00f8lv bj\u00f8rk m gr\u00f8nt stoff &#8226; Norwegian Made","isPartOf":{"@id":"https:\/\/norwegianmade.no\/#website"},"primaryImageOfPage":{"@id":"https:\/\/norwegianmade.no\/produkt\/no-1-skrin-til-bunadsolv-bjork-m-gront-stoff\/#primaryimage"},"image":{"@id":"https:\/\/norwegianmade.no\/produkt\/no-1-skrin-til-bunadsolv-bjork-m-gront-stoff\/#primaryimage"},"thumbnailUrl":"https:\/\/norwegianmade.no\/wp-content\/uploads\/2025\/10\/4.jpg","datePublished":"2025-10-20T08:19:33+00:00","dateModified":"2026-02-27T12:34:14+00:00","breadcrumb":{"@id":"https:\/\/norwegianmade.no\/produkt\/no-1-skrin-til-bunadsolv-bjork-m-gront-stoff\/#breadcrumb"},"inLanguage":"en-US","potentialAction":[{"@type":"ReadAction","target":["https:\/\/norwegianmade.no\/produkt\/no-1-skrin-til-bunadsolv-bjork-m-gront-stoff\/"]}]},{"@type":"ImageObject","inLanguage":"en-US","@id":"https:\/\/norwegianmade.no\/produkt\/no-1-skrin-til-bunadsolv-bjork-m-gront-stoff\/#primaryimage","url":"https:\/\/norwegianmade.no\/wp-content\/uploads\/2025\/10\/4.jpg","contentUrl":"https:\/\/norwegianmade.no\/wp-content\/uploads\/2025\/10\/4.jpg","width":480,"height":640},{"@type":"BreadcrumbList","@id":"https:\/\/norwegianmade.no\/produkt\/no-1-skrin-til-bunadsolv-bjork-m-gront-stoff\/#breadcrumb","itemListElement":[{"@type":"ListItem","position":1,"name":"Hjem","item":"https:\/\/norwegianmade.no\/en\/"},{"@type":"ListItem","position":2,"name":"Shop","item":"https:\/\/norwegianmade.no\/en\/shop\/"},{"@type":"ListItem","position":3,"name":"No.1 Skrin til bunads\u00f8lv bj\u00f8rk m gr\u00f8nt stoff"}]},{"@type":"WebSite","@id":"https:\/\/norwegianmade.no\/#website","url":"https:\/\/norwegianmade.no\/","name":"Norwegian Made","description":"Norges st\u00f8rste markedsplass for norske produsenter","publisher":{"@id":"https:\/\/norwegianmade.no\/#organization"},"potentialAction":[{"@type":"SearchAction","target":{"@type":"EntryPoint","urlTemplate":"https:\/\/norwegianmade.no\/?s={search_term_string}"},"query-input":{"@type":"PropertyValueSpecification","valueRequired":true,"valueName":"search_term_string"}}],"inLanguage":"en-US"},{"@type":"Organization","@id":"https:\/\/norwegianmade.no\/#organization","name":"Norwegian Made","url":"https:\/\/norwegianmade.no\/","logo":{"@type":"ImageObject","inLanguage":"en-US","@id":"https:\/\/norwegianmade.no\/#\/schema\/logo\/image\/","url":"https:\/\/norwegianmade.no\/wp-content\/uploads\/2020\/11\/logo-liggende-norwegian-made-web.png","contentUrl":"https:\/\/norwegianmade.no\/wp-content\/uploads\/2020\/11\/logo-liggende-norwegian-made-web.png","width":200,"height":58,"caption":"Norwegian Made"},"image":{"@id":"https:\/\/norwegianmade.no\/#\/schema\/logo\/image\/"}}]}},"_links":{"self":[{"href":"https:\/\/norwegianmade.no\/en\/wp-json\/wp\/v2\/product\/22741","targetHints":{"allow":["GET"]}}],"collection":[{"href":"https:\/\/norwegianmade.no\/en\/wp-json\/wp\/v2\/product"}],"about":[{"href":"https:\/\/norwegianmade.no\/en\/wp-json\/wp\/v2\/types\/product"}],"replies":[{"embeddable":true,"href":"https:\/\/norwegianmade.no\/en\/wp-json\/wp\/v2\/comments?post=22741"}],"wp:featuredmedia":[{"embeddable":true,"href":"https:\/\/norwegianmade.no\/en\/wp-json\/wp\/v2\/media\/22748"}],"wp:attachment":[{"href":"https:\/\/norwegianmade.no\/en\/wp-json\/wp\/v2\/media?parent=22741"}],"wp:term":[{"taxonomy":"product_brand","embeddable":true,"href":"https:\/\/norwegianmade.no\/en\/wp-json\/wp\/v2\/product_brand?post=22741"},{"taxonomy":"product_cat","embeddable":true,"href":"https:\/\/norwegianmade.no\/en\/wp-json\/wp\/v2\/product_cat?post=22741"},{"taxonomy":"product_tag","embeddable":true,"href":"https:\/\/norwegianmade.no\/en\/wp-json\/wp\/v2\/product_tag?post=22741"}],"curies":[{"name":"wp","href":"https:\/\/api.w.org\/{rel}","templated":true}]}}