{"id":23012,"date":"2025-10-27T13:09:43","date_gmt":"2025-10-27T12:09:43","guid":{"rendered":"https:\/\/norwegianmade.no\/produkt\/globelys-av-bivoksraps\/"},"modified":"2026-03-27T06:15:20","modified_gmt":"2026-03-27T05:15:20","slug":"globelys-av-bivoksraps","status":"publish","type":"product","link":"https:\/\/norwegianmade.no\/en\/produkt\/globelys-av-bivoksraps\/","title":{"rendered":"Globelys av bivoks&#038;raps"},"content":{"rendered":"<p><\/p>\n","protected":false},"excerpt":{"rendered":"<h2 style=\"font-family: Playfair, serif;font-weight: 400;letter-spacing: 0.6px;line-height: 1.3;font-size: 24px;margin-top: 0px\" data-mce-style=\"font-family: Playfair, serif; font-weight: 400; letter-spacing: 0.6px; line-height: 1.3; font-size: 24px; margin-top: 0px;\">Stort globelys \u00a0&#8211; h\u00e5ndlaget av ren organisk bivoks og raps i v\u00e5rt mikrost\u00f8peri i Oslo\u00a0<\/h2>\n","protected":false},"featured_media":22998,"comment_status":"open","ping_status":"closed","template":"","meta":{"_acf_changed":false},"product_brand":[],"product_cat":[],"product_tag":[],"class_list":{"0":"post-23012","1":"product","2":"type-product","3":"status-publish","4":"has-post-thumbnail","6":"product_vendor-eld-naturlys","8":"first","9":"instock","10":"taxable","11":"shipping-taxable","12":"product-type-simple"},"acf":[],"yoast_head":"<!-- This site is optimized with the Yoast SEO plugin v27.1.1 - https:\/\/yoast.com\/product\/yoast-seo-wordpress\/ -->\n<title>Globelys av bivoks&amp;raps &#8226; Norwegian Made<\/title>\n<meta name=\"robots\" content=\"index, follow, max-snippet:-1, max-image-preview:large, max-video-preview:-1\" \/>\n<link rel=\"canonical\" href=\"https:\/\/norwegianmade.no\/produkt\/globelys-av-bivoksraps\/\" \/>\n<meta property=\"og:locale\" content=\"en_US\" \/>\n<meta property=\"og:type\" content=\"article\" \/>\n<meta property=\"og:title\" content=\"Globelys av bivoks&amp;raps &#8226; Norwegian Made\" \/>\n<meta property=\"og:description\" content=\"Stort globelys \u00a0- h\u00e5ndlaget av ren organisk bivoks og raps i v\u00e5rt mikrost\u00f8peri i Oslo\u00a0\" \/>\n<meta property=\"og:url\" content=\"https:\/\/norwegianmade.no\/produkt\/globelys-av-bivoksraps\/\" \/>\n<meta property=\"og:site_name\" content=\"Norwegian Made\" \/>\n<meta property=\"article:modified_time\" content=\"2026-03-27T05:15:20+00:00\" \/>\n<meta property=\"og:image\" content=\"https:\/\/norwegianmade.no\/wp-content\/uploads\/2025\/10\/IMG_42971.jpg\" \/>\n\t<meta property=\"og:image:width\" content=\"1445\" \/>\n\t<meta property=\"og:image:height\" content=\"1622\" \/>\n\t<meta property=\"og:image:type\" content=\"image\/jpeg\" \/>\n<meta name=\"twitter:card\" content=\"summary_large_image\" \/>\n<script type=\"application\/ld+json\" class=\"yoast-schema-graph\">{\"@context\":\"https:\/\/schema.org\",\"@graph\":[{\"@type\":\"WebPage\",\"@id\":\"https:\/\/norwegianmade.no\/produkt\/globelys-av-bivoksraps\/\",\"url\":\"https:\/\/norwegianmade.no\/produkt\/globelys-av-bivoksraps\/\",\"name\":\"Globelys av bivoks&raps &#8226; Norwegian Made\",\"isPartOf\":{\"@id\":\"https:\/\/norwegianmade.no\/#website\"},\"primaryImageOfPage\":{\"@id\":\"https:\/\/norwegianmade.no\/produkt\/globelys-av-bivoksraps\/#primaryimage\"},\"image\":{\"@id\":\"https:\/\/norwegianmade.no\/produkt\/globelys-av-bivoksraps\/#primaryimage\"},\"thumbnailUrl\":\"https:\/\/norwegianmade.no\/wp-content\/uploads\/2025\/10\/IMG_42971.jpg\",\"datePublished\":\"2025-10-27T12:09:43+00:00\",\"dateModified\":\"2026-03-27T05:15:20+00:00\",\"breadcrumb\":{\"@id\":\"https:\/\/norwegianmade.no\/produkt\/globelys-av-bivoksraps\/#breadcrumb\"},\"inLanguage\":\"en-US\",\"potentialAction\":[{\"@type\":\"ReadAction\",\"target\":[\"https:\/\/norwegianmade.no\/produkt\/globelys-av-bivoksraps\/\"]}]},{\"@type\":\"ImageObject\",\"inLanguage\":\"en-US\",\"@id\":\"https:\/\/norwegianmade.no\/produkt\/globelys-av-bivoksraps\/#primaryimage\",\"url\":\"https:\/\/norwegianmade.no\/wp-content\/uploads\/2025\/10\/IMG_42971.jpg\",\"contentUrl\":\"https:\/\/norwegianmade.no\/wp-content\/uploads\/2025\/10\/IMG_42971.jpg\",\"width\":1445,\"height\":1622},{\"@type\":\"BreadcrumbList\",\"@id\":\"https:\/\/norwegianmade.no\/produkt\/globelys-av-bivoksraps\/#breadcrumb\",\"itemListElement\":[{\"@type\":\"ListItem\",\"position\":1,\"name\":\"Hjem\",\"item\":\"https:\/\/norwegianmade.no\/en\/\"},{\"@type\":\"ListItem\",\"position\":2,\"name\":\"Shop\",\"item\":\"https:\/\/norwegianmade.no\/en\/shop\/\"},{\"@type\":\"ListItem\",\"position\":3,\"name\":\"Globelys av bivoks&#038;raps\"}]},{\"@type\":\"WebSite\",\"@id\":\"https:\/\/norwegianmade.no\/#website\",\"url\":\"https:\/\/norwegianmade.no\/\",\"name\":\"Norwegian Made\",\"description\":\"Norges st\u00f8rste markedsplass for norske produsenter\",\"publisher\":{\"@id\":\"https:\/\/norwegianmade.no\/#organization\"},\"potentialAction\":[{\"@type\":\"SearchAction\",\"target\":{\"@type\":\"EntryPoint\",\"urlTemplate\":\"https:\/\/norwegianmade.no\/?s={search_term_string}\"},\"query-input\":{\"@type\":\"PropertyValueSpecification\",\"valueRequired\":true,\"valueName\":\"search_term_string\"}}],\"inLanguage\":\"en-US\"},{\"@type\":\"Organization\",\"@id\":\"https:\/\/norwegianmade.no\/#organization\",\"name\":\"Norwegian Made\",\"url\":\"https:\/\/norwegianmade.no\/\",\"logo\":{\"@type\":\"ImageObject\",\"inLanguage\":\"en-US\",\"@id\":\"https:\/\/norwegianmade.no\/#\/schema\/logo\/image\/\",\"url\":\"https:\/\/norwegianmade.no\/wp-content\/uploads\/2020\/11\/logo-liggende-norwegian-made-web.png\",\"contentUrl\":\"https:\/\/norwegianmade.no\/wp-content\/uploads\/2020\/11\/logo-liggende-norwegian-made-web.png\",\"width\":200,\"height\":58,\"caption\":\"Norwegian Made\"},\"image\":{\"@id\":\"https:\/\/norwegianmade.no\/#\/schema\/logo\/image\/\"}}]}<\/script>\n<!-- \/ Yoast SEO plugin. -->","yoast_head_json":{"title":"Globelys av bivoks&raps &#8226; Norwegian Made","robots":{"index":"index","follow":"follow","max-snippet":"max-snippet:-1","max-image-preview":"max-image-preview:large","max-video-preview":"max-video-preview:-1"},"canonical":"https:\/\/norwegianmade.no\/produkt\/globelys-av-bivoksraps\/","og_locale":"en_US","og_type":"article","og_title":"Globelys av bivoks&raps &#8226; Norwegian Made","og_description":"Stort globelys \u00a0- h\u00e5ndlaget av ren organisk bivoks og raps i v\u00e5rt mikrost\u00f8peri i Oslo\u00a0","og_url":"https:\/\/norwegianmade.no\/produkt\/globelys-av-bivoksraps\/","og_site_name":"Norwegian Made","article_modified_time":"2026-03-27T05:15:20+00:00","og_image":[{"width":1445,"height":1622,"url":"https:\/\/norwegianmade.no\/wp-content\/uploads\/2025\/10\/IMG_42971.jpg","type":"image\/jpeg"}],"twitter_card":"summary_large_image","schema":{"@context":"https:\/\/schema.org","@graph":[{"@type":"WebPage","@id":"https:\/\/norwegianmade.no\/produkt\/globelys-av-bivoksraps\/","url":"https:\/\/norwegianmade.no\/produkt\/globelys-av-bivoksraps\/","name":"Globelys av bivoks&raps &#8226; Norwegian Made","isPartOf":{"@id":"https:\/\/norwegianmade.no\/#website"},"primaryImageOfPage":{"@id":"https:\/\/norwegianmade.no\/produkt\/globelys-av-bivoksraps\/#primaryimage"},"image":{"@id":"https:\/\/norwegianmade.no\/produkt\/globelys-av-bivoksraps\/#primaryimage"},"thumbnailUrl":"https:\/\/norwegianmade.no\/wp-content\/uploads\/2025\/10\/IMG_42971.jpg","datePublished":"2025-10-27T12:09:43+00:00","dateModified":"2026-03-27T05:15:20+00:00","breadcrumb":{"@id":"https:\/\/norwegianmade.no\/produkt\/globelys-av-bivoksraps\/#breadcrumb"},"inLanguage":"en-US","potentialAction":[{"@type":"ReadAction","target":["https:\/\/norwegianmade.no\/produkt\/globelys-av-bivoksraps\/"]}]},{"@type":"ImageObject","inLanguage":"en-US","@id":"https:\/\/norwegianmade.no\/produkt\/globelys-av-bivoksraps\/#primaryimage","url":"https:\/\/norwegianmade.no\/wp-content\/uploads\/2025\/10\/IMG_42971.jpg","contentUrl":"https:\/\/norwegianmade.no\/wp-content\/uploads\/2025\/10\/IMG_42971.jpg","width":1445,"height":1622},{"@type":"BreadcrumbList","@id":"https:\/\/norwegianmade.no\/produkt\/globelys-av-bivoksraps\/#breadcrumb","itemListElement":[{"@type":"ListItem","position":1,"name":"Hjem","item":"https:\/\/norwegianmade.no\/en\/"},{"@type":"ListItem","position":2,"name":"Shop","item":"https:\/\/norwegianmade.no\/en\/shop\/"},{"@type":"ListItem","position":3,"name":"Globelys av bivoks&#038;raps"}]},{"@type":"WebSite","@id":"https:\/\/norwegianmade.no\/#website","url":"https:\/\/norwegianmade.no\/","name":"Norwegian Made","description":"Norges st\u00f8rste markedsplass for norske produsenter","publisher":{"@id":"https:\/\/norwegianmade.no\/#organization"},"potentialAction":[{"@type":"SearchAction","target":{"@type":"EntryPoint","urlTemplate":"https:\/\/norwegianmade.no\/?s={search_term_string}"},"query-input":{"@type":"PropertyValueSpecification","valueRequired":true,"valueName":"search_term_string"}}],"inLanguage":"en-US"},{"@type":"Organization","@id":"https:\/\/norwegianmade.no\/#organization","name":"Norwegian Made","url":"https:\/\/norwegianmade.no\/","logo":{"@type":"ImageObject","inLanguage":"en-US","@id":"https:\/\/norwegianmade.no\/#\/schema\/logo\/image\/","url":"https:\/\/norwegianmade.no\/wp-content\/uploads\/2020\/11\/logo-liggende-norwegian-made-web.png","contentUrl":"https:\/\/norwegianmade.no\/wp-content\/uploads\/2020\/11\/logo-liggende-norwegian-made-web.png","width":200,"height":58,"caption":"Norwegian Made"},"image":{"@id":"https:\/\/norwegianmade.no\/#\/schema\/logo\/image\/"}}]}},"_links":{"self":[{"href":"https:\/\/norwegianmade.no\/en\/wp-json\/wp\/v2\/product\/23012","targetHints":{"allow":["GET"]}}],"collection":[{"href":"https:\/\/norwegianmade.no\/en\/wp-json\/wp\/v2\/product"}],"about":[{"href":"https:\/\/norwegianmade.no\/en\/wp-json\/wp\/v2\/types\/product"}],"replies":[{"embeddable":true,"href":"https:\/\/norwegianmade.no\/en\/wp-json\/wp\/v2\/comments?post=23012"}],"wp:featuredmedia":[{"embeddable":true,"href":"https:\/\/norwegianmade.no\/en\/wp-json\/wp\/v2\/media\/22998"}],"wp:attachment":[{"href":"https:\/\/norwegianmade.no\/en\/wp-json\/wp\/v2\/media?parent=23012"}],"wp:term":[{"taxonomy":"product_brand","embeddable":true,"href":"https:\/\/norwegianmade.no\/en\/wp-json\/wp\/v2\/product_brand?post=23012"},{"taxonomy":"product_cat","embeddable":true,"href":"https:\/\/norwegianmade.no\/en\/wp-json\/wp\/v2\/product_cat?post=23012"},{"taxonomy":"product_tag","embeddable":true,"href":"https:\/\/norwegianmade.no\/en\/wp-json\/wp\/v2\/product_tag?post=23012"}],"curies":[{"name":"wp","href":"https:\/\/api.w.org\/{rel}","templated":true}]}}