{"id":5199,"date":"2021-03-23T12:22:23","date_gmt":"2021-03-23T11:22:23","guid":{"rendered":"https:\/\/norwegianmade.no\/markedsplass\/no-3-bunad-solv-herre\/"},"modified":"2026-03-27T09:40:45","modified_gmt":"2026-03-27T08:40:45","slug":"no-3-bunad-solv-herre","status":"publish","type":"product","link":"https:\/\/norwegianmade.no\/en\/produkt\/no-3-bunad-solv-herre\/","title":{"rendered":"No.3 Smykkeskrin til bunads\u00f8lv."},"content":{"rendered":"<p><\/p>\n","protected":false},"excerpt":{"rendered":"<p>No.3 smykkeskrin til bunads\u00f8lv. Skrinet har 5 rom i ulike st\u00f8rrelser hvor den ene er i hele skrinets bredde og kan passe til en bunadskniv. Utvendig m\u00e5l er 238x121x44mm Prisen inkluderer gravering p\u00e5 lokket.<\/p>\n<p>Kan leveres i eik, bj\u00f8rk, ask eller alm med r\u00f8dt, bl\u00e5tt eller svart stoff. Oppgi ved bestilling hvilke type du \u00f8nsker og hva du vil ha gravert p\u00e5 lokket. Du vil motta en korrektur og bekreftelse f\u00f8r jeg lager skrinet.<\/p>\n<p>Leveringstiden kan variere, men jeg har som regel noen i prosess som kan gj\u00f8res ferdig ganske fort. Det kan v\u00e6re lurt \u00e5 sp\u00f8rre hvis det haster.<\/p>\n<p><br data-mce-bogus=\"1\"><\/p>\n","protected":false},"featured_media":5195,"comment_status":"open","ping_status":"closed","template":"","meta":{"_acf_changed":false},"product_brand":[],"product_cat":[108,78,231],"product_tag":[],"class_list":{"0":"post-5199","1":"product","2":"type-product","3":"status-publish","4":"has-post-thumbnail","6":"product_vendor-waahlberg-skrinmaker","7":"product_cat-andre-ting-i-tre","8":"product_cat-gaver","9":"product_cat-tilbehor","10":"product_shipping_class-norgespakke","12":"first","13":"instock","14":"taxable","15":"shipping-taxable","16":"purchasable","17":"product-type-simple"},"acf":[],"yoast_head":"<!-- This site is optimized with the Yoast SEO plugin v27.1.1 - https:\/\/yoast.com\/product\/yoast-seo-wordpress\/ -->\n<title>No.3 Smykkeskrin til bunads\u00f8lv. &#8226; Norwegian Made<\/title>\n<meta name=\"robots\" content=\"index, follow, max-snippet:-1, max-image-preview:large, max-video-preview:-1\" \/>\n<link rel=\"canonical\" href=\"https:\/\/norwegianmade.no\/produkt\/no-3-bunad-solv-herre\/\" \/>\n<meta property=\"og:locale\" content=\"en_US\" \/>\n<meta property=\"og:type\" content=\"article\" \/>\n<meta property=\"og:title\" content=\"No.3 Smykkeskrin til bunads\u00f8lv. &#8226; Norwegian Made\" \/>\n<meta property=\"og:description\" content=\"No.3 smykkeskrin til bunads\u00f8lv. Skrinet har 5 rom i ulike st\u00f8rrelser hvor den ene er i hele skrinets bredde og kan passe til en bunadskniv. Utvendig m\u00e5l er 238x121x44mm Prisen inkluderer gravering p\u00e5 lokket.Kan leveres i eik, bj\u00f8rk, ask eller alm med r\u00f8dt, bl\u00e5tt eller svart stoff. Oppgi ved bestilling hvilke type du \u00f8nsker og hva du vil ha gravert p\u00e5 lokket. Du vil motta en korrektur og bekreftelse f\u00f8r jeg lager skrinet.Leveringstiden kan variere, men jeg har som regel noen i prosess som kan gj\u00f8res ferdig ganske fort. Det kan v\u00e6re lurt \u00e5 sp\u00f8rre hvis det haster.\" \/>\n<meta property=\"og:url\" content=\"https:\/\/norwegianmade.no\/produkt\/no-3-bunad-solv-herre\/\" \/>\n<meta property=\"og:site_name\" content=\"Norwegian Made\" \/>\n<meta property=\"article:modified_time\" content=\"2026-03-27T08:40:45+00:00\" \/>\n<meta property=\"og:image\" content=\"https:\/\/norwegianmade.no\/wp-content\/uploads\/2021\/03\/IMG_7176-scaled.jpg\" \/>\n\t<meta property=\"og:image:width\" content=\"1920\" \/>\n\t<meta property=\"og:image:height\" content=\"2560\" \/>\n\t<meta property=\"og:image:type\" content=\"image\/jpeg\" \/>\n<meta name=\"twitter:card\" content=\"summary_large_image\" \/>\n<script type=\"application\/ld+json\" class=\"yoast-schema-graph\">{\"@context\":\"https:\/\/schema.org\",\"@graph\":[{\"@type\":\"WebPage\",\"@id\":\"https:\/\/norwegianmade.no\/produkt\/no-3-bunad-solv-herre\/\",\"url\":\"https:\/\/norwegianmade.no\/produkt\/no-3-bunad-solv-herre\/\",\"name\":\"No.3 Smykkeskrin til bunads\u00f8lv. &#8226; Norwegian Made\",\"isPartOf\":{\"@id\":\"https:\/\/norwegianmade.no\/#website\"},\"primaryImageOfPage\":{\"@id\":\"https:\/\/norwegianmade.no\/produkt\/no-3-bunad-solv-herre\/#primaryimage\"},\"image\":{\"@id\":\"https:\/\/norwegianmade.no\/produkt\/no-3-bunad-solv-herre\/#primaryimage\"},\"thumbnailUrl\":\"https:\/\/norwegianmade.no\/wp-content\/uploads\/2021\/03\/IMG_7176-scaled.jpg\",\"datePublished\":\"2021-03-23T11:22:23+00:00\",\"dateModified\":\"2026-03-27T08:40:45+00:00\",\"breadcrumb\":{\"@id\":\"https:\/\/norwegianmade.no\/produkt\/no-3-bunad-solv-herre\/#breadcrumb\"},\"inLanguage\":\"en-US\",\"potentialAction\":[{\"@type\":\"ReadAction\",\"target\":[\"https:\/\/norwegianmade.no\/produkt\/no-3-bunad-solv-herre\/\"]}]},{\"@type\":\"ImageObject\",\"inLanguage\":\"en-US\",\"@id\":\"https:\/\/norwegianmade.no\/produkt\/no-3-bunad-solv-herre\/#primaryimage\",\"url\":\"https:\/\/norwegianmade.no\/wp-content\/uploads\/2021\/03\/IMG_7176-scaled.jpg\",\"contentUrl\":\"https:\/\/norwegianmade.no\/wp-content\/uploads\/2021\/03\/IMG_7176-scaled.jpg\",\"width\":1920,\"height\":2560},{\"@type\":\"BreadcrumbList\",\"@id\":\"https:\/\/norwegianmade.no\/produkt\/no-3-bunad-solv-herre\/#breadcrumb\",\"itemListElement\":[{\"@type\":\"ListItem\",\"position\":1,\"name\":\"Hjem\",\"item\":\"https:\/\/norwegianmade.no\/en\/\"},{\"@type\":\"ListItem\",\"position\":2,\"name\":\"Shop\",\"item\":\"https:\/\/norwegianmade.no\/en\/shop\/\"},{\"@type\":\"ListItem\",\"position\":3,\"name\":\"No.3 Smykkeskrin til bunads\u00f8lv.\"}]},{\"@type\":\"WebSite\",\"@id\":\"https:\/\/norwegianmade.no\/#website\",\"url\":\"https:\/\/norwegianmade.no\/\",\"name\":\"Norwegian Made\",\"description\":\"Norges st\u00f8rste markedsplass for norske produsenter\",\"publisher\":{\"@id\":\"https:\/\/norwegianmade.no\/#organization\"},\"potentialAction\":[{\"@type\":\"SearchAction\",\"target\":{\"@type\":\"EntryPoint\",\"urlTemplate\":\"https:\/\/norwegianmade.no\/?s={search_term_string}\"},\"query-input\":{\"@type\":\"PropertyValueSpecification\",\"valueRequired\":true,\"valueName\":\"search_term_string\"}}],\"inLanguage\":\"en-US\"},{\"@type\":\"Organization\",\"@id\":\"https:\/\/norwegianmade.no\/#organization\",\"name\":\"Norwegian Made\",\"url\":\"https:\/\/norwegianmade.no\/\",\"logo\":{\"@type\":\"ImageObject\",\"inLanguage\":\"en-US\",\"@id\":\"https:\/\/norwegianmade.no\/#\/schema\/logo\/image\/\",\"url\":\"https:\/\/norwegianmade.no\/wp-content\/uploads\/2020\/11\/logo-liggende-norwegian-made-web.png\",\"contentUrl\":\"https:\/\/norwegianmade.no\/wp-content\/uploads\/2020\/11\/logo-liggende-norwegian-made-web.png\",\"width\":200,\"height\":58,\"caption\":\"Norwegian Made\"},\"image\":{\"@id\":\"https:\/\/norwegianmade.no\/#\/schema\/logo\/image\/\"}}]}<\/script>\n<!-- \/ Yoast SEO plugin. -->","yoast_head_json":{"title":"No.3 Smykkeskrin til bunads\u00f8lv. &#8226; Norwegian Made","robots":{"index":"index","follow":"follow","max-snippet":"max-snippet:-1","max-image-preview":"max-image-preview:large","max-video-preview":"max-video-preview:-1"},"canonical":"https:\/\/norwegianmade.no\/produkt\/no-3-bunad-solv-herre\/","og_locale":"en_US","og_type":"article","og_title":"No.3 Smykkeskrin til bunads\u00f8lv. &#8226; Norwegian Made","og_description":"No.3 smykkeskrin til bunads\u00f8lv. Skrinet har 5 rom i ulike st\u00f8rrelser hvor den ene er i hele skrinets bredde og kan passe til en bunadskniv. Utvendig m\u00e5l er 238x121x44mm Prisen inkluderer gravering p\u00e5 lokket.Kan leveres i eik, bj\u00f8rk, ask eller alm med r\u00f8dt, bl\u00e5tt eller svart stoff. Oppgi ved bestilling hvilke type du \u00f8nsker og hva du vil ha gravert p\u00e5 lokket. Du vil motta en korrektur og bekreftelse f\u00f8r jeg lager skrinet.Leveringstiden kan variere, men jeg har som regel noen i prosess som kan gj\u00f8res ferdig ganske fort. Det kan v\u00e6re lurt \u00e5 sp\u00f8rre hvis det haster.","og_url":"https:\/\/norwegianmade.no\/produkt\/no-3-bunad-solv-herre\/","og_site_name":"Norwegian Made","article_modified_time":"2026-03-27T08:40:45+00:00","og_image":[{"width":1920,"height":2560,"url":"https:\/\/norwegianmade.no\/wp-content\/uploads\/2021\/03\/IMG_7176-scaled.jpg","type":"image\/jpeg"}],"twitter_card":"summary_large_image","schema":{"@context":"https:\/\/schema.org","@graph":[{"@type":"WebPage","@id":"https:\/\/norwegianmade.no\/produkt\/no-3-bunad-solv-herre\/","url":"https:\/\/norwegianmade.no\/produkt\/no-3-bunad-solv-herre\/","name":"No.3 Smykkeskrin til bunads\u00f8lv. &#8226; Norwegian Made","isPartOf":{"@id":"https:\/\/norwegianmade.no\/#website"},"primaryImageOfPage":{"@id":"https:\/\/norwegianmade.no\/produkt\/no-3-bunad-solv-herre\/#primaryimage"},"image":{"@id":"https:\/\/norwegianmade.no\/produkt\/no-3-bunad-solv-herre\/#primaryimage"},"thumbnailUrl":"https:\/\/norwegianmade.no\/wp-content\/uploads\/2021\/03\/IMG_7176-scaled.jpg","datePublished":"2021-03-23T11:22:23+00:00","dateModified":"2026-03-27T08:40:45+00:00","breadcrumb":{"@id":"https:\/\/norwegianmade.no\/produkt\/no-3-bunad-solv-herre\/#breadcrumb"},"inLanguage":"en-US","potentialAction":[{"@type":"ReadAction","target":["https:\/\/norwegianmade.no\/produkt\/no-3-bunad-solv-herre\/"]}]},{"@type":"ImageObject","inLanguage":"en-US","@id":"https:\/\/norwegianmade.no\/produkt\/no-3-bunad-solv-herre\/#primaryimage","url":"https:\/\/norwegianmade.no\/wp-content\/uploads\/2021\/03\/IMG_7176-scaled.jpg","contentUrl":"https:\/\/norwegianmade.no\/wp-content\/uploads\/2021\/03\/IMG_7176-scaled.jpg","width":1920,"height":2560},{"@type":"BreadcrumbList","@id":"https:\/\/norwegianmade.no\/produkt\/no-3-bunad-solv-herre\/#breadcrumb","itemListElement":[{"@type":"ListItem","position":1,"name":"Hjem","item":"https:\/\/norwegianmade.no\/en\/"},{"@type":"ListItem","position":2,"name":"Shop","item":"https:\/\/norwegianmade.no\/en\/shop\/"},{"@type":"ListItem","position":3,"name":"No.3 Smykkeskrin til bunads\u00f8lv."}]},{"@type":"WebSite","@id":"https:\/\/norwegianmade.no\/#website","url":"https:\/\/norwegianmade.no\/","name":"Norwegian Made","description":"Norges st\u00f8rste markedsplass for norske produsenter","publisher":{"@id":"https:\/\/norwegianmade.no\/#organization"},"potentialAction":[{"@type":"SearchAction","target":{"@type":"EntryPoint","urlTemplate":"https:\/\/norwegianmade.no\/?s={search_term_string}"},"query-input":{"@type":"PropertyValueSpecification","valueRequired":true,"valueName":"search_term_string"}}],"inLanguage":"en-US"},{"@type":"Organization","@id":"https:\/\/norwegianmade.no\/#organization","name":"Norwegian Made","url":"https:\/\/norwegianmade.no\/","logo":{"@type":"ImageObject","inLanguage":"en-US","@id":"https:\/\/norwegianmade.no\/#\/schema\/logo\/image\/","url":"https:\/\/norwegianmade.no\/wp-content\/uploads\/2020\/11\/logo-liggende-norwegian-made-web.png","contentUrl":"https:\/\/norwegianmade.no\/wp-content\/uploads\/2020\/11\/logo-liggende-norwegian-made-web.png","width":200,"height":58,"caption":"Norwegian Made"},"image":{"@id":"https:\/\/norwegianmade.no\/#\/schema\/logo\/image\/"}}]}},"_links":{"self":[{"href":"https:\/\/norwegianmade.no\/en\/wp-json\/wp\/v2\/product\/5199","targetHints":{"allow":["GET"]}}],"collection":[{"href":"https:\/\/norwegianmade.no\/en\/wp-json\/wp\/v2\/product"}],"about":[{"href":"https:\/\/norwegianmade.no\/en\/wp-json\/wp\/v2\/types\/product"}],"replies":[{"embeddable":true,"href":"https:\/\/norwegianmade.no\/en\/wp-json\/wp\/v2\/comments?post=5199"}],"wp:featuredmedia":[{"embeddable":true,"href":"https:\/\/norwegianmade.no\/en\/wp-json\/wp\/v2\/media\/5195"}],"wp:attachment":[{"href":"https:\/\/norwegianmade.no\/en\/wp-json\/wp\/v2\/media?parent=5199"}],"wp:term":[{"taxonomy":"product_brand","embeddable":true,"href":"https:\/\/norwegianmade.no\/en\/wp-json\/wp\/v2\/product_brand?post=5199"},{"taxonomy":"product_cat","embeddable":true,"href":"https:\/\/norwegianmade.no\/en\/wp-json\/wp\/v2\/product_cat?post=5199"},{"taxonomy":"product_tag","embeddable":true,"href":"https:\/\/norwegianmade.no\/en\/wp-json\/wp\/v2\/product_tag?post=5199"}],"curies":[{"name":"wp","href":"https:\/\/api.w.org\/{rel}","templated":true}]}}