{"id":5232,"date":"2021-03-24T20:01:10","date_gmt":"2021-03-24T19:01:10","guid":{"rendered":"https:\/\/norwegianmade.no\/markedsplass\/gravering\/"},"modified":"2025-01-24T15:54:03","modified_gmt":"2025-01-24T14:54:03","slug":"gravering","status":"publish","type":"product","link":"https:\/\/norwegianmade.no\/en\/produkt\/gravering\/","title":{"rendered":"Gravering"},"content":{"rendered":"<p><\/p>\n","protected":false},"excerpt":{"rendered":"<p class=\"MsoNormal\">Gj\u00f8r skrinet personlig med gravering. Velg\u00a0 skrift type. Skriv teksten du \u00f8nsker<br \/>gravert i feltet &#8220;Ordrenotater&#8221; i kassen\/ betaling. Du vil motta en<br \/>epost med korrektur, slik at du ser hvordan det vil se ut. Skriftens st\u00f8rrelse<br \/>og plassering kan eventuelt justeres.<\/p>\n<p>Jeg har ogs\u00e5 ferdige m\u00f8nster for Telemark, Romsdal, M\u00e5lselv og Nordlands bunader og ett med bl\u00e5klokker. Gi beskjed om du \u00f8nsker disse.<\/p>\n<p>Har du andre \u00f8nsker for m\u00f8nster kan jeg ogs\u00e5 tegne disse.\u00a0<\/p>\n<p>Jeg kan gravere p\u00e5 medbrakte ting og brenne med laser.\u00a0<\/p>\n","protected":false},"featured_media":5228,"comment_status":"open","ping_status":"closed","template":"","meta":{"_acf_changed":false},"product_brand":[],"product_cat":[15],"product_tag":[],"class_list":{"0":"post-5232","1":"product","2":"type-product","3":"status-publish","4":"has-post-thumbnail","6":"product_vendor-waahlberg-skrinmaker","7":"product_cat-ukategorisert","9":"first","10":"instock","11":"taxable","12":"shipping-taxable","13":"purchasable","14":"product-type-variable"},"acf":[],"yoast_head":"<!-- This site is optimized with the Yoast SEO plugin v27.1.1 - https:\/\/yoast.com\/product\/yoast-seo-wordpress\/ -->\n<title>Gravering &#8226; Norwegian Made<\/title>\n<meta name=\"robots\" content=\"index, follow, max-snippet:-1, max-image-preview:large, max-video-preview:-1\" \/>\n<link rel=\"canonical\" href=\"https:\/\/norwegianmade.no\/produkt\/gravering\/\" \/>\n<meta property=\"og:locale\" content=\"en_US\" \/>\n<meta property=\"og:type\" content=\"article\" \/>\n<meta property=\"og:title\" content=\"Gravering &#8226; Norwegian Made\" \/>\n<meta property=\"og:description\" content=\"Gj\u00f8r skrinet personlig med gravering. Velg\u00a0 skrift type. Skriv teksten du \u00f8nskergravert i feltet &quot;Ordrenotater&quot; i kassen\/ betaling. Du vil motta enepost med korrektur, slik at du ser hvordan det vil se ut. Skriftens st\u00f8rrelseog plassering kan eventuelt justeres.Jeg har ogs\u00e5 ferdige m\u00f8nster for Telemark, Romsdal, M\u00e5lselv og Nordlands bunader og ett med bl\u00e5klokker. Gi beskjed om du \u00f8nsker disse.Har du andre \u00f8nsker for m\u00f8nster kan jeg ogs\u00e5 tegne disse.\u00a0Jeg kan gravere p\u00e5 medbrakte ting og brenne med laser.\u00a0\" \/>\n<meta property=\"og:url\" content=\"https:\/\/norwegianmade.no\/produkt\/gravering\/\" \/>\n<meta property=\"og:site_name\" content=\"Norwegian Made\" \/>\n<meta property=\"article:modified_time\" content=\"2025-01-24T14:54:03+00:00\" \/>\n<meta property=\"og:image\" content=\"https:\/\/norwegianmade.no\/wp-content\/uploads\/2021\/03\/9FAE6A76-3351-4E55-8469-6CE5E09E8993-768x1024-\u2013-Kopi.jpeg\" \/>\n\t<meta property=\"og:image:width\" content=\"768\" \/>\n\t<meta property=\"og:image:height\" content=\"1024\" \/>\n\t<meta property=\"og:image:type\" content=\"image\/jpeg\" \/>\n<meta name=\"twitter:card\" content=\"summary_large_image\" \/>\n<script type=\"application\/ld+json\" class=\"yoast-schema-graph\">{\"@context\":\"https:\/\/schema.org\",\"@graph\":[{\"@type\":\"WebPage\",\"@id\":\"https:\/\/norwegianmade.no\/produkt\/gravering\/\",\"url\":\"https:\/\/norwegianmade.no\/produkt\/gravering\/\",\"name\":\"Gravering &#8226; Norwegian Made\",\"isPartOf\":{\"@id\":\"https:\/\/norwegianmade.no\/#website\"},\"primaryImageOfPage\":{\"@id\":\"https:\/\/norwegianmade.no\/produkt\/gravering\/#primaryimage\"},\"image\":{\"@id\":\"https:\/\/norwegianmade.no\/produkt\/gravering\/#primaryimage\"},\"thumbnailUrl\":\"https:\/\/norwegianmade.no\/wp-content\/uploads\/2021\/03\/9FAE6A76-3351-4E55-8469-6CE5E09E8993-768x1024-\u2013-Kopi.jpeg\",\"datePublished\":\"2021-03-24T19:01:10+00:00\",\"dateModified\":\"2025-01-24T14:54:03+00:00\",\"breadcrumb\":{\"@id\":\"https:\/\/norwegianmade.no\/produkt\/gravering\/#breadcrumb\"},\"inLanguage\":\"en-US\",\"potentialAction\":[{\"@type\":\"ReadAction\",\"target\":[\"https:\/\/norwegianmade.no\/produkt\/gravering\/\"]}]},{\"@type\":\"ImageObject\",\"inLanguage\":\"en-US\",\"@id\":\"https:\/\/norwegianmade.no\/produkt\/gravering\/#primaryimage\",\"url\":\"https:\/\/norwegianmade.no\/wp-content\/uploads\/2021\/03\/9FAE6A76-3351-4E55-8469-6CE5E09E8993-768x1024-\u2013-Kopi.jpeg\",\"contentUrl\":\"https:\/\/norwegianmade.no\/wp-content\/uploads\/2021\/03\/9FAE6A76-3351-4E55-8469-6CE5E09E8993-768x1024-\u2013-Kopi.jpeg\",\"width\":768,\"height\":1024},{\"@type\":\"BreadcrumbList\",\"@id\":\"https:\/\/norwegianmade.no\/produkt\/gravering\/#breadcrumb\",\"itemListElement\":[{\"@type\":\"ListItem\",\"position\":1,\"name\":\"Hjem\",\"item\":\"https:\/\/norwegianmade.no\/en\/\"},{\"@type\":\"ListItem\",\"position\":2,\"name\":\"Shop\",\"item\":\"https:\/\/norwegianmade.no\/en\/shop\/\"},{\"@type\":\"ListItem\",\"position\":3,\"name\":\"Gravering\"}]},{\"@type\":\"WebSite\",\"@id\":\"https:\/\/norwegianmade.no\/#website\",\"url\":\"https:\/\/norwegianmade.no\/\",\"name\":\"Norwegian Made\",\"description\":\"Norges st\u00f8rste markedsplass for norske produsenter\",\"publisher\":{\"@id\":\"https:\/\/norwegianmade.no\/#organization\"},\"potentialAction\":[{\"@type\":\"SearchAction\",\"target\":{\"@type\":\"EntryPoint\",\"urlTemplate\":\"https:\/\/norwegianmade.no\/?s={search_term_string}\"},\"query-input\":{\"@type\":\"PropertyValueSpecification\",\"valueRequired\":true,\"valueName\":\"search_term_string\"}}],\"inLanguage\":\"en-US\"},{\"@type\":\"Organization\",\"@id\":\"https:\/\/norwegianmade.no\/#organization\",\"name\":\"Norwegian Made\",\"url\":\"https:\/\/norwegianmade.no\/\",\"logo\":{\"@type\":\"ImageObject\",\"inLanguage\":\"en-US\",\"@id\":\"https:\/\/norwegianmade.no\/#\/schema\/logo\/image\/\",\"url\":\"https:\/\/norwegianmade.no\/wp-content\/uploads\/2020\/11\/logo-liggende-norwegian-made-web.png\",\"contentUrl\":\"https:\/\/norwegianmade.no\/wp-content\/uploads\/2020\/11\/logo-liggende-norwegian-made-web.png\",\"width\":200,\"height\":58,\"caption\":\"Norwegian Made\"},\"image\":{\"@id\":\"https:\/\/norwegianmade.no\/#\/schema\/logo\/image\/\"}}]}<\/script>\n<!-- \/ Yoast SEO plugin. -->","yoast_head_json":{"title":"Gravering &#8226; Norwegian Made","robots":{"index":"index","follow":"follow","max-snippet":"max-snippet:-1","max-image-preview":"max-image-preview:large","max-video-preview":"max-video-preview:-1"},"canonical":"https:\/\/norwegianmade.no\/produkt\/gravering\/","og_locale":"en_US","og_type":"article","og_title":"Gravering &#8226; Norwegian Made","og_description":"Gj\u00f8r skrinet personlig med gravering. Velg\u00a0 skrift type. Skriv teksten du \u00f8nskergravert i feltet \"Ordrenotater\" i kassen\/ betaling. Du vil motta enepost med korrektur, slik at du ser hvordan det vil se ut. Skriftens st\u00f8rrelseog plassering kan eventuelt justeres.Jeg har ogs\u00e5 ferdige m\u00f8nster for Telemark, Romsdal, M\u00e5lselv og Nordlands bunader og ett med bl\u00e5klokker. Gi beskjed om du \u00f8nsker disse.Har du andre \u00f8nsker for m\u00f8nster kan jeg ogs\u00e5 tegne disse.\u00a0Jeg kan gravere p\u00e5 medbrakte ting og brenne med laser.\u00a0","og_url":"https:\/\/norwegianmade.no\/produkt\/gravering\/","og_site_name":"Norwegian Made","article_modified_time":"2025-01-24T14:54:03+00:00","og_image":[{"width":768,"height":1024,"url":"https:\/\/norwegianmade.no\/wp-content\/uploads\/2021\/03\/9FAE6A76-3351-4E55-8469-6CE5E09E8993-768x1024-\u2013-Kopi.jpeg","type":"image\/jpeg"}],"twitter_card":"summary_large_image","schema":{"@context":"https:\/\/schema.org","@graph":[{"@type":"WebPage","@id":"https:\/\/norwegianmade.no\/produkt\/gravering\/","url":"https:\/\/norwegianmade.no\/produkt\/gravering\/","name":"Gravering &#8226; Norwegian Made","isPartOf":{"@id":"https:\/\/norwegianmade.no\/#website"},"primaryImageOfPage":{"@id":"https:\/\/norwegianmade.no\/produkt\/gravering\/#primaryimage"},"image":{"@id":"https:\/\/norwegianmade.no\/produkt\/gravering\/#primaryimage"},"thumbnailUrl":"https:\/\/norwegianmade.no\/wp-content\/uploads\/2021\/03\/9FAE6A76-3351-4E55-8469-6CE5E09E8993-768x1024-\u2013-Kopi.jpeg","datePublished":"2021-03-24T19:01:10+00:00","dateModified":"2025-01-24T14:54:03+00:00","breadcrumb":{"@id":"https:\/\/norwegianmade.no\/produkt\/gravering\/#breadcrumb"},"inLanguage":"en-US","potentialAction":[{"@type":"ReadAction","target":["https:\/\/norwegianmade.no\/produkt\/gravering\/"]}]},{"@type":"ImageObject","inLanguage":"en-US","@id":"https:\/\/norwegianmade.no\/produkt\/gravering\/#primaryimage","url":"https:\/\/norwegianmade.no\/wp-content\/uploads\/2021\/03\/9FAE6A76-3351-4E55-8469-6CE5E09E8993-768x1024-\u2013-Kopi.jpeg","contentUrl":"https:\/\/norwegianmade.no\/wp-content\/uploads\/2021\/03\/9FAE6A76-3351-4E55-8469-6CE5E09E8993-768x1024-\u2013-Kopi.jpeg","width":768,"height":1024},{"@type":"BreadcrumbList","@id":"https:\/\/norwegianmade.no\/produkt\/gravering\/#breadcrumb","itemListElement":[{"@type":"ListItem","position":1,"name":"Hjem","item":"https:\/\/norwegianmade.no\/en\/"},{"@type":"ListItem","position":2,"name":"Shop","item":"https:\/\/norwegianmade.no\/en\/shop\/"},{"@type":"ListItem","position":3,"name":"Gravering"}]},{"@type":"WebSite","@id":"https:\/\/norwegianmade.no\/#website","url":"https:\/\/norwegianmade.no\/","name":"Norwegian Made","description":"Norges st\u00f8rste markedsplass for norske produsenter","publisher":{"@id":"https:\/\/norwegianmade.no\/#organization"},"potentialAction":[{"@type":"SearchAction","target":{"@type":"EntryPoint","urlTemplate":"https:\/\/norwegianmade.no\/?s={search_term_string}"},"query-input":{"@type":"PropertyValueSpecification","valueRequired":true,"valueName":"search_term_string"}}],"inLanguage":"en-US"},{"@type":"Organization","@id":"https:\/\/norwegianmade.no\/#organization","name":"Norwegian Made","url":"https:\/\/norwegianmade.no\/","logo":{"@type":"ImageObject","inLanguage":"en-US","@id":"https:\/\/norwegianmade.no\/#\/schema\/logo\/image\/","url":"https:\/\/norwegianmade.no\/wp-content\/uploads\/2020\/11\/logo-liggende-norwegian-made-web.png","contentUrl":"https:\/\/norwegianmade.no\/wp-content\/uploads\/2020\/11\/logo-liggende-norwegian-made-web.png","width":200,"height":58,"caption":"Norwegian Made"},"image":{"@id":"https:\/\/norwegianmade.no\/#\/schema\/logo\/image\/"}}]}},"_links":{"self":[{"href":"https:\/\/norwegianmade.no\/en\/wp-json\/wp\/v2\/product\/5232","targetHints":{"allow":["GET"]}}],"collection":[{"href":"https:\/\/norwegianmade.no\/en\/wp-json\/wp\/v2\/product"}],"about":[{"href":"https:\/\/norwegianmade.no\/en\/wp-json\/wp\/v2\/types\/product"}],"replies":[{"embeddable":true,"href":"https:\/\/norwegianmade.no\/en\/wp-json\/wp\/v2\/comments?post=5232"}],"wp:featuredmedia":[{"embeddable":true,"href":"https:\/\/norwegianmade.no\/en\/wp-json\/wp\/v2\/media\/5228"}],"wp:attachment":[{"href":"https:\/\/norwegianmade.no\/en\/wp-json\/wp\/v2\/media?parent=5232"}],"wp:term":[{"taxonomy":"product_brand","embeddable":true,"href":"https:\/\/norwegianmade.no\/en\/wp-json\/wp\/v2\/product_brand?post=5232"},{"taxonomy":"product_cat","embeddable":true,"href":"https:\/\/norwegianmade.no\/en\/wp-json\/wp\/v2\/product_cat?post=5232"},{"taxonomy":"product_tag","embeddable":true,"href":"https:\/\/norwegianmade.no\/en\/wp-json\/wp\/v2\/product_tag?post=5232"}],"curies":[{"name":"wp","href":"https:\/\/api.w.org\/{rel}","templated":true}]}}