{"id":5312,"date":"2021-03-25T11:55:47","date_gmt":"2021-03-25T10:55:47","guid":{"rendered":"https:\/\/norwegianmade.no\/?post_type=product&#038;p=5312"},"modified":"2025-12-05T10:28:56","modified_gmt":"2025-12-05T09:28:56","slug":"no-2-til-bunad-solv","status":"archived","type":"product","link":"https:\/\/norwegianmade.no\/en\/produkt\/no-2-til-bunad-solv\/","title":{"rendered":"No.2 til bunad s\u00f8lv"},"content":{"rendered":"<p>Hvis du \u00f8nsker en<br \/>variasjon av skrinet med for eksempel annet treslag eller farge p\u00e5 stoff som<br \/>ikke er tilgjengelig m\u00e5 du gjerne sende meg en epost og sp\u00f8rre om jeg kan lager<br \/>det.<\/p>\n<p style=\"text-align: start\" data-mce-style=\"font-variant-ligatures: normal; font-variant-caps: normal; orphans: 2; text-align: start; widows: 2; -webkit-text-stroke-width: 0px; text-decoration-thickness: initial; text-decoration-style: initial; text-decoration-color: initial; word-spacing: 0px;\">Jeg lager ogs\u00e5<br \/>skrin p\u00e5 bestilling, ta gjerne kontakt hvis det er noe du \u00f8nsker deg.\u00a0<\/p>\n","protected":false},"excerpt":{"rendered":"<p>Dette skrinet til er litt st\u00f8rre enn nr.1, og prisen er inklusive gravering. Eik med bl\u00e5tt stoff.<\/p>\n<p>Skrinet har 7 rom fordelt p\u00e5 to etasjer. 1. etasje har ett langt rom p\u00e5 180x42mm og 3 rom p\u00e5 60x60mm. 2. etg har ett stort rom p\u00e5 100x100mm, ett p\u00e5 70x70mm og ett p\u00e5 70x27mm<\/p>\n<p class=\"MsoNormal\"><\/p>\n","protected":false},"featured_media":5275,"comment_status":"open","ping_status":"closed","template":"","meta":{"_acf_changed":false},"product_brand":[],"product_cat":[108,78,231],"product_tag":[],"class_list":{"0":"post-5312","1":"product","2":"type-product","3":"status-archived","4":"has-post-thumbnail","6":"product_vendor-waahlberg-skrinmaker","7":"product_cat-andre-ting-i-tre","8":"product_cat-gaver","9":"product_cat-tilbehor","11":"first","12":"onbackorder","13":"taxable","14":"shipping-taxable","15":"product-type-simple"},"acf":[],"yoast_head":"<!-- This site is optimized with the Yoast SEO plugin v27.1.1 - https:\/\/yoast.com\/product\/yoast-seo-wordpress\/ -->\n<title>No.2 til bunad s\u00f8lv &#8226; Norwegian Made<\/title>\n<meta name=\"robots\" content=\"index, follow, max-snippet:-1, max-image-preview:large, max-video-preview:-1\" \/>\n<link rel=\"canonical\" href=\"https:\/\/norwegianmade.no\/produkt\/no-2-til-bunad-solv\/\" \/>\n<meta property=\"og:locale\" content=\"en_US\" \/>\n<meta property=\"og:type\" content=\"article\" \/>\n<meta property=\"og:title\" content=\"No.2 til bunad s\u00f8lv &#8226; Norwegian Made\" \/>\n<meta property=\"og:description\" content=\"Dette skrinet til er litt st\u00f8rre enn nr.1, og prisen er inklusive gravering. Eik med bl\u00e5tt stoff.Skrinet har 7 rom fordelt p\u00e5 to etasjer. 1. etasje har ett langt rom p\u00e5 180x42mm og 3 rom p\u00e5 60x60mm. 2. etg har ett stort rom p\u00e5 100x100mm, ett p\u00e5 70x70mm og ett p\u00e5 70x27mm\" \/>\n<meta property=\"og:url\" content=\"https:\/\/norwegianmade.no\/produkt\/no-2-til-bunad-solv\/\" \/>\n<meta property=\"og:site_name\" content=\"Norwegian Made\" \/>\n<meta property=\"article:modified_time\" content=\"2025-12-05T09:28:56+00:00\" \/>\n<meta property=\"og:image\" content=\"https:\/\/norwegianmade.no\/wp-content\/uploads\/2021\/03\/IMG_6196-scaled.jpg\" \/>\n\t<meta property=\"og:image:width\" content=\"1920\" \/>\n\t<meta property=\"og:image:height\" content=\"2560\" \/>\n\t<meta property=\"og:image:type\" content=\"image\/jpeg\" \/>\n<meta name=\"twitter:card\" content=\"summary_large_image\" \/>\n<script type=\"application\/ld+json\" class=\"yoast-schema-graph\">{\"@context\":\"https:\/\/schema.org\",\"@graph\":[{\"@type\":\"WebPage\",\"@id\":\"https:\/\/norwegianmade.no\/produkt\/no-2-til-bunad-solv\/\",\"url\":\"https:\/\/norwegianmade.no\/produkt\/no-2-til-bunad-solv\/\",\"name\":\"No.2 til bunad s\u00f8lv &#8226; Norwegian Made\",\"isPartOf\":{\"@id\":\"https:\/\/norwegianmade.no\/#website\"},\"primaryImageOfPage\":{\"@id\":\"https:\/\/norwegianmade.no\/produkt\/no-2-til-bunad-solv\/#primaryimage\"},\"image\":{\"@id\":\"https:\/\/norwegianmade.no\/produkt\/no-2-til-bunad-solv\/#primaryimage\"},\"thumbnailUrl\":\"https:\/\/norwegianmade.no\/wp-content\/uploads\/2021\/03\/IMG_6196-scaled.jpg\",\"datePublished\":\"2021-03-25T10:55:47+00:00\",\"dateModified\":\"2025-12-05T09:28:56+00:00\",\"breadcrumb\":{\"@id\":\"https:\/\/norwegianmade.no\/produkt\/no-2-til-bunad-solv\/#breadcrumb\"},\"inLanguage\":\"en-US\",\"potentialAction\":[{\"@type\":\"ReadAction\",\"target\":[\"https:\/\/norwegianmade.no\/produkt\/no-2-til-bunad-solv\/\"]}]},{\"@type\":\"ImageObject\",\"inLanguage\":\"en-US\",\"@id\":\"https:\/\/norwegianmade.no\/produkt\/no-2-til-bunad-solv\/#primaryimage\",\"url\":\"https:\/\/norwegianmade.no\/wp-content\/uploads\/2021\/03\/IMG_6196-scaled.jpg\",\"contentUrl\":\"https:\/\/norwegianmade.no\/wp-content\/uploads\/2021\/03\/IMG_6196-scaled.jpg\",\"width\":1920,\"height\":2560},{\"@type\":\"BreadcrumbList\",\"@id\":\"https:\/\/norwegianmade.no\/produkt\/no-2-til-bunad-solv\/#breadcrumb\",\"itemListElement\":[{\"@type\":\"ListItem\",\"position\":1,\"name\":\"Hjem\",\"item\":\"https:\/\/norwegianmade.no\/en\/\"},{\"@type\":\"ListItem\",\"position\":2,\"name\":\"Shop\",\"item\":\"https:\/\/norwegianmade.no\/en\/shop\/\"},{\"@type\":\"ListItem\",\"position\":3,\"name\":\"No.2 til bunad s\u00f8lv\"}]},{\"@type\":\"WebSite\",\"@id\":\"https:\/\/norwegianmade.no\/#website\",\"url\":\"https:\/\/norwegianmade.no\/\",\"name\":\"Norwegian Made\",\"description\":\"Norges st\u00f8rste markedsplass for norske produsenter\",\"publisher\":{\"@id\":\"https:\/\/norwegianmade.no\/#organization\"},\"potentialAction\":[{\"@type\":\"SearchAction\",\"target\":{\"@type\":\"EntryPoint\",\"urlTemplate\":\"https:\/\/norwegianmade.no\/?s={search_term_string}\"},\"query-input\":{\"@type\":\"PropertyValueSpecification\",\"valueRequired\":true,\"valueName\":\"search_term_string\"}}],\"inLanguage\":\"en-US\"},{\"@type\":\"Organization\",\"@id\":\"https:\/\/norwegianmade.no\/#organization\",\"name\":\"Norwegian Made\",\"url\":\"https:\/\/norwegianmade.no\/\",\"logo\":{\"@type\":\"ImageObject\",\"inLanguage\":\"en-US\",\"@id\":\"https:\/\/norwegianmade.no\/#\/schema\/logo\/image\/\",\"url\":\"https:\/\/norwegianmade.no\/wp-content\/uploads\/2020\/11\/logo-liggende-norwegian-made-web.png\",\"contentUrl\":\"https:\/\/norwegianmade.no\/wp-content\/uploads\/2020\/11\/logo-liggende-norwegian-made-web.png\",\"width\":200,\"height\":58,\"caption\":\"Norwegian Made\"},\"image\":{\"@id\":\"https:\/\/norwegianmade.no\/#\/schema\/logo\/image\/\"}}]}<\/script>\n<!-- \/ Yoast SEO plugin. -->","yoast_head_json":{"title":"No.2 til bunad s\u00f8lv &#8226; Norwegian Made","robots":{"index":"index","follow":"follow","max-snippet":"max-snippet:-1","max-image-preview":"max-image-preview:large","max-video-preview":"max-video-preview:-1"},"canonical":"https:\/\/norwegianmade.no\/produkt\/no-2-til-bunad-solv\/","og_locale":"en_US","og_type":"article","og_title":"No.2 til bunad s\u00f8lv &#8226; Norwegian Made","og_description":"Dette skrinet til er litt st\u00f8rre enn nr.1, og prisen er inklusive gravering. Eik med bl\u00e5tt stoff.Skrinet har 7 rom fordelt p\u00e5 to etasjer. 1. etasje har ett langt rom p\u00e5 180x42mm og 3 rom p\u00e5 60x60mm. 2. etg har ett stort rom p\u00e5 100x100mm, ett p\u00e5 70x70mm og ett p\u00e5 70x27mm","og_url":"https:\/\/norwegianmade.no\/produkt\/no-2-til-bunad-solv\/","og_site_name":"Norwegian Made","article_modified_time":"2025-12-05T09:28:56+00:00","og_image":[{"width":1920,"height":2560,"url":"https:\/\/norwegianmade.no\/wp-content\/uploads\/2021\/03\/IMG_6196-scaled.jpg","type":"image\/jpeg"}],"twitter_card":"summary_large_image","schema":{"@context":"https:\/\/schema.org","@graph":[{"@type":"WebPage","@id":"https:\/\/norwegianmade.no\/produkt\/no-2-til-bunad-solv\/","url":"https:\/\/norwegianmade.no\/produkt\/no-2-til-bunad-solv\/","name":"No.2 til bunad s\u00f8lv &#8226; Norwegian Made","isPartOf":{"@id":"https:\/\/norwegianmade.no\/#website"},"primaryImageOfPage":{"@id":"https:\/\/norwegianmade.no\/produkt\/no-2-til-bunad-solv\/#primaryimage"},"image":{"@id":"https:\/\/norwegianmade.no\/produkt\/no-2-til-bunad-solv\/#primaryimage"},"thumbnailUrl":"https:\/\/norwegianmade.no\/wp-content\/uploads\/2021\/03\/IMG_6196-scaled.jpg","datePublished":"2021-03-25T10:55:47+00:00","dateModified":"2025-12-05T09:28:56+00:00","breadcrumb":{"@id":"https:\/\/norwegianmade.no\/produkt\/no-2-til-bunad-solv\/#breadcrumb"},"inLanguage":"en-US","potentialAction":[{"@type":"ReadAction","target":["https:\/\/norwegianmade.no\/produkt\/no-2-til-bunad-solv\/"]}]},{"@type":"ImageObject","inLanguage":"en-US","@id":"https:\/\/norwegianmade.no\/produkt\/no-2-til-bunad-solv\/#primaryimage","url":"https:\/\/norwegianmade.no\/wp-content\/uploads\/2021\/03\/IMG_6196-scaled.jpg","contentUrl":"https:\/\/norwegianmade.no\/wp-content\/uploads\/2021\/03\/IMG_6196-scaled.jpg","width":1920,"height":2560},{"@type":"BreadcrumbList","@id":"https:\/\/norwegianmade.no\/produkt\/no-2-til-bunad-solv\/#breadcrumb","itemListElement":[{"@type":"ListItem","position":1,"name":"Hjem","item":"https:\/\/norwegianmade.no\/en\/"},{"@type":"ListItem","position":2,"name":"Shop","item":"https:\/\/norwegianmade.no\/en\/shop\/"},{"@type":"ListItem","position":3,"name":"No.2 til bunad s\u00f8lv"}]},{"@type":"WebSite","@id":"https:\/\/norwegianmade.no\/#website","url":"https:\/\/norwegianmade.no\/","name":"Norwegian Made","description":"Norges st\u00f8rste markedsplass for norske produsenter","publisher":{"@id":"https:\/\/norwegianmade.no\/#organization"},"potentialAction":[{"@type":"SearchAction","target":{"@type":"EntryPoint","urlTemplate":"https:\/\/norwegianmade.no\/?s={search_term_string}"},"query-input":{"@type":"PropertyValueSpecification","valueRequired":true,"valueName":"search_term_string"}}],"inLanguage":"en-US"},{"@type":"Organization","@id":"https:\/\/norwegianmade.no\/#organization","name":"Norwegian Made","url":"https:\/\/norwegianmade.no\/","logo":{"@type":"ImageObject","inLanguage":"en-US","@id":"https:\/\/norwegianmade.no\/#\/schema\/logo\/image\/","url":"https:\/\/norwegianmade.no\/wp-content\/uploads\/2020\/11\/logo-liggende-norwegian-made-web.png","contentUrl":"https:\/\/norwegianmade.no\/wp-content\/uploads\/2020\/11\/logo-liggende-norwegian-made-web.png","width":200,"height":58,"caption":"Norwegian Made"},"image":{"@id":"https:\/\/norwegianmade.no\/#\/schema\/logo\/image\/"}}]}},"_links":{"self":[{"href":"https:\/\/norwegianmade.no\/en\/wp-json\/wp\/v2\/product\/5312","targetHints":{"allow":["GET"]}}],"collection":[{"href":"https:\/\/norwegianmade.no\/en\/wp-json\/wp\/v2\/product"}],"about":[{"href":"https:\/\/norwegianmade.no\/en\/wp-json\/wp\/v2\/types\/product"}],"replies":[{"embeddable":true,"href":"https:\/\/norwegianmade.no\/en\/wp-json\/wp\/v2\/comments?post=5312"}],"wp:featuredmedia":[{"embeddable":true,"href":"https:\/\/norwegianmade.no\/en\/wp-json\/wp\/v2\/media\/5275"}],"wp:attachment":[{"href":"https:\/\/norwegianmade.no\/en\/wp-json\/wp\/v2\/media?parent=5312"}],"wp:term":[{"taxonomy":"product_brand","embeddable":true,"href":"https:\/\/norwegianmade.no\/en\/wp-json\/wp\/v2\/product_brand?post=5312"},{"taxonomy":"product_cat","embeddable":true,"href":"https:\/\/norwegianmade.no\/en\/wp-json\/wp\/v2\/product_cat?post=5312"},{"taxonomy":"product_tag","embeddable":true,"href":"https:\/\/norwegianmade.no\/en\/wp-json\/wp\/v2\/product_tag?post=5312"}],"curies":[{"name":"wp","href":"https:\/\/api.w.org\/{rel}","templated":true}]}}