{"id":5898,"date":"2021-03-29T19:17:32","date_gmt":"2021-03-29T17:17:32","guid":{"rendered":"https:\/\/norwegianmade.no\/markedsplass\/smykkeskrin-i-to-etasjer\/"},"modified":"2023-02-03T21:50:07","modified_gmt":"2023-02-03T20:50:07","slug":"smykkeskrin-i-to-etasjer","status":"archived","type":"product","link":"https:\/\/norwegianmade.no\/en\/produkt\/smykkeskrin-i-to-etasjer\/","title":{"rendered":"Smykkeskrin i to etasjer"},"content":{"rendered":"<p><\/p>\n","protected":false},"excerpt":{"rendered":"<p>Skrinet er laget av eik med r\u00f8dt stoff i bunn og innredning av bj\u00f8rk.\u00a0<\/p>\n<p>Skrinet er delt opp i 16 rom i forskjellige st\u00f8rrelser. Utvendig m\u00e5l 123x174x70mm<\/p>\n<p class=\"MsoNormal\">Gj\u00f8r skrinet personlig med gravering. Velg<br \/>&#8220;Gravering&#8221; (eget produkt) og skrift type. Skriv teksten du \u00f8nsker<br \/>gravert i feltet &#8220;Ordrenotater&#8221; i kassen\/ betaling. Du vil motta en<br \/>epost med korrektur, slik at du ser hvordan det vil se ut. Skriftens st\u00f8rrelse<br \/>og plassering kan eventuelt justeres.<\/p>\n","protected":false},"featured_media":5892,"comment_status":"open","ping_status":"closed","template":"","meta":{"_acf_changed":false},"product_brand":[],"product_cat":[108,78,231],"product_tag":[],"class_list":{"0":"post-5898","1":"product","2":"type-product","3":"status-archived","4":"has-post-thumbnail","6":"product_cat-andre-ting-i-tre","7":"product_cat-gaver","8":"product_cat-tilbehor","10":"first","11":"outofstock","12":"taxable","13":"shipping-taxable","14":"product-type-simple"},"acf":[],"yoast_head":"<!-- This site is optimized with the Yoast SEO plugin v27.1.1 - https:\/\/yoast.com\/product\/yoast-seo-wordpress\/ -->\n<title>Smykkeskrin i to etasjer &#8226; Norwegian Made<\/title>\n<meta name=\"robots\" content=\"index, follow, max-snippet:-1, max-image-preview:large, max-video-preview:-1\" \/>\n<link rel=\"canonical\" href=\"https:\/\/norwegianmade.no\/en\/produkt\/smykkeskrin-i-to-etasjer\/\" \/>\n<meta property=\"og:locale\" content=\"en_US\" \/>\n<meta property=\"og:type\" content=\"article\" \/>\n<meta property=\"og:title\" content=\"Smykkeskrin i to etasjer &#8226; Norwegian Made\" \/>\n<meta property=\"og:description\" content=\"Skrinet er laget av eik med r\u00f8dt stoff i bunn og innredning av bj\u00f8rk.\u00a0Skrinet er delt opp i 16 rom i forskjellige st\u00f8rrelser. Utvendig m\u00e5l 123x174x70mmGj\u00f8r skrinet personlig med gravering. Velg&quot;Gravering&quot; (eget produkt) og skrift type. Skriv teksten du \u00f8nskergravert i feltet &quot;Ordrenotater&quot; i kassen\/ betaling. Du vil motta enepost med korrektur, slik at du ser hvordan det vil se ut. Skriftens st\u00f8rrelseog plassering kan eventuelt justeres.\" \/>\n<meta property=\"og:url\" content=\"https:\/\/norwegianmade.no\/en\/produkt\/smykkeskrin-i-to-etasjer\/\" \/>\n<meta property=\"og:site_name\" content=\"Norwegian Made\" \/>\n<meta property=\"article:modified_time\" content=\"2023-02-03T20:50:07+00:00\" \/>\n<meta property=\"og:image\" content=\"https:\/\/norwegianmade.no\/wp-content\/uploads\/2021\/03\/1-1-rotated.jpg\" \/>\n\t<meta property=\"og:image:width\" content=\"1512\" \/>\n\t<meta property=\"og:image:height\" content=\"2016\" \/>\n\t<meta property=\"og:image:type\" content=\"image\/jpeg\" \/>\n<meta name=\"twitter:card\" content=\"summary_large_image\" \/>\n<script type=\"application\/ld+json\" class=\"yoast-schema-graph\">{\"@context\":\"https:\/\/schema.org\",\"@graph\":[{\"@type\":\"WebPage\",\"@id\":\"https:\/\/norwegianmade.no\/en\/produkt\/smykkeskrin-i-to-etasjer\/\",\"url\":\"https:\/\/norwegianmade.no\/en\/produkt\/smykkeskrin-i-to-etasjer\/\",\"name\":\"Smykkeskrin i to etasjer &#8226; Norwegian Made\",\"isPartOf\":{\"@id\":\"https:\/\/norwegianmade.no\/#website\"},\"primaryImageOfPage\":{\"@id\":\"https:\/\/norwegianmade.no\/en\/produkt\/smykkeskrin-i-to-etasjer\/#primaryimage\"},\"image\":{\"@id\":\"https:\/\/norwegianmade.no\/en\/produkt\/smykkeskrin-i-to-etasjer\/#primaryimage\"},\"thumbnailUrl\":\"https:\/\/norwegianmade.no\/wp-content\/uploads\/2021\/03\/1-1-rotated.jpg\",\"datePublished\":\"2021-03-29T17:17:32+00:00\",\"dateModified\":\"2023-02-03T20:50:07+00:00\",\"breadcrumb\":{\"@id\":\"https:\/\/norwegianmade.no\/en\/produkt\/smykkeskrin-i-to-etasjer\/#breadcrumb\"},\"inLanguage\":\"en-US\",\"potentialAction\":[{\"@type\":\"ReadAction\",\"target\":[\"https:\/\/norwegianmade.no\/en\/produkt\/smykkeskrin-i-to-etasjer\/\"]}]},{\"@type\":\"ImageObject\",\"inLanguage\":\"en-US\",\"@id\":\"https:\/\/norwegianmade.no\/en\/produkt\/smykkeskrin-i-to-etasjer\/#primaryimage\",\"url\":\"https:\/\/norwegianmade.no\/wp-content\/uploads\/2021\/03\/1-1-rotated.jpg\",\"contentUrl\":\"https:\/\/norwegianmade.no\/wp-content\/uploads\/2021\/03\/1-1-rotated.jpg\",\"width\":1512,\"height\":2016},{\"@type\":\"BreadcrumbList\",\"@id\":\"https:\/\/norwegianmade.no\/en\/produkt\/smykkeskrin-i-to-etasjer\/#breadcrumb\",\"itemListElement\":[{\"@type\":\"ListItem\",\"position\":1,\"name\":\"Hjem\",\"item\":\"https:\/\/norwegianmade.no\/en\/\"},{\"@type\":\"ListItem\",\"position\":2,\"name\":\"Shop\",\"item\":\"https:\/\/norwegianmade.no\/en\/shop\/\"},{\"@type\":\"ListItem\",\"position\":3,\"name\":\"Smykkeskrin i to etasjer\"}]},{\"@type\":\"WebSite\",\"@id\":\"https:\/\/norwegianmade.no\/#website\",\"url\":\"https:\/\/norwegianmade.no\/\",\"name\":\"Norwegian Made\",\"description\":\"Norges st\u00f8rste markedsplass for norske produsenter\",\"publisher\":{\"@id\":\"https:\/\/norwegianmade.no\/#organization\"},\"potentialAction\":[{\"@type\":\"SearchAction\",\"target\":{\"@type\":\"EntryPoint\",\"urlTemplate\":\"https:\/\/norwegianmade.no\/?s={search_term_string}\"},\"query-input\":{\"@type\":\"PropertyValueSpecification\",\"valueRequired\":true,\"valueName\":\"search_term_string\"}}],\"inLanguage\":\"en-US\"},{\"@type\":\"Organization\",\"@id\":\"https:\/\/norwegianmade.no\/#organization\",\"name\":\"Norwegian Made\",\"url\":\"https:\/\/norwegianmade.no\/\",\"logo\":{\"@type\":\"ImageObject\",\"inLanguage\":\"en-US\",\"@id\":\"https:\/\/norwegianmade.no\/#\/schema\/logo\/image\/\",\"url\":\"https:\/\/norwegianmade.no\/wp-content\/uploads\/2020\/11\/logo-liggende-norwegian-made-web.png\",\"contentUrl\":\"https:\/\/norwegianmade.no\/wp-content\/uploads\/2020\/11\/logo-liggende-norwegian-made-web.png\",\"width\":200,\"height\":58,\"caption\":\"Norwegian Made\"},\"image\":{\"@id\":\"https:\/\/norwegianmade.no\/#\/schema\/logo\/image\/\"}}]}<\/script>\n<!-- \/ Yoast SEO plugin. -->","yoast_head_json":{"title":"Smykkeskrin i to etasjer &#8226; Norwegian Made","robots":{"index":"index","follow":"follow","max-snippet":"max-snippet:-1","max-image-preview":"max-image-preview:large","max-video-preview":"max-video-preview:-1"},"canonical":"https:\/\/norwegianmade.no\/en\/produkt\/smykkeskrin-i-to-etasjer\/","og_locale":"en_US","og_type":"article","og_title":"Smykkeskrin i to etasjer &#8226; Norwegian Made","og_description":"Skrinet er laget av eik med r\u00f8dt stoff i bunn og innredning av bj\u00f8rk.\u00a0Skrinet er delt opp i 16 rom i forskjellige st\u00f8rrelser. Utvendig m\u00e5l 123x174x70mmGj\u00f8r skrinet personlig med gravering. Velg\"Gravering\" (eget produkt) og skrift type. Skriv teksten du \u00f8nskergravert i feltet \"Ordrenotater\" i kassen\/ betaling. Du vil motta enepost med korrektur, slik at du ser hvordan det vil se ut. Skriftens st\u00f8rrelseog plassering kan eventuelt justeres.","og_url":"https:\/\/norwegianmade.no\/en\/produkt\/smykkeskrin-i-to-etasjer\/","og_site_name":"Norwegian Made","article_modified_time":"2023-02-03T20:50:07+00:00","og_image":[{"width":1512,"height":2016,"url":"https:\/\/norwegianmade.no\/wp-content\/uploads\/2021\/03\/1-1-rotated.jpg","type":"image\/jpeg"}],"twitter_card":"summary_large_image","schema":{"@context":"https:\/\/schema.org","@graph":[{"@type":"WebPage","@id":"https:\/\/norwegianmade.no\/en\/produkt\/smykkeskrin-i-to-etasjer\/","url":"https:\/\/norwegianmade.no\/en\/produkt\/smykkeskrin-i-to-etasjer\/","name":"Smykkeskrin i to etasjer &#8226; Norwegian Made","isPartOf":{"@id":"https:\/\/norwegianmade.no\/#website"},"primaryImageOfPage":{"@id":"https:\/\/norwegianmade.no\/en\/produkt\/smykkeskrin-i-to-etasjer\/#primaryimage"},"image":{"@id":"https:\/\/norwegianmade.no\/en\/produkt\/smykkeskrin-i-to-etasjer\/#primaryimage"},"thumbnailUrl":"https:\/\/norwegianmade.no\/wp-content\/uploads\/2021\/03\/1-1-rotated.jpg","datePublished":"2021-03-29T17:17:32+00:00","dateModified":"2023-02-03T20:50:07+00:00","breadcrumb":{"@id":"https:\/\/norwegianmade.no\/en\/produkt\/smykkeskrin-i-to-etasjer\/#breadcrumb"},"inLanguage":"en-US","potentialAction":[{"@type":"ReadAction","target":["https:\/\/norwegianmade.no\/en\/produkt\/smykkeskrin-i-to-etasjer\/"]}]},{"@type":"ImageObject","inLanguage":"en-US","@id":"https:\/\/norwegianmade.no\/en\/produkt\/smykkeskrin-i-to-etasjer\/#primaryimage","url":"https:\/\/norwegianmade.no\/wp-content\/uploads\/2021\/03\/1-1-rotated.jpg","contentUrl":"https:\/\/norwegianmade.no\/wp-content\/uploads\/2021\/03\/1-1-rotated.jpg","width":1512,"height":2016},{"@type":"BreadcrumbList","@id":"https:\/\/norwegianmade.no\/en\/produkt\/smykkeskrin-i-to-etasjer\/#breadcrumb","itemListElement":[{"@type":"ListItem","position":1,"name":"Hjem","item":"https:\/\/norwegianmade.no\/en\/"},{"@type":"ListItem","position":2,"name":"Shop","item":"https:\/\/norwegianmade.no\/en\/shop\/"},{"@type":"ListItem","position":3,"name":"Smykkeskrin i to etasjer"}]},{"@type":"WebSite","@id":"https:\/\/norwegianmade.no\/#website","url":"https:\/\/norwegianmade.no\/","name":"Norwegian Made","description":"Norges st\u00f8rste markedsplass for norske produsenter","publisher":{"@id":"https:\/\/norwegianmade.no\/#organization"},"potentialAction":[{"@type":"SearchAction","target":{"@type":"EntryPoint","urlTemplate":"https:\/\/norwegianmade.no\/?s={search_term_string}"},"query-input":{"@type":"PropertyValueSpecification","valueRequired":true,"valueName":"search_term_string"}}],"inLanguage":"en-US"},{"@type":"Organization","@id":"https:\/\/norwegianmade.no\/#organization","name":"Norwegian Made","url":"https:\/\/norwegianmade.no\/","logo":{"@type":"ImageObject","inLanguage":"en-US","@id":"https:\/\/norwegianmade.no\/#\/schema\/logo\/image\/","url":"https:\/\/norwegianmade.no\/wp-content\/uploads\/2020\/11\/logo-liggende-norwegian-made-web.png","contentUrl":"https:\/\/norwegianmade.no\/wp-content\/uploads\/2020\/11\/logo-liggende-norwegian-made-web.png","width":200,"height":58,"caption":"Norwegian Made"},"image":{"@id":"https:\/\/norwegianmade.no\/#\/schema\/logo\/image\/"}}]}},"_links":{"self":[{"href":"https:\/\/norwegianmade.no\/en\/wp-json\/wp\/v2\/product\/5898","targetHints":{"allow":["GET"]}}],"collection":[{"href":"https:\/\/norwegianmade.no\/en\/wp-json\/wp\/v2\/product"}],"about":[{"href":"https:\/\/norwegianmade.no\/en\/wp-json\/wp\/v2\/types\/product"}],"replies":[{"embeddable":true,"href":"https:\/\/norwegianmade.no\/en\/wp-json\/wp\/v2\/comments?post=5898"}],"wp:featuredmedia":[{"embeddable":true,"href":"https:\/\/norwegianmade.no\/en\/wp-json\/wp\/v2\/media\/5892"}],"wp:attachment":[{"href":"https:\/\/norwegianmade.no\/en\/wp-json\/wp\/v2\/media?parent=5898"}],"wp:term":[{"taxonomy":"product_brand","embeddable":true,"href":"https:\/\/norwegianmade.no\/en\/wp-json\/wp\/v2\/product_brand?post=5898"},{"taxonomy":"product_cat","embeddable":true,"href":"https:\/\/norwegianmade.no\/en\/wp-json\/wp\/v2\/product_cat?post=5898"},{"taxonomy":"product_tag","embeddable":true,"href":"https:\/\/norwegianmade.no\/en\/wp-json\/wp\/v2\/product_tag?post=5898"}],"curies":[{"name":"wp","href":"https:\/\/api.w.org\/{rel}","templated":true}]}}