{"id":5907,"date":"2021-03-29T20:46:48","date_gmt":"2021-03-29T18:46:48","guid":{"rendered":"https:\/\/norwegianmade.no\/markedsplass\/tradisjonskort-a\/"},"modified":"2021-03-31T20:21:43","modified_gmt":"2021-03-31T18:21:43","slug":"tradisjonskort-a","status":"publish","type":"product","link":"https:\/\/norwegianmade.no\/en\/produkt\/tradisjonskort-a\/","title":{"rendered":"Tradisjonskort A"},"content":{"rendered":"<p>Dei gamle tekstilane p\u00e5 dette kortet er avslutta med ein bord i <strong>telemarksbinding<\/strong>.<\/p>\n<p>Dette er eit dobbelt kort med konvolutt. M\u00e5la er 22 cm x 11 cm. Det er glansa overflate p\u00e5 utsida. Eit silkeband med trykk er sydd p\u00e5 kortet. Det skal vera ein humoristisk merkelapp p\u00e5 tradisjonen.<\/p>\n<p>Foto: Milj\u00f8et er fra Evju Bygdetun og Liv Sandvik Jacobsen er fotograf<\/p>\n","protected":false},"excerpt":{"rendered":"<p>Bruk av tekstilar til pynting innomhus har lange r\u00f8ter i norsk historie &#8211; heilt tilbake til det gamle bondesamfunnet. I Telemark er restar av den gamle pyntetradisjonen teke vare p\u00e5 ved at julehandkle framleis er i bruk til jul.<\/p>\n<p>Julehandkledet var heilt kvitt eller brodert og hadde ei smal, avlang form. Det kunne vera laga av lin eller bomull. Karakteristisk var det at den eine eller begge tverrendane var pynta med flatem\u00f8nster i ulike teknikkar. Dei eldste var med firfletting, men dei kunne ogs\u00e5 ha sprang, telemarksbinding, makram\u00e8 eller hekling.<\/p>\n","protected":false},"featured_media":5924,"comment_status":"open","ping_status":"closed","template":"","meta":{"_acf_changed":false},"product_brand":[],"product_cat":[78],"product_tag":[],"class_list":{"0":"post-5907","1":"product","2":"type-product","3":"status-publish","4":"has-post-thumbnail","6":"product_vendor-firfletta","7":"product_cat-gaver","8":"product_shipping_class-lett","10":"first","11":"instock","12":"shipping-taxable","13":"product-type-simple"},"acf":[],"yoast_head":"<!-- This site is optimized with the Yoast SEO plugin v27.1.1 - https:\/\/yoast.com\/product\/yoast-seo-wordpress\/ -->\n<title>Tradisjonskort A &#8226; Norwegian Made<\/title>\n<meta name=\"robots\" content=\"index, follow, max-snippet:-1, max-image-preview:large, max-video-preview:-1\" \/>\n<link rel=\"canonical\" href=\"https:\/\/norwegianmade.no\/produkt\/tradisjonskort-a\/\" \/>\n<meta property=\"og:locale\" content=\"en_US\" \/>\n<meta property=\"og:type\" content=\"article\" \/>\n<meta property=\"og:title\" content=\"Tradisjonskort A &#8226; Norwegian Made\" \/>\n<meta property=\"og:description\" content=\"Bruk av tekstilar til pynting innomhus har lange r\u00f8ter i norsk historie - heilt tilbake til det gamle bondesamfunnet. I Telemark er restar av den gamle pyntetradisjonen teke vare p\u00e5 ved at julehandkle framleis er i bruk til jul.Julehandkledet var heilt kvitt eller brodert og hadde ei smal, avlang form. Det kunne vera laga av lin eller bomull. Karakteristisk var det at den eine eller begge tverrendane var pynta med flatem\u00f8nster i ulike teknikkar. Dei eldste var med firfletting, men dei kunne ogs\u00e5 ha sprang, telemarksbinding, makram\u00e8 eller hekling.\" \/>\n<meta property=\"og:url\" content=\"https:\/\/norwegianmade.no\/produkt\/tradisjonskort-a\/\" \/>\n<meta property=\"og:site_name\" content=\"Norwegian Made\" \/>\n<meta property=\"article:modified_time\" content=\"2021-03-31T18:21:43+00:00\" \/>\n<meta property=\"og:image\" content=\"https:\/\/norwegianmade.no\/wp-content\/uploads\/2021\/03\/3-lysnet-epler-scaled.jpg\" \/>\n\t<meta property=\"og:image:width\" content=\"1692\" \/>\n\t<meta property=\"og:image:height\" content=\"2560\" \/>\n\t<meta property=\"og:image:type\" content=\"image\/jpeg\" \/>\n<meta name=\"twitter:card\" content=\"summary_large_image\" \/>\n<script type=\"application\/ld+json\" class=\"yoast-schema-graph\">{\"@context\":\"https:\/\/schema.org\",\"@graph\":[{\"@type\":\"WebPage\",\"@id\":\"https:\/\/norwegianmade.no\/produkt\/tradisjonskort-a\/\",\"url\":\"https:\/\/norwegianmade.no\/produkt\/tradisjonskort-a\/\",\"name\":\"Tradisjonskort A &#8226; Norwegian Made\",\"isPartOf\":{\"@id\":\"https:\/\/norwegianmade.no\/#website\"},\"primaryImageOfPage\":{\"@id\":\"https:\/\/norwegianmade.no\/produkt\/tradisjonskort-a\/#primaryimage\"},\"image\":{\"@id\":\"https:\/\/norwegianmade.no\/produkt\/tradisjonskort-a\/#primaryimage\"},\"thumbnailUrl\":\"https:\/\/norwegianmade.no\/wp-content\/uploads\/2021\/03\/3-lysnet-epler-scaled.jpg\",\"datePublished\":\"2021-03-29T18:46:48+00:00\",\"dateModified\":\"2021-03-31T18:21:43+00:00\",\"breadcrumb\":{\"@id\":\"https:\/\/norwegianmade.no\/produkt\/tradisjonskort-a\/#breadcrumb\"},\"inLanguage\":\"en-US\",\"potentialAction\":[{\"@type\":\"ReadAction\",\"target\":[\"https:\/\/norwegianmade.no\/produkt\/tradisjonskort-a\/\"]}]},{\"@type\":\"ImageObject\",\"inLanguage\":\"en-US\",\"@id\":\"https:\/\/norwegianmade.no\/produkt\/tradisjonskort-a\/#primaryimage\",\"url\":\"https:\/\/norwegianmade.no\/wp-content\/uploads\/2021\/03\/3-lysnet-epler-scaled.jpg\",\"contentUrl\":\"https:\/\/norwegianmade.no\/wp-content\/uploads\/2021\/03\/3-lysnet-epler-scaled.jpg\",\"width\":1692,\"height\":2560},{\"@type\":\"BreadcrumbList\",\"@id\":\"https:\/\/norwegianmade.no\/produkt\/tradisjonskort-a\/#breadcrumb\",\"itemListElement\":[{\"@type\":\"ListItem\",\"position\":1,\"name\":\"Hjem\",\"item\":\"https:\/\/norwegianmade.no\/en\/\"},{\"@type\":\"ListItem\",\"position\":2,\"name\":\"Shop\",\"item\":\"https:\/\/norwegianmade.no\/en\/shop\/\"},{\"@type\":\"ListItem\",\"position\":3,\"name\":\"Tradisjonskort A\"}]},{\"@type\":\"WebSite\",\"@id\":\"https:\/\/norwegianmade.no\/#website\",\"url\":\"https:\/\/norwegianmade.no\/\",\"name\":\"Norwegian Made\",\"description\":\"Norges st\u00f8rste markedsplass for norske produsenter\",\"publisher\":{\"@id\":\"https:\/\/norwegianmade.no\/#organization\"},\"potentialAction\":[{\"@type\":\"SearchAction\",\"target\":{\"@type\":\"EntryPoint\",\"urlTemplate\":\"https:\/\/norwegianmade.no\/?s={search_term_string}\"},\"query-input\":{\"@type\":\"PropertyValueSpecification\",\"valueRequired\":true,\"valueName\":\"search_term_string\"}}],\"inLanguage\":\"en-US\"},{\"@type\":\"Organization\",\"@id\":\"https:\/\/norwegianmade.no\/#organization\",\"name\":\"Norwegian Made\",\"url\":\"https:\/\/norwegianmade.no\/\",\"logo\":{\"@type\":\"ImageObject\",\"inLanguage\":\"en-US\",\"@id\":\"https:\/\/norwegianmade.no\/#\/schema\/logo\/image\/\",\"url\":\"https:\/\/norwegianmade.no\/wp-content\/uploads\/2020\/11\/logo-liggende-norwegian-made-web.png\",\"contentUrl\":\"https:\/\/norwegianmade.no\/wp-content\/uploads\/2020\/11\/logo-liggende-norwegian-made-web.png\",\"width\":200,\"height\":58,\"caption\":\"Norwegian Made\"},\"image\":{\"@id\":\"https:\/\/norwegianmade.no\/#\/schema\/logo\/image\/\"}}]}<\/script>\n<!-- \/ Yoast SEO plugin. -->","yoast_head_json":{"title":"Tradisjonskort A &#8226; Norwegian Made","robots":{"index":"index","follow":"follow","max-snippet":"max-snippet:-1","max-image-preview":"max-image-preview:large","max-video-preview":"max-video-preview:-1"},"canonical":"https:\/\/norwegianmade.no\/produkt\/tradisjonskort-a\/","og_locale":"en_US","og_type":"article","og_title":"Tradisjonskort A &#8226; Norwegian Made","og_description":"Bruk av tekstilar til pynting innomhus har lange r\u00f8ter i norsk historie - heilt tilbake til det gamle bondesamfunnet. I Telemark er restar av den gamle pyntetradisjonen teke vare p\u00e5 ved at julehandkle framleis er i bruk til jul.Julehandkledet var heilt kvitt eller brodert og hadde ei smal, avlang form. Det kunne vera laga av lin eller bomull. Karakteristisk var det at den eine eller begge tverrendane var pynta med flatem\u00f8nster i ulike teknikkar. Dei eldste var med firfletting, men dei kunne ogs\u00e5 ha sprang, telemarksbinding, makram\u00e8 eller hekling.","og_url":"https:\/\/norwegianmade.no\/produkt\/tradisjonskort-a\/","og_site_name":"Norwegian Made","article_modified_time":"2021-03-31T18:21:43+00:00","og_image":[{"width":1692,"height":2560,"url":"https:\/\/norwegianmade.no\/wp-content\/uploads\/2021\/03\/3-lysnet-epler-scaled.jpg","type":"image\/jpeg"}],"twitter_card":"summary_large_image","schema":{"@context":"https:\/\/schema.org","@graph":[{"@type":"WebPage","@id":"https:\/\/norwegianmade.no\/produkt\/tradisjonskort-a\/","url":"https:\/\/norwegianmade.no\/produkt\/tradisjonskort-a\/","name":"Tradisjonskort A &#8226; Norwegian Made","isPartOf":{"@id":"https:\/\/norwegianmade.no\/#website"},"primaryImageOfPage":{"@id":"https:\/\/norwegianmade.no\/produkt\/tradisjonskort-a\/#primaryimage"},"image":{"@id":"https:\/\/norwegianmade.no\/produkt\/tradisjonskort-a\/#primaryimage"},"thumbnailUrl":"https:\/\/norwegianmade.no\/wp-content\/uploads\/2021\/03\/3-lysnet-epler-scaled.jpg","datePublished":"2021-03-29T18:46:48+00:00","dateModified":"2021-03-31T18:21:43+00:00","breadcrumb":{"@id":"https:\/\/norwegianmade.no\/produkt\/tradisjonskort-a\/#breadcrumb"},"inLanguage":"en-US","potentialAction":[{"@type":"ReadAction","target":["https:\/\/norwegianmade.no\/produkt\/tradisjonskort-a\/"]}]},{"@type":"ImageObject","inLanguage":"en-US","@id":"https:\/\/norwegianmade.no\/produkt\/tradisjonskort-a\/#primaryimage","url":"https:\/\/norwegianmade.no\/wp-content\/uploads\/2021\/03\/3-lysnet-epler-scaled.jpg","contentUrl":"https:\/\/norwegianmade.no\/wp-content\/uploads\/2021\/03\/3-lysnet-epler-scaled.jpg","width":1692,"height":2560},{"@type":"BreadcrumbList","@id":"https:\/\/norwegianmade.no\/produkt\/tradisjonskort-a\/#breadcrumb","itemListElement":[{"@type":"ListItem","position":1,"name":"Hjem","item":"https:\/\/norwegianmade.no\/en\/"},{"@type":"ListItem","position":2,"name":"Shop","item":"https:\/\/norwegianmade.no\/en\/shop\/"},{"@type":"ListItem","position":3,"name":"Tradisjonskort A"}]},{"@type":"WebSite","@id":"https:\/\/norwegianmade.no\/#website","url":"https:\/\/norwegianmade.no\/","name":"Norwegian Made","description":"Norges st\u00f8rste markedsplass for norske produsenter","publisher":{"@id":"https:\/\/norwegianmade.no\/#organization"},"potentialAction":[{"@type":"SearchAction","target":{"@type":"EntryPoint","urlTemplate":"https:\/\/norwegianmade.no\/?s={search_term_string}"},"query-input":{"@type":"PropertyValueSpecification","valueRequired":true,"valueName":"search_term_string"}}],"inLanguage":"en-US"},{"@type":"Organization","@id":"https:\/\/norwegianmade.no\/#organization","name":"Norwegian Made","url":"https:\/\/norwegianmade.no\/","logo":{"@type":"ImageObject","inLanguage":"en-US","@id":"https:\/\/norwegianmade.no\/#\/schema\/logo\/image\/","url":"https:\/\/norwegianmade.no\/wp-content\/uploads\/2020\/11\/logo-liggende-norwegian-made-web.png","contentUrl":"https:\/\/norwegianmade.no\/wp-content\/uploads\/2020\/11\/logo-liggende-norwegian-made-web.png","width":200,"height":58,"caption":"Norwegian Made"},"image":{"@id":"https:\/\/norwegianmade.no\/#\/schema\/logo\/image\/"}}]}},"_links":{"self":[{"href":"https:\/\/norwegianmade.no\/en\/wp-json\/wp\/v2\/product\/5907","targetHints":{"allow":["GET"]}}],"collection":[{"href":"https:\/\/norwegianmade.no\/en\/wp-json\/wp\/v2\/product"}],"about":[{"href":"https:\/\/norwegianmade.no\/en\/wp-json\/wp\/v2\/types\/product"}],"replies":[{"embeddable":true,"href":"https:\/\/norwegianmade.no\/en\/wp-json\/wp\/v2\/comments?post=5907"}],"wp:featuredmedia":[{"embeddable":true,"href":"https:\/\/norwegianmade.no\/en\/wp-json\/wp\/v2\/media\/5924"}],"wp:attachment":[{"href":"https:\/\/norwegianmade.no\/en\/wp-json\/wp\/v2\/media?parent=5907"}],"wp:term":[{"taxonomy":"product_brand","embeddable":true,"href":"https:\/\/norwegianmade.no\/en\/wp-json\/wp\/v2\/product_brand?post=5907"},{"taxonomy":"product_cat","embeddable":true,"href":"https:\/\/norwegianmade.no\/en\/wp-json\/wp\/v2\/product_cat?post=5907"},{"taxonomy":"product_tag","embeddable":true,"href":"https:\/\/norwegianmade.no\/en\/wp-json\/wp\/v2\/product_tag?post=5907"}],"curies":[{"name":"wp","href":"https:\/\/api.w.org\/{rel}","templated":true}]}}