{"id":5967,"date":"2021-03-31T11:59:57","date_gmt":"2021-03-31T09:59:57","guid":{"rendered":"https:\/\/norwegianmade.no\/markedsplass\/postkort-3-pakning\/"},"modified":"2024-09-19T11:10:57","modified_gmt":"2024-09-19T09:10:57","slug":"postkort-3-pakning","status":"publish","type":"product","link":"https:\/\/norwegianmade.no\/en\/produkt\/postkort-3-pakning\/","title":{"rendered":"Postkort (3-pakning)"},"content":{"rendered":"<p>Dette er foto av tre gamle flatem\u00f8nster i firfletting. M\u00f8nsteret er kvitt og bakgrunnen er lilla, gr\u00f8nn eller m\u00f8rk rosa.<\/p>\n<p>M\u00e5la er 10 cm x 21 cm. Dei er glansa p\u00e5 den eine sida.<\/p>\n","protected":false},"excerpt":{"rendered":"<p>]Dette er postkort med foto av flatem\u00f8nster i firfletting. Tekstilane er 100 \u00e5r gamle. Dei h\u00f8yrer til gamle julehandkle fr\u00e5 B\u00f8 i Telemark.<\/p>\n<p>I det gamle bondesamfunnet var desse tekstilane ein del av husbunaden som dei tok fram n\u00e5r det var fest i heimen. Julehandkledet var heilt kvitt eller brodert og hadde eit flatem\u00f8nster i den eine tverrenden. I ledige stunder kunne\u00a0 ungjentene og kvinnene p\u00e5 garden l\u00e6re seg \u00e5 firflette. Og kunnskapen gjekk vidare fr\u00e5 generasjon til generasjon.<a data-mce-href=\"https:\/\/www.youtube.com\/watch?v=vLsylYmpEUM\" href=\"https:\/\/www.youtube.com\/watch?v=vLsylYmpEUM\"> Dette er ein gamal film fr\u00e5 arkivet til Norsk folkemuseum<\/a>. Det var kj\u00e6re tekstiler \u00e5 ha p\u00e5 kistebotnen og dei gjekk i arv p\u00e5 garden.\u00a0<\/p>\n<p>I dag er firfletting raudlista av Norges Husflidslag. Det er ikkje mange som kan firflette.<\/p>\n","protected":false},"featured_media":5965,"comment_status":"open","ping_status":"closed","template":"","meta":{"_acf_changed":false},"product_brand":[],"product_cat":[78],"product_tag":[],"class_list":{"0":"post-5967","1":"product","2":"type-product","3":"status-publish","4":"has-post-thumbnail","6":"product_vendor-firfletta","7":"product_cat-gaver","8":"product_shipping_class-lett","10":"first","11":"instock","12":"shipping-taxable","13":"product-type-simple"},"acf":[],"yoast_head":"<!-- This site is optimized with the Yoast SEO plugin v27.1.1 - https:\/\/yoast.com\/product\/yoast-seo-wordpress\/ -->\n<title>Postkort (3-pakning) &#8226; Norwegian Made<\/title>\n<meta name=\"robots\" content=\"index, follow, max-snippet:-1, max-image-preview:large, max-video-preview:-1\" \/>\n<link rel=\"canonical\" href=\"https:\/\/norwegianmade.no\/en\/produkt\/postkort-3-pakning\/\" \/>\n<meta property=\"og:locale\" content=\"en_US\" \/>\n<meta property=\"og:type\" content=\"article\" \/>\n<meta property=\"og:title\" content=\"Postkort (3-pakning) &#8226; Norwegian Made\" \/>\n<meta property=\"og:description\" content=\"]Dette er postkort med foto av flatem\u00f8nster i firfletting. Tekstilane er 100 \u00e5r gamle. Dei h\u00f8yrer til gamle julehandkle fr\u00e5 B\u00f8 i Telemark.I det gamle bondesamfunnet var desse tekstilane ein del av husbunaden som dei tok fram n\u00e5r det var fest i heimen. Julehandkledet var heilt kvitt eller brodert og hadde eit flatem\u00f8nster i den eine tverrenden. I ledige stunder kunne\u00a0 ungjentene og kvinnene p\u00e5 garden l\u00e6re seg \u00e5 firflette. Og kunnskapen gjekk vidare fr\u00e5 generasjon til generasjon. Dette er ein gamal film fr\u00e5 arkivet til Norsk folkemuseum. Det var kj\u00e6re tekstiler \u00e5 ha p\u00e5 kistebotnen og dei gjekk i arv p\u00e5 garden.\u00a0I dag er firfletting raudlista av Norges Husflidslag. Det er ikkje mange som kan firflette.\" \/>\n<meta property=\"og:url\" content=\"https:\/\/norwegianmade.no\/en\/produkt\/postkort-3-pakning\/\" \/>\n<meta property=\"og:site_name\" content=\"Norwegian Made\" \/>\n<meta property=\"article:modified_time\" content=\"2024-09-19T09:10:57+00:00\" \/>\n<meta property=\"og:image\" content=\"https:\/\/norwegianmade.no\/wp-content\/uploads\/2021\/03\/IMG_3046-1-scaled.jpg\" \/>\n\t<meta property=\"og:image:width\" content=\"2560\" \/>\n\t<meta property=\"og:image:height\" content=\"1707\" \/>\n\t<meta property=\"og:image:type\" content=\"image\/jpeg\" \/>\n<meta name=\"twitter:card\" content=\"summary_large_image\" \/>\n<script type=\"application\/ld+json\" class=\"yoast-schema-graph\">{\"@context\":\"https:\/\/schema.org\",\"@graph\":[{\"@type\":\"WebPage\",\"@id\":\"https:\/\/norwegianmade.no\/en\/produkt\/postkort-3-pakning\/\",\"url\":\"https:\/\/norwegianmade.no\/en\/produkt\/postkort-3-pakning\/\",\"name\":\"Postkort (3-pakning) &#8226; Norwegian Made\",\"isPartOf\":{\"@id\":\"https:\/\/norwegianmade.no\/#website\"},\"primaryImageOfPage\":{\"@id\":\"https:\/\/norwegianmade.no\/en\/produkt\/postkort-3-pakning\/#primaryimage\"},\"image\":{\"@id\":\"https:\/\/norwegianmade.no\/en\/produkt\/postkort-3-pakning\/#primaryimage\"},\"thumbnailUrl\":\"https:\/\/norwegianmade.no\/wp-content\/uploads\/2021\/03\/IMG_3046-1-scaled.jpg\",\"datePublished\":\"2021-03-31T09:59:57+00:00\",\"dateModified\":\"2024-09-19T09:10:57+00:00\",\"breadcrumb\":{\"@id\":\"https:\/\/norwegianmade.no\/en\/produkt\/postkort-3-pakning\/#breadcrumb\"},\"inLanguage\":\"en-US\",\"potentialAction\":[{\"@type\":\"ReadAction\",\"target\":[\"https:\/\/norwegianmade.no\/en\/produkt\/postkort-3-pakning\/\"]}]},{\"@type\":\"ImageObject\",\"inLanguage\":\"en-US\",\"@id\":\"https:\/\/norwegianmade.no\/en\/produkt\/postkort-3-pakning\/#primaryimage\",\"url\":\"https:\/\/norwegianmade.no\/wp-content\/uploads\/2021\/03\/IMG_3046-1-scaled.jpg\",\"contentUrl\":\"https:\/\/norwegianmade.no\/wp-content\/uploads\/2021\/03\/IMG_3046-1-scaled.jpg\",\"width\":2560,\"height\":1707},{\"@type\":\"BreadcrumbList\",\"@id\":\"https:\/\/norwegianmade.no\/en\/produkt\/postkort-3-pakning\/#breadcrumb\",\"itemListElement\":[{\"@type\":\"ListItem\",\"position\":1,\"name\":\"Hjem\",\"item\":\"https:\/\/norwegianmade.no\/en\/\"},{\"@type\":\"ListItem\",\"position\":2,\"name\":\"Shop\",\"item\":\"https:\/\/norwegianmade.no\/en\/shop\/\"},{\"@type\":\"ListItem\",\"position\":3,\"name\":\"Postkort (3-pakning)\"}]},{\"@type\":\"WebSite\",\"@id\":\"https:\/\/norwegianmade.no\/#website\",\"url\":\"https:\/\/norwegianmade.no\/\",\"name\":\"Norwegian Made\",\"description\":\"Norges st\u00f8rste markedsplass for norske produsenter\",\"publisher\":{\"@id\":\"https:\/\/norwegianmade.no\/#organization\"},\"potentialAction\":[{\"@type\":\"SearchAction\",\"target\":{\"@type\":\"EntryPoint\",\"urlTemplate\":\"https:\/\/norwegianmade.no\/?s={search_term_string}\"},\"query-input\":{\"@type\":\"PropertyValueSpecification\",\"valueRequired\":true,\"valueName\":\"search_term_string\"}}],\"inLanguage\":\"en-US\"},{\"@type\":\"Organization\",\"@id\":\"https:\/\/norwegianmade.no\/#organization\",\"name\":\"Norwegian Made\",\"url\":\"https:\/\/norwegianmade.no\/\",\"logo\":{\"@type\":\"ImageObject\",\"inLanguage\":\"en-US\",\"@id\":\"https:\/\/norwegianmade.no\/#\/schema\/logo\/image\/\",\"url\":\"https:\/\/norwegianmade.no\/wp-content\/uploads\/2020\/11\/logo-liggende-norwegian-made-web.png\",\"contentUrl\":\"https:\/\/norwegianmade.no\/wp-content\/uploads\/2020\/11\/logo-liggende-norwegian-made-web.png\",\"width\":200,\"height\":58,\"caption\":\"Norwegian Made\"},\"image\":{\"@id\":\"https:\/\/norwegianmade.no\/#\/schema\/logo\/image\/\"}}]}<\/script>\n<!-- \/ Yoast SEO plugin. -->","yoast_head_json":{"title":"Postkort (3-pakning) &#8226; Norwegian Made","robots":{"index":"index","follow":"follow","max-snippet":"max-snippet:-1","max-image-preview":"max-image-preview:large","max-video-preview":"max-video-preview:-1"},"canonical":"https:\/\/norwegianmade.no\/en\/produkt\/postkort-3-pakning\/","og_locale":"en_US","og_type":"article","og_title":"Postkort (3-pakning) &#8226; Norwegian Made","og_description":"]Dette er postkort med foto av flatem\u00f8nster i firfletting. Tekstilane er 100 \u00e5r gamle. Dei h\u00f8yrer til gamle julehandkle fr\u00e5 B\u00f8 i Telemark.I det gamle bondesamfunnet var desse tekstilane ein del av husbunaden som dei tok fram n\u00e5r det var fest i heimen. Julehandkledet var heilt kvitt eller brodert og hadde eit flatem\u00f8nster i den eine tverrenden. I ledige stunder kunne\u00a0 ungjentene og kvinnene p\u00e5 garden l\u00e6re seg \u00e5 firflette. Og kunnskapen gjekk vidare fr\u00e5 generasjon til generasjon. Dette er ein gamal film fr\u00e5 arkivet til Norsk folkemuseum. Det var kj\u00e6re tekstiler \u00e5 ha p\u00e5 kistebotnen og dei gjekk i arv p\u00e5 garden.\u00a0I dag er firfletting raudlista av Norges Husflidslag. Det er ikkje mange som kan firflette.","og_url":"https:\/\/norwegianmade.no\/en\/produkt\/postkort-3-pakning\/","og_site_name":"Norwegian Made","article_modified_time":"2024-09-19T09:10:57+00:00","og_image":[{"width":2560,"height":1707,"url":"https:\/\/norwegianmade.no\/wp-content\/uploads\/2021\/03\/IMG_3046-1-scaled.jpg","type":"image\/jpeg"}],"twitter_card":"summary_large_image","schema":{"@context":"https:\/\/schema.org","@graph":[{"@type":"WebPage","@id":"https:\/\/norwegianmade.no\/en\/produkt\/postkort-3-pakning\/","url":"https:\/\/norwegianmade.no\/en\/produkt\/postkort-3-pakning\/","name":"Postkort (3-pakning) &#8226; Norwegian Made","isPartOf":{"@id":"https:\/\/norwegianmade.no\/#website"},"primaryImageOfPage":{"@id":"https:\/\/norwegianmade.no\/en\/produkt\/postkort-3-pakning\/#primaryimage"},"image":{"@id":"https:\/\/norwegianmade.no\/en\/produkt\/postkort-3-pakning\/#primaryimage"},"thumbnailUrl":"https:\/\/norwegianmade.no\/wp-content\/uploads\/2021\/03\/IMG_3046-1-scaled.jpg","datePublished":"2021-03-31T09:59:57+00:00","dateModified":"2024-09-19T09:10:57+00:00","breadcrumb":{"@id":"https:\/\/norwegianmade.no\/en\/produkt\/postkort-3-pakning\/#breadcrumb"},"inLanguage":"en-US","potentialAction":[{"@type":"ReadAction","target":["https:\/\/norwegianmade.no\/en\/produkt\/postkort-3-pakning\/"]}]},{"@type":"ImageObject","inLanguage":"en-US","@id":"https:\/\/norwegianmade.no\/en\/produkt\/postkort-3-pakning\/#primaryimage","url":"https:\/\/norwegianmade.no\/wp-content\/uploads\/2021\/03\/IMG_3046-1-scaled.jpg","contentUrl":"https:\/\/norwegianmade.no\/wp-content\/uploads\/2021\/03\/IMG_3046-1-scaled.jpg","width":2560,"height":1707},{"@type":"BreadcrumbList","@id":"https:\/\/norwegianmade.no\/en\/produkt\/postkort-3-pakning\/#breadcrumb","itemListElement":[{"@type":"ListItem","position":1,"name":"Hjem","item":"https:\/\/norwegianmade.no\/en\/"},{"@type":"ListItem","position":2,"name":"Shop","item":"https:\/\/norwegianmade.no\/en\/shop\/"},{"@type":"ListItem","position":3,"name":"Postkort (3-pakning)"}]},{"@type":"WebSite","@id":"https:\/\/norwegianmade.no\/#website","url":"https:\/\/norwegianmade.no\/","name":"Norwegian Made","description":"Norges st\u00f8rste markedsplass for norske produsenter","publisher":{"@id":"https:\/\/norwegianmade.no\/#organization"},"potentialAction":[{"@type":"SearchAction","target":{"@type":"EntryPoint","urlTemplate":"https:\/\/norwegianmade.no\/?s={search_term_string}"},"query-input":{"@type":"PropertyValueSpecification","valueRequired":true,"valueName":"search_term_string"}}],"inLanguage":"en-US"},{"@type":"Organization","@id":"https:\/\/norwegianmade.no\/#organization","name":"Norwegian Made","url":"https:\/\/norwegianmade.no\/","logo":{"@type":"ImageObject","inLanguage":"en-US","@id":"https:\/\/norwegianmade.no\/#\/schema\/logo\/image\/","url":"https:\/\/norwegianmade.no\/wp-content\/uploads\/2020\/11\/logo-liggende-norwegian-made-web.png","contentUrl":"https:\/\/norwegianmade.no\/wp-content\/uploads\/2020\/11\/logo-liggende-norwegian-made-web.png","width":200,"height":58,"caption":"Norwegian Made"},"image":{"@id":"https:\/\/norwegianmade.no\/#\/schema\/logo\/image\/"}}]}},"_links":{"self":[{"href":"https:\/\/norwegianmade.no\/en\/wp-json\/wp\/v2\/product\/5967","targetHints":{"allow":["GET"]}}],"collection":[{"href":"https:\/\/norwegianmade.no\/en\/wp-json\/wp\/v2\/product"}],"about":[{"href":"https:\/\/norwegianmade.no\/en\/wp-json\/wp\/v2\/types\/product"}],"replies":[{"embeddable":true,"href":"https:\/\/norwegianmade.no\/en\/wp-json\/wp\/v2\/comments?post=5967"}],"wp:featuredmedia":[{"embeddable":true,"href":"https:\/\/norwegianmade.no\/en\/wp-json\/wp\/v2\/media\/5965"}],"wp:attachment":[{"href":"https:\/\/norwegianmade.no\/en\/wp-json\/wp\/v2\/media?parent=5967"}],"wp:term":[{"taxonomy":"product_brand","embeddable":true,"href":"https:\/\/norwegianmade.no\/en\/wp-json\/wp\/v2\/product_brand?post=5967"},{"taxonomy":"product_cat","embeddable":true,"href":"https:\/\/norwegianmade.no\/en\/wp-json\/wp\/v2\/product_cat?post=5967"},{"taxonomy":"product_tag","embeddable":true,"href":"https:\/\/norwegianmade.no\/en\/wp-json\/wp\/v2\/product_tag?post=5967"}],"curies":[{"name":"wp","href":"https:\/\/api.w.org\/{rel}","templated":true}]}}