{"id":5993,"date":"2021-04-02T21:00:26","date_gmt":"2021-04-02T19:00:26","guid":{"rendered":"https:\/\/norwegianmade.no\/?post_type=product&#038;p=5993"},"modified":"2024-10-27T20:18:38","modified_gmt":"2024-10-27T19:18:38","slug":"bordlopar-svart-naturfarge","status":"publish","type":"product","link":"https:\/\/norwegianmade.no\/en\/produkt\/bordlopar-svart-naturfarge\/","title":{"rendered":"Bordl\u00f8par (svart\/naturfarge)"},"content":{"rendered":"<p>Materiale i blord\u00f8paren er 100% lin. Dette naturmaterialet er milj\u00f8venleg. Den vakre glansen kjem av etterbehandling med rulle og blir finare for kvart \u00e5r.\u00a0<\/p>\n<p>Bordl\u00f8paren er 42 cm brei og lengda er ca 120 cm med frynser. Kvaliteten er glatt og stabil (10-12 tr\u00e5der per cm).<\/p>\n<p>Vi anbefaler rensing p\u00e5 grunn av frynsene og at bordl\u00f8paren blir oppbevart i emballasjen mellom bruk.<\/p>\n<p>Bordl\u00f8paren er utvikla som eit samarbeid mellom to husflidshandverkarar:\u00a0<strong>H\u00e6ges Vev<\/strong>\u00a0og\u00a0<strong>Firfletta<\/strong>.\u00a0 Teknikken er variert spisskypertvev og den har firfletting i begge endane. Farge, st\u00f8rrelse og m\u00f8nster kan variere litt.<\/p>\n","protected":false},"excerpt":{"rendered":"<p>Denne tekstilen er inspirert av eit 200 \u00e5r gamalt julehandkle fr\u00e5 B\u00f8. Slike blei brukt over heile landet til \u00e5 pynte innomhus n\u00e5r det var fest.<\/p>\n<p>P\u00e5 1600-talet blei det vanleg med flatvev. Kvinnene ville ikkje kaste noko av veven, og firfletta ofte efsingane. Kreativiteten fekk utffalde seg i dei vakraste bordar. Norges folkemuseer har mange i sine samlingar. Det var kj\u00e6re tekstilar som gjekk i arv.<\/p>\n<p><a data-mce-href=\"https:\/\/www.youtube.com\/watch?v=8GUWST40btI\" href=\"https:\/\/www.youtube.com\/watch?v=8GUWST40btI\">Dette er ein video som viser firfletting i dag<\/a>. Torhild Aavik l\u00e6rte seg teknikken av ei eldre dame i Valdres.<\/p>\n<p>Firfletting er raudlista av Norges Husflidslag.<\/p>\n<p>Kontakt torhild.aavik@firfletta for restbestilling. Du m\u00e5 rekne med litt ventetid.<\/p>\n","protected":false},"featured_media":5955,"comment_status":"open","ping_status":"closed","template":"","meta":{"_acf_changed":false},"product_brand":[],"product_cat":[59,60],"product_tag":[],"class_list":{"0":"post-5993","1":"product","2":"type-product","3":"status-publish","4":"has-post-thumbnail","6":"product_vendor-firfletta","7":"product_cat-interior-kunst","8":"product_cat-tekstil","9":"product_shipping_class-tung","11":"first","12":"instock","13":"shipping-taxable","14":"product-type-simple"},"acf":[],"yoast_head":"<!-- This site is optimized with the Yoast SEO plugin v27.1.1 - https:\/\/yoast.com\/product\/yoast-seo-wordpress\/ -->\n<title>Bordl\u00f8par (svart\/naturfarge) &#8226; Norwegian Made<\/title>\n<meta name=\"robots\" content=\"index, follow, max-snippet:-1, max-image-preview:large, max-video-preview:-1\" \/>\n<link rel=\"canonical\" href=\"https:\/\/norwegianmade.no\/en\/produkt\/bordlopar-svart-naturfarge\/\" \/>\n<meta property=\"og:locale\" content=\"en_US\" \/>\n<meta property=\"og:type\" content=\"article\" \/>\n<meta property=\"og:title\" content=\"Bordl\u00f8par (svart\/naturfarge) &#8226; Norwegian Made\" \/>\n<meta property=\"og:description\" content=\"Denne tekstilen er inspirert av eit 200 \u00e5r gamalt julehandkle fr\u00e5 B\u00f8. Slike blei brukt over heile landet til \u00e5 pynte innomhus n\u00e5r det var fest.P\u00e5 1600-talet blei det vanleg med flatvev. Kvinnene ville ikkje kaste noko av veven, og firfletta ofte efsingane. Kreativiteten fekk utffalde seg i dei vakraste bordar. Norges folkemuseer har mange i sine samlingar. Det var kj\u00e6re tekstilar som gjekk i arv.Dette er ein video som viser firfletting i dag. Torhild Aavik l\u00e6rte seg teknikken av ei eldre dame i Valdres.Firfletting er raudlista av Norges Husflidslag.Kontakt torhild.aavik@firfletta for restbestilling. Du m\u00e5 rekne med litt ventetid.\" \/>\n<meta property=\"og:url\" content=\"https:\/\/norwegianmade.no\/en\/produkt\/bordlopar-svart-naturfarge\/\" \/>\n<meta property=\"og:site_name\" content=\"Norwegian Made\" \/>\n<meta property=\"article:modified_time\" content=\"2024-10-27T19:18:38+00:00\" \/>\n<meta property=\"og:image\" content=\"https:\/\/norwegianmade.no\/wp-content\/uploads\/2021\/03\/IMG_3701-scaled.jpg\" \/>\n\t<meta property=\"og:image:width\" content=\"2560\" \/>\n\t<meta property=\"og:image:height\" content=\"1707\" \/>\n\t<meta property=\"og:image:type\" content=\"image\/jpeg\" \/>\n<meta name=\"twitter:card\" content=\"summary_large_image\" \/>\n<script type=\"application\/ld+json\" class=\"yoast-schema-graph\">{\"@context\":\"https:\/\/schema.org\",\"@graph\":[{\"@type\":\"WebPage\",\"@id\":\"https:\/\/norwegianmade.no\/en\/produkt\/bordlopar-svart-naturfarge\/\",\"url\":\"https:\/\/norwegianmade.no\/en\/produkt\/bordlopar-svart-naturfarge\/\",\"name\":\"Bordl\u00f8par (svart\/naturfarge) &#8226; Norwegian Made\",\"isPartOf\":{\"@id\":\"https:\/\/norwegianmade.no\/#website\"},\"primaryImageOfPage\":{\"@id\":\"https:\/\/norwegianmade.no\/en\/produkt\/bordlopar-svart-naturfarge\/#primaryimage\"},\"image\":{\"@id\":\"https:\/\/norwegianmade.no\/en\/produkt\/bordlopar-svart-naturfarge\/#primaryimage\"},\"thumbnailUrl\":\"https:\/\/norwegianmade.no\/wp-content\/uploads\/2021\/03\/IMG_3701-scaled.jpg\",\"datePublished\":\"2021-04-02T19:00:26+00:00\",\"dateModified\":\"2024-10-27T19:18:38+00:00\",\"breadcrumb\":{\"@id\":\"https:\/\/norwegianmade.no\/en\/produkt\/bordlopar-svart-naturfarge\/#breadcrumb\"},\"inLanguage\":\"en-US\",\"potentialAction\":[{\"@type\":\"ReadAction\",\"target\":[\"https:\/\/norwegianmade.no\/en\/produkt\/bordlopar-svart-naturfarge\/\"]}]},{\"@type\":\"ImageObject\",\"inLanguage\":\"en-US\",\"@id\":\"https:\/\/norwegianmade.no\/en\/produkt\/bordlopar-svart-naturfarge\/#primaryimage\",\"url\":\"https:\/\/norwegianmade.no\/wp-content\/uploads\/2021\/03\/IMG_3701-scaled.jpg\",\"contentUrl\":\"https:\/\/norwegianmade.no\/wp-content\/uploads\/2021\/03\/IMG_3701-scaled.jpg\",\"width\":2560,\"height\":1707},{\"@type\":\"BreadcrumbList\",\"@id\":\"https:\/\/norwegianmade.no\/en\/produkt\/bordlopar-svart-naturfarge\/#breadcrumb\",\"itemListElement\":[{\"@type\":\"ListItem\",\"position\":1,\"name\":\"Hjem\",\"item\":\"https:\/\/norwegianmade.no\/en\/\"},{\"@type\":\"ListItem\",\"position\":2,\"name\":\"Shop\",\"item\":\"https:\/\/norwegianmade.no\/en\/shop\/\"},{\"@type\":\"ListItem\",\"position\":3,\"name\":\"Bordl\u00f8par (svart\/naturfarge)\"}]},{\"@type\":\"WebSite\",\"@id\":\"https:\/\/norwegianmade.no\/#website\",\"url\":\"https:\/\/norwegianmade.no\/\",\"name\":\"Norwegian Made\",\"description\":\"Norges st\u00f8rste markedsplass for norske produsenter\",\"publisher\":{\"@id\":\"https:\/\/norwegianmade.no\/#organization\"},\"potentialAction\":[{\"@type\":\"SearchAction\",\"target\":{\"@type\":\"EntryPoint\",\"urlTemplate\":\"https:\/\/norwegianmade.no\/?s={search_term_string}\"},\"query-input\":{\"@type\":\"PropertyValueSpecification\",\"valueRequired\":true,\"valueName\":\"search_term_string\"}}],\"inLanguage\":\"en-US\"},{\"@type\":\"Organization\",\"@id\":\"https:\/\/norwegianmade.no\/#organization\",\"name\":\"Norwegian Made\",\"url\":\"https:\/\/norwegianmade.no\/\",\"logo\":{\"@type\":\"ImageObject\",\"inLanguage\":\"en-US\",\"@id\":\"https:\/\/norwegianmade.no\/#\/schema\/logo\/image\/\",\"url\":\"https:\/\/norwegianmade.no\/wp-content\/uploads\/2020\/11\/logo-liggende-norwegian-made-web.png\",\"contentUrl\":\"https:\/\/norwegianmade.no\/wp-content\/uploads\/2020\/11\/logo-liggende-norwegian-made-web.png\",\"width\":200,\"height\":58,\"caption\":\"Norwegian Made\"},\"image\":{\"@id\":\"https:\/\/norwegianmade.no\/#\/schema\/logo\/image\/\"}}]}<\/script>\n<!-- \/ Yoast SEO plugin. -->","yoast_head_json":{"title":"Bordl\u00f8par (svart\/naturfarge) &#8226; Norwegian Made","robots":{"index":"index","follow":"follow","max-snippet":"max-snippet:-1","max-image-preview":"max-image-preview:large","max-video-preview":"max-video-preview:-1"},"canonical":"https:\/\/norwegianmade.no\/en\/produkt\/bordlopar-svart-naturfarge\/","og_locale":"en_US","og_type":"article","og_title":"Bordl\u00f8par (svart\/naturfarge) &#8226; Norwegian Made","og_description":"Denne tekstilen er inspirert av eit 200 \u00e5r gamalt julehandkle fr\u00e5 B\u00f8. Slike blei brukt over heile landet til \u00e5 pynte innomhus n\u00e5r det var fest.P\u00e5 1600-talet blei det vanleg med flatvev. Kvinnene ville ikkje kaste noko av veven, og firfletta ofte efsingane. Kreativiteten fekk utffalde seg i dei vakraste bordar. Norges folkemuseer har mange i sine samlingar. Det var kj\u00e6re tekstilar som gjekk i arv.Dette er ein video som viser firfletting i dag. Torhild Aavik l\u00e6rte seg teknikken av ei eldre dame i Valdres.Firfletting er raudlista av Norges Husflidslag.Kontakt torhild.aavik@firfletta for restbestilling. Du m\u00e5 rekne med litt ventetid.","og_url":"https:\/\/norwegianmade.no\/en\/produkt\/bordlopar-svart-naturfarge\/","og_site_name":"Norwegian Made","article_modified_time":"2024-10-27T19:18:38+00:00","og_image":[{"width":2560,"height":1707,"url":"https:\/\/norwegianmade.no\/wp-content\/uploads\/2021\/03\/IMG_3701-scaled.jpg","type":"image\/jpeg"}],"twitter_card":"summary_large_image","schema":{"@context":"https:\/\/schema.org","@graph":[{"@type":"WebPage","@id":"https:\/\/norwegianmade.no\/en\/produkt\/bordlopar-svart-naturfarge\/","url":"https:\/\/norwegianmade.no\/en\/produkt\/bordlopar-svart-naturfarge\/","name":"Bordl\u00f8par (svart\/naturfarge) &#8226; Norwegian Made","isPartOf":{"@id":"https:\/\/norwegianmade.no\/#website"},"primaryImageOfPage":{"@id":"https:\/\/norwegianmade.no\/en\/produkt\/bordlopar-svart-naturfarge\/#primaryimage"},"image":{"@id":"https:\/\/norwegianmade.no\/en\/produkt\/bordlopar-svart-naturfarge\/#primaryimage"},"thumbnailUrl":"https:\/\/norwegianmade.no\/wp-content\/uploads\/2021\/03\/IMG_3701-scaled.jpg","datePublished":"2021-04-02T19:00:26+00:00","dateModified":"2024-10-27T19:18:38+00:00","breadcrumb":{"@id":"https:\/\/norwegianmade.no\/en\/produkt\/bordlopar-svart-naturfarge\/#breadcrumb"},"inLanguage":"en-US","potentialAction":[{"@type":"ReadAction","target":["https:\/\/norwegianmade.no\/en\/produkt\/bordlopar-svart-naturfarge\/"]}]},{"@type":"ImageObject","inLanguage":"en-US","@id":"https:\/\/norwegianmade.no\/en\/produkt\/bordlopar-svart-naturfarge\/#primaryimage","url":"https:\/\/norwegianmade.no\/wp-content\/uploads\/2021\/03\/IMG_3701-scaled.jpg","contentUrl":"https:\/\/norwegianmade.no\/wp-content\/uploads\/2021\/03\/IMG_3701-scaled.jpg","width":2560,"height":1707},{"@type":"BreadcrumbList","@id":"https:\/\/norwegianmade.no\/en\/produkt\/bordlopar-svart-naturfarge\/#breadcrumb","itemListElement":[{"@type":"ListItem","position":1,"name":"Hjem","item":"https:\/\/norwegianmade.no\/en\/"},{"@type":"ListItem","position":2,"name":"Shop","item":"https:\/\/norwegianmade.no\/en\/shop\/"},{"@type":"ListItem","position":3,"name":"Bordl\u00f8par (svart\/naturfarge)"}]},{"@type":"WebSite","@id":"https:\/\/norwegianmade.no\/#website","url":"https:\/\/norwegianmade.no\/","name":"Norwegian Made","description":"Norges st\u00f8rste markedsplass for norske produsenter","publisher":{"@id":"https:\/\/norwegianmade.no\/#organization"},"potentialAction":[{"@type":"SearchAction","target":{"@type":"EntryPoint","urlTemplate":"https:\/\/norwegianmade.no\/?s={search_term_string}"},"query-input":{"@type":"PropertyValueSpecification","valueRequired":true,"valueName":"search_term_string"}}],"inLanguage":"en-US"},{"@type":"Organization","@id":"https:\/\/norwegianmade.no\/#organization","name":"Norwegian Made","url":"https:\/\/norwegianmade.no\/","logo":{"@type":"ImageObject","inLanguage":"en-US","@id":"https:\/\/norwegianmade.no\/#\/schema\/logo\/image\/","url":"https:\/\/norwegianmade.no\/wp-content\/uploads\/2020\/11\/logo-liggende-norwegian-made-web.png","contentUrl":"https:\/\/norwegianmade.no\/wp-content\/uploads\/2020\/11\/logo-liggende-norwegian-made-web.png","width":200,"height":58,"caption":"Norwegian Made"},"image":{"@id":"https:\/\/norwegianmade.no\/#\/schema\/logo\/image\/"}}]}},"_links":{"self":[{"href":"https:\/\/norwegianmade.no\/en\/wp-json\/wp\/v2\/product\/5993","targetHints":{"allow":["GET"]}}],"collection":[{"href":"https:\/\/norwegianmade.no\/en\/wp-json\/wp\/v2\/product"}],"about":[{"href":"https:\/\/norwegianmade.no\/en\/wp-json\/wp\/v2\/types\/product"}],"replies":[{"embeddable":true,"href":"https:\/\/norwegianmade.no\/en\/wp-json\/wp\/v2\/comments?post=5993"}],"wp:featuredmedia":[{"embeddable":true,"href":"https:\/\/norwegianmade.no\/en\/wp-json\/wp\/v2\/media\/5955"}],"wp:attachment":[{"href":"https:\/\/norwegianmade.no\/en\/wp-json\/wp\/v2\/media?parent=5993"}],"wp:term":[{"taxonomy":"product_brand","embeddable":true,"href":"https:\/\/norwegianmade.no\/en\/wp-json\/wp\/v2\/product_brand?post=5993"},{"taxonomy":"product_cat","embeddable":true,"href":"https:\/\/norwegianmade.no\/en\/wp-json\/wp\/v2\/product_cat?post=5993"},{"taxonomy":"product_tag","embeddable":true,"href":"https:\/\/norwegianmade.no\/en\/wp-json\/wp\/v2\/product_tag?post=5993"}],"curies":[{"name":"wp","href":"https:\/\/api.w.org\/{rel}","templated":true}]}}