{"id":6047,"date":"2021-04-08T21:12:40","date_gmt":"2021-04-08T19:12:40","guid":{"rendered":"https:\/\/norwegianmade.no\/markedsplass\/nokkelring-2\/"},"modified":"2025-08-28T01:01:53","modified_gmt":"2025-08-27T23:01:53","slug":"nokkelring-2","status":"publish","type":"product","link":"https:\/\/norwegianmade.no\/en\/produkt\/nokkelring-2\/","title":{"rendered":"N\u00f8kkelring"},"content":{"rendered":"<p>N\u00f8kkelringen er laga av mohairull fr\u00e5 Telemark.\u00a0<\/p>\n<p>Total lengde er 17 cm.\u00a0<\/p>\n<p>Dei selgast i fire fargar: gr\u00f8nn, lilla, sitrongul og rosa.<\/p>\n","protected":false},"excerpt":{"rendered":"<p>N\u00f8kkelringen har ei enkel firflette som er festa p\u00e5 ein stor n\u00f8kkelring.\u00a0<\/p>\n<p>Firfletta n\u00f8kkelring er ei fin g\u00e5ve til ein kulturelt interessert person. Den kan ogs\u00e5 vera eit reiseminne fr\u00e5 Telemark. N\u00f8kkelringen er mjuk og kan passe i lomma eller veska, eller p\u00e5 glidel\u00e5sen til kofferten\/sekken.<\/p>\n","protected":false},"featured_media":5855,"comment_status":"open","ping_status":"closed","template":"","meta":{"_acf_changed":false},"product_brand":[],"product_cat":[64,78],"product_tag":[],"class_list":{"0":"post-6047","1":"product","2":"type-product","3":"status-publish","4":"has-post-thumbnail","6":"product_vendor-firfletta","7":"product_cat-accessories","8":"product_cat-gaver","9":"product_shipping_class-lett","11":"first","12":"instock","13":"sale","14":"shipping-taxable","15":"product-type-simple"},"acf":[],"yoast_head":"<!-- This site is optimized with the Yoast SEO plugin v27.1.1 - https:\/\/yoast.com\/product\/yoast-seo-wordpress\/ -->\n<title>N\u00f8kkelring &#8226; Norwegian Made<\/title>\n<meta name=\"robots\" content=\"index, follow, max-snippet:-1, max-image-preview:large, max-video-preview:-1\" \/>\n<link rel=\"canonical\" href=\"https:\/\/norwegianmade.no\/produkt\/nokkelring-2\/\" \/>\n<meta property=\"og:locale\" content=\"en_US\" \/>\n<meta property=\"og:type\" content=\"article\" \/>\n<meta property=\"og:title\" content=\"N\u00f8kkelring &#8226; Norwegian Made\" \/>\n<meta property=\"og:description\" content=\"N\u00f8kkelringen har ei enkel firflette som er festa p\u00e5 ein stor n\u00f8kkelring.\u00a0Firfletta n\u00f8kkelring er ei fin g\u00e5ve til ein kulturelt interessert person. Den kan ogs\u00e5 vera eit reiseminne fr\u00e5 Telemark. N\u00f8kkelringen er mjuk og kan passe i lomma eller veska, eller p\u00e5 glidel\u00e5sen til kofferten\/sekken.\" \/>\n<meta property=\"og:url\" content=\"https:\/\/norwegianmade.no\/produkt\/nokkelring-2\/\" \/>\n<meta property=\"og:site_name\" content=\"Norwegian Made\" \/>\n<meta property=\"article:modified_time\" content=\"2025-08-27T23:01:53+00:00\" \/>\n<meta property=\"og:image\" content=\"https:\/\/norwegianmade.no\/wp-content\/uploads\/2021\/03\/5-1-scaled.jpg\" \/>\n\t<meta property=\"og:image:width\" content=\"1707\" \/>\n\t<meta property=\"og:image:height\" content=\"2560\" \/>\n\t<meta property=\"og:image:type\" content=\"image\/jpeg\" \/>\n<meta name=\"twitter:card\" content=\"summary_large_image\" \/>\n<script type=\"application\/ld+json\" class=\"yoast-schema-graph\">{\"@context\":\"https:\/\/schema.org\",\"@graph\":[{\"@type\":\"WebPage\",\"@id\":\"https:\/\/norwegianmade.no\/produkt\/nokkelring-2\/\",\"url\":\"https:\/\/norwegianmade.no\/produkt\/nokkelring-2\/\",\"name\":\"N\u00f8kkelring &#8226; Norwegian Made\",\"isPartOf\":{\"@id\":\"https:\/\/norwegianmade.no\/#website\"},\"primaryImageOfPage\":{\"@id\":\"https:\/\/norwegianmade.no\/produkt\/nokkelring-2\/#primaryimage\"},\"image\":{\"@id\":\"https:\/\/norwegianmade.no\/produkt\/nokkelring-2\/#primaryimage\"},\"thumbnailUrl\":\"https:\/\/norwegianmade.no\/wp-content\/uploads\/2021\/03\/5-1-scaled.jpg\",\"datePublished\":\"2021-04-08T19:12:40+00:00\",\"dateModified\":\"2025-08-27T23:01:53+00:00\",\"breadcrumb\":{\"@id\":\"https:\/\/norwegianmade.no\/produkt\/nokkelring-2\/#breadcrumb\"},\"inLanguage\":\"en-US\",\"potentialAction\":[{\"@type\":\"ReadAction\",\"target\":[\"https:\/\/norwegianmade.no\/produkt\/nokkelring-2\/\"]}]},{\"@type\":\"ImageObject\",\"inLanguage\":\"en-US\",\"@id\":\"https:\/\/norwegianmade.no\/produkt\/nokkelring-2\/#primaryimage\",\"url\":\"https:\/\/norwegianmade.no\/wp-content\/uploads\/2021\/03\/5-1-scaled.jpg\",\"contentUrl\":\"https:\/\/norwegianmade.no\/wp-content\/uploads\/2021\/03\/5-1-scaled.jpg\",\"width\":1707,\"height\":2560},{\"@type\":\"BreadcrumbList\",\"@id\":\"https:\/\/norwegianmade.no\/produkt\/nokkelring-2\/#breadcrumb\",\"itemListElement\":[{\"@type\":\"ListItem\",\"position\":1,\"name\":\"Hjem\",\"item\":\"https:\/\/norwegianmade.no\/en\/\"},{\"@type\":\"ListItem\",\"position\":2,\"name\":\"Shop\",\"item\":\"https:\/\/norwegianmade.no\/en\/shop\/\"},{\"@type\":\"ListItem\",\"position\":3,\"name\":\"N\u00f8kkelring\"}]},{\"@type\":\"WebSite\",\"@id\":\"https:\/\/norwegianmade.no\/#website\",\"url\":\"https:\/\/norwegianmade.no\/\",\"name\":\"Norwegian Made\",\"description\":\"Norges st\u00f8rste markedsplass for norske produsenter\",\"publisher\":{\"@id\":\"https:\/\/norwegianmade.no\/#organization\"},\"potentialAction\":[{\"@type\":\"SearchAction\",\"target\":{\"@type\":\"EntryPoint\",\"urlTemplate\":\"https:\/\/norwegianmade.no\/?s={search_term_string}\"},\"query-input\":{\"@type\":\"PropertyValueSpecification\",\"valueRequired\":true,\"valueName\":\"search_term_string\"}}],\"inLanguage\":\"en-US\"},{\"@type\":\"Organization\",\"@id\":\"https:\/\/norwegianmade.no\/#organization\",\"name\":\"Norwegian Made\",\"url\":\"https:\/\/norwegianmade.no\/\",\"logo\":{\"@type\":\"ImageObject\",\"inLanguage\":\"en-US\",\"@id\":\"https:\/\/norwegianmade.no\/#\/schema\/logo\/image\/\",\"url\":\"https:\/\/norwegianmade.no\/wp-content\/uploads\/2020\/11\/logo-liggende-norwegian-made-web.png\",\"contentUrl\":\"https:\/\/norwegianmade.no\/wp-content\/uploads\/2020\/11\/logo-liggende-norwegian-made-web.png\",\"width\":200,\"height\":58,\"caption\":\"Norwegian Made\"},\"image\":{\"@id\":\"https:\/\/norwegianmade.no\/#\/schema\/logo\/image\/\"}}]}<\/script>\n<!-- \/ Yoast SEO plugin. -->","yoast_head_json":{"title":"N\u00f8kkelring &#8226; Norwegian Made","robots":{"index":"index","follow":"follow","max-snippet":"max-snippet:-1","max-image-preview":"max-image-preview:large","max-video-preview":"max-video-preview:-1"},"canonical":"https:\/\/norwegianmade.no\/produkt\/nokkelring-2\/","og_locale":"en_US","og_type":"article","og_title":"N\u00f8kkelring &#8226; Norwegian Made","og_description":"N\u00f8kkelringen har ei enkel firflette som er festa p\u00e5 ein stor n\u00f8kkelring.\u00a0Firfletta n\u00f8kkelring er ei fin g\u00e5ve til ein kulturelt interessert person. Den kan ogs\u00e5 vera eit reiseminne fr\u00e5 Telemark. N\u00f8kkelringen er mjuk og kan passe i lomma eller veska, eller p\u00e5 glidel\u00e5sen til kofferten\/sekken.","og_url":"https:\/\/norwegianmade.no\/produkt\/nokkelring-2\/","og_site_name":"Norwegian Made","article_modified_time":"2025-08-27T23:01:53+00:00","og_image":[{"width":1707,"height":2560,"url":"https:\/\/norwegianmade.no\/wp-content\/uploads\/2021\/03\/5-1-scaled.jpg","type":"image\/jpeg"}],"twitter_card":"summary_large_image","schema":{"@context":"https:\/\/schema.org","@graph":[{"@type":"WebPage","@id":"https:\/\/norwegianmade.no\/produkt\/nokkelring-2\/","url":"https:\/\/norwegianmade.no\/produkt\/nokkelring-2\/","name":"N\u00f8kkelring &#8226; Norwegian Made","isPartOf":{"@id":"https:\/\/norwegianmade.no\/#website"},"primaryImageOfPage":{"@id":"https:\/\/norwegianmade.no\/produkt\/nokkelring-2\/#primaryimage"},"image":{"@id":"https:\/\/norwegianmade.no\/produkt\/nokkelring-2\/#primaryimage"},"thumbnailUrl":"https:\/\/norwegianmade.no\/wp-content\/uploads\/2021\/03\/5-1-scaled.jpg","datePublished":"2021-04-08T19:12:40+00:00","dateModified":"2025-08-27T23:01:53+00:00","breadcrumb":{"@id":"https:\/\/norwegianmade.no\/produkt\/nokkelring-2\/#breadcrumb"},"inLanguage":"en-US","potentialAction":[{"@type":"ReadAction","target":["https:\/\/norwegianmade.no\/produkt\/nokkelring-2\/"]}]},{"@type":"ImageObject","inLanguage":"en-US","@id":"https:\/\/norwegianmade.no\/produkt\/nokkelring-2\/#primaryimage","url":"https:\/\/norwegianmade.no\/wp-content\/uploads\/2021\/03\/5-1-scaled.jpg","contentUrl":"https:\/\/norwegianmade.no\/wp-content\/uploads\/2021\/03\/5-1-scaled.jpg","width":1707,"height":2560},{"@type":"BreadcrumbList","@id":"https:\/\/norwegianmade.no\/produkt\/nokkelring-2\/#breadcrumb","itemListElement":[{"@type":"ListItem","position":1,"name":"Hjem","item":"https:\/\/norwegianmade.no\/en\/"},{"@type":"ListItem","position":2,"name":"Shop","item":"https:\/\/norwegianmade.no\/en\/shop\/"},{"@type":"ListItem","position":3,"name":"N\u00f8kkelring"}]},{"@type":"WebSite","@id":"https:\/\/norwegianmade.no\/#website","url":"https:\/\/norwegianmade.no\/","name":"Norwegian Made","description":"Norges st\u00f8rste markedsplass for norske produsenter","publisher":{"@id":"https:\/\/norwegianmade.no\/#organization"},"potentialAction":[{"@type":"SearchAction","target":{"@type":"EntryPoint","urlTemplate":"https:\/\/norwegianmade.no\/?s={search_term_string}"},"query-input":{"@type":"PropertyValueSpecification","valueRequired":true,"valueName":"search_term_string"}}],"inLanguage":"en-US"},{"@type":"Organization","@id":"https:\/\/norwegianmade.no\/#organization","name":"Norwegian Made","url":"https:\/\/norwegianmade.no\/","logo":{"@type":"ImageObject","inLanguage":"en-US","@id":"https:\/\/norwegianmade.no\/#\/schema\/logo\/image\/","url":"https:\/\/norwegianmade.no\/wp-content\/uploads\/2020\/11\/logo-liggende-norwegian-made-web.png","contentUrl":"https:\/\/norwegianmade.no\/wp-content\/uploads\/2020\/11\/logo-liggende-norwegian-made-web.png","width":200,"height":58,"caption":"Norwegian Made"},"image":{"@id":"https:\/\/norwegianmade.no\/#\/schema\/logo\/image\/"}}]}},"_links":{"self":[{"href":"https:\/\/norwegianmade.no\/en\/wp-json\/wp\/v2\/product\/6047","targetHints":{"allow":["GET"]}}],"collection":[{"href":"https:\/\/norwegianmade.no\/en\/wp-json\/wp\/v2\/product"}],"about":[{"href":"https:\/\/norwegianmade.no\/en\/wp-json\/wp\/v2\/types\/product"}],"replies":[{"embeddable":true,"href":"https:\/\/norwegianmade.no\/en\/wp-json\/wp\/v2\/comments?post=6047"}],"wp:featuredmedia":[{"embeddable":true,"href":"https:\/\/norwegianmade.no\/en\/wp-json\/wp\/v2\/media\/5855"}],"wp:attachment":[{"href":"https:\/\/norwegianmade.no\/en\/wp-json\/wp\/v2\/media?parent=6047"}],"wp:term":[{"taxonomy":"product_brand","embeddable":true,"href":"https:\/\/norwegianmade.no\/en\/wp-json\/wp\/v2\/product_brand?post=6047"},{"taxonomy":"product_cat","embeddable":true,"href":"https:\/\/norwegianmade.no\/en\/wp-json\/wp\/v2\/product_cat?post=6047"},{"taxonomy":"product_tag","embeddable":true,"href":"https:\/\/norwegianmade.no\/en\/wp-json\/wp\/v2\/product_tag?post=6047"}],"curies":[{"name":"wp","href":"https:\/\/api.w.org\/{rel}","templated":true}]}}