{"id":6616,"date":"2021-06-14T11:04:18","date_gmt":"2021-06-14T09:04:18","guid":{"rendered":"https:\/\/norwegianmade.no\/markedsplass\/7-armet-drapelampe\/"},"modified":"2026-01-26T17:36:33","modified_gmt":"2026-01-26T16:36:33","slug":"7-armet-drapelampe","status":"archived","type":"product","link":"https:\/\/norwegianmade.no\/en\/produkt\/7-armet-drapelampe\/","title":{"rendered":"7-armet dr\u00e5pelampe"},"content":{"rendered":"<p><span aria-hidden=\"false\"><span id=\"ember2899\" class=\"ember-view\">7-armet dr\u00e5pelampe. Jeg elsker disse sm\u00e5 dr\u00e5pene av gjenbrukselementer som bugner i et system. Fargene er stort sett hvit, s\u00f8lv og blank, men et lite innslag av gull og orange.<br \/><\/span><\/span><\/p>\n<p>Str. H 60, B 100<\/p>\n<p><\/p>\n","protected":false},"excerpt":{"rendered":"<p><span aria-hidden=\"false\"><span id=\"ember2899\" class=\"ember-view\">7-armet dr\u00e5pelampe av gjenbrukselementer.<\/span><\/span><\/p>\n<p>Str. H 60, B 100<\/p>\n<p>lampe lysekrone belysning milj\u00f8vennlig gjenbruk ombruk upcycling<br \/>redesign b\u00e6rekraft milj\u00f8 design interi\u00f8r bolig hjem mydesign s\u00e6rpreg<br \/>h\u00e5ndverk gr\u00f8nnproduksjon<\/p>\n","protected":false},"featured_media":0,"comment_status":"open","ping_status":"closed","template":"","meta":{"_acf_changed":false},"product_brand":[],"product_cat":[78,82,112,59,80,81,267,87],"product_tag":[],"class_list":{"0":"post-6616","1":"product","2":"type-product","3":"status-archived","5":"product_vendor-galleri-reglow","6":"product_cat-gaver","7":"product_cat-handverk","8":"product_cat-innredning","9":"product_cat-interior-kunst","10":"product_cat-interiorartikler","11":"product_cat-kunsthandverk","12":"product_cat-lamper-lysekroner","13":"product_cat-metallarbeider","15":"first","16":"instock","17":"product-type-simple"},"acf":[],"yoast_head":"<!-- This site is optimized with the Yoast SEO plugin v27.1.1 - https:\/\/yoast.com\/product\/yoast-seo-wordpress\/ -->\n<title>7-armet dr\u00e5pelampe &#8226; Norwegian Made<\/title>\n<meta name=\"robots\" content=\"index, follow, max-snippet:-1, max-image-preview:large, max-video-preview:-1\" \/>\n<link rel=\"canonical\" href=\"https:\/\/norwegianmade.no\/produkt\/7-armet-drapelampe\/\" \/>\n<meta property=\"og:locale\" content=\"en_US\" \/>\n<meta property=\"og:type\" content=\"article\" \/>\n<meta property=\"og:title\" content=\"7-armet dr\u00e5pelampe &#8226; Norwegian Made\" \/>\n<meta property=\"og:description\" content=\"7-armet dr\u00e5pelampe av gjenbrukselementer.Str. H 60, B 100lampe lysekrone belysning milj\u00f8vennlig gjenbruk ombruk upcyclingredesign b\u00e6rekraft milj\u00f8 design interi\u00f8r bolig hjem mydesign s\u00e6rpregh\u00e5ndverk gr\u00f8nnproduksjon\" \/>\n<meta property=\"og:url\" content=\"https:\/\/norwegianmade.no\/produkt\/7-armet-drapelampe\/\" \/>\n<meta property=\"og:site_name\" content=\"Norwegian Made\" \/>\n<meta property=\"article:modified_time\" content=\"2026-01-26T16:36:33+00:00\" \/>\n<meta property=\"og:image\" content=\"https:\/\/norwegianmade.no\/wp-content\/uploads\/2021\/06\/7-armet-drops.png\" \/>\n\t<meta property=\"og:image:width\" content=\"1094\" \/>\n\t<meta property=\"og:image:height\" content=\"1094\" \/>\n\t<meta property=\"og:image:type\" content=\"image\/png\" \/>\n<meta name=\"twitter:card\" content=\"summary_large_image\" \/>\n<script type=\"application\/ld+json\" class=\"yoast-schema-graph\">{\"@context\":\"https:\/\/schema.org\",\"@graph\":[{\"@type\":\"WebPage\",\"@id\":\"https:\/\/norwegianmade.no\/produkt\/7-armet-drapelampe\/\",\"url\":\"https:\/\/norwegianmade.no\/produkt\/7-armet-drapelampe\/\",\"name\":\"7-armet dr\u00e5pelampe &#8226; Norwegian Made\",\"isPartOf\":{\"@id\":\"https:\/\/norwegianmade.no\/#website\"},\"datePublished\":\"2021-06-14T09:04:18+00:00\",\"dateModified\":\"2026-01-26T16:36:33+00:00\",\"breadcrumb\":{\"@id\":\"https:\/\/norwegianmade.no\/produkt\/7-armet-drapelampe\/#breadcrumb\"},\"inLanguage\":\"en-US\",\"potentialAction\":[{\"@type\":\"ReadAction\",\"target\":[\"https:\/\/norwegianmade.no\/produkt\/7-armet-drapelampe\/\"]}]},{\"@type\":\"BreadcrumbList\",\"@id\":\"https:\/\/norwegianmade.no\/produkt\/7-armet-drapelampe\/#breadcrumb\",\"itemListElement\":[{\"@type\":\"ListItem\",\"position\":1,\"name\":\"Hjem\",\"item\":\"https:\/\/norwegianmade.no\/en\/\"},{\"@type\":\"ListItem\",\"position\":2,\"name\":\"Shop\",\"item\":\"https:\/\/norwegianmade.no\/en\/shop\/\"},{\"@type\":\"ListItem\",\"position\":3,\"name\":\"7-armet dr\u00e5pelampe\"}]},{\"@type\":\"WebSite\",\"@id\":\"https:\/\/norwegianmade.no\/#website\",\"url\":\"https:\/\/norwegianmade.no\/\",\"name\":\"Norwegian Made\",\"description\":\"Norges st\u00f8rste markedsplass for norske produsenter\",\"publisher\":{\"@id\":\"https:\/\/norwegianmade.no\/#organization\"},\"potentialAction\":[{\"@type\":\"SearchAction\",\"target\":{\"@type\":\"EntryPoint\",\"urlTemplate\":\"https:\/\/norwegianmade.no\/?s={search_term_string}\"},\"query-input\":{\"@type\":\"PropertyValueSpecification\",\"valueRequired\":true,\"valueName\":\"search_term_string\"}}],\"inLanguage\":\"en-US\"},{\"@type\":\"Organization\",\"@id\":\"https:\/\/norwegianmade.no\/#organization\",\"name\":\"Norwegian Made\",\"url\":\"https:\/\/norwegianmade.no\/\",\"logo\":{\"@type\":\"ImageObject\",\"inLanguage\":\"en-US\",\"@id\":\"https:\/\/norwegianmade.no\/#\/schema\/logo\/image\/\",\"url\":\"https:\/\/norwegianmade.no\/wp-content\/uploads\/2020\/11\/logo-liggende-norwegian-made-web.png\",\"contentUrl\":\"https:\/\/norwegianmade.no\/wp-content\/uploads\/2020\/11\/logo-liggende-norwegian-made-web.png\",\"width\":200,\"height\":58,\"caption\":\"Norwegian Made\"},\"image\":{\"@id\":\"https:\/\/norwegianmade.no\/#\/schema\/logo\/image\/\"}}]}<\/script>\n<!-- \/ Yoast SEO plugin. -->","yoast_head_json":{"title":"7-armet dr\u00e5pelampe &#8226; Norwegian Made","robots":{"index":"index","follow":"follow","max-snippet":"max-snippet:-1","max-image-preview":"max-image-preview:large","max-video-preview":"max-video-preview:-1"},"canonical":"https:\/\/norwegianmade.no\/produkt\/7-armet-drapelampe\/","og_locale":"en_US","og_type":"article","og_title":"7-armet dr\u00e5pelampe &#8226; Norwegian Made","og_description":"7-armet dr\u00e5pelampe av gjenbrukselementer.Str. H 60, B 100lampe lysekrone belysning milj\u00f8vennlig gjenbruk ombruk upcyclingredesign b\u00e6rekraft milj\u00f8 design interi\u00f8r bolig hjem mydesign s\u00e6rpregh\u00e5ndverk gr\u00f8nnproduksjon","og_url":"https:\/\/norwegianmade.no\/produkt\/7-armet-drapelampe\/","og_site_name":"Norwegian Made","article_modified_time":"2026-01-26T16:36:33+00:00","og_image":[{"width":1094,"height":1094,"url":"https:\/\/norwegianmade.no\/wp-content\/uploads\/2021\/06\/7-armet-drops.png","type":"image\/png"}],"twitter_card":"summary_large_image","schema":{"@context":"https:\/\/schema.org","@graph":[{"@type":"WebPage","@id":"https:\/\/norwegianmade.no\/produkt\/7-armet-drapelampe\/","url":"https:\/\/norwegianmade.no\/produkt\/7-armet-drapelampe\/","name":"7-armet dr\u00e5pelampe &#8226; Norwegian Made","isPartOf":{"@id":"https:\/\/norwegianmade.no\/#website"},"datePublished":"2021-06-14T09:04:18+00:00","dateModified":"2026-01-26T16:36:33+00:00","breadcrumb":{"@id":"https:\/\/norwegianmade.no\/produkt\/7-armet-drapelampe\/#breadcrumb"},"inLanguage":"en-US","potentialAction":[{"@type":"ReadAction","target":["https:\/\/norwegianmade.no\/produkt\/7-armet-drapelampe\/"]}]},{"@type":"BreadcrumbList","@id":"https:\/\/norwegianmade.no\/produkt\/7-armet-drapelampe\/#breadcrumb","itemListElement":[{"@type":"ListItem","position":1,"name":"Hjem","item":"https:\/\/norwegianmade.no\/en\/"},{"@type":"ListItem","position":2,"name":"Shop","item":"https:\/\/norwegianmade.no\/en\/shop\/"},{"@type":"ListItem","position":3,"name":"7-armet dr\u00e5pelampe"}]},{"@type":"WebSite","@id":"https:\/\/norwegianmade.no\/#website","url":"https:\/\/norwegianmade.no\/","name":"Norwegian Made","description":"Norges st\u00f8rste markedsplass for norske produsenter","publisher":{"@id":"https:\/\/norwegianmade.no\/#organization"},"potentialAction":[{"@type":"SearchAction","target":{"@type":"EntryPoint","urlTemplate":"https:\/\/norwegianmade.no\/?s={search_term_string}"},"query-input":{"@type":"PropertyValueSpecification","valueRequired":true,"valueName":"search_term_string"}}],"inLanguage":"en-US"},{"@type":"Organization","@id":"https:\/\/norwegianmade.no\/#organization","name":"Norwegian Made","url":"https:\/\/norwegianmade.no\/","logo":{"@type":"ImageObject","inLanguage":"en-US","@id":"https:\/\/norwegianmade.no\/#\/schema\/logo\/image\/","url":"https:\/\/norwegianmade.no\/wp-content\/uploads\/2020\/11\/logo-liggende-norwegian-made-web.png","contentUrl":"https:\/\/norwegianmade.no\/wp-content\/uploads\/2020\/11\/logo-liggende-norwegian-made-web.png","width":200,"height":58,"caption":"Norwegian Made"},"image":{"@id":"https:\/\/norwegianmade.no\/#\/schema\/logo\/image\/"}}]}},"_links":{"self":[{"href":"https:\/\/norwegianmade.no\/en\/wp-json\/wp\/v2\/product\/6616","targetHints":{"allow":["GET"]}}],"collection":[{"href":"https:\/\/norwegianmade.no\/en\/wp-json\/wp\/v2\/product"}],"about":[{"href":"https:\/\/norwegianmade.no\/en\/wp-json\/wp\/v2\/types\/product"}],"replies":[{"embeddable":true,"href":"https:\/\/norwegianmade.no\/en\/wp-json\/wp\/v2\/comments?post=6616"}],"wp:attachment":[{"href":"https:\/\/norwegianmade.no\/en\/wp-json\/wp\/v2\/media?parent=6616"}],"wp:term":[{"taxonomy":"product_brand","embeddable":true,"href":"https:\/\/norwegianmade.no\/en\/wp-json\/wp\/v2\/product_brand?post=6616"},{"taxonomy":"product_cat","embeddable":true,"href":"https:\/\/norwegianmade.no\/en\/wp-json\/wp\/v2\/product_cat?post=6616"},{"taxonomy":"product_tag","embeddable":true,"href":"https:\/\/norwegianmade.no\/en\/wp-json\/wp\/v2\/product_tag?post=6616"}],"curies":[{"name":"wp","href":"https:\/\/api.w.org\/{rel}","templated":true}]}}