{"id":6890,"date":"2021-06-16T14:48:01","date_gmt":"2021-06-16T12:48:01","guid":{"rendered":"https:\/\/norwegianmade.no\/markedsplass\/forlu-fra-settungsgard-lampekolleksjon-bordlampe\/"},"modified":"2026-04-16T11:37:38","modified_gmt":"2026-04-16T09:37:38","slug":"forlu-fra-settungsgard-lampekolleksjon-bordlampe","status":"publish","type":"product","link":"https:\/\/norwegianmade.no\/en\/produkt\/forlu-fra-settungsgard-lampekolleksjon-bordlampe\/","title":{"rendered":"F\u00f3rlu fr\u00e5 Settungsgard Lampekolleksjon (bordlampe)"},"content":{"rendered":"<p><\/p>\n","protected":false},"excerpt":{"rendered":"<p>Den gamle f\u00f3rlua fr\u00e5 garden Settungsgard i fjellbyda Vats, \u00c5l.<br \/>Bygget vart plukka ned v\u00e5ren 2020, sortert for seg sj\u00f8lv og vert no seld ut som ein unik lampekolleksjon s\u00e5 lenge materialane held. Kolleksjonen er tilgjengeleg i fleire kjende modellar i tillegg til ein utvikla spesielt for tilfellet &#8211; nemleg &#8220;F\u00f3rlua&#8221;.<br \/>Til kvar lampe f\u00f8lgjer det med eit lite kort med bilete og tekst som fortel om materialane sitt tidlegare liv,<br \/>alt dette gjev lampene eit heilt unikt visuelt uttrykk, sjel og historie som er til \u00e5 ta og f\u00f8le p\u00e5.<br \/>Lampene vert levert med egna varmtlysande ledp\u00e6re (E27\/2000K) som synt p\u00e5 bilete og 2m svart ledning med brytar.<br \/>Produkta er CE godkjend, IP32 og isolasjonsklasse II.<\/p>\n","protected":false},"featured_media":6886,"comment_status":"open","ping_status":"closed","template":"","meta":{"_acf_changed":false},"product_brand":[],"product_cat":[267],"product_tag":[],"class_list":{"0":"post-6890","1":"product","2":"type-product","3":"status-publish","4":"has-post-thumbnail","6":"product_vendor-lyse-idear","7":"product_cat-lamper-lysekroner","8":"product_shipping_class-lett","10":"first","11":"instock","12":"taxable","13":"shipping-taxable","14":"product-type-simple"},"acf":[],"yoast_head":"<!-- This site is optimized with the Yoast SEO plugin v27.1.1 - https:\/\/yoast.com\/product\/yoast-seo-wordpress\/ -->\n<title>F\u00f3rlu fr\u00e5 Settungsgard Lampekolleksjon (bordlampe) &#8226; Norwegian Made<\/title>\n<meta name=\"robots\" content=\"index, follow, max-snippet:-1, max-image-preview:large, max-video-preview:-1\" \/>\n<link rel=\"canonical\" href=\"https:\/\/norwegianmade.no\/en\/produkt\/forlu-fra-settungsgard-lampekolleksjon-bordlampe\/\" \/>\n<meta property=\"og:locale\" content=\"en_US\" \/>\n<meta property=\"og:type\" content=\"article\" \/>\n<meta property=\"og:title\" content=\"F\u00f3rlu fr\u00e5 Settungsgard Lampekolleksjon (bordlampe) &#8226; Norwegian Made\" \/>\n<meta property=\"og:description\" content=\"Den gamle f\u00f3rlua fr\u00e5 garden Settungsgard i fjellbyda Vats, \u00c5l.Bygget vart plukka ned v\u00e5ren 2020, sortert for seg sj\u00f8lv og vert no seld ut som ein unik lampekolleksjon s\u00e5 lenge materialane held. Kolleksjonen er tilgjengeleg i fleire kjende modellar i tillegg til ein utvikla spesielt for tilfellet - nemleg &quot;F\u00f3rlua&quot;.Til kvar lampe f\u00f8lgjer det med eit lite kort med bilete og tekst som fortel om materialane sitt tidlegare liv,alt dette gjev lampene eit heilt unikt visuelt uttrykk, sjel og historie som er til \u00e5 ta og f\u00f8le p\u00e5.Lampene vert levert med egna varmtlysande ledp\u00e6re (E27\/2000K) som synt p\u00e5 bilete og 2m svart ledning med brytar.Produkta er CE godkjend, IP32 og isolasjonsklasse II.\" \/>\n<meta property=\"og:url\" content=\"https:\/\/norwegianmade.no\/en\/produkt\/forlu-fra-settungsgard-lampekolleksjon-bordlampe\/\" \/>\n<meta property=\"og:site_name\" content=\"Norwegian Made\" \/>\n<meta property=\"article:modified_time\" content=\"2026-04-16T09:37:38+00:00\" \/>\n<meta property=\"og:image\" content=\"https:\/\/norwegianmade.no\/wp-content\/uploads\/2021\/06\/Forlue-1-Lyse-Ide\u0301ar-scaled.jpg\" \/>\n\t<meta property=\"og:image:width\" content=\"1628\" \/>\n\t<meta property=\"og:image:height\" content=\"2560\" \/>\n\t<meta property=\"og:image:type\" content=\"image\/jpeg\" \/>\n<meta name=\"twitter:card\" content=\"summary_large_image\" \/>\n<script type=\"application\/ld+json\" class=\"yoast-schema-graph\">{\"@context\":\"https:\/\/schema.org\",\"@graph\":[{\"@type\":\"WebPage\",\"@id\":\"https:\/\/norwegianmade.no\/en\/produkt\/forlu-fra-settungsgard-lampekolleksjon-bordlampe\/\",\"url\":\"https:\/\/norwegianmade.no\/en\/produkt\/forlu-fra-settungsgard-lampekolleksjon-bordlampe\/\",\"name\":\"F\u00f3rlu fr\u00e5 Settungsgard Lampekolleksjon (bordlampe) &#8226; Norwegian Made\",\"isPartOf\":{\"@id\":\"https:\/\/norwegianmade.no\/#website\"},\"primaryImageOfPage\":{\"@id\":\"https:\/\/norwegianmade.no\/en\/produkt\/forlu-fra-settungsgard-lampekolleksjon-bordlampe\/#primaryimage\"},\"image\":{\"@id\":\"https:\/\/norwegianmade.no\/en\/produkt\/forlu-fra-settungsgard-lampekolleksjon-bordlampe\/#primaryimage\"},\"thumbnailUrl\":\"https:\/\/norwegianmade.no\/wp-content\/uploads\/2021\/06\/Forlue-1-Lyse-Ide\u0301ar-scaled.jpg\",\"datePublished\":\"2021-06-16T12:48:01+00:00\",\"dateModified\":\"2026-04-16T09:37:38+00:00\",\"breadcrumb\":{\"@id\":\"https:\/\/norwegianmade.no\/en\/produkt\/forlu-fra-settungsgard-lampekolleksjon-bordlampe\/#breadcrumb\"},\"inLanguage\":\"en-US\",\"potentialAction\":[{\"@type\":\"ReadAction\",\"target\":[\"https:\/\/norwegianmade.no\/en\/produkt\/forlu-fra-settungsgard-lampekolleksjon-bordlampe\/\"]}]},{\"@type\":\"ImageObject\",\"inLanguage\":\"en-US\",\"@id\":\"https:\/\/norwegianmade.no\/en\/produkt\/forlu-fra-settungsgard-lampekolleksjon-bordlampe\/#primaryimage\",\"url\":\"https:\/\/norwegianmade.no\/wp-content\/uploads\/2021\/06\/Forlue-1-Lyse-Ide\u0301ar-scaled.jpg\",\"contentUrl\":\"https:\/\/norwegianmade.no\/wp-content\/uploads\/2021\/06\/Forlue-1-Lyse-Ide\u0301ar-scaled.jpg\",\"width\":1628,\"height\":2560},{\"@type\":\"BreadcrumbList\",\"@id\":\"https:\/\/norwegianmade.no\/en\/produkt\/forlu-fra-settungsgard-lampekolleksjon-bordlampe\/#breadcrumb\",\"itemListElement\":[{\"@type\":\"ListItem\",\"position\":1,\"name\":\"Hjem\",\"item\":\"https:\/\/norwegianmade.no\/en\/\"},{\"@type\":\"ListItem\",\"position\":2,\"name\":\"Shop\",\"item\":\"https:\/\/norwegianmade.no\/en\/shop\/\"},{\"@type\":\"ListItem\",\"position\":3,\"name\":\"F\u00f3rlu fr\u00e5 Settungsgard Lampekolleksjon (bordlampe)\"}]},{\"@type\":\"WebSite\",\"@id\":\"https:\/\/norwegianmade.no\/#website\",\"url\":\"https:\/\/norwegianmade.no\/\",\"name\":\"Norwegian Made\",\"description\":\"Norges st\u00f8rste markedsplass for norske produsenter\",\"publisher\":{\"@id\":\"https:\/\/norwegianmade.no\/#organization\"},\"potentialAction\":[{\"@type\":\"SearchAction\",\"target\":{\"@type\":\"EntryPoint\",\"urlTemplate\":\"https:\/\/norwegianmade.no\/?s={search_term_string}\"},\"query-input\":{\"@type\":\"PropertyValueSpecification\",\"valueRequired\":true,\"valueName\":\"search_term_string\"}}],\"inLanguage\":\"en-US\"},{\"@type\":\"Organization\",\"@id\":\"https:\/\/norwegianmade.no\/#organization\",\"name\":\"Norwegian Made\",\"url\":\"https:\/\/norwegianmade.no\/\",\"logo\":{\"@type\":\"ImageObject\",\"inLanguage\":\"en-US\",\"@id\":\"https:\/\/norwegianmade.no\/#\/schema\/logo\/image\/\",\"url\":\"https:\/\/norwegianmade.no\/wp-content\/uploads\/2020\/11\/logo-liggende-norwegian-made-web.png\",\"contentUrl\":\"https:\/\/norwegianmade.no\/wp-content\/uploads\/2020\/11\/logo-liggende-norwegian-made-web.png\",\"width\":200,\"height\":58,\"caption\":\"Norwegian Made\"},\"image\":{\"@id\":\"https:\/\/norwegianmade.no\/#\/schema\/logo\/image\/\"}}]}<\/script>\n<!-- \/ Yoast SEO plugin. -->","yoast_head_json":{"title":"F\u00f3rlu fr\u00e5 Settungsgard Lampekolleksjon (bordlampe) &#8226; Norwegian Made","robots":{"index":"index","follow":"follow","max-snippet":"max-snippet:-1","max-image-preview":"max-image-preview:large","max-video-preview":"max-video-preview:-1"},"canonical":"https:\/\/norwegianmade.no\/en\/produkt\/forlu-fra-settungsgard-lampekolleksjon-bordlampe\/","og_locale":"en_US","og_type":"article","og_title":"F\u00f3rlu fr\u00e5 Settungsgard Lampekolleksjon (bordlampe) &#8226; Norwegian Made","og_description":"Den gamle f\u00f3rlua fr\u00e5 garden Settungsgard i fjellbyda Vats, \u00c5l.Bygget vart plukka ned v\u00e5ren 2020, sortert for seg sj\u00f8lv og vert no seld ut som ein unik lampekolleksjon s\u00e5 lenge materialane held. Kolleksjonen er tilgjengeleg i fleire kjende modellar i tillegg til ein utvikla spesielt for tilfellet - nemleg \"F\u00f3rlua\".Til kvar lampe f\u00f8lgjer det med eit lite kort med bilete og tekst som fortel om materialane sitt tidlegare liv,alt dette gjev lampene eit heilt unikt visuelt uttrykk, sjel og historie som er til \u00e5 ta og f\u00f8le p\u00e5.Lampene vert levert med egna varmtlysande ledp\u00e6re (E27\/2000K) som synt p\u00e5 bilete og 2m svart ledning med brytar.Produkta er CE godkjend, IP32 og isolasjonsklasse II.","og_url":"https:\/\/norwegianmade.no\/en\/produkt\/forlu-fra-settungsgard-lampekolleksjon-bordlampe\/","og_site_name":"Norwegian Made","article_modified_time":"2026-04-16T09:37:38+00:00","og_image":[{"width":1628,"height":2560,"url":"https:\/\/norwegianmade.no\/wp-content\/uploads\/2021\/06\/Forlue-1-Lyse-Ide\u0301ar-scaled.jpg","type":"image\/jpeg"}],"twitter_card":"summary_large_image","schema":{"@context":"https:\/\/schema.org","@graph":[{"@type":"WebPage","@id":"https:\/\/norwegianmade.no\/en\/produkt\/forlu-fra-settungsgard-lampekolleksjon-bordlampe\/","url":"https:\/\/norwegianmade.no\/en\/produkt\/forlu-fra-settungsgard-lampekolleksjon-bordlampe\/","name":"F\u00f3rlu fr\u00e5 Settungsgard Lampekolleksjon (bordlampe) &#8226; Norwegian Made","isPartOf":{"@id":"https:\/\/norwegianmade.no\/#website"},"primaryImageOfPage":{"@id":"https:\/\/norwegianmade.no\/en\/produkt\/forlu-fra-settungsgard-lampekolleksjon-bordlampe\/#primaryimage"},"image":{"@id":"https:\/\/norwegianmade.no\/en\/produkt\/forlu-fra-settungsgard-lampekolleksjon-bordlampe\/#primaryimage"},"thumbnailUrl":"https:\/\/norwegianmade.no\/wp-content\/uploads\/2021\/06\/Forlue-1-Lyse-Ide\u0301ar-scaled.jpg","datePublished":"2021-06-16T12:48:01+00:00","dateModified":"2026-04-16T09:37:38+00:00","breadcrumb":{"@id":"https:\/\/norwegianmade.no\/en\/produkt\/forlu-fra-settungsgard-lampekolleksjon-bordlampe\/#breadcrumb"},"inLanguage":"en-US","potentialAction":[{"@type":"ReadAction","target":["https:\/\/norwegianmade.no\/en\/produkt\/forlu-fra-settungsgard-lampekolleksjon-bordlampe\/"]}]},{"@type":"ImageObject","inLanguage":"en-US","@id":"https:\/\/norwegianmade.no\/en\/produkt\/forlu-fra-settungsgard-lampekolleksjon-bordlampe\/#primaryimage","url":"https:\/\/norwegianmade.no\/wp-content\/uploads\/2021\/06\/Forlue-1-Lyse-Ide\u0301ar-scaled.jpg","contentUrl":"https:\/\/norwegianmade.no\/wp-content\/uploads\/2021\/06\/Forlue-1-Lyse-Ide\u0301ar-scaled.jpg","width":1628,"height":2560},{"@type":"BreadcrumbList","@id":"https:\/\/norwegianmade.no\/en\/produkt\/forlu-fra-settungsgard-lampekolleksjon-bordlampe\/#breadcrumb","itemListElement":[{"@type":"ListItem","position":1,"name":"Hjem","item":"https:\/\/norwegianmade.no\/en\/"},{"@type":"ListItem","position":2,"name":"Shop","item":"https:\/\/norwegianmade.no\/en\/shop\/"},{"@type":"ListItem","position":3,"name":"F\u00f3rlu fr\u00e5 Settungsgard Lampekolleksjon (bordlampe)"}]},{"@type":"WebSite","@id":"https:\/\/norwegianmade.no\/#website","url":"https:\/\/norwegianmade.no\/","name":"Norwegian Made","description":"Norges st\u00f8rste markedsplass for norske produsenter","publisher":{"@id":"https:\/\/norwegianmade.no\/#organization"},"potentialAction":[{"@type":"SearchAction","target":{"@type":"EntryPoint","urlTemplate":"https:\/\/norwegianmade.no\/?s={search_term_string}"},"query-input":{"@type":"PropertyValueSpecification","valueRequired":true,"valueName":"search_term_string"}}],"inLanguage":"en-US"},{"@type":"Organization","@id":"https:\/\/norwegianmade.no\/#organization","name":"Norwegian Made","url":"https:\/\/norwegianmade.no\/","logo":{"@type":"ImageObject","inLanguage":"en-US","@id":"https:\/\/norwegianmade.no\/#\/schema\/logo\/image\/","url":"https:\/\/norwegianmade.no\/wp-content\/uploads\/2020\/11\/logo-liggende-norwegian-made-web.png","contentUrl":"https:\/\/norwegianmade.no\/wp-content\/uploads\/2020\/11\/logo-liggende-norwegian-made-web.png","width":200,"height":58,"caption":"Norwegian Made"},"image":{"@id":"https:\/\/norwegianmade.no\/#\/schema\/logo\/image\/"}}]}},"_links":{"self":[{"href":"https:\/\/norwegianmade.no\/en\/wp-json\/wp\/v2\/product\/6890","targetHints":{"allow":["GET"]}}],"collection":[{"href":"https:\/\/norwegianmade.no\/en\/wp-json\/wp\/v2\/product"}],"about":[{"href":"https:\/\/norwegianmade.no\/en\/wp-json\/wp\/v2\/types\/product"}],"replies":[{"embeddable":true,"href":"https:\/\/norwegianmade.no\/en\/wp-json\/wp\/v2\/comments?post=6890"}],"wp:featuredmedia":[{"embeddable":true,"href":"https:\/\/norwegianmade.no\/en\/wp-json\/wp\/v2\/media\/6886"}],"wp:attachment":[{"href":"https:\/\/norwegianmade.no\/en\/wp-json\/wp\/v2\/media?parent=6890"}],"wp:term":[{"taxonomy":"product_brand","embeddable":true,"href":"https:\/\/norwegianmade.no\/en\/wp-json\/wp\/v2\/product_brand?post=6890"},{"taxonomy":"product_cat","embeddable":true,"href":"https:\/\/norwegianmade.no\/en\/wp-json\/wp\/v2\/product_cat?post=6890"},{"taxonomy":"product_tag","embeddable":true,"href":"https:\/\/norwegianmade.no\/en\/wp-json\/wp\/v2\/product_tag?post=6890"}],"curies":[{"name":"wp","href":"https:\/\/api.w.org\/{rel}","templated":true}]}}