{"id":6946,"date":"2021-06-23T17:51:27","date_gmt":"2021-06-23T15:51:27","guid":{"rendered":"https:\/\/norwegianmade.no\/?post_type=product&#038;p=6946"},"modified":"2026-03-27T15:39:21","modified_gmt":"2026-03-27T14:39:21","slug":"lykketegning-varsett-miljopotter","status":"publish","type":"product","link":"https:\/\/norwegianmade.no\/en\/produkt\/lykketegning-varsett-miljopotter\/","title":{"rendered":"Lykketegning v\u00e5rsett milj\u00f8potter"},"content":{"rendered":"<div class=\"ProductItem-details-excerpt\" data-content-field=\"excerpt\">\n<p class=\"\">Ingebj\u00f8rg Sj\u00e5land, kvinnen bake Lykketegning, har dekorert v\u00e5re s\u00f8te v\u00e5rpotter. Du kan lese mer om henne og \u00f8vrige produkter p\u00e5 www.lykketegning.no<\/p>\n<p class=\"\">Settet best\u00e5r av en Joycee potte med fot og en Elizabeth avlang potte for sukkulenter, urter og spirer. Dette er den perfekte gaven som gj\u00f8r b\u00e5de giver og mottager glad,, Den st\u00f8rste potten tilsvarer en rund potte p\u00e5 opp til 14 cm diameter<\/p>\n<p class=\"\">Pottene kan gjenvinnes med kartongavfallet etter bruk.<\/p>\n<\/div>\n","protected":false},"excerpt":{"rendered":"<p>Ingebj\u00f8rg Sj\u00e5land, kvinnen bake Lykketegning, har dekorert v\u00e5re s\u00f8te v\u00e5rpotter. Du kan lese mer om henne og \u00f8vrige produkter p\u00e5 www.lykketegning.no Settet [&hellip;]<\/p>\n","protected":false},"featured_media":6947,"comment_status":"open","ping_status":"closed","template":"","meta":{"_acf_changed":false},"product_brand":[],"product_cat":[124,272,271],"product_tag":[],"class_list":{"0":"post-6946","1":"product","2":"type-product","3":"status-publish","4":"has-post-thumbnail","6":"product_vendor-flowerline","7":"product_cat-annet","8":"product_cat-emballasje","9":"product_cat-gaveesker","11":"first","12":"instock","13":"taxable","14":"shipping-taxable","15":"product-type-external"},"acf":[],"yoast_head":"<!-- This site is optimized with the Yoast SEO plugin v27.1.1 - https:\/\/yoast.com\/product\/yoast-seo-wordpress\/ -->\n<title>Lykketegning v\u00e5rsett milj\u00f8potter &#8226; Norwegian Made<\/title>\n<meta name=\"robots\" content=\"index, follow, max-snippet:-1, max-image-preview:large, max-video-preview:-1\" \/>\n<link rel=\"canonical\" href=\"https:\/\/norwegianmade.no\/produkt\/lykketegning-varsett-miljopotter\/\" \/>\n<meta property=\"og:locale\" content=\"en_US\" \/>\n<meta property=\"og:type\" content=\"article\" \/>\n<meta property=\"og:title\" content=\"Lykketegning v\u00e5rsett milj\u00f8potter &#8226; Norwegian Made\" \/>\n<meta property=\"og:description\" content=\"Ingebj\u00f8rg Sj\u00e5land, kvinnen bake Lykketegning, har dekorert v\u00e5re s\u00f8te v\u00e5rpotter. Du kan lese mer om henne og \u00f8vrige produkter p\u00e5 www.lykketegning.no Settet [&hellip;]\" \/>\n<meta property=\"og:url\" content=\"https:\/\/norwegianmade.no\/produkt\/lykketegning-varsett-miljopotter\/\" \/>\n<meta property=\"og:site_name\" content=\"Norwegian Made\" \/>\n<meta property=\"article:modified_time\" content=\"2026-03-27T14:39:21+00:00\" \/>\n<meta property=\"og:image\" content=\"https:\/\/norwegianmade.no\/wp-content\/uploads\/2021\/06\/Lykketegning1.png\" \/>\n\t<meta property=\"og:image:width\" content=\"750\" \/>\n\t<meta property=\"og:image:height\" content=\"750\" \/>\n\t<meta property=\"og:image:type\" content=\"image\/png\" \/>\n<meta name=\"twitter:card\" content=\"summary_large_image\" \/>\n<script type=\"application\/ld+json\" class=\"yoast-schema-graph\">{\"@context\":\"https:\/\/schema.org\",\"@graph\":[{\"@type\":\"WebPage\",\"@id\":\"https:\/\/norwegianmade.no\/produkt\/lykketegning-varsett-miljopotter\/\",\"url\":\"https:\/\/norwegianmade.no\/produkt\/lykketegning-varsett-miljopotter\/\",\"name\":\"Lykketegning v\u00e5rsett milj\u00f8potter &#8226; Norwegian Made\",\"isPartOf\":{\"@id\":\"https:\/\/norwegianmade.no\/#website\"},\"primaryImageOfPage\":{\"@id\":\"https:\/\/norwegianmade.no\/produkt\/lykketegning-varsett-miljopotter\/#primaryimage\"},\"image\":{\"@id\":\"https:\/\/norwegianmade.no\/produkt\/lykketegning-varsett-miljopotter\/#primaryimage\"},\"thumbnailUrl\":\"https:\/\/norwegianmade.no\/wp-content\/uploads\/2021\/06\/Lykketegning1.png\",\"datePublished\":\"2021-06-23T15:51:27+00:00\",\"dateModified\":\"2026-03-27T14:39:21+00:00\",\"breadcrumb\":{\"@id\":\"https:\/\/norwegianmade.no\/produkt\/lykketegning-varsett-miljopotter\/#breadcrumb\"},\"inLanguage\":\"en-US\",\"potentialAction\":[{\"@type\":\"ReadAction\",\"target\":[\"https:\/\/norwegianmade.no\/produkt\/lykketegning-varsett-miljopotter\/\"]}]},{\"@type\":\"ImageObject\",\"inLanguage\":\"en-US\",\"@id\":\"https:\/\/norwegianmade.no\/produkt\/lykketegning-varsett-miljopotter\/#primaryimage\",\"url\":\"https:\/\/norwegianmade.no\/wp-content\/uploads\/2021\/06\/Lykketegning1.png\",\"contentUrl\":\"https:\/\/norwegianmade.no\/wp-content\/uploads\/2021\/06\/Lykketegning1.png\",\"width\":750,\"height\":750},{\"@type\":\"BreadcrumbList\",\"@id\":\"https:\/\/norwegianmade.no\/produkt\/lykketegning-varsett-miljopotter\/#breadcrumb\",\"itemListElement\":[{\"@type\":\"ListItem\",\"position\":1,\"name\":\"Hjem\",\"item\":\"https:\/\/norwegianmade.no\/en\/\"},{\"@type\":\"ListItem\",\"position\":2,\"name\":\"Shop\",\"item\":\"https:\/\/norwegianmade.no\/en\/shop\/\"},{\"@type\":\"ListItem\",\"position\":3,\"name\":\"Lykketegning v\u00e5rsett milj\u00f8potter\"}]},{\"@type\":\"WebSite\",\"@id\":\"https:\/\/norwegianmade.no\/#website\",\"url\":\"https:\/\/norwegianmade.no\/\",\"name\":\"Norwegian Made\",\"description\":\"Norges st\u00f8rste markedsplass for norske produsenter\",\"publisher\":{\"@id\":\"https:\/\/norwegianmade.no\/#organization\"},\"potentialAction\":[{\"@type\":\"SearchAction\",\"target\":{\"@type\":\"EntryPoint\",\"urlTemplate\":\"https:\/\/norwegianmade.no\/?s={search_term_string}\"},\"query-input\":{\"@type\":\"PropertyValueSpecification\",\"valueRequired\":true,\"valueName\":\"search_term_string\"}}],\"inLanguage\":\"en-US\"},{\"@type\":\"Organization\",\"@id\":\"https:\/\/norwegianmade.no\/#organization\",\"name\":\"Norwegian Made\",\"url\":\"https:\/\/norwegianmade.no\/\",\"logo\":{\"@type\":\"ImageObject\",\"inLanguage\":\"en-US\",\"@id\":\"https:\/\/norwegianmade.no\/#\/schema\/logo\/image\/\",\"url\":\"https:\/\/norwegianmade.no\/wp-content\/uploads\/2020\/11\/logo-liggende-norwegian-made-web.png\",\"contentUrl\":\"https:\/\/norwegianmade.no\/wp-content\/uploads\/2020\/11\/logo-liggende-norwegian-made-web.png\",\"width\":200,\"height\":58,\"caption\":\"Norwegian Made\"},\"image\":{\"@id\":\"https:\/\/norwegianmade.no\/#\/schema\/logo\/image\/\"}}]}<\/script>\n<!-- \/ Yoast SEO plugin. -->","yoast_head_json":{"title":"Lykketegning v\u00e5rsett milj\u00f8potter &#8226; Norwegian Made","robots":{"index":"index","follow":"follow","max-snippet":"max-snippet:-1","max-image-preview":"max-image-preview:large","max-video-preview":"max-video-preview:-1"},"canonical":"https:\/\/norwegianmade.no\/produkt\/lykketegning-varsett-miljopotter\/","og_locale":"en_US","og_type":"article","og_title":"Lykketegning v\u00e5rsett milj\u00f8potter &#8226; Norwegian Made","og_description":"Ingebj\u00f8rg Sj\u00e5land, kvinnen bake Lykketegning, har dekorert v\u00e5re s\u00f8te v\u00e5rpotter. Du kan lese mer om henne og \u00f8vrige produkter p\u00e5 www.lykketegning.no Settet [&hellip;]","og_url":"https:\/\/norwegianmade.no\/produkt\/lykketegning-varsett-miljopotter\/","og_site_name":"Norwegian Made","article_modified_time":"2026-03-27T14:39:21+00:00","og_image":[{"width":750,"height":750,"url":"https:\/\/norwegianmade.no\/wp-content\/uploads\/2021\/06\/Lykketegning1.png","type":"image\/png"}],"twitter_card":"summary_large_image","schema":{"@context":"https:\/\/schema.org","@graph":[{"@type":"WebPage","@id":"https:\/\/norwegianmade.no\/produkt\/lykketegning-varsett-miljopotter\/","url":"https:\/\/norwegianmade.no\/produkt\/lykketegning-varsett-miljopotter\/","name":"Lykketegning v\u00e5rsett milj\u00f8potter &#8226; Norwegian Made","isPartOf":{"@id":"https:\/\/norwegianmade.no\/#website"},"primaryImageOfPage":{"@id":"https:\/\/norwegianmade.no\/produkt\/lykketegning-varsett-miljopotter\/#primaryimage"},"image":{"@id":"https:\/\/norwegianmade.no\/produkt\/lykketegning-varsett-miljopotter\/#primaryimage"},"thumbnailUrl":"https:\/\/norwegianmade.no\/wp-content\/uploads\/2021\/06\/Lykketegning1.png","datePublished":"2021-06-23T15:51:27+00:00","dateModified":"2026-03-27T14:39:21+00:00","breadcrumb":{"@id":"https:\/\/norwegianmade.no\/produkt\/lykketegning-varsett-miljopotter\/#breadcrumb"},"inLanguage":"en-US","potentialAction":[{"@type":"ReadAction","target":["https:\/\/norwegianmade.no\/produkt\/lykketegning-varsett-miljopotter\/"]}]},{"@type":"ImageObject","inLanguage":"en-US","@id":"https:\/\/norwegianmade.no\/produkt\/lykketegning-varsett-miljopotter\/#primaryimage","url":"https:\/\/norwegianmade.no\/wp-content\/uploads\/2021\/06\/Lykketegning1.png","contentUrl":"https:\/\/norwegianmade.no\/wp-content\/uploads\/2021\/06\/Lykketegning1.png","width":750,"height":750},{"@type":"BreadcrumbList","@id":"https:\/\/norwegianmade.no\/produkt\/lykketegning-varsett-miljopotter\/#breadcrumb","itemListElement":[{"@type":"ListItem","position":1,"name":"Hjem","item":"https:\/\/norwegianmade.no\/en\/"},{"@type":"ListItem","position":2,"name":"Shop","item":"https:\/\/norwegianmade.no\/en\/shop\/"},{"@type":"ListItem","position":3,"name":"Lykketegning v\u00e5rsett milj\u00f8potter"}]},{"@type":"WebSite","@id":"https:\/\/norwegianmade.no\/#website","url":"https:\/\/norwegianmade.no\/","name":"Norwegian Made","description":"Norges st\u00f8rste markedsplass for norske produsenter","publisher":{"@id":"https:\/\/norwegianmade.no\/#organization"},"potentialAction":[{"@type":"SearchAction","target":{"@type":"EntryPoint","urlTemplate":"https:\/\/norwegianmade.no\/?s={search_term_string}"},"query-input":{"@type":"PropertyValueSpecification","valueRequired":true,"valueName":"search_term_string"}}],"inLanguage":"en-US"},{"@type":"Organization","@id":"https:\/\/norwegianmade.no\/#organization","name":"Norwegian Made","url":"https:\/\/norwegianmade.no\/","logo":{"@type":"ImageObject","inLanguage":"en-US","@id":"https:\/\/norwegianmade.no\/#\/schema\/logo\/image\/","url":"https:\/\/norwegianmade.no\/wp-content\/uploads\/2020\/11\/logo-liggende-norwegian-made-web.png","contentUrl":"https:\/\/norwegianmade.no\/wp-content\/uploads\/2020\/11\/logo-liggende-norwegian-made-web.png","width":200,"height":58,"caption":"Norwegian Made"},"image":{"@id":"https:\/\/norwegianmade.no\/#\/schema\/logo\/image\/"}}]}},"_links":{"self":[{"href":"https:\/\/norwegianmade.no\/en\/wp-json\/wp\/v2\/product\/6946","targetHints":{"allow":["GET"]}}],"collection":[{"href":"https:\/\/norwegianmade.no\/en\/wp-json\/wp\/v2\/product"}],"about":[{"href":"https:\/\/norwegianmade.no\/en\/wp-json\/wp\/v2\/types\/product"}],"replies":[{"embeddable":true,"href":"https:\/\/norwegianmade.no\/en\/wp-json\/wp\/v2\/comments?post=6946"}],"wp:featuredmedia":[{"embeddable":true,"href":"https:\/\/norwegianmade.no\/en\/wp-json\/wp\/v2\/media\/6947"}],"wp:attachment":[{"href":"https:\/\/norwegianmade.no\/en\/wp-json\/wp\/v2\/media?parent=6946"}],"wp:term":[{"taxonomy":"product_brand","embeddable":true,"href":"https:\/\/norwegianmade.no\/en\/wp-json\/wp\/v2\/product_brand?post=6946"},{"taxonomy":"product_cat","embeddable":true,"href":"https:\/\/norwegianmade.no\/en\/wp-json\/wp\/v2\/product_cat?post=6946"},{"taxonomy":"product_tag","embeddable":true,"href":"https:\/\/norwegianmade.no\/en\/wp-json\/wp\/v2\/product_tag?post=6946"}],"curies":[{"name":"wp","href":"https:\/\/api.w.org\/{rel}","templated":true}]}}