{"id":6949,"date":"2021-06-23T17:55:14","date_gmt":"2021-06-23T15:55:14","guid":{"rendered":"https:\/\/norwegianmade.no\/?post_type=product&#038;p=6949"},"modified":"2024-11-08T02:52:08","modified_gmt":"2024-11-08T01:52:08","slug":"frakt-eske-for-potteplanter-inkl-potte-m-fot","status":"publish","type":"product","link":"https:\/\/norwegianmade.no\/en\/produkt\/frakt-eske-for-potteplanter-inkl-potte-m-fot\/","title":{"rendered":"Frakt eske for potteplanter-inkl. potte m\/ fot"},"content":{"rendered":"<p>Esken ivaretar planten under frakt og h\u00e5ndtering til kunde. M\u00e5l: lengde 52 cm x bredde 12,5 cm x h\u00f8yde 12 cm. Kartongen inneholder naturlig voks som gj\u00f8r at den t\u00e5ler fukt b\u00e5de utvendig og innvendig. Den er tett, s\u00e5 planten f\u00e5r det lunt og m\u00f8rkt fram til levering. Den milj\u00f8vennlige potten rommer planter som har opp til 14 cm diameter potte som pottes om &#8211; eller aller helst plantes planten direkte i Flowerline. Standard beige potte og fot leveres med (andre varianter <em>Gisela<\/em> potte + fot kan kj\u00f8pes separat) Ileggs platen som f\u00f8lger med holder Flowerline potten p\u00e5 plass under frakt. Lengden p\u00e5 platen er tilpasset toppen av potten. Foten under potten holder jord p\u00e5 plass under transport. Se video p\u00e5 Instagram for informasjon om pakking og bruk<\/p>\n","protected":false},"excerpt":{"rendered":"<p>Esken ivaretar planten under frakt og h\u00e5ndtering til kunde. M\u00e5l: lengde 52 cm x bredde 12,5 cm x h\u00f8yde 12 cm. Kartongen [&hellip;]<\/p>\n","protected":false},"featured_media":6950,"comment_status":"open","ping_status":"closed","template":"","meta":{"_acf_changed":false},"product_brand":[],"product_cat":[124,272,271],"product_tag":[],"class_list":{"0":"post-6949","1":"product","2":"type-product","3":"status-publish","4":"has-post-thumbnail","6":"product_vendor-flowerline","7":"product_cat-annet","8":"product_cat-emballasje","9":"product_cat-gaveesker","11":"first","12":"instock","13":"taxable","14":"shipping-taxable","15":"product-type-external"},"acf":[],"yoast_head":"<!-- This site is optimized with the Yoast SEO plugin v27.1.1 - https:\/\/yoast.com\/product\/yoast-seo-wordpress\/ -->\n<title>Frakt eske for potteplanter-inkl. potte m\/ fot &#8226; Norwegian Made<\/title>\n<meta name=\"robots\" content=\"index, follow, max-snippet:-1, max-image-preview:large, max-video-preview:-1\" \/>\n<link rel=\"canonical\" href=\"https:\/\/norwegianmade.no\/en\/produkt\/frakt-eske-for-potteplanter-inkl-potte-m-fot\/\" \/>\n<meta property=\"og:locale\" content=\"en_US\" \/>\n<meta property=\"og:type\" content=\"article\" \/>\n<meta property=\"og:title\" content=\"Frakt eske for potteplanter-inkl. potte m\/ fot &#8226; Norwegian Made\" \/>\n<meta property=\"og:description\" content=\"Esken ivaretar planten under frakt og h\u00e5ndtering til kunde. M\u00e5l: lengde 52 cm x bredde 12,5 cm x h\u00f8yde 12 cm. Kartongen [&hellip;]\" \/>\n<meta property=\"og:url\" content=\"https:\/\/norwegianmade.no\/en\/produkt\/frakt-eske-for-potteplanter-inkl-potte-m-fot\/\" \/>\n<meta property=\"og:site_name\" content=\"Norwegian Made\" \/>\n<meta property=\"article:modified_time\" content=\"2024-11-08T01:52:08+00:00\" \/>\n<meta property=\"og:image\" content=\"https:\/\/norwegianmade.no\/wp-content\/uploads\/2021\/06\/frakteske_design_02.jpg\" \/>\n\t<meta property=\"og:image:width\" content=\"750\" \/>\n\t<meta property=\"og:image:height\" content=\"750\" \/>\n\t<meta property=\"og:image:type\" content=\"image\/jpeg\" \/>\n<meta name=\"twitter:card\" content=\"summary_large_image\" \/>\n<meta name=\"twitter:label1\" content=\"Est. reading time\" \/>\n\t<meta name=\"twitter:data1\" content=\"1 minute\" \/>\n<script type=\"application\/ld+json\" class=\"yoast-schema-graph\">{\"@context\":\"https:\/\/schema.org\",\"@graph\":[{\"@type\":\"WebPage\",\"@id\":\"https:\/\/norwegianmade.no\/en\/produkt\/frakt-eske-for-potteplanter-inkl-potte-m-fot\/\",\"url\":\"https:\/\/norwegianmade.no\/en\/produkt\/frakt-eske-for-potteplanter-inkl-potte-m-fot\/\",\"name\":\"Frakt eske for potteplanter-inkl. potte m\/ fot &#8226; Norwegian Made\",\"isPartOf\":{\"@id\":\"https:\/\/norwegianmade.no\/#website\"},\"primaryImageOfPage\":{\"@id\":\"https:\/\/norwegianmade.no\/en\/produkt\/frakt-eske-for-potteplanter-inkl-potte-m-fot\/#primaryimage\"},\"image\":{\"@id\":\"https:\/\/norwegianmade.no\/en\/produkt\/frakt-eske-for-potteplanter-inkl-potte-m-fot\/#primaryimage\"},\"thumbnailUrl\":\"https:\/\/norwegianmade.no\/wp-content\/uploads\/2021\/06\/frakteske_design_02.jpg\",\"datePublished\":\"2021-06-23T15:55:14+00:00\",\"dateModified\":\"2024-11-08T01:52:08+00:00\",\"breadcrumb\":{\"@id\":\"https:\/\/norwegianmade.no\/en\/produkt\/frakt-eske-for-potteplanter-inkl-potte-m-fot\/#breadcrumb\"},\"inLanguage\":\"en-US\",\"potentialAction\":[{\"@type\":\"ReadAction\",\"target\":[\"https:\/\/norwegianmade.no\/en\/produkt\/frakt-eske-for-potteplanter-inkl-potte-m-fot\/\"]}]},{\"@type\":\"ImageObject\",\"inLanguage\":\"en-US\",\"@id\":\"https:\/\/norwegianmade.no\/en\/produkt\/frakt-eske-for-potteplanter-inkl-potte-m-fot\/#primaryimage\",\"url\":\"https:\/\/norwegianmade.no\/wp-content\/uploads\/2021\/06\/frakteske_design_02.jpg\",\"contentUrl\":\"https:\/\/norwegianmade.no\/wp-content\/uploads\/2021\/06\/frakteske_design_02.jpg\",\"width\":750,\"height\":750},{\"@type\":\"BreadcrumbList\",\"@id\":\"https:\/\/norwegianmade.no\/en\/produkt\/frakt-eske-for-potteplanter-inkl-potte-m-fot\/#breadcrumb\",\"itemListElement\":[{\"@type\":\"ListItem\",\"position\":1,\"name\":\"Hjem\",\"item\":\"https:\/\/norwegianmade.no\/en\/\"},{\"@type\":\"ListItem\",\"position\":2,\"name\":\"Shop\",\"item\":\"https:\/\/norwegianmade.no\/en\/shop\/\"},{\"@type\":\"ListItem\",\"position\":3,\"name\":\"Frakt eske for potteplanter-inkl. potte m\/ fot\"}]},{\"@type\":\"WebSite\",\"@id\":\"https:\/\/norwegianmade.no\/#website\",\"url\":\"https:\/\/norwegianmade.no\/\",\"name\":\"Norwegian Made\",\"description\":\"Norges st\u00f8rste markedsplass for norske produsenter\",\"publisher\":{\"@id\":\"https:\/\/norwegianmade.no\/#organization\"},\"potentialAction\":[{\"@type\":\"SearchAction\",\"target\":{\"@type\":\"EntryPoint\",\"urlTemplate\":\"https:\/\/norwegianmade.no\/?s={search_term_string}\"},\"query-input\":{\"@type\":\"PropertyValueSpecification\",\"valueRequired\":true,\"valueName\":\"search_term_string\"}}],\"inLanguage\":\"en-US\"},{\"@type\":\"Organization\",\"@id\":\"https:\/\/norwegianmade.no\/#organization\",\"name\":\"Norwegian Made\",\"url\":\"https:\/\/norwegianmade.no\/\",\"logo\":{\"@type\":\"ImageObject\",\"inLanguage\":\"en-US\",\"@id\":\"https:\/\/norwegianmade.no\/#\/schema\/logo\/image\/\",\"url\":\"https:\/\/norwegianmade.no\/wp-content\/uploads\/2020\/11\/logo-liggende-norwegian-made-web.png\",\"contentUrl\":\"https:\/\/norwegianmade.no\/wp-content\/uploads\/2020\/11\/logo-liggende-norwegian-made-web.png\",\"width\":200,\"height\":58,\"caption\":\"Norwegian Made\"},\"image\":{\"@id\":\"https:\/\/norwegianmade.no\/#\/schema\/logo\/image\/\"}}]}<\/script>\n<!-- \/ Yoast SEO plugin. -->","yoast_head_json":{"title":"Frakt eske for potteplanter-inkl. potte m\/ fot &#8226; Norwegian Made","robots":{"index":"index","follow":"follow","max-snippet":"max-snippet:-1","max-image-preview":"max-image-preview:large","max-video-preview":"max-video-preview:-1"},"canonical":"https:\/\/norwegianmade.no\/en\/produkt\/frakt-eske-for-potteplanter-inkl-potte-m-fot\/","og_locale":"en_US","og_type":"article","og_title":"Frakt eske for potteplanter-inkl. potte m\/ fot &#8226; Norwegian Made","og_description":"Esken ivaretar planten under frakt og h\u00e5ndtering til kunde. M\u00e5l: lengde 52 cm x bredde 12,5 cm x h\u00f8yde 12 cm. Kartongen [&hellip;]","og_url":"https:\/\/norwegianmade.no\/en\/produkt\/frakt-eske-for-potteplanter-inkl-potte-m-fot\/","og_site_name":"Norwegian Made","article_modified_time":"2024-11-08T01:52:08+00:00","og_image":[{"width":750,"height":750,"url":"https:\/\/norwegianmade.no\/wp-content\/uploads\/2021\/06\/frakteske_design_02.jpg","type":"image\/jpeg"}],"twitter_card":"summary_large_image","twitter_misc":{"Est. reading time":"1 minute"},"schema":{"@context":"https:\/\/schema.org","@graph":[{"@type":"WebPage","@id":"https:\/\/norwegianmade.no\/en\/produkt\/frakt-eske-for-potteplanter-inkl-potte-m-fot\/","url":"https:\/\/norwegianmade.no\/en\/produkt\/frakt-eske-for-potteplanter-inkl-potte-m-fot\/","name":"Frakt eske for potteplanter-inkl. potte m\/ fot &#8226; Norwegian Made","isPartOf":{"@id":"https:\/\/norwegianmade.no\/#website"},"primaryImageOfPage":{"@id":"https:\/\/norwegianmade.no\/en\/produkt\/frakt-eske-for-potteplanter-inkl-potte-m-fot\/#primaryimage"},"image":{"@id":"https:\/\/norwegianmade.no\/en\/produkt\/frakt-eske-for-potteplanter-inkl-potte-m-fot\/#primaryimage"},"thumbnailUrl":"https:\/\/norwegianmade.no\/wp-content\/uploads\/2021\/06\/frakteske_design_02.jpg","datePublished":"2021-06-23T15:55:14+00:00","dateModified":"2024-11-08T01:52:08+00:00","breadcrumb":{"@id":"https:\/\/norwegianmade.no\/en\/produkt\/frakt-eske-for-potteplanter-inkl-potte-m-fot\/#breadcrumb"},"inLanguage":"en-US","potentialAction":[{"@type":"ReadAction","target":["https:\/\/norwegianmade.no\/en\/produkt\/frakt-eske-for-potteplanter-inkl-potte-m-fot\/"]}]},{"@type":"ImageObject","inLanguage":"en-US","@id":"https:\/\/norwegianmade.no\/en\/produkt\/frakt-eske-for-potteplanter-inkl-potte-m-fot\/#primaryimage","url":"https:\/\/norwegianmade.no\/wp-content\/uploads\/2021\/06\/frakteske_design_02.jpg","contentUrl":"https:\/\/norwegianmade.no\/wp-content\/uploads\/2021\/06\/frakteske_design_02.jpg","width":750,"height":750},{"@type":"BreadcrumbList","@id":"https:\/\/norwegianmade.no\/en\/produkt\/frakt-eske-for-potteplanter-inkl-potte-m-fot\/#breadcrumb","itemListElement":[{"@type":"ListItem","position":1,"name":"Hjem","item":"https:\/\/norwegianmade.no\/en\/"},{"@type":"ListItem","position":2,"name":"Shop","item":"https:\/\/norwegianmade.no\/en\/shop\/"},{"@type":"ListItem","position":3,"name":"Frakt eske for potteplanter-inkl. potte m\/ fot"}]},{"@type":"WebSite","@id":"https:\/\/norwegianmade.no\/#website","url":"https:\/\/norwegianmade.no\/","name":"Norwegian Made","description":"Norges st\u00f8rste markedsplass for norske produsenter","publisher":{"@id":"https:\/\/norwegianmade.no\/#organization"},"potentialAction":[{"@type":"SearchAction","target":{"@type":"EntryPoint","urlTemplate":"https:\/\/norwegianmade.no\/?s={search_term_string}"},"query-input":{"@type":"PropertyValueSpecification","valueRequired":true,"valueName":"search_term_string"}}],"inLanguage":"en-US"},{"@type":"Organization","@id":"https:\/\/norwegianmade.no\/#organization","name":"Norwegian Made","url":"https:\/\/norwegianmade.no\/","logo":{"@type":"ImageObject","inLanguage":"en-US","@id":"https:\/\/norwegianmade.no\/#\/schema\/logo\/image\/","url":"https:\/\/norwegianmade.no\/wp-content\/uploads\/2020\/11\/logo-liggende-norwegian-made-web.png","contentUrl":"https:\/\/norwegianmade.no\/wp-content\/uploads\/2020\/11\/logo-liggende-norwegian-made-web.png","width":200,"height":58,"caption":"Norwegian Made"},"image":{"@id":"https:\/\/norwegianmade.no\/#\/schema\/logo\/image\/"}}]}},"_links":{"self":[{"href":"https:\/\/norwegianmade.no\/en\/wp-json\/wp\/v2\/product\/6949","targetHints":{"allow":["GET"]}}],"collection":[{"href":"https:\/\/norwegianmade.no\/en\/wp-json\/wp\/v2\/product"}],"about":[{"href":"https:\/\/norwegianmade.no\/en\/wp-json\/wp\/v2\/types\/product"}],"replies":[{"embeddable":true,"href":"https:\/\/norwegianmade.no\/en\/wp-json\/wp\/v2\/comments?post=6949"}],"wp:featuredmedia":[{"embeddable":true,"href":"https:\/\/norwegianmade.no\/en\/wp-json\/wp\/v2\/media\/6950"}],"wp:attachment":[{"href":"https:\/\/norwegianmade.no\/en\/wp-json\/wp\/v2\/media?parent=6949"}],"wp:term":[{"taxonomy":"product_brand","embeddable":true,"href":"https:\/\/norwegianmade.no\/en\/wp-json\/wp\/v2\/product_brand?post=6949"},{"taxonomy":"product_cat","embeddable":true,"href":"https:\/\/norwegianmade.no\/en\/wp-json\/wp\/v2\/product_cat?post=6949"},{"taxonomy":"product_tag","embeddable":true,"href":"https:\/\/norwegianmade.no\/en\/wp-json\/wp\/v2\/product_tag?post=6949"}],"curies":[{"name":"wp","href":"https:\/\/api.w.org\/{rel}","templated":true}]}}