{"id":6968,"date":"2021-06-23T18:24:56","date_gmt":"2021-06-23T16:24:56","guid":{"rendered":"https:\/\/norwegianmade.no\/?post_type=product&#038;p=6968"},"modified":"2021-06-23T18:42:20","modified_gmt":"2021-06-23T16:42:20","slug":"gisela-miljopotte-med-fot","status":"publish","type":"product","link":"https:\/\/norwegianmade.no\/en\/produkt\/gisela-miljopotte-med-fot\/","title":{"rendered":"Gisela milj\u00f8potte med fot"},"content":{"rendered":"<p class=\"\">Gisela har kanter som kan brettes ned for \u00e5 skjule jorden. Potten st\u00e5r fint b\u00e5de ute og inne, men foten liker seg best inne s\u00e5 den slipper for mye regn og hardt v\u00e6r. Den milj\u00f8vennlige potten rommer planter som har opp til 14 cm diameter potte som pottes om &#8211; eller aller helst plantes planten direkte i Flowerline.<\/p>\n<ul data-rte-list=\"default\">\n<li>\n<p class=\"\">komposterbar<\/p>\n<\/li>\n<li>\n<p class=\"\">t\u00e5ler vanning og frost<\/p>\n<\/li>\n<li>\n<p class=\"\">resirkuleres som papp<\/p>\n<\/li>\n<li>\n<p class=\"\">fiber fra nordisk skog<\/p>\n<\/li>\n<\/ul>\n","protected":false},"excerpt":{"rendered":"<p>Gisela har kanter som kan brettes ned for \u00e5 skjule jorden. Potten st\u00e5r fint b\u00e5de ute og inne, men foten liker seg [&hellip;]<\/p>\n","protected":false},"featured_media":6969,"comment_status":"open","ping_status":"closed","template":"","meta":{"_acf_changed":false},"product_brand":[],"product_cat":[124,272,271],"product_tag":[],"class_list":{"0":"post-6968","1":"product","2":"type-product","3":"status-publish","4":"has-post-thumbnail","6":"product_vendor-flowerline","7":"product_cat-annet","8":"product_cat-emballasje","9":"product_cat-gaveesker","11":"first","12":"instock","13":"taxable","14":"shipping-taxable","15":"product-type-external"},"acf":[],"yoast_head":"<!-- This site is optimized with the Yoast SEO plugin v27.1.1 - https:\/\/yoast.com\/product\/yoast-seo-wordpress\/ -->\n<title>Gisela milj\u00f8potte med fot &#8226; Norwegian Made<\/title>\n<meta name=\"robots\" content=\"index, follow, max-snippet:-1, max-image-preview:large, max-video-preview:-1\" \/>\n<link rel=\"canonical\" href=\"https:\/\/norwegianmade.no\/en\/produkt\/gisela-miljopotte-med-fot\/\" \/>\n<meta property=\"og:locale\" content=\"en_US\" \/>\n<meta property=\"og:type\" content=\"article\" \/>\n<meta property=\"og:title\" content=\"Gisela milj\u00f8potte med fot &#8226; Norwegian Made\" \/>\n<meta property=\"og:description\" content=\"Gisela har kanter som kan brettes ned for \u00e5 skjule jorden. Potten st\u00e5r fint b\u00e5de ute og inne, men foten liker seg [&hellip;]\" \/>\n<meta property=\"og:url\" content=\"https:\/\/norwegianmade.no\/en\/produkt\/gisela-miljopotte-med-fot\/\" \/>\n<meta property=\"og:site_name\" content=\"Norwegian Made\" \/>\n<meta property=\"article:modified_time\" content=\"2021-06-23T16:42:20+00:00\" \/>\n<meta property=\"og:image\" content=\"https:\/\/norwegianmade.no\/wp-content\/uploads\/2021\/06\/Gisela_web_1.png\" \/>\n\t<meta property=\"og:image:width\" content=\"750\" \/>\n\t<meta property=\"og:image:height\" content=\"750\" \/>\n\t<meta property=\"og:image:type\" content=\"image\/png\" \/>\n<meta name=\"twitter:card\" content=\"summary_large_image\" \/>\n<script type=\"application\/ld+json\" class=\"yoast-schema-graph\">{\"@context\":\"https:\/\/schema.org\",\"@graph\":[{\"@type\":\"WebPage\",\"@id\":\"https:\/\/norwegianmade.no\/en\/produkt\/gisela-miljopotte-med-fot\/\",\"url\":\"https:\/\/norwegianmade.no\/en\/produkt\/gisela-miljopotte-med-fot\/\",\"name\":\"Gisela milj\u00f8potte med fot &#8226; Norwegian Made\",\"isPartOf\":{\"@id\":\"https:\/\/norwegianmade.no\/#website\"},\"primaryImageOfPage\":{\"@id\":\"https:\/\/norwegianmade.no\/en\/produkt\/gisela-miljopotte-med-fot\/#primaryimage\"},\"image\":{\"@id\":\"https:\/\/norwegianmade.no\/en\/produkt\/gisela-miljopotte-med-fot\/#primaryimage\"},\"thumbnailUrl\":\"https:\/\/norwegianmade.no\/wp-content\/uploads\/2021\/06\/Gisela_web_1.png\",\"datePublished\":\"2021-06-23T16:24:56+00:00\",\"dateModified\":\"2021-06-23T16:42:20+00:00\",\"breadcrumb\":{\"@id\":\"https:\/\/norwegianmade.no\/en\/produkt\/gisela-miljopotte-med-fot\/#breadcrumb\"},\"inLanguage\":\"en-US\",\"potentialAction\":[{\"@type\":\"ReadAction\",\"target\":[\"https:\/\/norwegianmade.no\/en\/produkt\/gisela-miljopotte-med-fot\/\"]}]},{\"@type\":\"ImageObject\",\"inLanguage\":\"en-US\",\"@id\":\"https:\/\/norwegianmade.no\/en\/produkt\/gisela-miljopotte-med-fot\/#primaryimage\",\"url\":\"https:\/\/norwegianmade.no\/wp-content\/uploads\/2021\/06\/Gisela_web_1.png\",\"contentUrl\":\"https:\/\/norwegianmade.no\/wp-content\/uploads\/2021\/06\/Gisela_web_1.png\",\"width\":750,\"height\":750},{\"@type\":\"BreadcrumbList\",\"@id\":\"https:\/\/norwegianmade.no\/en\/produkt\/gisela-miljopotte-med-fot\/#breadcrumb\",\"itemListElement\":[{\"@type\":\"ListItem\",\"position\":1,\"name\":\"Hjem\",\"item\":\"https:\/\/norwegianmade.no\/en\/\"},{\"@type\":\"ListItem\",\"position\":2,\"name\":\"Shop\",\"item\":\"https:\/\/norwegianmade.no\/en\/shop\/\"},{\"@type\":\"ListItem\",\"position\":3,\"name\":\"Gisela milj\u00f8potte med fot\"}]},{\"@type\":\"WebSite\",\"@id\":\"https:\/\/norwegianmade.no\/#website\",\"url\":\"https:\/\/norwegianmade.no\/\",\"name\":\"Norwegian Made\",\"description\":\"Norges st\u00f8rste markedsplass for norske produsenter\",\"publisher\":{\"@id\":\"https:\/\/norwegianmade.no\/#organization\"},\"potentialAction\":[{\"@type\":\"SearchAction\",\"target\":{\"@type\":\"EntryPoint\",\"urlTemplate\":\"https:\/\/norwegianmade.no\/?s={search_term_string}\"},\"query-input\":{\"@type\":\"PropertyValueSpecification\",\"valueRequired\":true,\"valueName\":\"search_term_string\"}}],\"inLanguage\":\"en-US\"},{\"@type\":\"Organization\",\"@id\":\"https:\/\/norwegianmade.no\/#organization\",\"name\":\"Norwegian Made\",\"url\":\"https:\/\/norwegianmade.no\/\",\"logo\":{\"@type\":\"ImageObject\",\"inLanguage\":\"en-US\",\"@id\":\"https:\/\/norwegianmade.no\/#\/schema\/logo\/image\/\",\"url\":\"https:\/\/norwegianmade.no\/wp-content\/uploads\/2020\/11\/logo-liggende-norwegian-made-web.png\",\"contentUrl\":\"https:\/\/norwegianmade.no\/wp-content\/uploads\/2020\/11\/logo-liggende-norwegian-made-web.png\",\"width\":200,\"height\":58,\"caption\":\"Norwegian Made\"},\"image\":{\"@id\":\"https:\/\/norwegianmade.no\/#\/schema\/logo\/image\/\"}}]}<\/script>\n<!-- \/ Yoast SEO plugin. -->","yoast_head_json":{"title":"Gisela milj\u00f8potte med fot &#8226; Norwegian Made","robots":{"index":"index","follow":"follow","max-snippet":"max-snippet:-1","max-image-preview":"max-image-preview:large","max-video-preview":"max-video-preview:-1"},"canonical":"https:\/\/norwegianmade.no\/en\/produkt\/gisela-miljopotte-med-fot\/","og_locale":"en_US","og_type":"article","og_title":"Gisela milj\u00f8potte med fot &#8226; Norwegian Made","og_description":"Gisela har kanter som kan brettes ned for \u00e5 skjule jorden. Potten st\u00e5r fint b\u00e5de ute og inne, men foten liker seg [&hellip;]","og_url":"https:\/\/norwegianmade.no\/en\/produkt\/gisela-miljopotte-med-fot\/","og_site_name":"Norwegian Made","article_modified_time":"2021-06-23T16:42:20+00:00","og_image":[{"width":750,"height":750,"url":"https:\/\/norwegianmade.no\/wp-content\/uploads\/2021\/06\/Gisela_web_1.png","type":"image\/png"}],"twitter_card":"summary_large_image","schema":{"@context":"https:\/\/schema.org","@graph":[{"@type":"WebPage","@id":"https:\/\/norwegianmade.no\/en\/produkt\/gisela-miljopotte-med-fot\/","url":"https:\/\/norwegianmade.no\/en\/produkt\/gisela-miljopotte-med-fot\/","name":"Gisela milj\u00f8potte med fot &#8226; Norwegian Made","isPartOf":{"@id":"https:\/\/norwegianmade.no\/#website"},"primaryImageOfPage":{"@id":"https:\/\/norwegianmade.no\/en\/produkt\/gisela-miljopotte-med-fot\/#primaryimage"},"image":{"@id":"https:\/\/norwegianmade.no\/en\/produkt\/gisela-miljopotte-med-fot\/#primaryimage"},"thumbnailUrl":"https:\/\/norwegianmade.no\/wp-content\/uploads\/2021\/06\/Gisela_web_1.png","datePublished":"2021-06-23T16:24:56+00:00","dateModified":"2021-06-23T16:42:20+00:00","breadcrumb":{"@id":"https:\/\/norwegianmade.no\/en\/produkt\/gisela-miljopotte-med-fot\/#breadcrumb"},"inLanguage":"en-US","potentialAction":[{"@type":"ReadAction","target":["https:\/\/norwegianmade.no\/en\/produkt\/gisela-miljopotte-med-fot\/"]}]},{"@type":"ImageObject","inLanguage":"en-US","@id":"https:\/\/norwegianmade.no\/en\/produkt\/gisela-miljopotte-med-fot\/#primaryimage","url":"https:\/\/norwegianmade.no\/wp-content\/uploads\/2021\/06\/Gisela_web_1.png","contentUrl":"https:\/\/norwegianmade.no\/wp-content\/uploads\/2021\/06\/Gisela_web_1.png","width":750,"height":750},{"@type":"BreadcrumbList","@id":"https:\/\/norwegianmade.no\/en\/produkt\/gisela-miljopotte-med-fot\/#breadcrumb","itemListElement":[{"@type":"ListItem","position":1,"name":"Hjem","item":"https:\/\/norwegianmade.no\/en\/"},{"@type":"ListItem","position":2,"name":"Shop","item":"https:\/\/norwegianmade.no\/en\/shop\/"},{"@type":"ListItem","position":3,"name":"Gisela milj\u00f8potte med fot"}]},{"@type":"WebSite","@id":"https:\/\/norwegianmade.no\/#website","url":"https:\/\/norwegianmade.no\/","name":"Norwegian Made","description":"Norges st\u00f8rste markedsplass for norske produsenter","publisher":{"@id":"https:\/\/norwegianmade.no\/#organization"},"potentialAction":[{"@type":"SearchAction","target":{"@type":"EntryPoint","urlTemplate":"https:\/\/norwegianmade.no\/?s={search_term_string}"},"query-input":{"@type":"PropertyValueSpecification","valueRequired":true,"valueName":"search_term_string"}}],"inLanguage":"en-US"},{"@type":"Organization","@id":"https:\/\/norwegianmade.no\/#organization","name":"Norwegian Made","url":"https:\/\/norwegianmade.no\/","logo":{"@type":"ImageObject","inLanguage":"en-US","@id":"https:\/\/norwegianmade.no\/#\/schema\/logo\/image\/","url":"https:\/\/norwegianmade.no\/wp-content\/uploads\/2020\/11\/logo-liggende-norwegian-made-web.png","contentUrl":"https:\/\/norwegianmade.no\/wp-content\/uploads\/2020\/11\/logo-liggende-norwegian-made-web.png","width":200,"height":58,"caption":"Norwegian Made"},"image":{"@id":"https:\/\/norwegianmade.no\/#\/schema\/logo\/image\/"}}]}},"_links":{"self":[{"href":"https:\/\/norwegianmade.no\/en\/wp-json\/wp\/v2\/product\/6968","targetHints":{"allow":["GET"]}}],"collection":[{"href":"https:\/\/norwegianmade.no\/en\/wp-json\/wp\/v2\/product"}],"about":[{"href":"https:\/\/norwegianmade.no\/en\/wp-json\/wp\/v2\/types\/product"}],"replies":[{"embeddable":true,"href":"https:\/\/norwegianmade.no\/en\/wp-json\/wp\/v2\/comments?post=6968"}],"wp:featuredmedia":[{"embeddable":true,"href":"https:\/\/norwegianmade.no\/en\/wp-json\/wp\/v2\/media\/6969"}],"wp:attachment":[{"href":"https:\/\/norwegianmade.no\/en\/wp-json\/wp\/v2\/media?parent=6968"}],"wp:term":[{"taxonomy":"product_brand","embeddable":true,"href":"https:\/\/norwegianmade.no\/en\/wp-json\/wp\/v2\/product_brand?post=6968"},{"taxonomy":"product_cat","embeddable":true,"href":"https:\/\/norwegianmade.no\/en\/wp-json\/wp\/v2\/product_cat?post=6968"},{"taxonomy":"product_tag","embeddable":true,"href":"https:\/\/norwegianmade.no\/en\/wp-json\/wp\/v2\/product_tag?post=6968"}],"curies":[{"name":"wp","href":"https:\/\/api.w.org\/{rel}","templated":true}]}}