{"id":6971,"date":"2021-06-23T18:44:22","date_gmt":"2021-06-23T16:44:22","guid":{"rendered":"https:\/\/norwegianmade.no\/?post_type=product&#038;p=6971"},"modified":"2021-06-23T18:45:27","modified_gmt":"2021-06-23T16:45:27","slug":"elizabeth-potte-kit-12-stk","status":"publish","type":"product","link":"https:\/\/norwegianmade.no\/en\/produkt\/elizabeth-potte-kit-12-stk\/","title":{"rendered":"Elizabeth potte kit 12 stk"},"content":{"rendered":"<div class=\"ProductItem-details-excerpt\" data-content-field=\"excerpt\">\n<p class=\"\">Elizabeth er laget av ren fiber fra svensk, b\u00e6rekraftig skog. Hun passer perfekt til sm\u00e5 sukkulenter og andre vekster som kan st\u00e5 parvis og vil pynte opp enhver bokhyller eller smal vask.<br \/>\nElizabeth kommer i marmor m\u00f8nster, og passer ogs\u00e5 til sm\u00e5 urter p\u00e5 for eksempel kj\u00f8kkenbenken.<\/p>\n<ul data-rte-list=\"default\">\n<li>\n<p class=\"\">t\u00e5ler vanning<\/p>\n<\/li>\n<li>\n<p class=\"\">resirkuleres som papp<\/p>\n<\/li>\n<li>\n<p class=\"\">fiber fra nordisk skog<\/p>\n<\/li>\n<\/ul>\n<p class=\"\">Ved bestilling av Elizabeth kit f\u00e5r du 12 stk.+ frakt.<br \/>\nFor bestilling av mer enn 3 kit, ta kontakt for reduserte forhandler priser.<\/p>\n<\/div>\n","protected":false},"excerpt":{"rendered":"<p>Elizabeth er laget av ren fiber fra svensk, b\u00e6rekraftig skog. Hun passer perfekt til sm\u00e5 sukkulenter og andre vekster som kan st\u00e5 [&hellip;]<\/p>\n","protected":false},"featured_media":6972,"comment_status":"open","ping_status":"closed","template":"","meta":{"_acf_changed":false},"product_brand":[],"product_cat":[124,272,271],"product_tag":[],"class_list":{"0":"post-6971","1":"product","2":"type-product","3":"status-publish","4":"has-post-thumbnail","6":"product_vendor-flowerline","7":"product_cat-annet","8":"product_cat-emballasje","9":"product_cat-gaveesker","11":"first","12":"instock","13":"taxable","14":"shipping-taxable","15":"product-type-external"},"acf":[],"yoast_head":"<!-- This site is optimized with the Yoast SEO plugin v27.1.1 - https:\/\/yoast.com\/product\/yoast-seo-wordpress\/ -->\n<title>Elizabeth potte kit 12 stk &#8226; Norwegian Made<\/title>\n<meta name=\"robots\" content=\"index, follow, max-snippet:-1, max-image-preview:large, max-video-preview:-1\" \/>\n<link rel=\"canonical\" href=\"https:\/\/norwegianmade.no\/produkt\/elizabeth-potte-kit-12-stk\/\" \/>\n<meta property=\"og:locale\" content=\"en_US\" \/>\n<meta property=\"og:type\" content=\"article\" \/>\n<meta property=\"og:title\" content=\"Elizabeth potte kit 12 stk &#8226; Norwegian Made\" \/>\n<meta property=\"og:description\" content=\"Elizabeth er laget av ren fiber fra svensk, b\u00e6rekraftig skog. Hun passer perfekt til sm\u00e5 sukkulenter og andre vekster som kan st\u00e5 [&hellip;]\" \/>\n<meta property=\"og:url\" content=\"https:\/\/norwegianmade.no\/produkt\/elizabeth-potte-kit-12-stk\/\" \/>\n<meta property=\"og:site_name\" content=\"Norwegian Made\" \/>\n<meta property=\"article:modified_time\" content=\"2021-06-23T16:45:27+00:00\" \/>\n<meta property=\"og:image\" content=\"https:\/\/norwegianmade.no\/wp-content\/uploads\/2021\/06\/Elizabeth_web-1.png\" \/>\n\t<meta property=\"og:image:width\" content=\"750\" \/>\n\t<meta property=\"og:image:height\" content=\"750\" \/>\n\t<meta property=\"og:image:type\" content=\"image\/png\" \/>\n<meta name=\"twitter:card\" content=\"summary_large_image\" \/>\n<script type=\"application\/ld+json\" class=\"yoast-schema-graph\">{\"@context\":\"https:\/\/schema.org\",\"@graph\":[{\"@type\":\"WebPage\",\"@id\":\"https:\/\/norwegianmade.no\/produkt\/elizabeth-potte-kit-12-stk\/\",\"url\":\"https:\/\/norwegianmade.no\/produkt\/elizabeth-potte-kit-12-stk\/\",\"name\":\"Elizabeth potte kit 12 stk &#8226; Norwegian Made\",\"isPartOf\":{\"@id\":\"https:\/\/norwegianmade.no\/#website\"},\"primaryImageOfPage\":{\"@id\":\"https:\/\/norwegianmade.no\/produkt\/elizabeth-potte-kit-12-stk\/#primaryimage\"},\"image\":{\"@id\":\"https:\/\/norwegianmade.no\/produkt\/elizabeth-potte-kit-12-stk\/#primaryimage\"},\"thumbnailUrl\":\"https:\/\/norwegianmade.no\/wp-content\/uploads\/2021\/06\/Elizabeth_web-1.png\",\"datePublished\":\"2021-06-23T16:44:22+00:00\",\"dateModified\":\"2021-06-23T16:45:27+00:00\",\"breadcrumb\":{\"@id\":\"https:\/\/norwegianmade.no\/produkt\/elizabeth-potte-kit-12-stk\/#breadcrumb\"},\"inLanguage\":\"en-US\",\"potentialAction\":[{\"@type\":\"ReadAction\",\"target\":[\"https:\/\/norwegianmade.no\/produkt\/elizabeth-potte-kit-12-stk\/\"]}]},{\"@type\":\"ImageObject\",\"inLanguage\":\"en-US\",\"@id\":\"https:\/\/norwegianmade.no\/produkt\/elizabeth-potte-kit-12-stk\/#primaryimage\",\"url\":\"https:\/\/norwegianmade.no\/wp-content\/uploads\/2021\/06\/Elizabeth_web-1.png\",\"contentUrl\":\"https:\/\/norwegianmade.no\/wp-content\/uploads\/2021\/06\/Elizabeth_web-1.png\",\"width\":750,\"height\":750},{\"@type\":\"BreadcrumbList\",\"@id\":\"https:\/\/norwegianmade.no\/produkt\/elizabeth-potte-kit-12-stk\/#breadcrumb\",\"itemListElement\":[{\"@type\":\"ListItem\",\"position\":1,\"name\":\"Hjem\",\"item\":\"https:\/\/norwegianmade.no\/en\/\"},{\"@type\":\"ListItem\",\"position\":2,\"name\":\"Shop\",\"item\":\"https:\/\/norwegianmade.no\/en\/shop\/\"},{\"@type\":\"ListItem\",\"position\":3,\"name\":\"Elizabeth potte kit 12 stk\"}]},{\"@type\":\"WebSite\",\"@id\":\"https:\/\/norwegianmade.no\/#website\",\"url\":\"https:\/\/norwegianmade.no\/\",\"name\":\"Norwegian Made\",\"description\":\"Norges st\u00f8rste markedsplass for norske produsenter\",\"publisher\":{\"@id\":\"https:\/\/norwegianmade.no\/#organization\"},\"potentialAction\":[{\"@type\":\"SearchAction\",\"target\":{\"@type\":\"EntryPoint\",\"urlTemplate\":\"https:\/\/norwegianmade.no\/?s={search_term_string}\"},\"query-input\":{\"@type\":\"PropertyValueSpecification\",\"valueRequired\":true,\"valueName\":\"search_term_string\"}}],\"inLanguage\":\"en-US\"},{\"@type\":\"Organization\",\"@id\":\"https:\/\/norwegianmade.no\/#organization\",\"name\":\"Norwegian Made\",\"url\":\"https:\/\/norwegianmade.no\/\",\"logo\":{\"@type\":\"ImageObject\",\"inLanguage\":\"en-US\",\"@id\":\"https:\/\/norwegianmade.no\/#\/schema\/logo\/image\/\",\"url\":\"https:\/\/norwegianmade.no\/wp-content\/uploads\/2020\/11\/logo-liggende-norwegian-made-web.png\",\"contentUrl\":\"https:\/\/norwegianmade.no\/wp-content\/uploads\/2020\/11\/logo-liggende-norwegian-made-web.png\",\"width\":200,\"height\":58,\"caption\":\"Norwegian Made\"},\"image\":{\"@id\":\"https:\/\/norwegianmade.no\/#\/schema\/logo\/image\/\"}}]}<\/script>\n<!-- \/ Yoast SEO plugin. -->","yoast_head_json":{"title":"Elizabeth potte kit 12 stk &#8226; Norwegian Made","robots":{"index":"index","follow":"follow","max-snippet":"max-snippet:-1","max-image-preview":"max-image-preview:large","max-video-preview":"max-video-preview:-1"},"canonical":"https:\/\/norwegianmade.no\/produkt\/elizabeth-potte-kit-12-stk\/","og_locale":"en_US","og_type":"article","og_title":"Elizabeth potte kit 12 stk &#8226; Norwegian Made","og_description":"Elizabeth er laget av ren fiber fra svensk, b\u00e6rekraftig skog. Hun passer perfekt til sm\u00e5 sukkulenter og andre vekster som kan st\u00e5 [&hellip;]","og_url":"https:\/\/norwegianmade.no\/produkt\/elizabeth-potte-kit-12-stk\/","og_site_name":"Norwegian Made","article_modified_time":"2021-06-23T16:45:27+00:00","og_image":[{"width":750,"height":750,"url":"https:\/\/norwegianmade.no\/wp-content\/uploads\/2021\/06\/Elizabeth_web-1.png","type":"image\/png"}],"twitter_card":"summary_large_image","schema":{"@context":"https:\/\/schema.org","@graph":[{"@type":"WebPage","@id":"https:\/\/norwegianmade.no\/produkt\/elizabeth-potte-kit-12-stk\/","url":"https:\/\/norwegianmade.no\/produkt\/elizabeth-potte-kit-12-stk\/","name":"Elizabeth potte kit 12 stk &#8226; Norwegian Made","isPartOf":{"@id":"https:\/\/norwegianmade.no\/#website"},"primaryImageOfPage":{"@id":"https:\/\/norwegianmade.no\/produkt\/elizabeth-potte-kit-12-stk\/#primaryimage"},"image":{"@id":"https:\/\/norwegianmade.no\/produkt\/elizabeth-potte-kit-12-stk\/#primaryimage"},"thumbnailUrl":"https:\/\/norwegianmade.no\/wp-content\/uploads\/2021\/06\/Elizabeth_web-1.png","datePublished":"2021-06-23T16:44:22+00:00","dateModified":"2021-06-23T16:45:27+00:00","breadcrumb":{"@id":"https:\/\/norwegianmade.no\/produkt\/elizabeth-potte-kit-12-stk\/#breadcrumb"},"inLanguage":"en-US","potentialAction":[{"@type":"ReadAction","target":["https:\/\/norwegianmade.no\/produkt\/elizabeth-potte-kit-12-stk\/"]}]},{"@type":"ImageObject","inLanguage":"en-US","@id":"https:\/\/norwegianmade.no\/produkt\/elizabeth-potte-kit-12-stk\/#primaryimage","url":"https:\/\/norwegianmade.no\/wp-content\/uploads\/2021\/06\/Elizabeth_web-1.png","contentUrl":"https:\/\/norwegianmade.no\/wp-content\/uploads\/2021\/06\/Elizabeth_web-1.png","width":750,"height":750},{"@type":"BreadcrumbList","@id":"https:\/\/norwegianmade.no\/produkt\/elizabeth-potte-kit-12-stk\/#breadcrumb","itemListElement":[{"@type":"ListItem","position":1,"name":"Hjem","item":"https:\/\/norwegianmade.no\/en\/"},{"@type":"ListItem","position":2,"name":"Shop","item":"https:\/\/norwegianmade.no\/en\/shop\/"},{"@type":"ListItem","position":3,"name":"Elizabeth potte kit 12 stk"}]},{"@type":"WebSite","@id":"https:\/\/norwegianmade.no\/#website","url":"https:\/\/norwegianmade.no\/","name":"Norwegian Made","description":"Norges st\u00f8rste markedsplass for norske produsenter","publisher":{"@id":"https:\/\/norwegianmade.no\/#organization"},"potentialAction":[{"@type":"SearchAction","target":{"@type":"EntryPoint","urlTemplate":"https:\/\/norwegianmade.no\/?s={search_term_string}"},"query-input":{"@type":"PropertyValueSpecification","valueRequired":true,"valueName":"search_term_string"}}],"inLanguage":"en-US"},{"@type":"Organization","@id":"https:\/\/norwegianmade.no\/#organization","name":"Norwegian Made","url":"https:\/\/norwegianmade.no\/","logo":{"@type":"ImageObject","inLanguage":"en-US","@id":"https:\/\/norwegianmade.no\/#\/schema\/logo\/image\/","url":"https:\/\/norwegianmade.no\/wp-content\/uploads\/2020\/11\/logo-liggende-norwegian-made-web.png","contentUrl":"https:\/\/norwegianmade.no\/wp-content\/uploads\/2020\/11\/logo-liggende-norwegian-made-web.png","width":200,"height":58,"caption":"Norwegian Made"},"image":{"@id":"https:\/\/norwegianmade.no\/#\/schema\/logo\/image\/"}}]}},"_links":{"self":[{"href":"https:\/\/norwegianmade.no\/en\/wp-json\/wp\/v2\/product\/6971","targetHints":{"allow":["GET"]}}],"collection":[{"href":"https:\/\/norwegianmade.no\/en\/wp-json\/wp\/v2\/product"}],"about":[{"href":"https:\/\/norwegianmade.no\/en\/wp-json\/wp\/v2\/types\/product"}],"replies":[{"embeddable":true,"href":"https:\/\/norwegianmade.no\/en\/wp-json\/wp\/v2\/comments?post=6971"}],"wp:featuredmedia":[{"embeddable":true,"href":"https:\/\/norwegianmade.no\/en\/wp-json\/wp\/v2\/media\/6972"}],"wp:attachment":[{"href":"https:\/\/norwegianmade.no\/en\/wp-json\/wp\/v2\/media?parent=6971"}],"wp:term":[{"taxonomy":"product_brand","embeddable":true,"href":"https:\/\/norwegianmade.no\/en\/wp-json\/wp\/v2\/product_brand?post=6971"},{"taxonomy":"product_cat","embeddable":true,"href":"https:\/\/norwegianmade.no\/en\/wp-json\/wp\/v2\/product_cat?post=6971"},{"taxonomy":"product_tag","embeddable":true,"href":"https:\/\/norwegianmade.no\/en\/wp-json\/wp\/v2\/product_tag?post=6971"}],"curies":[{"name":"wp","href":"https:\/\/api.w.org\/{rel}","templated":true}]}}