{"id":6993,"date":"2021-06-23T19:05:51","date_gmt":"2021-06-23T17:05:51","guid":{"rendered":"https:\/\/norwegianmade.no\/?post_type=product&#038;p=6993"},"modified":"2021-06-23T19:06:21","modified_gmt":"2021-06-23T17:06:21","slug":"vinterkampanje-fabulous-you","status":"publish","type":"product","link":"https:\/\/norwegianmade.no\/en\/produkt\/vinterkampanje-fabulous-you\/","title":{"rendered":"Vinterkampanje &#8211; Fabulous You"},"content":{"rendered":"<div class=\"ProductItem-details-excerpt\" data-content-field=\"excerpt\">\n<p class=\"\">Vinterkampanje Fabulous You i helt nytt design p\u00e5 Joycee potten v\u00e5r. Dette settet passer perfekt som vertinnegave, julegave, eller hvis du bare \u00f8nsker \u00e5 gi noen en ekstra oppmerksomhet.<\/p>\n<p class=\"\">I dette settet f\u00e5r du to Joycee potter i sort design, inkludert to sorte f\u00f8tter hvor det st\u00e5r \u201cfabulous you\u201d<\/p>\n<p class=\"\">Denne potten har stramme fine linjer, og innbrettet kant \u00f8verst. Joycee er konstruert med en helt ny type kartong som er utviklet spesielt med tanke p\u00e5 milj\u00f8et. Potten st\u00e5r fint b\u00e5de ute og inne, men foten liker seg best inne s\u00e5 den slipper for mye regn og hardt v\u00e6r.<\/p>\n<ul data-rte-list=\"default\">\n<li>\n<p class=\"\">komposterbar<\/p>\n<\/li>\n<li>\n<p class=\"\">t\u00e5ler vanning og frost<\/p>\n<\/li>\n<li>\n<p class=\"\">resirkuleres som papp<\/p>\n<\/li>\n<li>\n<p class=\"\">fiber fra nordisk skog<\/p>\n<\/li>\n<\/ul>\n<\/div>\n","protected":false},"excerpt":{"rendered":"<p>Vinterkampanje Fabulous You i helt nytt design p\u00e5 Joycee potten v\u00e5r. Dette settet passer perfekt som vertinnegave, julegave, eller hvis du bare [&hellip;]<\/p>\n","protected":false},"featured_media":6994,"comment_status":"open","ping_status":"closed","template":"","meta":{"_acf_changed":false},"product_brand":[],"product_cat":[124,272,271],"product_tag":[],"class_list":{"0":"post-6993","1":"product","2":"type-product","3":"status-publish","4":"has-post-thumbnail","6":"product_vendor-flowerline","7":"product_cat-annet","8":"product_cat-emballasje","9":"product_cat-gaveesker","11":"first","12":"instock","13":"taxable","14":"shipping-taxable","15":"product-type-external"},"acf":[],"yoast_head":"<!-- This site is optimized with the Yoast SEO plugin v27.1.1 - https:\/\/yoast.com\/product\/yoast-seo-wordpress\/ -->\n<title>Vinterkampanje - Fabulous You &#8226; Norwegian Made<\/title>\n<meta name=\"robots\" content=\"index, follow, max-snippet:-1, max-image-preview:large, max-video-preview:-1\" \/>\n<link rel=\"canonical\" href=\"https:\/\/norwegianmade.no\/produkt\/vinterkampanje-fabulous-you\/\" \/>\n<meta property=\"og:locale\" content=\"en_US\" \/>\n<meta property=\"og:type\" content=\"article\" \/>\n<meta property=\"og:title\" content=\"Vinterkampanje - Fabulous You &#8226; Norwegian Made\" \/>\n<meta property=\"og:description\" content=\"Vinterkampanje Fabulous You i helt nytt design p\u00e5 Joycee potten v\u00e5r. Dette settet passer perfekt som vertinnegave, julegave, eller hvis du bare [&hellip;]\" \/>\n<meta property=\"og:url\" content=\"https:\/\/norwegianmade.no\/produkt\/vinterkampanje-fabulous-you\/\" \/>\n<meta property=\"og:site_name\" content=\"Norwegian Made\" \/>\n<meta property=\"article:modified_time\" content=\"2021-06-23T17:06:21+00:00\" \/>\n<meta property=\"og:image\" content=\"https:\/\/norwegianmade.no\/wp-content\/uploads\/2021\/06\/FlowerLine__7sort.jpg\" \/>\n\t<meta property=\"og:image:width\" content=\"1000\" \/>\n\t<meta property=\"og:image:height\" content=\"667\" \/>\n\t<meta property=\"og:image:type\" content=\"image\/jpeg\" \/>\n<meta name=\"twitter:card\" content=\"summary_large_image\" \/>\n<meta name=\"twitter:label1\" content=\"Est. reading time\" \/>\n\t<meta name=\"twitter:data1\" content=\"1 minute\" \/>\n<script type=\"application\/ld+json\" class=\"yoast-schema-graph\">{\"@context\":\"https:\/\/schema.org\",\"@graph\":[{\"@type\":\"WebPage\",\"@id\":\"https:\/\/norwegianmade.no\/produkt\/vinterkampanje-fabulous-you\/\",\"url\":\"https:\/\/norwegianmade.no\/produkt\/vinterkampanje-fabulous-you\/\",\"name\":\"Vinterkampanje - Fabulous You &#8226; Norwegian Made\",\"isPartOf\":{\"@id\":\"https:\/\/norwegianmade.no\/#website\"},\"primaryImageOfPage\":{\"@id\":\"https:\/\/norwegianmade.no\/produkt\/vinterkampanje-fabulous-you\/#primaryimage\"},\"image\":{\"@id\":\"https:\/\/norwegianmade.no\/produkt\/vinterkampanje-fabulous-you\/#primaryimage\"},\"thumbnailUrl\":\"https:\/\/norwegianmade.no\/wp-content\/uploads\/2021\/06\/FlowerLine__7sort.jpg\",\"datePublished\":\"2021-06-23T17:05:51+00:00\",\"dateModified\":\"2021-06-23T17:06:21+00:00\",\"breadcrumb\":{\"@id\":\"https:\/\/norwegianmade.no\/produkt\/vinterkampanje-fabulous-you\/#breadcrumb\"},\"inLanguage\":\"en-US\",\"potentialAction\":[{\"@type\":\"ReadAction\",\"target\":[\"https:\/\/norwegianmade.no\/produkt\/vinterkampanje-fabulous-you\/\"]}]},{\"@type\":\"ImageObject\",\"inLanguage\":\"en-US\",\"@id\":\"https:\/\/norwegianmade.no\/produkt\/vinterkampanje-fabulous-you\/#primaryimage\",\"url\":\"https:\/\/norwegianmade.no\/wp-content\/uploads\/2021\/06\/FlowerLine__7sort.jpg\",\"contentUrl\":\"https:\/\/norwegianmade.no\/wp-content\/uploads\/2021\/06\/FlowerLine__7sort.jpg\",\"width\":1000,\"height\":667},{\"@type\":\"BreadcrumbList\",\"@id\":\"https:\/\/norwegianmade.no\/produkt\/vinterkampanje-fabulous-you\/#breadcrumb\",\"itemListElement\":[{\"@type\":\"ListItem\",\"position\":1,\"name\":\"Hjem\",\"item\":\"https:\/\/norwegianmade.no\/en\/\"},{\"@type\":\"ListItem\",\"position\":2,\"name\":\"Shop\",\"item\":\"https:\/\/norwegianmade.no\/en\/shop\/\"},{\"@type\":\"ListItem\",\"position\":3,\"name\":\"Vinterkampanje &#8211; Fabulous You\"}]},{\"@type\":\"WebSite\",\"@id\":\"https:\/\/norwegianmade.no\/#website\",\"url\":\"https:\/\/norwegianmade.no\/\",\"name\":\"Norwegian Made\",\"description\":\"Norges st\u00f8rste markedsplass for norske produsenter\",\"publisher\":{\"@id\":\"https:\/\/norwegianmade.no\/#organization\"},\"potentialAction\":[{\"@type\":\"SearchAction\",\"target\":{\"@type\":\"EntryPoint\",\"urlTemplate\":\"https:\/\/norwegianmade.no\/?s={search_term_string}\"},\"query-input\":{\"@type\":\"PropertyValueSpecification\",\"valueRequired\":true,\"valueName\":\"search_term_string\"}}],\"inLanguage\":\"en-US\"},{\"@type\":\"Organization\",\"@id\":\"https:\/\/norwegianmade.no\/#organization\",\"name\":\"Norwegian Made\",\"url\":\"https:\/\/norwegianmade.no\/\",\"logo\":{\"@type\":\"ImageObject\",\"inLanguage\":\"en-US\",\"@id\":\"https:\/\/norwegianmade.no\/#\/schema\/logo\/image\/\",\"url\":\"https:\/\/norwegianmade.no\/wp-content\/uploads\/2020\/11\/logo-liggende-norwegian-made-web.png\",\"contentUrl\":\"https:\/\/norwegianmade.no\/wp-content\/uploads\/2020\/11\/logo-liggende-norwegian-made-web.png\",\"width\":200,\"height\":58,\"caption\":\"Norwegian Made\"},\"image\":{\"@id\":\"https:\/\/norwegianmade.no\/#\/schema\/logo\/image\/\"}}]}<\/script>\n<!-- \/ Yoast SEO plugin. -->","yoast_head_json":{"title":"Vinterkampanje - Fabulous You &#8226; Norwegian Made","robots":{"index":"index","follow":"follow","max-snippet":"max-snippet:-1","max-image-preview":"max-image-preview:large","max-video-preview":"max-video-preview:-1"},"canonical":"https:\/\/norwegianmade.no\/produkt\/vinterkampanje-fabulous-you\/","og_locale":"en_US","og_type":"article","og_title":"Vinterkampanje - Fabulous You &#8226; Norwegian Made","og_description":"Vinterkampanje Fabulous You i helt nytt design p\u00e5 Joycee potten v\u00e5r. Dette settet passer perfekt som vertinnegave, julegave, eller hvis du bare [&hellip;]","og_url":"https:\/\/norwegianmade.no\/produkt\/vinterkampanje-fabulous-you\/","og_site_name":"Norwegian Made","article_modified_time":"2021-06-23T17:06:21+00:00","og_image":[{"width":1000,"height":667,"url":"https:\/\/norwegianmade.no\/wp-content\/uploads\/2021\/06\/FlowerLine__7sort.jpg","type":"image\/jpeg"}],"twitter_card":"summary_large_image","twitter_misc":{"Est. reading time":"1 minute"},"schema":{"@context":"https:\/\/schema.org","@graph":[{"@type":"WebPage","@id":"https:\/\/norwegianmade.no\/produkt\/vinterkampanje-fabulous-you\/","url":"https:\/\/norwegianmade.no\/produkt\/vinterkampanje-fabulous-you\/","name":"Vinterkampanje - Fabulous You &#8226; Norwegian Made","isPartOf":{"@id":"https:\/\/norwegianmade.no\/#website"},"primaryImageOfPage":{"@id":"https:\/\/norwegianmade.no\/produkt\/vinterkampanje-fabulous-you\/#primaryimage"},"image":{"@id":"https:\/\/norwegianmade.no\/produkt\/vinterkampanje-fabulous-you\/#primaryimage"},"thumbnailUrl":"https:\/\/norwegianmade.no\/wp-content\/uploads\/2021\/06\/FlowerLine__7sort.jpg","datePublished":"2021-06-23T17:05:51+00:00","dateModified":"2021-06-23T17:06:21+00:00","breadcrumb":{"@id":"https:\/\/norwegianmade.no\/produkt\/vinterkampanje-fabulous-you\/#breadcrumb"},"inLanguage":"en-US","potentialAction":[{"@type":"ReadAction","target":["https:\/\/norwegianmade.no\/produkt\/vinterkampanje-fabulous-you\/"]}]},{"@type":"ImageObject","inLanguage":"en-US","@id":"https:\/\/norwegianmade.no\/produkt\/vinterkampanje-fabulous-you\/#primaryimage","url":"https:\/\/norwegianmade.no\/wp-content\/uploads\/2021\/06\/FlowerLine__7sort.jpg","contentUrl":"https:\/\/norwegianmade.no\/wp-content\/uploads\/2021\/06\/FlowerLine__7sort.jpg","width":1000,"height":667},{"@type":"BreadcrumbList","@id":"https:\/\/norwegianmade.no\/produkt\/vinterkampanje-fabulous-you\/#breadcrumb","itemListElement":[{"@type":"ListItem","position":1,"name":"Hjem","item":"https:\/\/norwegianmade.no\/en\/"},{"@type":"ListItem","position":2,"name":"Shop","item":"https:\/\/norwegianmade.no\/en\/shop\/"},{"@type":"ListItem","position":3,"name":"Vinterkampanje &#8211; Fabulous You"}]},{"@type":"WebSite","@id":"https:\/\/norwegianmade.no\/#website","url":"https:\/\/norwegianmade.no\/","name":"Norwegian Made","description":"Norges st\u00f8rste markedsplass for norske produsenter","publisher":{"@id":"https:\/\/norwegianmade.no\/#organization"},"potentialAction":[{"@type":"SearchAction","target":{"@type":"EntryPoint","urlTemplate":"https:\/\/norwegianmade.no\/?s={search_term_string}"},"query-input":{"@type":"PropertyValueSpecification","valueRequired":true,"valueName":"search_term_string"}}],"inLanguage":"en-US"},{"@type":"Organization","@id":"https:\/\/norwegianmade.no\/#organization","name":"Norwegian Made","url":"https:\/\/norwegianmade.no\/","logo":{"@type":"ImageObject","inLanguage":"en-US","@id":"https:\/\/norwegianmade.no\/#\/schema\/logo\/image\/","url":"https:\/\/norwegianmade.no\/wp-content\/uploads\/2020\/11\/logo-liggende-norwegian-made-web.png","contentUrl":"https:\/\/norwegianmade.no\/wp-content\/uploads\/2020\/11\/logo-liggende-norwegian-made-web.png","width":200,"height":58,"caption":"Norwegian Made"},"image":{"@id":"https:\/\/norwegianmade.no\/#\/schema\/logo\/image\/"}}]}},"_links":{"self":[{"href":"https:\/\/norwegianmade.no\/en\/wp-json\/wp\/v2\/product\/6993","targetHints":{"allow":["GET"]}}],"collection":[{"href":"https:\/\/norwegianmade.no\/en\/wp-json\/wp\/v2\/product"}],"about":[{"href":"https:\/\/norwegianmade.no\/en\/wp-json\/wp\/v2\/types\/product"}],"replies":[{"embeddable":true,"href":"https:\/\/norwegianmade.no\/en\/wp-json\/wp\/v2\/comments?post=6993"}],"wp:featuredmedia":[{"embeddable":true,"href":"https:\/\/norwegianmade.no\/en\/wp-json\/wp\/v2\/media\/6994"}],"wp:attachment":[{"href":"https:\/\/norwegianmade.no\/en\/wp-json\/wp\/v2\/media?parent=6993"}],"wp:term":[{"taxonomy":"product_brand","embeddable":true,"href":"https:\/\/norwegianmade.no\/en\/wp-json\/wp\/v2\/product_brand?post=6993"},{"taxonomy":"product_cat","embeddable":true,"href":"https:\/\/norwegianmade.no\/en\/wp-json\/wp\/v2\/product_cat?post=6993"},{"taxonomy":"product_tag","embeddable":true,"href":"https:\/\/norwegianmade.no\/en\/wp-json\/wp\/v2\/product_tag?post=6993"}],"curies":[{"name":"wp","href":"https:\/\/api.w.org\/{rel}","templated":true}]}}