{"id":7183,"date":"2021-06-24T17:31:16","date_gmt":"2021-06-24T15:31:16","guid":{"rendered":"https:\/\/norwegianmade.no\/?post_type=product&#038;p=7183"},"modified":"2021-11-01T16:04:03","modified_gmt":"2021-11-01T15:04:03","slug":"american-cupcakes-bakeformer-rosa-pris-pr-stk-kr-750-kit-a-6-stk","status":"publish","type":"product","link":"https:\/\/norwegianmade.no\/en\/produkt\/american-cupcakes-bakeformer-rosa-pris-pr-stk-kr-750-kit-a-6-stk\/","title":{"rendered":"Amerikanske cupcake bakeformer PINK"},"content":{"rendered":"<div class=\"ProductItem-details-excerpt\" data-content-field=\"excerpt\">\n<div class=\"woocommerce-product-details__short-description\">\n<p class=\"\">Disse pattenterte bakeformene er perfekte til cupcakes eller porsjonskaker.<br \/>\nDu heller r\u00f8ren rett i bakeformene og steker de p\u00e5 akkurat samme m\u00e5te som du pleier!<br \/>\nEtter steking kan kaken\/ cupcakesene enkelt fryses ned i formene og de vil beholde b\u00e5de form og fuktighet til tining.<\/p>\n<p class=\"\">Esken selges i kit \u00e1 6 stk.<\/p>\n<p><em>Norskprodusert og b\u00e6rekraftig emballasje, godkjent i kontakt med mat.<\/em><\/p>\n<p class=\"\">M\u00e5l: 6 x 6 x 7 cm<\/p>\n<\/div>\n<\/div>\n","protected":false},"excerpt":{"rendered":"<p>Disse pattenterte bakeformene er perfekte til cupcakes eller porsjonskaker. Du heller r\u00f8ren rett i bakeformene og steker de p\u00e5 akkurat samme m\u00e5te [&hellip;]<\/p>\n","protected":false},"featured_media":11119,"comment_status":"open","ping_status":"closed","template":"","meta":{"_acf_changed":false},"product_brand":[],"product_cat":[124,272,271],"product_tag":[],"class_list":{"0":"post-7183","1":"product","2":"type-product","3":"status-publish","4":"has-post-thumbnail","6":"product_vendor-flowerline","7":"product_cat-annet","8":"product_cat-emballasje","9":"product_cat-gaveesker","11":"first","12":"instock","13":"taxable","14":"shipping-taxable","15":"product-type-external"},"acf":[],"yoast_head":"<!-- This site is optimized with the Yoast SEO plugin v27.1.1 - https:\/\/yoast.com\/product\/yoast-seo-wordpress\/ -->\n<title>Amerikanske cupcake bakeformer PINK &#8226; Norwegian Made<\/title>\n<meta name=\"robots\" content=\"index, follow, max-snippet:-1, max-image-preview:large, max-video-preview:-1\" \/>\n<link rel=\"canonical\" href=\"https:\/\/norwegianmade.no\/produkt\/american-cupcakes-bakeformer-rosa-pris-pr-stk-kr-750-kit-a-6-stk\/\" \/>\n<meta property=\"og:locale\" content=\"en_US\" \/>\n<meta property=\"og:type\" content=\"article\" \/>\n<meta property=\"og:title\" content=\"Amerikanske cupcake bakeformer PINK &#8226; Norwegian Made\" \/>\n<meta property=\"og:description\" content=\"Disse pattenterte bakeformene er perfekte til cupcakes eller porsjonskaker. Du heller r\u00f8ren rett i bakeformene og steker de p\u00e5 akkurat samme m\u00e5te [&hellip;]\" \/>\n<meta property=\"og:url\" content=\"https:\/\/norwegianmade.no\/produkt\/american-cupcakes-bakeformer-rosa-pris-pr-stk-kr-750-kit-a-6-stk\/\" \/>\n<meta property=\"og:site_name\" content=\"Norwegian Made\" \/>\n<meta property=\"article:modified_time\" content=\"2021-11-01T15:04:03+00:00\" \/>\n<meta property=\"og:image\" content=\"https:\/\/norwegianmade.no\/wp-content\/uploads\/2021\/06\/Amerikanske-cupcake-bakeformer-pink-scaled-1.jpg\" \/>\n\t<meta property=\"og:image:width\" content=\"2560\" \/>\n\t<meta property=\"og:image:height\" content=\"2560\" \/>\n\t<meta property=\"og:image:type\" content=\"image\/jpeg\" \/>\n<meta name=\"twitter:card\" content=\"summary_large_image\" \/>\n<script type=\"application\/ld+json\" class=\"yoast-schema-graph\">{\"@context\":\"https:\/\/schema.org\",\"@graph\":[{\"@type\":\"WebPage\",\"@id\":\"https:\/\/norwegianmade.no\/produkt\/american-cupcakes-bakeformer-rosa-pris-pr-stk-kr-750-kit-a-6-stk\/\",\"url\":\"https:\/\/norwegianmade.no\/produkt\/american-cupcakes-bakeformer-rosa-pris-pr-stk-kr-750-kit-a-6-stk\/\",\"name\":\"Amerikanske cupcake bakeformer PINK &#8226; Norwegian Made\",\"isPartOf\":{\"@id\":\"https:\/\/norwegianmade.no\/#website\"},\"primaryImageOfPage\":{\"@id\":\"https:\/\/norwegianmade.no\/produkt\/american-cupcakes-bakeformer-rosa-pris-pr-stk-kr-750-kit-a-6-stk\/#primaryimage\"},\"image\":{\"@id\":\"https:\/\/norwegianmade.no\/produkt\/american-cupcakes-bakeformer-rosa-pris-pr-stk-kr-750-kit-a-6-stk\/#primaryimage\"},\"thumbnailUrl\":\"https:\/\/norwegianmade.no\/wp-content\/uploads\/2021\/06\/Amerikanske-cupcake-bakeformer-pink-scaled-1.jpg\",\"datePublished\":\"2021-06-24T15:31:16+00:00\",\"dateModified\":\"2021-11-01T15:04:03+00:00\",\"breadcrumb\":{\"@id\":\"https:\/\/norwegianmade.no\/produkt\/american-cupcakes-bakeformer-rosa-pris-pr-stk-kr-750-kit-a-6-stk\/#breadcrumb\"},\"inLanguage\":\"en-US\",\"potentialAction\":[{\"@type\":\"ReadAction\",\"target\":[\"https:\/\/norwegianmade.no\/produkt\/american-cupcakes-bakeformer-rosa-pris-pr-stk-kr-750-kit-a-6-stk\/\"]}]},{\"@type\":\"ImageObject\",\"inLanguage\":\"en-US\",\"@id\":\"https:\/\/norwegianmade.no\/produkt\/american-cupcakes-bakeformer-rosa-pris-pr-stk-kr-750-kit-a-6-stk\/#primaryimage\",\"url\":\"https:\/\/norwegianmade.no\/wp-content\/uploads\/2021\/06\/Amerikanske-cupcake-bakeformer-pink-scaled-1.jpg\",\"contentUrl\":\"https:\/\/norwegianmade.no\/wp-content\/uploads\/2021\/06\/Amerikanske-cupcake-bakeformer-pink-scaled-1.jpg\",\"width\":2560,\"height\":2560},{\"@type\":\"BreadcrumbList\",\"@id\":\"https:\/\/norwegianmade.no\/produkt\/american-cupcakes-bakeformer-rosa-pris-pr-stk-kr-750-kit-a-6-stk\/#breadcrumb\",\"itemListElement\":[{\"@type\":\"ListItem\",\"position\":1,\"name\":\"Hjem\",\"item\":\"https:\/\/norwegianmade.no\/en\/\"},{\"@type\":\"ListItem\",\"position\":2,\"name\":\"Shop\",\"item\":\"https:\/\/norwegianmade.no\/en\/shop\/\"},{\"@type\":\"ListItem\",\"position\":3,\"name\":\"Amerikanske cupcake bakeformer PINK\"}]},{\"@type\":\"WebSite\",\"@id\":\"https:\/\/norwegianmade.no\/#website\",\"url\":\"https:\/\/norwegianmade.no\/\",\"name\":\"Norwegian Made\",\"description\":\"Norges st\u00f8rste markedsplass for norske produsenter\",\"publisher\":{\"@id\":\"https:\/\/norwegianmade.no\/#organization\"},\"potentialAction\":[{\"@type\":\"SearchAction\",\"target\":{\"@type\":\"EntryPoint\",\"urlTemplate\":\"https:\/\/norwegianmade.no\/?s={search_term_string}\"},\"query-input\":{\"@type\":\"PropertyValueSpecification\",\"valueRequired\":true,\"valueName\":\"search_term_string\"}}],\"inLanguage\":\"en-US\"},{\"@type\":\"Organization\",\"@id\":\"https:\/\/norwegianmade.no\/#organization\",\"name\":\"Norwegian Made\",\"url\":\"https:\/\/norwegianmade.no\/\",\"logo\":{\"@type\":\"ImageObject\",\"inLanguage\":\"en-US\",\"@id\":\"https:\/\/norwegianmade.no\/#\/schema\/logo\/image\/\",\"url\":\"https:\/\/norwegianmade.no\/wp-content\/uploads\/2020\/11\/logo-liggende-norwegian-made-web.png\",\"contentUrl\":\"https:\/\/norwegianmade.no\/wp-content\/uploads\/2020\/11\/logo-liggende-norwegian-made-web.png\",\"width\":200,\"height\":58,\"caption\":\"Norwegian Made\"},\"image\":{\"@id\":\"https:\/\/norwegianmade.no\/#\/schema\/logo\/image\/\"}}]}<\/script>\n<!-- \/ Yoast SEO plugin. -->","yoast_head_json":{"title":"Amerikanske cupcake bakeformer PINK &#8226; Norwegian Made","robots":{"index":"index","follow":"follow","max-snippet":"max-snippet:-1","max-image-preview":"max-image-preview:large","max-video-preview":"max-video-preview:-1"},"canonical":"https:\/\/norwegianmade.no\/produkt\/american-cupcakes-bakeformer-rosa-pris-pr-stk-kr-750-kit-a-6-stk\/","og_locale":"en_US","og_type":"article","og_title":"Amerikanske cupcake bakeformer PINK &#8226; Norwegian Made","og_description":"Disse pattenterte bakeformene er perfekte til cupcakes eller porsjonskaker. Du heller r\u00f8ren rett i bakeformene og steker de p\u00e5 akkurat samme m\u00e5te [&hellip;]","og_url":"https:\/\/norwegianmade.no\/produkt\/american-cupcakes-bakeformer-rosa-pris-pr-stk-kr-750-kit-a-6-stk\/","og_site_name":"Norwegian Made","article_modified_time":"2021-11-01T15:04:03+00:00","og_image":[{"width":2560,"height":2560,"url":"https:\/\/norwegianmade.no\/wp-content\/uploads\/2021\/06\/Amerikanske-cupcake-bakeformer-pink-scaled-1.jpg","type":"image\/jpeg"}],"twitter_card":"summary_large_image","schema":{"@context":"https:\/\/schema.org","@graph":[{"@type":"WebPage","@id":"https:\/\/norwegianmade.no\/produkt\/american-cupcakes-bakeformer-rosa-pris-pr-stk-kr-750-kit-a-6-stk\/","url":"https:\/\/norwegianmade.no\/produkt\/american-cupcakes-bakeformer-rosa-pris-pr-stk-kr-750-kit-a-6-stk\/","name":"Amerikanske cupcake bakeformer PINK &#8226; Norwegian Made","isPartOf":{"@id":"https:\/\/norwegianmade.no\/#website"},"primaryImageOfPage":{"@id":"https:\/\/norwegianmade.no\/produkt\/american-cupcakes-bakeformer-rosa-pris-pr-stk-kr-750-kit-a-6-stk\/#primaryimage"},"image":{"@id":"https:\/\/norwegianmade.no\/produkt\/american-cupcakes-bakeformer-rosa-pris-pr-stk-kr-750-kit-a-6-stk\/#primaryimage"},"thumbnailUrl":"https:\/\/norwegianmade.no\/wp-content\/uploads\/2021\/06\/Amerikanske-cupcake-bakeformer-pink-scaled-1.jpg","datePublished":"2021-06-24T15:31:16+00:00","dateModified":"2021-11-01T15:04:03+00:00","breadcrumb":{"@id":"https:\/\/norwegianmade.no\/produkt\/american-cupcakes-bakeformer-rosa-pris-pr-stk-kr-750-kit-a-6-stk\/#breadcrumb"},"inLanguage":"en-US","potentialAction":[{"@type":"ReadAction","target":["https:\/\/norwegianmade.no\/produkt\/american-cupcakes-bakeformer-rosa-pris-pr-stk-kr-750-kit-a-6-stk\/"]}]},{"@type":"ImageObject","inLanguage":"en-US","@id":"https:\/\/norwegianmade.no\/produkt\/american-cupcakes-bakeformer-rosa-pris-pr-stk-kr-750-kit-a-6-stk\/#primaryimage","url":"https:\/\/norwegianmade.no\/wp-content\/uploads\/2021\/06\/Amerikanske-cupcake-bakeformer-pink-scaled-1.jpg","contentUrl":"https:\/\/norwegianmade.no\/wp-content\/uploads\/2021\/06\/Amerikanske-cupcake-bakeformer-pink-scaled-1.jpg","width":2560,"height":2560},{"@type":"BreadcrumbList","@id":"https:\/\/norwegianmade.no\/produkt\/american-cupcakes-bakeformer-rosa-pris-pr-stk-kr-750-kit-a-6-stk\/#breadcrumb","itemListElement":[{"@type":"ListItem","position":1,"name":"Hjem","item":"https:\/\/norwegianmade.no\/en\/"},{"@type":"ListItem","position":2,"name":"Shop","item":"https:\/\/norwegianmade.no\/en\/shop\/"},{"@type":"ListItem","position":3,"name":"Amerikanske cupcake bakeformer PINK"}]},{"@type":"WebSite","@id":"https:\/\/norwegianmade.no\/#website","url":"https:\/\/norwegianmade.no\/","name":"Norwegian Made","description":"Norges st\u00f8rste markedsplass for norske produsenter","publisher":{"@id":"https:\/\/norwegianmade.no\/#organization"},"potentialAction":[{"@type":"SearchAction","target":{"@type":"EntryPoint","urlTemplate":"https:\/\/norwegianmade.no\/?s={search_term_string}"},"query-input":{"@type":"PropertyValueSpecification","valueRequired":true,"valueName":"search_term_string"}}],"inLanguage":"en-US"},{"@type":"Organization","@id":"https:\/\/norwegianmade.no\/#organization","name":"Norwegian Made","url":"https:\/\/norwegianmade.no\/","logo":{"@type":"ImageObject","inLanguage":"en-US","@id":"https:\/\/norwegianmade.no\/#\/schema\/logo\/image\/","url":"https:\/\/norwegianmade.no\/wp-content\/uploads\/2020\/11\/logo-liggende-norwegian-made-web.png","contentUrl":"https:\/\/norwegianmade.no\/wp-content\/uploads\/2020\/11\/logo-liggende-norwegian-made-web.png","width":200,"height":58,"caption":"Norwegian Made"},"image":{"@id":"https:\/\/norwegianmade.no\/#\/schema\/logo\/image\/"}}]}},"_links":{"self":[{"href":"https:\/\/norwegianmade.no\/en\/wp-json\/wp\/v2\/product\/7183","targetHints":{"allow":["GET"]}}],"collection":[{"href":"https:\/\/norwegianmade.no\/en\/wp-json\/wp\/v2\/product"}],"about":[{"href":"https:\/\/norwegianmade.no\/en\/wp-json\/wp\/v2\/types\/product"}],"replies":[{"embeddable":true,"href":"https:\/\/norwegianmade.no\/en\/wp-json\/wp\/v2\/comments?post=7183"}],"wp:featuredmedia":[{"embeddable":true,"href":"https:\/\/norwegianmade.no\/en\/wp-json\/wp\/v2\/media\/11119"}],"wp:attachment":[{"href":"https:\/\/norwegianmade.no\/en\/wp-json\/wp\/v2\/media?parent=7183"}],"wp:term":[{"taxonomy":"product_brand","embeddable":true,"href":"https:\/\/norwegianmade.no\/en\/wp-json\/wp\/v2\/product_brand?post=7183"},{"taxonomy":"product_cat","embeddable":true,"href":"https:\/\/norwegianmade.no\/en\/wp-json\/wp\/v2\/product_cat?post=7183"},{"taxonomy":"product_tag","embeddable":true,"href":"https:\/\/norwegianmade.no\/en\/wp-json\/wp\/v2\/product_tag?post=7183"}],"curies":[{"name":"wp","href":"https:\/\/api.w.org\/{rel}","templated":true}]}}