{"id":7457,"date":"2021-07-31T15:40:22","date_gmt":"2021-07-31T13:40:22","guid":{"rendered":"https:\/\/norwegianmade.no\/?post_type=product&#038;p=7457"},"modified":"2025-12-22T06:33:35","modified_gmt":"2025-12-22T05:33:35","slug":"lund","status":"publish","type":"product","link":"https:\/\/norwegianmade.no\/en\/produkt\/lund\/","title":{"rendered":"LUND"},"content":{"rendered":"<p dir=\"ltr\" style=\"line-height: 1.38; text-align: center; margin-top: 0pt; margin-bottom: 0pt;\" data-mce-style=\"line-height: 1.38; text-align: center; margin-top: 0pt; margin-bottom: 0pt;\"><span style=\"font-size: 10.5pt; font-family: Lato,sans-serif; color: #000000; background-color: #ffffff; font-weight: 400; font-style: normal; font-variant: normal; text-decoration: none; vertical-align: baseline; white-space: pre-wrap;\" data-mce-style=\"font-size: 10.5pt; font-family: Lato,sans-serif; color: #000000; background-color: #ffffff; font-weight: 400; font-style: normal; font-variant: normal; text-decoration: none; vertical-align: baseline; white-space: pre-wrap;\"><span style=\"border: none; display: inline-block; overflow: hidden; width: 172px; height: 172px;\" data-mce-style=\"border: none; display: inline-block; overflow: hidden; width: 172px; height: 172px;\"><img loading=\"lazy\" decoding=\"async\" src=\"https:\/\/lh4.googleusercontent.com\/e1Eoe-72_dvQJeJSCS_6355ezH3pyeBRlUq4VkDKhWqqfMIx6QJLAUaF72evO-9bqGowvrGJDP9Y70CyIMJ1lV6RJoNK2j6-xPa5EFT5hVWVkSh8IfGqgV_i22mI17H0A5lHv7CY\" width=\"172\" height=\"172\" style=\"margin-left: 0px; margin-top: 0px;\" data-mce-src=\"https:\/\/lh4.googleusercontent.com\/e1Eoe-72_dvQJeJSCS_6355ezH3pyeBRlUq4VkDKhWqqfMIx6QJLAUaF72evO-9bqGowvrGJDP9Y70CyIMJ1lV6RJoNK2j6-xPa5EFT5hVWVkSh8IfGqgV_i22mI17H0A5lHv7CY\" data-mce-style=\"margin-left: 0px; margin-top: 0px;\"><\/span><\/span><\/p>\n<p style=\"margin: 0px; padding: 20px 0px 0px; line-height: 20px; font-family: Arial, Helvetica, sans-serif; color: #000000;\" data-mce-style=\"margin: 0px; padding: 20px 0px 0px; line-height: 20px; font-family: Arial, Helvetica, sans-serif; color: #000000;\"><b style=\"font-weight: normal;\" id=\"docs-internal-guid-1f4aad3f-7fff-0677-733a-4226fa4cab97\" data-mce-style=\"font-weight: normal;\"><br \/><\/b><\/p>\n<p dir=\"ltr\" style=\"line-height: 1.38; text-align: center; margin-top: 0pt; margin-bottom: 0pt;\" data-mce-style=\"line-height: 1.38; text-align: center; margin-top: 0pt; margin-bottom: 0pt;\"><span style=\"font-size: 24.999999999999996pt; font-family: Lato,sans-serif; color: #000000; background-color: #ffffff; font-weight: 400; font-style: normal; font-variant: normal; text-decoration: none; vertical-align: baseline; white-space: pre-wrap;\" data-mce-style=\"font-size: 24.999999999999996pt; font-family: Lato,sans-serif; color: #000000; background-color: #ffffff; font-weight: 400; font-style: normal; font-variant: normal; text-decoration: none; vertical-align: baseline; white-space: pre-wrap;\">LUND<\/span><\/p>\n<p style=\"margin: 0px; padding: 20px 0px 0px; line-height: 20px; font-family: Arial, Helvetica, sans-serif; color: #000000;\" data-mce-style=\"margin: 0px; padding: 20px 0px 0px; line-height: 20px; font-family: Arial, Helvetica, sans-serif; color: #000000;\"><b style=\"font-weight: normal;\" data-mce-style=\"font-weight: normal;\"><br \/><\/b><\/p>\n<p dir=\"ltr\" style=\"line-height: 1.38; text-align: center; margin-top: 0pt; margin-bottom: 0pt;\" data-mce-style=\"line-height: 1.38; text-align: center; margin-top: 0pt; margin-bottom: 0pt;\"><span style=\"font-size: 13.999999999999998pt; font-family: Lato,sans-serif; color: #000000; background-color: transparent; font-weight: 400; font-style: normal; font-variant: normal; text-decoration: none; vertical-align: baseline; white-space: pre-wrap;\" data-mce-style=\"font-size: 13.999999999999998pt; font-family: Lato,sans-serif; color: #000000; background-color: transparent; font-weight: 400; font-style: normal; font-variant: normal; text-decoration: none; vertical-align: baseline; white-space: pre-wrap;\">Ingredienser<\/span><span style=\"font-size: 13.999999999999998pt; font-family: Lato,sans-serif; color: #000000; background-color: #ffffff; font-weight: 400; font-style: normal; font-variant: normal; text-decoration: none; vertical-align: baseline; white-space: pre-wrap;\" data-mce-style=\"font-size: 13.999999999999998pt; font-family: Lato,sans-serif; color: #000000; background-color: #ffffff; font-weight: 400; font-style: normal; font-variant: normal; text-decoration: none; vertical-align: baseline; white-space: pre-wrap;\">:\u00a0<\/span><\/p>\n<p dir=\"ltr\" style=\"line-height: 1.38; text-align: center; margin-top: 0pt; margin-bottom: 0pt;\" data-mce-style=\"line-height: 1.38; text-align: center; margin-top: 0pt; margin-bottom: 0pt;\"><span style=\"font-size: 13.999999999999998pt; font-family: Lato,sans-serif; color: #000000; background-color: transparent; font-weight: 400; font-style: normal; font-variant: normal; text-decoration: none; vertical-align: baseline; white-space: pre-wrap;\" data-mce-style=\"font-size: 13.999999999999998pt; font-family: Lato,sans-serif; color: #000000; background-color: transparent; font-weight: 400; font-style: normal; font-variant: normal; text-decoration: none; vertical-align: baseline; white-space: pre-wrap;\">100% naturlig, b\u00e6rekraftig, \u00f8kologisk soyavoks<\/span><\/p>\n<p dir=\"ltr\" style=\"line-height: 1.38; text-align: center; margin-top: 0pt; margin-bottom: 0pt;\" data-mce-style=\"line-height: 1.38; text-align: center; margin-top: 0pt; margin-bottom: 0pt;\"><span style=\"font-size: 13.999999999999998pt; font-family: Lato,sans-serif; color: #000000; background-color: transparent; font-weight: 400; font-style: normal; font-variant: normal; text-decoration: none; vertical-align: baseline; white-space: pre-wrap;\" data-mce-style=\"font-size: 13.999999999999998pt; font-family: Lato,sans-serif; color: #000000; background-color: transparent; font-weight: 400; font-style: normal; font-variant: normal; text-decoration: none; vertical-align: baseline; white-space: pre-wrap;\">100% naturlige eteriske oljer<\/span><\/p>\n<p dir=\"ltr\"><br data-mce-bogus=\"1\"><\/p>\n<p dir=\"ltr\" style=\"line-height: 1.38; text-align: center; margin-top: 0pt; margin-bottom: 0pt;\" data-mce-style=\"line-height: 1.38; text-align: center; margin-top: 0pt; margin-bottom: 0pt;\"><span style=\"font-size: 19pt; font-family: Lato,sans-serif; color: #000000; background-color: transparent; font-weight: bold; font-style: normal; font-variant: normal; text-decoration: none; vertical-align: baseline; white-space: pre-wrap;\" data-mce-style=\"font-size: 19pt; font-family: Lato,sans-serif; color: #000000; background-color: transparent; font-weight: bold; font-style: normal; font-variant: normal; text-decoration: none; vertical-align: baseline; white-space: pre-wrap;\">Et sinnsstimulerende lys duftet med en blanding av peppermynte, rosmarin og mandarinoljer er en flott m\u00e5te \u00e5 starte en travel <\/span><\/p>\n<p dir=\"ltr\" style=\"line-height: 1.38; text-align: center; margin-top: 0pt; margin-bottom: 0pt;\" data-mce-style=\"line-height: 1.38; text-align: center; margin-top: 0pt; margin-bottom: 0pt;\"><span style=\"font-size: 19pt; font-family: Lato,sans-serif; color: #000000; background-color: transparent; font-weight: bold; font-style: normal; font-variant: normal; text-decoration: none; vertical-align: baseline; white-space: pre-wrap;\" data-mce-style=\"font-size: 19pt; font-family: Lato,sans-serif; color: #000000; background-color: transparent; font-weight: bold; font-style: normal; font-variant: normal; text-decoration: none; vertical-align: baseline; white-space: pre-wrap;\">dag p\u00e5. Gi deg selv tiden f\u00f8r jobb p\u00e5 \u00e5 vekke opp tankene <\/span><\/p>\n<p dir=\"ltr\" style=\"line-height: 1.38; text-align: center; margin-top: 0pt; margin-bottom: 0pt;\" data-mce-style=\"line-height: 1.38; text-align: center; margin-top: 0pt; margin-bottom: 0pt;\"><span style=\"font-size: 19pt; font-family: Lato,sans-serif; color: #000000; background-color: transparent; font-weight: bold; font-style: normal; font-variant: normal; text-decoration: none; vertical-align: baseline; white-space: pre-wrap;\" data-mce-style=\"font-size: 19pt; font-family: Lato,sans-serif; color: #000000; background-color: transparent; font-weight: bold; font-style: normal; font-variant: normal; text-decoration: none; vertical-align: baseline; white-space: pre-wrap;\">dine med energiske peppermynte og rosmarinoljer <\/span><\/p>\n<p dir=\"ltr\" style=\"line-height: 1.38; text-align: center; margin-top: 0pt; margin-bottom: 0pt;\" data-mce-style=\"line-height: 1.38; text-align: center; margin-top: 0pt; margin-bottom: 0pt;\"><span style=\"font-size: 19pt; font-family: Lato,sans-serif; color: #000000; background-color: transparent; font-weight: bold; font-style: normal; font-variant: normal; text-decoration: none; vertical-align: baseline; white-space: pre-wrap;\" data-mce-style=\"font-size: 19pt; font-family: Lato,sans-serif; color: #000000; background-color: transparent; font-weight: bold; font-style: normal; font-variant: normal; text-decoration: none; vertical-align: baseline; white-space: pre-wrap;\">som fremmer mentalt fokus og letter p\u00e5 f\u00f8lelser av <\/span><\/p>\n<p dir=\"ltr\" style=\"line-height: 1.38; text-align: center; margin-top: 0pt; margin-bottom: 0pt;\" data-mce-style=\"line-height: 1.38; text-align: center; margin-top: 0pt; margin-bottom: 0pt;\"><span style=\"font-size: 19pt; font-family: Lato,sans-serif; color: #000000; background-color: transparent; font-weight: bold; font-style: normal; font-variant: normal; text-decoration: none; vertical-align: baseline; white-space: pre-wrap;\" data-mce-style=\"font-size: 19pt; font-family: Lato,sans-serif; color: #000000; background-color: transparent; font-weight: bold; font-style: normal; font-variant: normal; text-decoration: none; vertical-align: baseline; white-space: pre-wrap;\">anspenthet og stress. Mandarinolje, kjent som den <\/span><\/p>\n<p dir=\"ltr\" style=\"line-height: 1.38; text-align: center; margin-top: 0pt; margin-bottom: 0pt;\" data-mce-style=\"line-height: 1.38; text-align: center; margin-top: 0pt; margin-bottom: 0pt;\"><span style=\"font-size: 19pt; font-family: Lato,sans-serif; color: #000000; background-color: transparent; font-weight: bold; font-style: normal; font-variant: normal; text-decoration: none; vertical-align: baseline; white-space: pre-wrap;\" data-mce-style=\"font-size: 19pt; font-family: Lato,sans-serif; color: #000000; background-color: transparent; font-weight: bold; font-style: normal; font-variant: normal; text-decoration: none; vertical-align: baseline; white-space: pre-wrap;\">s\u00f8teste av alle sitrus eteriske oljer, har oppl\u00f8ftende <\/span><\/p>\n<p dir=\"ltr\" style=\"line-height: 1.38; text-align: center; margin-top: 0pt; margin-bottom: 0pt;\" data-mce-style=\"line-height: 1.38; text-align: center; margin-top: 0pt; margin-bottom: 0pt;\"><span style=\"font-size: 19pt; font-family: Lato,sans-serif; color: #000000; background-color: transparent; font-weight: bold; font-style: normal; font-variant: normal; text-decoration: none; vertical-align: baseline; white-space: pre-wrap;\" data-mce-style=\"font-size: 19pt; font-family: Lato,sans-serif; color: #000000; background-color: transparent; font-weight: bold; font-style: normal; font-variant: normal; text-decoration: none; vertical-align: baseline; white-space: pre-wrap;\">egenskaper som hjelper deg \u00e5 starte dagen din <\/span><\/p>\n<p dir=\"ltr\" style=\"line-height: 1.38; text-align: center; margin-top: 0pt; margin-bottom: 0pt;\" data-mce-style=\"line-height: 1.38; text-align: center; margin-top: 0pt; margin-bottom: 0pt;\"><span style=\"font-size: 19pt; font-family: Lato,sans-serif; color: #000000; background-color: transparent; font-weight: bold; font-style: normal; font-variant: normal; text-decoration: none; vertical-align: baseline; white-space: pre-wrap;\" data-mce-style=\"font-size: 19pt; font-family: Lato,sans-serif; color: #000000; background-color: transparent; font-weight: bold; font-style: normal; font-variant: normal; text-decoration: none; vertical-align: baseline; white-space: pre-wrap;\">med et positivt sinn.<\/span><\/p>\n<p dir=\"ltr\"><br data-mce-bogus=\"1\"><\/p>\n<p dir=\"ltr\" data-mce-style=\"line-height: 1.38; text-align: center; margin-top: 0pt; margin-bottom: 0pt;\" style=\"line-height: 1.38; text-align: center; margin-top: 0pt; margin-bottom: 0pt;\"><span data-mce-style=\"font-size: 21pt; font-family: Lato, sans-serif; color: #000000; background-color: transparent; font-variant-numeric: normal; font-variant-east-asian: normal; vertical-align: baseline; white-space: pre-wrap;\" style=\"font-size: 21pt; font-family: Lato, sans-serif; color: rgb(0, 0, 0); background-color: transparent; font-variant-numeric: normal; font-variant-east-asian: normal; vertical-align: baseline; white-space: pre-wrap;\">H\u00e5ndlaget i Norge<\/span><\/p>\n<p dir=\"ltr\"><br data-mce-bogus=\"1\"><\/p>\n<p dir=\"ltr\" data-mce-style=\"line-height: 1.38; margin-top: 0pt; margin-bottom: 0pt; text-align: center;\" style=\"line-height: 1.38; margin-top: 0pt; margin-bottom: 0pt; text-align: center;\"><a data-mce-href=\"https:\/\/www.instagram.com\/ljoscandles\" href=\"https:\/\/www.instagram.com\/ljoscandles\"><span data-mce-style=\"font-size: 15pt; font-family: Arial; color: #000000; background-color: transparent; font-weight: bold; font-variant-numeric: normal; font-variant-east-asian: normal; text-decoration-line: none; vertical-align: baseline; white-space: pre-wrap;\" style=\"font-size: 15pt; font-family: Arial; color: rgb(0, 0, 0); background-color: transparent; font-weight: bold; font-variant-numeric: normal; font-variant-east-asian: normal; text-decoration-line: none; vertical-align: baseline; white-space: pre-wrap;\">www.instagram.com\/ljoscandles<\/span><\/a><\/p>\n<p dir=\"ltr\" data-mce-style=\"line-height: 1.38; margin-top: 0pt; margin-bottom: 0pt; text-align: center;\" style=\"line-height: 1.38; margin-top: 0pt; margin-bottom: 0pt; text-align: center;\"><a data-mce-href=\"https:\/\/ljoscandles.shop\/shop\" href=\"https:\/\/ljoscandles.shop\/shop\"><span data-mce-style=\"font-size: 17pt; font-family: Lato, sans-serif; color: #000000; background-color: transparent; font-weight: bold; font-variant-numeric: normal; font-variant-east-asian: normal; text-decoration-line: none; vertical-align: baseline; white-space: pre-wrap;\" style=\"font-size: 17pt; font-family: Lato, sans-serif; color: rgb(0, 0, 0); background-color: transparent; font-weight: bold; font-variant-numeric: normal; font-variant-east-asian: normal; text-decoration-line: none; vertical-align: baseline; white-space: pre-wrap;\">www.ljoscandles.no<\/span><\/a><\/p>\n","protected":false},"excerpt":{"rendered":"<p data-mce-style=\"margin: 0px; padding: 20px 0px 0px; line-height: 20px; font-family: Arial, Helvetica, sans-serif; color: #000000;\" style=\"margin: 0px; padding: 20px 0px 0px; line-height: 20px; font-family: Arial, Helvetica, sans-serif; color: rgb(0, 0, 0);\">100% naturlig duflys<\/p>\n<p>2 variasjoner &#8211; 100g\/160g &#8211; cca 20\/40 timer<\/p>\n<p><span style=\"font-weight: bold; color: #5f6368; font-family: arial, sans-serif; font-size: 14px;\" data-mce-style=\"font-weight: bold; color: #5f6368; font-family: arial, sans-serif; font-size: 14px;\">Gratis frakt !<\/span><\/p>\n<div id=\"gtx-trans\" style=\"position: absolute; left: -17px; top: 1px;\" data-mce-style=\"position: absolute; left: -17px; top: 1px;\">\n<div class=\"gtx-trans-icon\"><\/div>\n<\/div>\n","protected":false},"featured_media":7460,"comment_status":"open","ping_status":"closed","template":"","meta":{"_acf_changed":false},"product_brand":[],"product_cat":[78,88],"product_tag":[],"class_list":{"0":"post-7457","1":"product","2":"type-product","3":"status-publish","4":"has-post-thumbnail","6":"product_vendor-ljos-candles","7":"product_cat-gaver","8":"product_cat-lys-duftlys","10":"first","11":"instock","12":"taxable","13":"shipping-taxable","14":"product-type-variable","15":"has-default-attributes"},"acf":[],"yoast_head":"<!-- This site is optimized with the Yoast SEO plugin v27.1.1 - https:\/\/yoast.com\/product\/yoast-seo-wordpress\/ -->\n<title>LUND &#8226; Norwegian Made<\/title>\n<meta name=\"robots\" content=\"index, follow, max-snippet:-1, max-image-preview:large, max-video-preview:-1\" \/>\n<link rel=\"canonical\" href=\"https:\/\/norwegianmade.no\/en\/produkt\/lund\/\" \/>\n<meta property=\"og:locale\" content=\"en_US\" \/>\n<meta property=\"og:type\" content=\"article\" \/>\n<meta property=\"og:title\" content=\"LUND &#8226; Norwegian Made\" \/>\n<meta property=\"og:description\" content=\"100% naturlig duflys2 variasjoner - 100g\/160g - cca 20\/40 timerGratis frakt !\" \/>\n<meta property=\"og:url\" content=\"https:\/\/norwegianmade.no\/en\/produkt\/lund\/\" \/>\n<meta property=\"og:site_name\" content=\"Norwegian Made\" \/>\n<meta property=\"article:modified_time\" content=\"2025-12-22T05:33:35+00:00\" \/>\n<meta property=\"og:image\" content=\"https:\/\/norwegianmade.no\/wp-content\/uploads\/2021\/07\/1.jpg\" \/>\n\t<meta property=\"og:image:width\" content=\"1080\" \/>\n\t<meta property=\"og:image:height\" content=\"1340\" \/>\n\t<meta property=\"og:image:type\" content=\"image\/jpeg\" \/>\n<meta name=\"twitter:card\" content=\"summary_large_image\" \/>\n<script type=\"application\/ld+json\" class=\"yoast-schema-graph\">{\"@context\":\"https:\/\/schema.org\",\"@graph\":[{\"@type\":\"WebPage\",\"@id\":\"https:\/\/norwegianmade.no\/en\/produkt\/lund\/\",\"url\":\"https:\/\/norwegianmade.no\/en\/produkt\/lund\/\",\"name\":\"LUND &#8226; Norwegian Made\",\"isPartOf\":{\"@id\":\"https:\/\/norwegianmade.no\/#website\"},\"primaryImageOfPage\":{\"@id\":\"https:\/\/norwegianmade.no\/en\/produkt\/lund\/#primaryimage\"},\"image\":{\"@id\":\"https:\/\/norwegianmade.no\/en\/produkt\/lund\/#primaryimage\"},\"thumbnailUrl\":\"https:\/\/norwegianmade.no\/wp-content\/uploads\/2021\/07\/1.jpg\",\"datePublished\":\"2021-07-31T13:40:22+00:00\",\"dateModified\":\"2025-12-22T05:33:35+00:00\",\"breadcrumb\":{\"@id\":\"https:\/\/norwegianmade.no\/en\/produkt\/lund\/#breadcrumb\"},\"inLanguage\":\"en-US\",\"potentialAction\":[{\"@type\":\"ReadAction\",\"target\":[\"https:\/\/norwegianmade.no\/en\/produkt\/lund\/\"]}]},{\"@type\":\"ImageObject\",\"inLanguage\":\"en-US\",\"@id\":\"https:\/\/norwegianmade.no\/en\/produkt\/lund\/#primaryimage\",\"url\":\"https:\/\/norwegianmade.no\/wp-content\/uploads\/2021\/07\/1.jpg\",\"contentUrl\":\"https:\/\/norwegianmade.no\/wp-content\/uploads\/2021\/07\/1.jpg\",\"width\":1080,\"height\":1340},{\"@type\":\"BreadcrumbList\",\"@id\":\"https:\/\/norwegianmade.no\/en\/produkt\/lund\/#breadcrumb\",\"itemListElement\":[{\"@type\":\"ListItem\",\"position\":1,\"name\":\"Hjem\",\"item\":\"https:\/\/norwegianmade.no\/en\/\"},{\"@type\":\"ListItem\",\"position\":2,\"name\":\"Shop\",\"item\":\"https:\/\/norwegianmade.no\/en\/shop\/\"},{\"@type\":\"ListItem\",\"position\":3,\"name\":\"LUND\"}]},{\"@type\":\"WebSite\",\"@id\":\"https:\/\/norwegianmade.no\/#website\",\"url\":\"https:\/\/norwegianmade.no\/\",\"name\":\"Norwegian Made\",\"description\":\"Norges st\u00f8rste markedsplass for norske produsenter\",\"publisher\":{\"@id\":\"https:\/\/norwegianmade.no\/#organization\"},\"potentialAction\":[{\"@type\":\"SearchAction\",\"target\":{\"@type\":\"EntryPoint\",\"urlTemplate\":\"https:\/\/norwegianmade.no\/?s={search_term_string}\"},\"query-input\":{\"@type\":\"PropertyValueSpecification\",\"valueRequired\":true,\"valueName\":\"search_term_string\"}}],\"inLanguage\":\"en-US\"},{\"@type\":\"Organization\",\"@id\":\"https:\/\/norwegianmade.no\/#organization\",\"name\":\"Norwegian Made\",\"url\":\"https:\/\/norwegianmade.no\/\",\"logo\":{\"@type\":\"ImageObject\",\"inLanguage\":\"en-US\",\"@id\":\"https:\/\/norwegianmade.no\/#\/schema\/logo\/image\/\",\"url\":\"https:\/\/norwegianmade.no\/wp-content\/uploads\/2020\/11\/logo-liggende-norwegian-made-web.png\",\"contentUrl\":\"https:\/\/norwegianmade.no\/wp-content\/uploads\/2020\/11\/logo-liggende-norwegian-made-web.png\",\"width\":200,\"height\":58,\"caption\":\"Norwegian Made\"},\"image\":{\"@id\":\"https:\/\/norwegianmade.no\/#\/schema\/logo\/image\/\"}}]}<\/script>\n<!-- \/ Yoast SEO plugin. -->","yoast_head_json":{"title":"LUND &#8226; Norwegian Made","robots":{"index":"index","follow":"follow","max-snippet":"max-snippet:-1","max-image-preview":"max-image-preview:large","max-video-preview":"max-video-preview:-1"},"canonical":"https:\/\/norwegianmade.no\/en\/produkt\/lund\/","og_locale":"en_US","og_type":"article","og_title":"LUND &#8226; Norwegian Made","og_description":"100% naturlig duflys2 variasjoner - 100g\/160g - cca 20\/40 timerGratis frakt !","og_url":"https:\/\/norwegianmade.no\/en\/produkt\/lund\/","og_site_name":"Norwegian Made","article_modified_time":"2025-12-22T05:33:35+00:00","og_image":[{"width":1080,"height":1340,"url":"https:\/\/norwegianmade.no\/wp-content\/uploads\/2021\/07\/1.jpg","type":"image\/jpeg"}],"twitter_card":"summary_large_image","schema":{"@context":"https:\/\/schema.org","@graph":[{"@type":"WebPage","@id":"https:\/\/norwegianmade.no\/en\/produkt\/lund\/","url":"https:\/\/norwegianmade.no\/en\/produkt\/lund\/","name":"LUND &#8226; Norwegian Made","isPartOf":{"@id":"https:\/\/norwegianmade.no\/#website"},"primaryImageOfPage":{"@id":"https:\/\/norwegianmade.no\/en\/produkt\/lund\/#primaryimage"},"image":{"@id":"https:\/\/norwegianmade.no\/en\/produkt\/lund\/#primaryimage"},"thumbnailUrl":"https:\/\/norwegianmade.no\/wp-content\/uploads\/2021\/07\/1.jpg","datePublished":"2021-07-31T13:40:22+00:00","dateModified":"2025-12-22T05:33:35+00:00","breadcrumb":{"@id":"https:\/\/norwegianmade.no\/en\/produkt\/lund\/#breadcrumb"},"inLanguage":"en-US","potentialAction":[{"@type":"ReadAction","target":["https:\/\/norwegianmade.no\/en\/produkt\/lund\/"]}]},{"@type":"ImageObject","inLanguage":"en-US","@id":"https:\/\/norwegianmade.no\/en\/produkt\/lund\/#primaryimage","url":"https:\/\/norwegianmade.no\/wp-content\/uploads\/2021\/07\/1.jpg","contentUrl":"https:\/\/norwegianmade.no\/wp-content\/uploads\/2021\/07\/1.jpg","width":1080,"height":1340},{"@type":"BreadcrumbList","@id":"https:\/\/norwegianmade.no\/en\/produkt\/lund\/#breadcrumb","itemListElement":[{"@type":"ListItem","position":1,"name":"Hjem","item":"https:\/\/norwegianmade.no\/en\/"},{"@type":"ListItem","position":2,"name":"Shop","item":"https:\/\/norwegianmade.no\/en\/shop\/"},{"@type":"ListItem","position":3,"name":"LUND"}]},{"@type":"WebSite","@id":"https:\/\/norwegianmade.no\/#website","url":"https:\/\/norwegianmade.no\/","name":"Norwegian Made","description":"Norges st\u00f8rste markedsplass for norske produsenter","publisher":{"@id":"https:\/\/norwegianmade.no\/#organization"},"potentialAction":[{"@type":"SearchAction","target":{"@type":"EntryPoint","urlTemplate":"https:\/\/norwegianmade.no\/?s={search_term_string}"},"query-input":{"@type":"PropertyValueSpecification","valueRequired":true,"valueName":"search_term_string"}}],"inLanguage":"en-US"},{"@type":"Organization","@id":"https:\/\/norwegianmade.no\/#organization","name":"Norwegian Made","url":"https:\/\/norwegianmade.no\/","logo":{"@type":"ImageObject","inLanguage":"en-US","@id":"https:\/\/norwegianmade.no\/#\/schema\/logo\/image\/","url":"https:\/\/norwegianmade.no\/wp-content\/uploads\/2020\/11\/logo-liggende-norwegian-made-web.png","contentUrl":"https:\/\/norwegianmade.no\/wp-content\/uploads\/2020\/11\/logo-liggende-norwegian-made-web.png","width":200,"height":58,"caption":"Norwegian Made"},"image":{"@id":"https:\/\/norwegianmade.no\/#\/schema\/logo\/image\/"}}]}},"_links":{"self":[{"href":"https:\/\/norwegianmade.no\/en\/wp-json\/wp\/v2\/product\/7457","targetHints":{"allow":["GET"]}}],"collection":[{"href":"https:\/\/norwegianmade.no\/en\/wp-json\/wp\/v2\/product"}],"about":[{"href":"https:\/\/norwegianmade.no\/en\/wp-json\/wp\/v2\/types\/product"}],"replies":[{"embeddable":true,"href":"https:\/\/norwegianmade.no\/en\/wp-json\/wp\/v2\/comments?post=7457"}],"wp:featuredmedia":[{"embeddable":true,"href":"https:\/\/norwegianmade.no\/en\/wp-json\/wp\/v2\/media\/7460"}],"wp:attachment":[{"href":"https:\/\/norwegianmade.no\/en\/wp-json\/wp\/v2\/media?parent=7457"}],"wp:term":[{"taxonomy":"product_brand","embeddable":true,"href":"https:\/\/norwegianmade.no\/en\/wp-json\/wp\/v2\/product_brand?post=7457"},{"taxonomy":"product_cat","embeddable":true,"href":"https:\/\/norwegianmade.no\/en\/wp-json\/wp\/v2\/product_cat?post=7457"},{"taxonomy":"product_tag","embeddable":true,"href":"https:\/\/norwegianmade.no\/en\/wp-json\/wp\/v2\/product_tag?post=7457"}],"curies":[{"name":"wp","href":"https:\/\/api.w.org\/{rel}","templated":true}]}}