{"id":7467,"date":"2021-07-31T15:47:24","date_gmt":"2021-07-31T13:47:24","guid":{"rendered":"https:\/\/norwegianmade.no\/?post_type=product&#038;p=7467"},"modified":"2024-09-27T02:22:40","modified_gmt":"2024-09-27T00:22:40","slug":"logn","status":"publish","type":"product","link":"https:\/\/norwegianmade.no\/en\/produkt\/logn\/","title":{"rendered":"LOGN"},"content":{"rendered":"<p dir=\"ltr\" style=\"line-height: 1.38; text-align: center; margin-top: 0pt; margin-bottom: 0pt;\" data-mce-style=\"line-height: 1.38; text-align: center; margin-top: 0pt; margin-bottom: 0pt;\"><span style=\"font-size: 10.5pt; font-family: Lato,sans-serif; color: #000000; background-color: #ffffff; font-weight: 400; font-style: normal; font-variant: normal; text-decoration: none; vertical-align: baseline; white-space: pre-wrap;\" data-mce-style=\"font-size: 10.5pt; font-family: Lato,sans-serif; color: #000000; background-color: #ffffff; font-weight: 400; font-style: normal; font-variant: normal; text-decoration: none; vertical-align: baseline; white-space: pre-wrap;\"><span style=\"border: none; display: inline-block; overflow: hidden; width: 167px; height: 174px;\" data-mce-style=\"border: none; display: inline-block; overflow: hidden; width: 167px; height: 174px;\"><img loading=\"lazy\" decoding=\"async\" src=\"https:\/\/lh6.googleusercontent.com\/SiqCh34nU2eGmXbEIOzT_0MVfZJJ-8WR8ZT_SIsevpOSUk1yVnG9jqEsjgWTednemUVfTNZwQgK2l-8nP6OMxbaHV8ARdsBg-zl7afXkpSpbRDpd4jRXgh8Rk3AG5RKURsNGnKFU\" width=\"167\" height=\"174\" style=\"margin-left: 0px; margin-top: 0px;\" data-mce-src=\"https:\/\/lh6.googleusercontent.com\/SiqCh34nU2eGmXbEIOzT_0MVfZJJ-8WR8ZT_SIsevpOSUk1yVnG9jqEsjgWTednemUVfTNZwQgK2l-8nP6OMxbaHV8ARdsBg-zl7afXkpSpbRDpd4jRXgh8Rk3AG5RKURsNGnKFU\" data-mce-style=\"margin-left: 0px; margin-top: 0px;\"><\/span><\/span><\/p>\n<p style=\"margin: 0px; padding: 20px 0px 0px; line-height: 20px; font-family: Arial, Helvetica, sans-serif; color: #000000;\" data-mce-style=\"margin: 0px; padding: 20px 0px 0px; line-height: 20px; font-family: Arial, Helvetica, sans-serif; color: #000000;\"><b style=\"font-weight: normal;\" id=\"docs-internal-guid-a73e8075-7fff-83f8-86d2-58504d5937c9\" data-mce-style=\"font-weight: normal;\"><br \/><\/b><\/p>\n<p dir=\"ltr\" style=\"line-height: 1.38; text-align: center; margin-top: 0pt; margin-bottom: 0pt;\" data-mce-style=\"line-height: 1.38; text-align: center; margin-top: 0pt; margin-bottom: 0pt;\"><span style=\"font-size: 24.999999999999996pt; font-family: Lato,sans-serif; color: #000000; background-color: #ffffff; font-weight: 400; font-style: normal; font-variant: normal; text-decoration: none; vertical-align: baseline; white-space: pre-wrap;\" data-mce-style=\"font-size: 24.999999999999996pt; font-family: Lato,sans-serif; color: #000000; background-color: #ffffff; font-weight: 400; font-style: normal; font-variant: normal; text-decoration: none; vertical-align: baseline; white-space: pre-wrap;\">LOGN<\/span><\/p>\n<p style=\"margin: 0px; padding: 20px 0px 0px; line-height: 20px; font-family: Arial, Helvetica, sans-serif; color: #000000;\" data-mce-style=\"margin: 0px; padding: 20px 0px 0px; line-height: 20px; font-family: Arial, Helvetica, sans-serif; color: #000000;\"><b style=\"font-weight: normal;\" data-mce-style=\"font-weight: normal;\"><br \/><\/b><\/p>\n<p dir=\"ltr\" style=\"line-height: 1.38; text-align: center; margin-top: 0pt; margin-bottom: 0pt;\" data-mce-style=\"line-height: 1.38; text-align: center; margin-top: 0pt; margin-bottom: 0pt;\"><span style=\"font-size: 13.999999999999998pt; font-family: Lato,sans-serif; color: #000000; background-color: transparent; font-weight: 400; font-style: normal; font-variant: normal; text-decoration: none; vertical-align: baseline; white-space: pre-wrap;\" data-mce-style=\"font-size: 13.999999999999998pt; font-family: Lato,sans-serif; color: #000000; background-color: transparent; font-weight: 400; font-style: normal; font-variant: normal; text-decoration: none; vertical-align: baseline; white-space: pre-wrap;\">Ingredienser<\/span><span style=\"font-size: 13.999999999999998pt; font-family: Lato,sans-serif; color: #000000; background-color: #ffffff; font-weight: 400; font-style: normal; font-variant: normal; text-decoration: none; vertical-align: baseline; white-space: pre-wrap;\" data-mce-style=\"font-size: 13.999999999999998pt; font-family: Lato,sans-serif; color: #000000; background-color: #ffffff; font-weight: 400; font-style: normal; font-variant: normal; text-decoration: none; vertical-align: baseline; white-space: pre-wrap;\">:\u00a0<\/span><\/p>\n<p dir=\"ltr\" style=\"line-height: 1.38; text-align: center; margin-top: 0pt; margin-bottom: 0pt;\" data-mce-style=\"line-height: 1.38; text-align: center; margin-top: 0pt; margin-bottom: 0pt;\"><span style=\"font-size: 13.999999999999998pt; font-family: Lato,sans-serif; color: #000000; background-color: transparent; font-weight: 400; font-style: normal; font-variant: normal; text-decoration: none; vertical-align: baseline; white-space: pre-wrap;\" data-mce-style=\"font-size: 13.999999999999998pt; font-family: Lato,sans-serif; color: #000000; background-color: transparent; font-weight: 400; font-style: normal; font-variant: normal; text-decoration: none; vertical-align: baseline; white-space: pre-wrap;\">100% naturlig, b\u00e6rekraftig, \u00f8kologisk soyavoks<\/span><\/p>\n<p dir=\"ltr\" style=\"line-height: 1.38; text-align: center; margin-top: 0pt; margin-bottom: 0pt;\" data-mce-style=\"line-height: 1.38; text-align: center; margin-top: 0pt; margin-bottom: 0pt;\"><span style=\"font-size: 13.999999999999998pt; font-family: Lato,sans-serif; color: #000000; background-color: transparent; font-weight: 400; font-style: normal; font-variant: normal; text-decoration: none; vertical-align: baseline; white-space: pre-wrap;\" data-mce-style=\"font-size: 13.999999999999998pt; font-family: Lato,sans-serif; color: #000000; background-color: transparent; font-weight: 400; font-style: normal; font-variant: normal; text-decoration: none; vertical-align: baseline; white-space: pre-wrap;\">100% naturlige eteriske oljer<\/span><\/p>\n<p dir=\"ltr\"><br data-mce-bogus=\"1\"><\/p>\n<p dir=\"ltr\" style=\"line-height: 1.38; text-align: center; margin-top: 0pt; margin-bottom: 0pt;\" data-mce-style=\"line-height: 1.38; text-align: center; margin-top: 0pt; margin-bottom: 0pt;\"><span style=\"font-size: 16pt; font-family: Lato,sans-serif; color: #000000; background-color: transparent; font-weight: bold; font-style: normal; font-variant: normal; text-decoration: none; vertical-align: baseline; white-space: pre-wrap;\" data-mce-style=\"font-size: 16pt; font-family: Lato,sans-serif; color: #000000; background-color: transparent; font-weight: bold; font-style: normal; font-variant: normal; text-decoration: none; vertical-align: baseline; white-space: pre-wrap;\">Logn betyr avslappet p\u00e5 gammelnorsk. Dette er et duftlys med en blanding av eteriske oljer med beroligende og avslappende egenskaper. Basen en<\/span><span style=\"font-size: 16pt; font-family: Lato,sans-serif; color: #000000; background-color: transparent; font-weight: bold; font-style: normal; font-variant: normal; text-decoration: none; vertical-align: baseline; white-space: pre-wrap;\" data-mce-style=\"font-size: 16pt; font-family: Lato,sans-serif; color: #000000; background-color: transparent; font-weight: bold; font-style: normal; font-variant: normal; text-decoration: none; vertical-align: baseline; white-space: pre-wrap;\"> bygget <\/span><\/p>\n<p dir=\"ltr\" style=\"line-height: 1.38; text-align: center; margin-top: 0pt; margin-bottom: 0pt;\" data-mce-style=\"line-height: 1.38; text-align: center; margin-top: 0pt; margin-bottom: 0pt;\"><span style=\"font-size: 16pt; font-family: Lato,sans-serif; color: #000000; background-color: transparent; font-weight: bold; font-style: normal; font-variant: normal; text-decoration: none; vertical-align: baseline; white-space: pre-wrap;\" data-mce-style=\"font-size: 16pt; font-family: Lato,sans-serif; color: #000000; background-color: transparent; font-weight: bold; font-style: normal; font-variant: normal; text-decoration: none; vertical-align: baseline; white-space: pre-wrap;\">p\u00e5 en duft av lavendel og bergamottolje som sammen hjelper til \u00e5 lindre depresjon, angst og andre sinnslidelser ved \u00e5 signalisere til hjernen at <\/span><\/p>\n<p dir=\"ltr\" style=\"line-height: 1.38; text-align: center; margin-top: 0pt; margin-bottom: 0pt;\" data-mce-style=\"line-height: 1.38; text-align: center; margin-top: 0pt; margin-bottom: 0pt;\"><span style=\"font-size: 16pt; font-family: Lato,sans-serif; color: #000000; background-color: transparent; font-weight: bold; font-style: normal; font-variant: normal; text-decoration: none; vertical-align: baseline; white-space: pre-wrap;\" data-mce-style=\"font-size: 16pt; font-family: Lato,sans-serif; color: #000000; background-color: transparent; font-weight: bold; font-style: normal; font-variant: normal; text-decoration: none; vertical-align: baseline; white-space: pre-wrap;\">den skal frigj\u00f8re dopamin og serotonin. Et hint av jasminolje virker <\/span><\/p>\n<p dir=\"ltr\" style=\"line-height: 1.38; text-align: center; margin-top: 0pt; margin-bottom: 0pt;\" data-mce-style=\"line-height: 1.38; text-align: center; margin-top: 0pt; margin-bottom: 0pt;\"><span style=\"font-size: 16pt; font-family: Lato,sans-serif; color: #000000; background-color: transparent; font-weight: bold; font-style: normal; font-variant: normal; text-decoration: none; vertical-align: baseline; white-space: pre-wrap;\" data-mce-style=\"font-size: 16pt; font-family: Lato,sans-serif; color: #000000; background-color: transparent; font-weight: bold; font-style: normal; font-variant: normal; text-decoration: none; vertical-align: baseline; white-space: pre-wrap;\">som en ytterligere antidepressiva, og forsterker ogs\u00e5 romantiske <\/span><\/p>\n<p dir=\"ltr\" style=\"line-height: 1.38; text-align: center; margin-top: 0pt; margin-bottom: 0pt;\" data-mce-style=\"line-height: 1.38; text-align: center; margin-top: 0pt; margin-bottom: 0pt;\"><span style=\"font-size: 16pt; font-family: Lato,sans-serif; color: #000000; background-color: transparent; font-weight: bold; font-style: normal; font-variant: normal; text-decoration: none; vertical-align: baseline; white-space: pre-wrap;\" data-mce-style=\"font-size: 16pt; font-family: Lato,sans-serif; color: #000000; background-color: transparent; font-weight: bold; font-style: normal; font-variant: normal; text-decoration: none; vertical-align: baseline; white-space: pre-wrap;\">og positive f\u00f8lelser, spesielt i kombinasjon med geraniumolje. <\/span><\/p>\n<p dir=\"ltr\" style=\"line-height: 1.38; text-align: center; margin-top: 0pt; margin-bottom: 0pt;\" data-mce-style=\"line-height: 1.38; text-align: center; margin-top: 0pt; margin-bottom: 0pt;\"><span style=\"font-size: 16pt; font-family: Lato,sans-serif; color: #000000; background-color: transparent; font-weight: bold; font-style: normal; font-variant: normal; text-decoration: none; vertical-align: baseline; white-space: pre-wrap;\" data-mce-style=\"font-size: 16pt; font-family: Lato,sans-serif; color: #000000; background-color: transparent; font-weight: bold; font-style: normal; font-variant: normal; text-decoration: none; vertical-align: baseline; white-space: pre-wrap;\">Geranium er kjent for \u00e5 redusere stress og nedstemthet, <\/span><\/p>\n<p dir=\"ltr\" style=\"line-height: 1.38; text-align: center; margin-top: 0pt; margin-bottom: 0pt;\" data-mce-style=\"line-height: 1.38; text-align: center; margin-top: 0pt; margin-bottom: 0pt;\"><span style=\"font-size: 16pt; font-family: Lato,sans-serif; color: #000000; background-color: transparent; font-weight: bold; font-style: normal; font-variant: normal; text-decoration: none; vertical-align: baseline; white-space: pre-wrap;\" data-mce-style=\"font-size: 16pt; font-family: Lato,sans-serif; color: #000000; background-color: transparent; font-weight: bold; font-style: normal; font-variant: normal; text-decoration: none; vertical-align: baseline; white-space: pre-wrap;\">samt \u00e5 balansere sinnsstemningen. Som du kan se, <\/span><\/p>\n<p dir=\"ltr\" style=\"line-height: 1.38; text-align: center; margin-top: 0pt; margin-bottom: 0pt;\" data-mce-style=\"line-height: 1.38; text-align: center; margin-top: 0pt; margin-bottom: 0pt;\"><span style=\"font-size: 16pt; font-family: Lato,sans-serif; color: #000000; background-color: transparent; font-weight: bold; font-style: normal; font-variant: normal; text-decoration: none; vertical-align: baseline; white-space: pre-wrap;\" data-mce-style=\"font-size: 16pt; font-family: Lato,sans-serif; color: #000000; background-color: transparent; font-weight: bold; font-style: normal; font-variant: normal; text-decoration: none; vertical-align: baseline; white-space: pre-wrap;\">har vi skapt den perfekte duften som kan hjelpe \u00e5 <\/span><\/p>\n<p dir=\"ltr\" style=\"line-height: 1.38; text-align: center; margin-top: 0pt; margin-bottom: 0pt;\" data-mce-style=\"line-height: 1.38; text-align: center; margin-top: 0pt; margin-bottom: 0pt;\"><span style=\"font-size: 16pt; font-family: Lato,sans-serif; color: #000000; background-color: transparent; font-weight: bold; font-style: normal; font-variant: normal; text-decoration: none; vertical-align: baseline; white-space: pre-wrap;\" data-mce-style=\"font-size: 16pt; font-family: Lato,sans-serif; color: #000000; background-color: transparent; font-weight: bold; font-style: normal; font-variant: normal; text-decoration: none; vertical-align: baseline; white-space: pre-wrap;\">lette p\u00e5 melankolien. Pust in den <\/span><\/p>\n<p dir=\"ltr\" style=\"line-height: 1.38; text-align: center; margin-top: 0pt; margin-bottom: 0pt;\" data-mce-style=\"line-height: 1.38; text-align: center; margin-top: 0pt; margin-bottom: 0pt;\"><span style=\"font-size: 16pt; font-family: Lato,sans-serif; color: #000000; background-color: transparent; font-weight: bold; font-style: normal; font-variant: normal; text-decoration: none; vertical-align: baseline; white-space: pre-wrap;\" data-mce-style=\"font-size: 16pt; font-family: Lato,sans-serif; color: #000000; background-color: transparent; font-weight: bold; font-style: normal; font-variant: normal; text-decoration: none; vertical-align: baseline; white-space: pre-wrap;\">positive stemningen.<\/span><\/p>\n<p dir=\"ltr\"><br data-mce-bogus=\"1\"><\/p>\n<p dir=\"ltr\" data-mce-style=\"line-height: 1.38; text-align: center; margin-top: 0pt; margin-bottom: 0pt;\" style=\"line-height: 1.38; text-align: center; margin-top: 0pt; margin-bottom: 0pt;\"><span data-mce-style=\"font-size: 21pt; font-family: Lato, sans-serif; color: #000000; background-color: transparent; font-variant-numeric: normal; font-variant-east-asian: normal; vertical-align: baseline; white-space: pre-wrap;\" style=\"font-size: 21pt; font-family: Lato, sans-serif; color: rgb(0, 0, 0); background-color: transparent; font-variant-numeric: normal; font-variant-east-asian: normal; vertical-align: baseline; white-space: pre-wrap;\">H\u00e5ndlaget i Norge<\/span><\/p>\n<p dir=\"ltr\"><br data-mce-bogus=\"1\"><\/p>\n<p dir=\"ltr\" data-mce-style=\"line-height: 1.38; margin-top: 0pt; margin-bottom: 0pt; text-align: center;\" style=\"line-height: 1.38; margin-top: 0pt; margin-bottom: 0pt; text-align: center;\"><a data-mce-href=\"https:\/\/www.instagram.com\/ljoscandles\" href=\"https:\/\/www.instagram.com\/ljoscandles\"><span data-mce-style=\"font-size: 15pt; font-family: Arial; color: #000000; background-color: transparent; font-weight: bold; font-variant-numeric: normal; font-variant-east-asian: normal; text-decoration-line: none; vertical-align: baseline; white-space: pre-wrap;\" style=\"font-size: 15pt; font-family: Arial; color: rgb(0, 0, 0); background-color: transparent; font-weight: bold; font-variant-numeric: normal; font-variant-east-asian: normal; text-decoration-line: none; vertical-align: baseline; white-space: pre-wrap;\">www.instagram.com\/ljoscandles<\/span><\/a><\/p>\n<p dir=\"ltr\" data-mce-style=\"line-height: 1.38; margin-top: 0pt; margin-bottom: 0pt; text-align: center;\" style=\"line-height: 1.38; margin-top: 0pt; margin-bottom: 0pt; text-align: center;\"><a data-mce-href=\"https:\/\/ljoscandles.shop\/shop\" href=\"https:\/\/ljoscandles.shop\/shop\"><span data-mce-style=\"font-size: 17pt; font-family: Lato, sans-serif; color: #000000; background-color: transparent; font-weight: bold; font-variant-numeric: normal; font-variant-east-asian: normal; text-decoration-line: none; vertical-align: baseline; white-space: pre-wrap;\" style=\"font-size: 17pt; font-family: Lato, sans-serif; color: rgb(0, 0, 0); background-color: transparent; font-weight: bold; font-variant-numeric: normal; font-variant-east-asian: normal; text-decoration-line: none; vertical-align: baseline; white-space: pre-wrap;\">www.ljoscandles.no<\/span><\/a><\/p>\n","protected":false},"excerpt":{"rendered":"<p data-mce-style=\"margin: 0px; padding: 20px 0px 0px; line-height: 20px; font-family: Arial, Helvetica, sans-serif; color: #000000;\" style=\"margin: 0px; padding: 20px 0px 0px; line-height: 20px; font-family: Arial, Helvetica, sans-serif; color: rgb(0, 0, 0);\">100% naturlig duflys<\/p>\n<p>2 variasjoner &#8211; 100g\/160g &#8211; cca 20\/40 timer<\/p>\n<p><span data-mce-style=\"text-decoration: underline;\" style=\"text-decoration-line: underline;\"><span data-mce-style=\"font-weight: bold; color: #5f6368; font-family: arial, sans-serif; font-size: 14px; text-decoration: underline;\" style=\"font-weight: bold; color: rgb(95, 99, 104); font-family: arial, sans-serif; font-size: 14px;\">Gratis frakt !<\/span><\/span><\/p>\n","protected":false},"featured_media":7470,"comment_status":"open","ping_status":"closed","template":"","meta":{"_acf_changed":false},"product_brand":[],"product_cat":[78,88],"product_tag":[],"class_list":{"0":"post-7467","1":"product","2":"type-product","3":"status-publish","4":"has-post-thumbnail","6":"product_vendor-ljos-candles","7":"product_cat-gaver","8":"product_cat-lys-duftlys","10":"first","11":"instock","12":"taxable","13":"shipping-taxable","14":"product-type-variable","15":"has-default-attributes"},"acf":[],"yoast_head":"<!-- This site is optimized with the Yoast SEO plugin v27.1.1 - https:\/\/yoast.com\/product\/yoast-seo-wordpress\/ -->\n<title>LOGN &#8226; Norwegian Made<\/title>\n<meta name=\"robots\" content=\"index, follow, max-snippet:-1, max-image-preview:large, max-video-preview:-1\" \/>\n<link rel=\"canonical\" href=\"https:\/\/norwegianmade.no\/en\/produkt\/logn\/\" \/>\n<meta property=\"og:locale\" content=\"en_US\" \/>\n<meta property=\"og:type\" content=\"article\" \/>\n<meta property=\"og:title\" content=\"LOGN &#8226; Norwegian Made\" \/>\n<meta property=\"og:description\" content=\"100% naturlig duflys2 variasjoner - 100g\/160g - cca 20\/40 timerGratis frakt !\" \/>\n<meta property=\"og:url\" content=\"https:\/\/norwegianmade.no\/en\/produkt\/logn\/\" \/>\n<meta property=\"og:site_name\" content=\"Norwegian Made\" \/>\n<meta property=\"article:modified_time\" content=\"2024-09-27T00:22:40+00:00\" \/>\n<meta property=\"og:image\" content=\"https:\/\/norwegianmade.no\/wp-content\/uploads\/2021\/07\/d93f7adc9e759c108922d6e34f19137a.jpg\" \/>\n\t<meta property=\"og:image:width\" content=\"1080\" \/>\n\t<meta property=\"og:image:height\" content=\"1350\" \/>\n\t<meta property=\"og:image:type\" content=\"image\/jpeg\" \/>\n<meta name=\"twitter:card\" content=\"summary_large_image\" \/>\n<meta name=\"twitter:label1\" content=\"Est. reading time\" \/>\n\t<meta name=\"twitter:data1\" content=\"1 minute\" \/>\n<script type=\"application\/ld+json\" class=\"yoast-schema-graph\">{\"@context\":\"https:\/\/schema.org\",\"@graph\":[{\"@type\":\"WebPage\",\"@id\":\"https:\/\/norwegianmade.no\/en\/produkt\/logn\/\",\"url\":\"https:\/\/norwegianmade.no\/en\/produkt\/logn\/\",\"name\":\"LOGN &#8226; Norwegian Made\",\"isPartOf\":{\"@id\":\"https:\/\/norwegianmade.no\/#website\"},\"primaryImageOfPage\":{\"@id\":\"https:\/\/norwegianmade.no\/en\/produkt\/logn\/#primaryimage\"},\"image\":{\"@id\":\"https:\/\/norwegianmade.no\/en\/produkt\/logn\/#primaryimage\"},\"thumbnailUrl\":\"https:\/\/norwegianmade.no\/wp-content\/uploads\/2021\/07\/d93f7adc9e759c108922d6e34f19137a.jpg\",\"datePublished\":\"2021-07-31T13:47:24+00:00\",\"dateModified\":\"2024-09-27T00:22:40+00:00\",\"breadcrumb\":{\"@id\":\"https:\/\/norwegianmade.no\/en\/produkt\/logn\/#breadcrumb\"},\"inLanguage\":\"en-US\",\"potentialAction\":[{\"@type\":\"ReadAction\",\"target\":[\"https:\/\/norwegianmade.no\/en\/produkt\/logn\/\"]}]},{\"@type\":\"ImageObject\",\"inLanguage\":\"en-US\",\"@id\":\"https:\/\/norwegianmade.no\/en\/produkt\/logn\/#primaryimage\",\"url\":\"https:\/\/norwegianmade.no\/wp-content\/uploads\/2021\/07\/d93f7adc9e759c108922d6e34f19137a.jpg\",\"contentUrl\":\"https:\/\/norwegianmade.no\/wp-content\/uploads\/2021\/07\/d93f7adc9e759c108922d6e34f19137a.jpg\",\"width\":1080,\"height\":1350},{\"@type\":\"BreadcrumbList\",\"@id\":\"https:\/\/norwegianmade.no\/en\/produkt\/logn\/#breadcrumb\",\"itemListElement\":[{\"@type\":\"ListItem\",\"position\":1,\"name\":\"Hjem\",\"item\":\"https:\/\/norwegianmade.no\/en\/\"},{\"@type\":\"ListItem\",\"position\":2,\"name\":\"Shop\",\"item\":\"https:\/\/norwegianmade.no\/en\/shop\/\"},{\"@type\":\"ListItem\",\"position\":3,\"name\":\"LOGN\"}]},{\"@type\":\"WebSite\",\"@id\":\"https:\/\/norwegianmade.no\/#website\",\"url\":\"https:\/\/norwegianmade.no\/\",\"name\":\"Norwegian Made\",\"description\":\"Norges st\u00f8rste markedsplass for norske produsenter\",\"publisher\":{\"@id\":\"https:\/\/norwegianmade.no\/#organization\"},\"potentialAction\":[{\"@type\":\"SearchAction\",\"target\":{\"@type\":\"EntryPoint\",\"urlTemplate\":\"https:\/\/norwegianmade.no\/?s={search_term_string}\"},\"query-input\":{\"@type\":\"PropertyValueSpecification\",\"valueRequired\":true,\"valueName\":\"search_term_string\"}}],\"inLanguage\":\"en-US\"},{\"@type\":\"Organization\",\"@id\":\"https:\/\/norwegianmade.no\/#organization\",\"name\":\"Norwegian Made\",\"url\":\"https:\/\/norwegianmade.no\/\",\"logo\":{\"@type\":\"ImageObject\",\"inLanguage\":\"en-US\",\"@id\":\"https:\/\/norwegianmade.no\/#\/schema\/logo\/image\/\",\"url\":\"https:\/\/norwegianmade.no\/wp-content\/uploads\/2020\/11\/logo-liggende-norwegian-made-web.png\",\"contentUrl\":\"https:\/\/norwegianmade.no\/wp-content\/uploads\/2020\/11\/logo-liggende-norwegian-made-web.png\",\"width\":200,\"height\":58,\"caption\":\"Norwegian Made\"},\"image\":{\"@id\":\"https:\/\/norwegianmade.no\/#\/schema\/logo\/image\/\"}}]}<\/script>\n<!-- \/ Yoast SEO plugin. -->","yoast_head_json":{"title":"LOGN &#8226; Norwegian Made","robots":{"index":"index","follow":"follow","max-snippet":"max-snippet:-1","max-image-preview":"max-image-preview:large","max-video-preview":"max-video-preview:-1"},"canonical":"https:\/\/norwegianmade.no\/en\/produkt\/logn\/","og_locale":"en_US","og_type":"article","og_title":"LOGN &#8226; Norwegian Made","og_description":"100% naturlig duflys2 variasjoner - 100g\/160g - cca 20\/40 timerGratis frakt !","og_url":"https:\/\/norwegianmade.no\/en\/produkt\/logn\/","og_site_name":"Norwegian Made","article_modified_time":"2024-09-27T00:22:40+00:00","og_image":[{"width":1080,"height":1350,"url":"https:\/\/norwegianmade.no\/wp-content\/uploads\/2021\/07\/d93f7adc9e759c108922d6e34f19137a.jpg","type":"image\/jpeg"}],"twitter_card":"summary_large_image","twitter_misc":{"Est. reading time":"1 minute"},"schema":{"@context":"https:\/\/schema.org","@graph":[{"@type":"WebPage","@id":"https:\/\/norwegianmade.no\/en\/produkt\/logn\/","url":"https:\/\/norwegianmade.no\/en\/produkt\/logn\/","name":"LOGN &#8226; Norwegian Made","isPartOf":{"@id":"https:\/\/norwegianmade.no\/#website"},"primaryImageOfPage":{"@id":"https:\/\/norwegianmade.no\/en\/produkt\/logn\/#primaryimage"},"image":{"@id":"https:\/\/norwegianmade.no\/en\/produkt\/logn\/#primaryimage"},"thumbnailUrl":"https:\/\/norwegianmade.no\/wp-content\/uploads\/2021\/07\/d93f7adc9e759c108922d6e34f19137a.jpg","datePublished":"2021-07-31T13:47:24+00:00","dateModified":"2024-09-27T00:22:40+00:00","breadcrumb":{"@id":"https:\/\/norwegianmade.no\/en\/produkt\/logn\/#breadcrumb"},"inLanguage":"en-US","potentialAction":[{"@type":"ReadAction","target":["https:\/\/norwegianmade.no\/en\/produkt\/logn\/"]}]},{"@type":"ImageObject","inLanguage":"en-US","@id":"https:\/\/norwegianmade.no\/en\/produkt\/logn\/#primaryimage","url":"https:\/\/norwegianmade.no\/wp-content\/uploads\/2021\/07\/d93f7adc9e759c108922d6e34f19137a.jpg","contentUrl":"https:\/\/norwegianmade.no\/wp-content\/uploads\/2021\/07\/d93f7adc9e759c108922d6e34f19137a.jpg","width":1080,"height":1350},{"@type":"BreadcrumbList","@id":"https:\/\/norwegianmade.no\/en\/produkt\/logn\/#breadcrumb","itemListElement":[{"@type":"ListItem","position":1,"name":"Hjem","item":"https:\/\/norwegianmade.no\/en\/"},{"@type":"ListItem","position":2,"name":"Shop","item":"https:\/\/norwegianmade.no\/en\/shop\/"},{"@type":"ListItem","position":3,"name":"LOGN"}]},{"@type":"WebSite","@id":"https:\/\/norwegianmade.no\/#website","url":"https:\/\/norwegianmade.no\/","name":"Norwegian Made","description":"Norges st\u00f8rste markedsplass for norske produsenter","publisher":{"@id":"https:\/\/norwegianmade.no\/#organization"},"potentialAction":[{"@type":"SearchAction","target":{"@type":"EntryPoint","urlTemplate":"https:\/\/norwegianmade.no\/?s={search_term_string}"},"query-input":{"@type":"PropertyValueSpecification","valueRequired":true,"valueName":"search_term_string"}}],"inLanguage":"en-US"},{"@type":"Organization","@id":"https:\/\/norwegianmade.no\/#organization","name":"Norwegian Made","url":"https:\/\/norwegianmade.no\/","logo":{"@type":"ImageObject","inLanguage":"en-US","@id":"https:\/\/norwegianmade.no\/#\/schema\/logo\/image\/","url":"https:\/\/norwegianmade.no\/wp-content\/uploads\/2020\/11\/logo-liggende-norwegian-made-web.png","contentUrl":"https:\/\/norwegianmade.no\/wp-content\/uploads\/2020\/11\/logo-liggende-norwegian-made-web.png","width":200,"height":58,"caption":"Norwegian Made"},"image":{"@id":"https:\/\/norwegianmade.no\/#\/schema\/logo\/image\/"}}]}},"_links":{"self":[{"href":"https:\/\/norwegianmade.no\/en\/wp-json\/wp\/v2\/product\/7467","targetHints":{"allow":["GET"]}}],"collection":[{"href":"https:\/\/norwegianmade.no\/en\/wp-json\/wp\/v2\/product"}],"about":[{"href":"https:\/\/norwegianmade.no\/en\/wp-json\/wp\/v2\/types\/product"}],"replies":[{"embeddable":true,"href":"https:\/\/norwegianmade.no\/en\/wp-json\/wp\/v2\/comments?post=7467"}],"wp:featuredmedia":[{"embeddable":true,"href":"https:\/\/norwegianmade.no\/en\/wp-json\/wp\/v2\/media\/7470"}],"wp:attachment":[{"href":"https:\/\/norwegianmade.no\/en\/wp-json\/wp\/v2\/media?parent=7467"}],"wp:term":[{"taxonomy":"product_brand","embeddable":true,"href":"https:\/\/norwegianmade.no\/en\/wp-json\/wp\/v2\/product_brand?post=7467"},{"taxonomy":"product_cat","embeddable":true,"href":"https:\/\/norwegianmade.no\/en\/wp-json\/wp\/v2\/product_cat?post=7467"},{"taxonomy":"product_tag","embeddable":true,"href":"https:\/\/norwegianmade.no\/en\/wp-json\/wp\/v2\/product_tag?post=7467"}],"curies":[{"name":"wp","href":"https:\/\/api.w.org\/{rel}","templated":true}]}}