{"id":7472,"date":"2021-07-31T15:48:45","date_gmt":"2021-07-31T13:48:45","guid":{"rendered":"https:\/\/norwegianmade.no\/?post_type=product&#038;p=7472"},"modified":"2025-08-17T01:47:51","modified_gmt":"2025-08-16T23:47:51","slug":"skogr","status":"publish","type":"product","link":"https:\/\/norwegianmade.no\/en\/produkt\/skogr\/","title":{"rendered":"SK\u00d3GR"},"content":{"rendered":"<p dir=\"ltr\" style=\"line-height: 1.38;text-align: center;margin-top: 0pt;margin-bottom: 0pt\" data-mce-style=\"line-height: 1.38; text-align: center; margin-top: 0pt; margin-bottom: 0pt;\"><span style=\"font-size: 10.5pt;font-family: Lato,sans-serif;color: #000000;background-color: #ffffff;font-weight: 400;font-style: normal;font-variant: normal;text-decoration: none;vertical-align: baseline\" data-mce-style=\"font-size: 10.5pt; font-family: Lato,sans-serif; color: #000000; background-color: #ffffff; font-weight: 400; font-style: normal; font-variant: normal; text-decoration: none; vertical-align: baseline; white-space: pre-wrap;\"><span style=\"border: none;overflow: hidden;width: 167px;height: 174px\" data-mce-style=\"border: none; display: inline-block; overflow: hidden; width: 167px; height: 174px;\"><img loading=\"lazy\" decoding=\"async\" src=\"https:\/\/lh4.googleusercontent.com\/coZ6S6fzNGjIp3ZDGypUePcjUNdWLAK4-Q1m_WlXZRhtH-8r6tS6ksyi65IPJNGoq-EsEYGMuu7zHYm0jgPDWzWaXVCTf-Yg3INNik2fa3swIox1pB3NKzKSU8Q6ZhfHMsKqL2xe\" width=\"167\" height=\"174\" style=\"margin-left: 0px;margin-top: 0px\" data-mce-src=\"https:\/\/lh4.googleusercontent.com\/coZ6S6fzNGjIp3ZDGypUePcjUNdWLAK4-Q1m_WlXZRhtH-8r6tS6ksyi65IPJNGoq-EsEYGMuu7zHYm0jgPDWzWaXVCTf-Yg3INNik2fa3swIox1pB3NKzKSU8Q6ZhfHMsKqL2xe\" data-mce-style=\"margin-left: 0px; margin-top: 0px;\"><\/span><\/span><\/p>\n<p style=\"margin: 0px;padding: 20px 0px 0px;line-height: 20px;font-family: Arial, Helvetica, sans-serif;color: #000000\" data-mce-style=\"margin: 0px; padding: 20px 0px 0px; line-height: 20px; font-family: Arial, Helvetica, sans-serif; color: #000000;\"><b style=\"font-weight: normal\" id=\"docs-internal-guid-32ff3e74-7fff-4932-d807-176ee449e721\" data-mce-style=\"font-weight: normal;\"><br \/><\/b><\/p>\n<p dir=\"ltr\" style=\"line-height: 1.38;text-align: center;margin-top: 0pt;margin-bottom: 0pt\" data-mce-style=\"line-height: 1.38; text-align: center; margin-top: 0pt; margin-bottom: 0pt;\"><span style=\"font-size: 24.999999999999996pt;font-family: Lato,sans-serif;color: #000000;background-color: #ffffff;font-weight: 400;font-style: normal;font-variant: normal;text-decoration: none;vertical-align: baseline\" data-mce-style=\"font-size: 24.999999999999996pt; font-family: Lato,sans-serif; color: #000000; background-color: #ffffff; font-weight: 400; font-style: normal; font-variant: normal; text-decoration: none; vertical-align: baseline; white-space: pre-wrap;\">SK\u00d3GR<\/span><\/p>\n<p style=\"margin: 0px;padding: 20px 0px 0px;line-height: 20px;font-family: Arial, Helvetica, sans-serif;color: #000000\" data-mce-style=\"margin: 0px; padding: 20px 0px 0px; line-height: 20px; font-family: Arial, Helvetica, sans-serif; color: #000000;\"><b style=\"font-weight: normal\" data-mce-style=\"font-weight: normal;\"><br \/><\/b><\/p>\n<p dir=\"ltr\" style=\"line-height: 1.38;text-align: center;margin-top: 0pt;margin-bottom: 0pt\" data-mce-style=\"line-height: 1.38; text-align: center; margin-top: 0pt; margin-bottom: 0pt;\"><span style=\"font-size: 13.999999999999998pt;font-family: Lato,sans-serif;color: #000000;background-color: transparent;font-weight: 400;font-style: normal;font-variant: normal;text-decoration: none;vertical-align: baseline\" data-mce-style=\"font-size: 13.999999999999998pt; font-family: Lato,sans-serif; color: #000000; background-color: transparent; font-weight: 400; font-style: normal; font-variant: normal; text-decoration: none; vertical-align: baseline; white-space: pre-wrap;\">Ingredienser<\/span><span style=\"font-size: 13.999999999999998pt;font-family: Lato,sans-serif;color: #000000;background-color: #ffffff;font-weight: 400;font-style: normal;font-variant: normal;text-decoration: none;vertical-align: baseline\" data-mce-style=\"font-size: 13.999999999999998pt; font-family: Lato,sans-serif; color: #000000; background-color: #ffffff; font-weight: 400; font-style: normal; font-variant: normal; text-decoration: none; vertical-align: baseline; white-space: pre-wrap;\">:\u00a0<\/span><\/p>\n<p dir=\"ltr\" style=\"line-height: 1.38;text-align: center;margin-top: 0pt;margin-bottom: 0pt\" data-mce-style=\"line-height: 1.38; text-align: center; margin-top: 0pt; margin-bottom: 0pt;\"><span style=\"font-size: 13.999999999999998pt;font-family: Lato,sans-serif;color: #000000;background-color: transparent;font-weight: 400;font-style: normal;font-variant: normal;text-decoration: none;vertical-align: baseline\" data-mce-style=\"font-size: 13.999999999999998pt; font-family: Lato,sans-serif; color: #000000; background-color: transparent; font-weight: 400; font-style: normal; font-variant: normal; text-decoration: none; vertical-align: baseline; white-space: pre-wrap;\">100% naturlig, b\u00e6rekraftig, \u00f8kologisk soyavoks<\/span><\/p>\n<p dir=\"ltr\" style=\"line-height: 1.38;text-align: center;margin-top: 0pt;margin-bottom: 0pt\" data-mce-style=\"line-height: 1.38; text-align: center; margin-top: 0pt; margin-bottom: 0pt;\"><span style=\"font-size: 13.999999999999998pt;font-family: Lato,sans-serif;color: #000000;background-color: transparent;font-weight: 400;font-style: normal;font-variant: normal;text-decoration: none;vertical-align: baseline\" data-mce-style=\"font-size: 13.999999999999998pt; font-family: Lato,sans-serif; color: #000000; background-color: transparent; font-weight: 400; font-style: normal; font-variant: normal; text-decoration: none; vertical-align: baseline; white-space: pre-wrap;\">100% naturlige eteriske oljer<\/span><\/p>\n<p dir=\"ltr\" style=\"line-height: 1.38;text-align: center;margin-top: 0pt;margin-bottom: 0pt\" data-mce-style=\"line-height: 1.38; text-align: center; margin-top: 0pt; margin-bottom: 0pt;\"><span style=\"font-size: 18pt;font-family: Lato,sans-serif;color: #000000;background-color: transparent;font-weight: bold;font-style: normal;font-variant: normal;text-decoration: none;vertical-align: baseline\" data-mce-style=\"font-size: 18pt; font-family: Lato,sans-serif; color: #000000; background-color: transparent; font-weight: bold; font-style: normal; font-variant: normal; text-decoration: none; vertical-align: baseline; white-space: pre-wrap;\">Skogsfriske dufter av gran- og furun\u00e5loljer har oppl\u00f8ftende og sinnsforsterkende egenskaper. Dette er en perfekt duft for en dag p\u00e5 kontoret, eller tid tilbragt hjemme. Grann\u00e5l hjelper med \u00e5 avlaste tungpusthet tilknyttet sesongbaserte sykdommer og pollenallergier. Jordn\u00e6re toner av sederolje har jordete egenskaper for kropp og <\/span><\/p>\n<p dir=\"ltr\" style=\"line-height: 1.38;text-align: center;margin-top: 0pt;margin-bottom: 0pt\" data-mce-style=\"line-height: 1.38; text-align: center; margin-top: 0pt; margin-bottom: 0pt;\"><span style=\"font-size: 18pt;font-family: Lato,sans-serif;color: #000000;background-color: transparent;font-weight: bold;font-style: normal;font-variant: normal;text-decoration: none;vertical-align: baseline\" data-mce-style=\"font-size: 18pt; font-family: Lato,sans-serif; color: #000000; background-color: transparent; font-weight: bold; font-style: normal; font-variant: normal; text-decoration: none; vertical-align: baseline; white-space: pre-wrap;\">sinn, \u00f8ker din vitalitet og skaper emosjonell balanse. <\/span><\/p>\n<p dir=\"ltr\" style=\"line-height: 1.38;text-align: center;margin-top: 0pt;margin-bottom: 0pt\" data-mce-style=\"line-height: 1.38; text-align: center; margin-top: 0pt; margin-bottom: 0pt;\"><span style=\"font-size: 18pt;font-family: Lato,sans-serif;color: #000000;background-color: transparent;font-weight: bold;font-style: normal;font-variant: normal;text-decoration: none;vertical-align: baseline\" data-mce-style=\"font-size: 18pt; font-family: Lato,sans-serif; color: #000000; background-color: transparent; font-weight: bold; font-style: normal; font-variant: normal; text-decoration: none; vertical-align: baseline; white-space: pre-wrap;\">For \u00e5 styrke og fremme klar pust, har vi ogs\u00e5 brukt <\/span><\/p>\n<p dir=\"ltr\" style=\"line-height: 1.38;text-align: center;margin-top: 0pt;margin-bottom: 0pt\" data-mce-style=\"line-height: 1.38; text-align: center; margin-top: 0pt; margin-bottom: 0pt;\"><span style=\"font-size: 18pt;font-family: Lato,sans-serif;color: #000000;background-color: transparent;font-weight: bold;font-style: normal;font-variant: normal;text-decoration: none;vertical-align: baseline\" data-mce-style=\"font-size: 18pt; font-family: Lato,sans-serif; color: #000000; background-color: transparent; font-weight: bold; font-style: normal; font-variant: normal; text-decoration: none; vertical-align: baseline; white-space: pre-wrap;\">et hint av eukalyptusolje. Trekk pusten dypt og <\/span><\/p>\n<p dir=\"ltr\" style=\"line-height: 1.38;text-align: center;margin-top: 0pt;margin-bottom: 0pt\" data-mce-style=\"line-height: 1.38; text-align: center; margin-top: 0pt; margin-bottom: 0pt;\"><span style=\"font-size: 18pt;font-family: Lato,sans-serif;color: #000000;background-color: transparent;font-weight: bold;font-style: normal;font-variant: normal;text-decoration: none;vertical-align: baseline\" data-mce-style=\"font-size: 18pt; font-family: Lato,sans-serif; color: #000000; background-color: transparent; font-weight: bold; font-style: normal; font-variant: normal; text-decoration: none; vertical-align: baseline; white-space: pre-wrap;\">se for deg en lang tur i skogen.<\/span><\/p>\n<p dir=\"ltr\" data-mce-style=\"line-height: 1.38; text-align: center; margin-top: 0pt; margin-bottom: 0pt;\" style=\"line-height: 1.38;text-align: center;margin-top: 0pt;margin-bottom: 0pt\"><span data-mce-style=\"font-size: 21pt; font-family: Lato, sans-serif; color: #000000; background-color: transparent; font-variant-numeric: normal; font-variant-east-asian: normal; vertical-align: baseline; white-space: pre-wrap;\" style=\"font-size: 21pt;font-family: Lato, sans-serif;background-color: transparent;vertical-align: baseline\">H\u00e5ndlaget i Norge<\/span><\/p>\n<p dir=\"ltr\" data-mce-style=\"line-height: 1.38; margin-top: 0pt; margin-bottom: 0pt; text-align: center;\" style=\"line-height: 1.38;margin-top: 0pt;margin-bottom: 0pt;text-align: center\"><a data-mce-href=\"https:\/\/www.instagram.com\/ljoscandles\" href=\"https:\/\/www.instagram.com\/ljoscandles\"><span data-mce-style=\"font-size: 15pt; font-family: Arial; color: #000000; background-color: transparent; font-weight: bold; font-variant-numeric: normal; font-variant-east-asian: normal; text-decoration-line: none; vertical-align: baseline; white-space: pre-wrap;\" style=\"font-size: 15pt;font-family: Arial;background-color: transparent;font-weight: bold;vertical-align: baseline\">www.instagram.com\/ljoscandles<\/span><\/a><\/p>\n<p dir=\"ltr\" data-mce-style=\"line-height: 1.38; margin-top: 0pt; margin-bottom: 0pt; text-align: center;\" style=\"line-height: 1.38;margin-top: 0pt;margin-bottom: 0pt;text-align: center\"><a data-mce-href=\"https:\/\/ljoscandles.shop\/shop\" href=\"https:\/\/ljoscandles.shop\/shop\"><span data-mce-style=\"font-size: 17pt; font-family: Lato, sans-serif; color: #000000; background-color: transparent; font-weight: bold; font-variant-numeric: normal; font-variant-east-asian: normal; text-decoration-line: none; vertical-align: baseline; white-space: pre-wrap;\" style=\"font-size: 17pt;font-family: Lato, sans-serif;background-color: transparent;font-weight: bold;vertical-align: baseline\">www.ljoscandles.no<\/span><\/a><\/p>\n<p dir=\"ltr\"><\/p>\n","protected":false},"excerpt":{"rendered":"<p data-mce-style=\"margin: 0px; padding: 20px 0px 0px; line-height: 20px; font-family: Arial, Helvetica, sans-serif; color: #000000;\" style=\"margin: 0px;padding: 20px 0px 0px;line-height: 20px;font-family: Arial, Helvetica, sans-serif\">100% naturlig duflys<\/p>\n<p>2 variasjoner &#8211; 100g\/160g &#8211; cca 20\/40 timer<\/p>\n<p><span data-mce-style=\"text-decoration: underline;\"><span data-mce-style=\"font-weight: bold; color: #5f6368; font-family: arial, sans-serif; font-size: 14px; text-decoration: underline;\" style=\"font-weight: bold;font-family: arial, sans-serif;font-size: 14px\">Gratis frakt !<\/span><\/span><\/p>\n","protected":false},"featured_media":17486,"comment_status":"open","ping_status":"closed","template":"","meta":{"_acf_changed":false},"product_brand":[],"product_cat":[78,88],"product_tag":[],"class_list":{"0":"post-7472","1":"product","2":"type-product","3":"status-publish","4":"has-post-thumbnail","6":"product_vendor-ljos-candles","7":"product_cat-gaver","8":"product_cat-lys-duftlys","10":"first","11":"instock","12":"taxable","13":"shipping-taxable","14":"product-type-variable","15":"has-default-attributes"},"acf":[],"yoast_head":"<!-- This site is optimized with the Yoast SEO plugin v27.1.1 - https:\/\/yoast.com\/product\/yoast-seo-wordpress\/ -->\n<title>SK\u00d3GR &#8226; Norwegian Made<\/title>\n<meta name=\"robots\" content=\"index, follow, max-snippet:-1, max-image-preview:large, max-video-preview:-1\" \/>\n<link rel=\"canonical\" href=\"https:\/\/norwegianmade.no\/en\/produkt\/skogr\/\" \/>\n<meta property=\"og:locale\" content=\"en_US\" \/>\n<meta property=\"og:type\" content=\"article\" \/>\n<meta property=\"og:title\" content=\"SK\u00d3GR &#8226; Norwegian Made\" \/>\n<meta property=\"og:description\" content=\"100% naturlig duflys2 variasjoner - 100g\/160g - cca 20\/40 timerGratis frakt !\" \/>\n<meta property=\"og:url\" content=\"https:\/\/norwegianmade.no\/en\/produkt\/skogr\/\" \/>\n<meta property=\"og:site_name\" content=\"Norwegian Made\" \/>\n<meta property=\"article:modified_time\" content=\"2025-08-16T23:47:51+00:00\" \/>\n<meta property=\"og:image\" content=\"https:\/\/norwegianmade.no\/wp-content\/uploads\/2022\/12\/SKOGR.jpg\" \/>\n\t<meta property=\"og:image:width\" content=\"1588\" \/>\n\t<meta property=\"og:image:height\" content=\"1974\" \/>\n\t<meta property=\"og:image:type\" content=\"image\/jpeg\" \/>\n<meta name=\"twitter:card\" content=\"summary_large_image\" \/>\n<meta name=\"twitter:label1\" content=\"Est. reading time\" \/>\n\t<meta name=\"twitter:data1\" content=\"1 minute\" \/>\n<script type=\"application\/ld+json\" class=\"yoast-schema-graph\">{\"@context\":\"https:\/\/schema.org\",\"@graph\":[{\"@type\":\"WebPage\",\"@id\":\"https:\/\/norwegianmade.no\/en\/produkt\/skogr\/\",\"url\":\"https:\/\/norwegianmade.no\/en\/produkt\/skogr\/\",\"name\":\"SK\u00d3GR &#8226; Norwegian Made\",\"isPartOf\":{\"@id\":\"https:\/\/norwegianmade.no\/#website\"},\"primaryImageOfPage\":{\"@id\":\"https:\/\/norwegianmade.no\/en\/produkt\/skogr\/#primaryimage\"},\"image\":{\"@id\":\"https:\/\/norwegianmade.no\/en\/produkt\/skogr\/#primaryimage\"},\"thumbnailUrl\":\"https:\/\/norwegianmade.no\/wp-content\/uploads\/2022\/12\/SKOGR.jpg\",\"datePublished\":\"2021-07-31T13:48:45+00:00\",\"dateModified\":\"2025-08-16T23:47:51+00:00\",\"breadcrumb\":{\"@id\":\"https:\/\/norwegianmade.no\/en\/produkt\/skogr\/#breadcrumb\"},\"inLanguage\":\"en-US\",\"potentialAction\":[{\"@type\":\"ReadAction\",\"target\":[\"https:\/\/norwegianmade.no\/en\/produkt\/skogr\/\"]}]},{\"@type\":\"ImageObject\",\"inLanguage\":\"en-US\",\"@id\":\"https:\/\/norwegianmade.no\/en\/produkt\/skogr\/#primaryimage\",\"url\":\"https:\/\/norwegianmade.no\/wp-content\/uploads\/2022\/12\/SKOGR.jpg\",\"contentUrl\":\"https:\/\/norwegianmade.no\/wp-content\/uploads\/2022\/12\/SKOGR.jpg\",\"width\":1588,\"height\":1974},{\"@type\":\"BreadcrumbList\",\"@id\":\"https:\/\/norwegianmade.no\/en\/produkt\/skogr\/#breadcrumb\",\"itemListElement\":[{\"@type\":\"ListItem\",\"position\":1,\"name\":\"Hjem\",\"item\":\"https:\/\/norwegianmade.no\/en\/\"},{\"@type\":\"ListItem\",\"position\":2,\"name\":\"Shop\",\"item\":\"https:\/\/norwegianmade.no\/en\/shop\/\"},{\"@type\":\"ListItem\",\"position\":3,\"name\":\"SK\u00d3GR\"}]},{\"@type\":\"WebSite\",\"@id\":\"https:\/\/norwegianmade.no\/#website\",\"url\":\"https:\/\/norwegianmade.no\/\",\"name\":\"Norwegian Made\",\"description\":\"Norges st\u00f8rste markedsplass for norske produsenter\",\"publisher\":{\"@id\":\"https:\/\/norwegianmade.no\/#organization\"},\"potentialAction\":[{\"@type\":\"SearchAction\",\"target\":{\"@type\":\"EntryPoint\",\"urlTemplate\":\"https:\/\/norwegianmade.no\/?s={search_term_string}\"},\"query-input\":{\"@type\":\"PropertyValueSpecification\",\"valueRequired\":true,\"valueName\":\"search_term_string\"}}],\"inLanguage\":\"en-US\"},{\"@type\":\"Organization\",\"@id\":\"https:\/\/norwegianmade.no\/#organization\",\"name\":\"Norwegian Made\",\"url\":\"https:\/\/norwegianmade.no\/\",\"logo\":{\"@type\":\"ImageObject\",\"inLanguage\":\"en-US\",\"@id\":\"https:\/\/norwegianmade.no\/#\/schema\/logo\/image\/\",\"url\":\"https:\/\/norwegianmade.no\/wp-content\/uploads\/2020\/11\/logo-liggende-norwegian-made-web.png\",\"contentUrl\":\"https:\/\/norwegianmade.no\/wp-content\/uploads\/2020\/11\/logo-liggende-norwegian-made-web.png\",\"width\":200,\"height\":58,\"caption\":\"Norwegian Made\"},\"image\":{\"@id\":\"https:\/\/norwegianmade.no\/#\/schema\/logo\/image\/\"}}]}<\/script>\n<!-- \/ Yoast SEO plugin. -->","yoast_head_json":{"title":"SK\u00d3GR &#8226; Norwegian Made","robots":{"index":"index","follow":"follow","max-snippet":"max-snippet:-1","max-image-preview":"max-image-preview:large","max-video-preview":"max-video-preview:-1"},"canonical":"https:\/\/norwegianmade.no\/en\/produkt\/skogr\/","og_locale":"en_US","og_type":"article","og_title":"SK\u00d3GR &#8226; Norwegian Made","og_description":"100% naturlig duflys2 variasjoner - 100g\/160g - cca 20\/40 timerGratis frakt !","og_url":"https:\/\/norwegianmade.no\/en\/produkt\/skogr\/","og_site_name":"Norwegian Made","article_modified_time":"2025-08-16T23:47:51+00:00","og_image":[{"width":1588,"height":1974,"url":"https:\/\/norwegianmade.no\/wp-content\/uploads\/2022\/12\/SKOGR.jpg","type":"image\/jpeg"}],"twitter_card":"summary_large_image","twitter_misc":{"Est. reading time":"1 minute"},"schema":{"@context":"https:\/\/schema.org","@graph":[{"@type":"WebPage","@id":"https:\/\/norwegianmade.no\/en\/produkt\/skogr\/","url":"https:\/\/norwegianmade.no\/en\/produkt\/skogr\/","name":"SK\u00d3GR &#8226; Norwegian Made","isPartOf":{"@id":"https:\/\/norwegianmade.no\/#website"},"primaryImageOfPage":{"@id":"https:\/\/norwegianmade.no\/en\/produkt\/skogr\/#primaryimage"},"image":{"@id":"https:\/\/norwegianmade.no\/en\/produkt\/skogr\/#primaryimage"},"thumbnailUrl":"https:\/\/norwegianmade.no\/wp-content\/uploads\/2022\/12\/SKOGR.jpg","datePublished":"2021-07-31T13:48:45+00:00","dateModified":"2025-08-16T23:47:51+00:00","breadcrumb":{"@id":"https:\/\/norwegianmade.no\/en\/produkt\/skogr\/#breadcrumb"},"inLanguage":"en-US","potentialAction":[{"@type":"ReadAction","target":["https:\/\/norwegianmade.no\/en\/produkt\/skogr\/"]}]},{"@type":"ImageObject","inLanguage":"en-US","@id":"https:\/\/norwegianmade.no\/en\/produkt\/skogr\/#primaryimage","url":"https:\/\/norwegianmade.no\/wp-content\/uploads\/2022\/12\/SKOGR.jpg","contentUrl":"https:\/\/norwegianmade.no\/wp-content\/uploads\/2022\/12\/SKOGR.jpg","width":1588,"height":1974},{"@type":"BreadcrumbList","@id":"https:\/\/norwegianmade.no\/en\/produkt\/skogr\/#breadcrumb","itemListElement":[{"@type":"ListItem","position":1,"name":"Hjem","item":"https:\/\/norwegianmade.no\/en\/"},{"@type":"ListItem","position":2,"name":"Shop","item":"https:\/\/norwegianmade.no\/en\/shop\/"},{"@type":"ListItem","position":3,"name":"SK\u00d3GR"}]},{"@type":"WebSite","@id":"https:\/\/norwegianmade.no\/#website","url":"https:\/\/norwegianmade.no\/","name":"Norwegian Made","description":"Norges st\u00f8rste markedsplass for norske produsenter","publisher":{"@id":"https:\/\/norwegianmade.no\/#organization"},"potentialAction":[{"@type":"SearchAction","target":{"@type":"EntryPoint","urlTemplate":"https:\/\/norwegianmade.no\/?s={search_term_string}"},"query-input":{"@type":"PropertyValueSpecification","valueRequired":true,"valueName":"search_term_string"}}],"inLanguage":"en-US"},{"@type":"Organization","@id":"https:\/\/norwegianmade.no\/#organization","name":"Norwegian Made","url":"https:\/\/norwegianmade.no\/","logo":{"@type":"ImageObject","inLanguage":"en-US","@id":"https:\/\/norwegianmade.no\/#\/schema\/logo\/image\/","url":"https:\/\/norwegianmade.no\/wp-content\/uploads\/2020\/11\/logo-liggende-norwegian-made-web.png","contentUrl":"https:\/\/norwegianmade.no\/wp-content\/uploads\/2020\/11\/logo-liggende-norwegian-made-web.png","width":200,"height":58,"caption":"Norwegian Made"},"image":{"@id":"https:\/\/norwegianmade.no\/#\/schema\/logo\/image\/"}}]}},"_links":{"self":[{"href":"https:\/\/norwegianmade.no\/en\/wp-json\/wp\/v2\/product\/7472","targetHints":{"allow":["GET"]}}],"collection":[{"href":"https:\/\/norwegianmade.no\/en\/wp-json\/wp\/v2\/product"}],"about":[{"href":"https:\/\/norwegianmade.no\/en\/wp-json\/wp\/v2\/types\/product"}],"replies":[{"embeddable":true,"href":"https:\/\/norwegianmade.no\/en\/wp-json\/wp\/v2\/comments?post=7472"}],"wp:featuredmedia":[{"embeddable":true,"href":"https:\/\/norwegianmade.no\/en\/wp-json\/wp\/v2\/media\/17486"}],"wp:attachment":[{"href":"https:\/\/norwegianmade.no\/en\/wp-json\/wp\/v2\/media?parent=7472"}],"wp:term":[{"taxonomy":"product_brand","embeddable":true,"href":"https:\/\/norwegianmade.no\/en\/wp-json\/wp\/v2\/product_brand?post=7472"},{"taxonomy":"product_cat","embeddable":true,"href":"https:\/\/norwegianmade.no\/en\/wp-json\/wp\/v2\/product_cat?post=7472"},{"taxonomy":"product_tag","embeddable":true,"href":"https:\/\/norwegianmade.no\/en\/wp-json\/wp\/v2\/product_tag?post=7472"}],"curies":[{"name":"wp","href":"https:\/\/api.w.org\/{rel}","templated":true}]}}