{"id":7487,"date":"2021-07-31T16:52:17","date_gmt":"2021-07-31T14:52:17","guid":{"rendered":"https:\/\/norwegianmade.no\/markedsplass\/s-sma-ljos-candles-bundle\/"},"modified":"2026-04-02T03:39:40","modified_gmt":"2026-04-02T01:39:40","slug":"s-sma-ljos-candles-bundle","status":"publish","type":"product","link":"https:\/\/norwegianmade.no\/en\/produkt\/s-sma-ljos-candles-bundle\/","title":{"rendered":"Pakke med 2x 3x eller 4x sm\u00e5 100g LJ\u00d3S duftllys"},"content":{"rendered":"<p><span data-mce-style=\"color: #222222;\">100% \u00f8ko 100% vegansk 100% naturlig og b\u00e6rekraftig soyavokslys duftende med essensielle oljer.<\/span><\/p>\n<p><span data-mce-style=\"color: #222222;\">&#8211; En pakke med to, tre eller fire\u00a0<span style=\"color: #333333\" data-mce-style=\"color: #333333;\">sm\u00e5 100g <\/span>LJ\u00d3S -lys etter eget valg.\u00a0<\/span>GRATIS FRAKT over hele verden med alle bestillinger!<\/p>\n<p><br data-mce-style=\"margin: 0px; box-sizing: inherit; color: #222222;\" style=\"margin: 0px\"><span data-mce-style=\"color: #222222;\">Vennligst gi oss beskjed om hvilke lys fra LJ\u00d3S Candles -portef\u00f8ljen du vil ha.<\/span><\/p>\n<p><br data-mce-style=\"margin: 0px; box-sizing: inherit; color: #222222;\" style=\"margin: 0px\"><\/p>\n<p><span data-mce-style=\"color: #222222;\">&#8211; Brenntiden er omtrent 20 timer for hvert lys.<\/span><\/p>\n<p><span data-mce-style=\"color: #222222;\">H\u00e5ndlaget i Norge! &lt;3<\/span><\/p>\n<div class=\"\" data-block=\"true\" data-editor=\"95be2\" data-offset-key=\"bkn71-0-0\">\n<div data-offset-key=\"bkn71-0-0\" class=\"_1mf _1mj\" data-mce-style=\"position: relative; direction: ltr; font-family: inherit;\" style=\"direction: ltr;font-family: inherit\"><a data-mce-href=\"http:\/\/www.instagram.com\/ljoscandles\" href=\"http:\/\/www.instagram.com\/ljoscandles\"><span data-offset-key=\"bkn71-0-0\" data-mce-style=\"font-family: inherit;\" style=\"font-family: inherit\">www.instagram.com\/ljoscandles<\/span><\/a><\/div>\n<\/div>\n<div class=\"\" data-block=\"true\" data-editor=\"95be2\" data-offset-key=\"6mj54-0-0\">\n<div data-offset-key=\"6mj54-0-0\" class=\"_1mf _1mj\" data-mce-style=\"position: relative; direction: ltr; font-family: inherit;\" style=\"direction: ltr;font-family: inherit\"><a data-mce-href=\"https:\/\/www.ljoscandles.shop\/shop\" href=\"https:\/\/www.ljoscandles.shop\/shop\"><span data-offset-key=\"6mj54-0-0\" data-mce-style=\"font-family: inherit;\" style=\"font-family: inherit\">www.ljoscandles.no<\/span><\/a><\/div>\n<\/div>\n<div id=\"gtx-trans\" data-mce-style=\"position: absolute; left: 242px; top: 116.81px;\">\n<div class=\"gtx-trans-icon\"><\/div>\n<\/div>\n","protected":false},"excerpt":{"rendered":"<p>En pakke med 2x, 3x eller 4x sm\u00e5 100g LJ\u00d3S lys etter eget valg<\/p>\n<p>GRATIS FRAKT over hele verden med alle bestillinger!<\/p>\n<div id=\"gtx-trans\" data-mce-style=\"position: absolute; left: 270px; top: -9.71428px;\">\n<div class=\"gtx-trans-icon\"><\/div>\n<\/div>\n","protected":false},"featured_media":7485,"comment_status":"open","ping_status":"closed","template":"","meta":{"_acf_changed":false},"product_brand":[],"product_cat":[78,88],"product_tag":[],"class_list":{"0":"post-7487","1":"product","2":"type-product","3":"status-publish","4":"has-post-thumbnail","6":"product_vendor-ljos-candles","7":"product_cat-gaver","8":"product_cat-lys-duftlys","10":"first","11":"instock","12":"taxable","13":"shipping-taxable","14":"product-type-variable"},"acf":[],"yoast_head":"<!-- This site is optimized with the Yoast SEO plugin v27.1.1 - https:\/\/yoast.com\/product\/yoast-seo-wordpress\/ -->\n<title>Pakke med 2x 3x eller 4x sm\u00e5 100g LJ\u00d3S duftllys &#8226; Norwegian Made<\/title>\n<meta name=\"robots\" content=\"index, follow, max-snippet:-1, max-image-preview:large, max-video-preview:-1\" \/>\n<link rel=\"canonical\" href=\"https:\/\/norwegianmade.no\/en\/produkt\/s-sma-ljos-candles-bundle\/\" \/>\n<meta property=\"og:locale\" content=\"en_US\" \/>\n<meta property=\"og:type\" content=\"article\" \/>\n<meta property=\"og:title\" content=\"Pakke med 2x 3x eller 4x sm\u00e5 100g LJ\u00d3S duftllys &#8226; Norwegian Made\" \/>\n<meta property=\"og:description\" content=\"En pakke med 2x, 3x eller 4x sm\u00e5 100g LJ\u00d3S lys etter eget valgGRATIS FRAKT over hele verden med alle bestillinger!\" \/>\n<meta property=\"og:url\" content=\"https:\/\/norwegianmade.no\/en\/produkt\/s-sma-ljos-candles-bundle\/\" \/>\n<meta property=\"og:site_name\" content=\"Norwegian Made\" \/>\n<meta property=\"article:modified_time\" content=\"2026-04-02T01:39:40+00:00\" \/>\n<meta property=\"og:image\" content=\"https:\/\/norwegianmade.no\/wp-content\/uploads\/2021\/07\/b9202fb2f68140f4a48aabb4a354c029.jpg\" \/>\n\t<meta property=\"og:image:width\" content=\"1080\" \/>\n\t<meta property=\"og:image:height\" content=\"1350\" \/>\n\t<meta property=\"og:image:type\" content=\"image\/jpeg\" \/>\n<meta name=\"twitter:card\" content=\"summary_large_image\" \/>\n<script type=\"application\/ld+json\" class=\"yoast-schema-graph\">{\"@context\":\"https:\/\/schema.org\",\"@graph\":[{\"@type\":\"WebPage\",\"@id\":\"https:\/\/norwegianmade.no\/en\/produkt\/s-sma-ljos-candles-bundle\/\",\"url\":\"https:\/\/norwegianmade.no\/en\/produkt\/s-sma-ljos-candles-bundle\/\",\"name\":\"Pakke med 2x 3x eller 4x sm\u00e5 100g LJ\u00d3S duftllys &#8226; Norwegian Made\",\"isPartOf\":{\"@id\":\"https:\/\/norwegianmade.no\/#website\"},\"primaryImageOfPage\":{\"@id\":\"https:\/\/norwegianmade.no\/en\/produkt\/s-sma-ljos-candles-bundle\/#primaryimage\"},\"image\":{\"@id\":\"https:\/\/norwegianmade.no\/en\/produkt\/s-sma-ljos-candles-bundle\/#primaryimage\"},\"thumbnailUrl\":\"https:\/\/norwegianmade.no\/wp-content\/uploads\/2021\/07\/b9202fb2f68140f4a48aabb4a354c029.jpg\",\"datePublished\":\"2021-07-31T14:52:17+00:00\",\"dateModified\":\"2026-04-02T01:39:40+00:00\",\"breadcrumb\":{\"@id\":\"https:\/\/norwegianmade.no\/en\/produkt\/s-sma-ljos-candles-bundle\/#breadcrumb\"},\"inLanguage\":\"en-US\",\"potentialAction\":[{\"@type\":\"ReadAction\",\"target\":[\"https:\/\/norwegianmade.no\/en\/produkt\/s-sma-ljos-candles-bundle\/\"]}]},{\"@type\":\"ImageObject\",\"inLanguage\":\"en-US\",\"@id\":\"https:\/\/norwegianmade.no\/en\/produkt\/s-sma-ljos-candles-bundle\/#primaryimage\",\"url\":\"https:\/\/norwegianmade.no\/wp-content\/uploads\/2021\/07\/b9202fb2f68140f4a48aabb4a354c029.jpg\",\"contentUrl\":\"https:\/\/norwegianmade.no\/wp-content\/uploads\/2021\/07\/b9202fb2f68140f4a48aabb4a354c029.jpg\",\"width\":1080,\"height\":1350},{\"@type\":\"BreadcrumbList\",\"@id\":\"https:\/\/norwegianmade.no\/en\/produkt\/s-sma-ljos-candles-bundle\/#breadcrumb\",\"itemListElement\":[{\"@type\":\"ListItem\",\"position\":1,\"name\":\"Hjem\",\"item\":\"https:\/\/norwegianmade.no\/en\/\"},{\"@type\":\"ListItem\",\"position\":2,\"name\":\"Shop\",\"item\":\"https:\/\/norwegianmade.no\/en\/shop\/\"},{\"@type\":\"ListItem\",\"position\":3,\"name\":\"Pakke med 2x 3x eller 4x sm\u00e5 100g LJ\u00d3S duftllys\"}]},{\"@type\":\"WebSite\",\"@id\":\"https:\/\/norwegianmade.no\/#website\",\"url\":\"https:\/\/norwegianmade.no\/\",\"name\":\"Norwegian Made\",\"description\":\"Norges st\u00f8rste markedsplass for norske produsenter\",\"publisher\":{\"@id\":\"https:\/\/norwegianmade.no\/#organization\"},\"potentialAction\":[{\"@type\":\"SearchAction\",\"target\":{\"@type\":\"EntryPoint\",\"urlTemplate\":\"https:\/\/norwegianmade.no\/?s={search_term_string}\"},\"query-input\":{\"@type\":\"PropertyValueSpecification\",\"valueRequired\":true,\"valueName\":\"search_term_string\"}}],\"inLanguage\":\"en-US\"},{\"@type\":\"Organization\",\"@id\":\"https:\/\/norwegianmade.no\/#organization\",\"name\":\"Norwegian Made\",\"url\":\"https:\/\/norwegianmade.no\/\",\"logo\":{\"@type\":\"ImageObject\",\"inLanguage\":\"en-US\",\"@id\":\"https:\/\/norwegianmade.no\/#\/schema\/logo\/image\/\",\"url\":\"https:\/\/norwegianmade.no\/wp-content\/uploads\/2020\/11\/logo-liggende-norwegian-made-web.png\",\"contentUrl\":\"https:\/\/norwegianmade.no\/wp-content\/uploads\/2020\/11\/logo-liggende-norwegian-made-web.png\",\"width\":200,\"height\":58,\"caption\":\"Norwegian Made\"},\"image\":{\"@id\":\"https:\/\/norwegianmade.no\/#\/schema\/logo\/image\/\"}}]}<\/script>\n<!-- \/ Yoast SEO plugin. -->","yoast_head_json":{"title":"Pakke med 2x 3x eller 4x sm\u00e5 100g LJ\u00d3S duftllys &#8226; Norwegian Made","robots":{"index":"index","follow":"follow","max-snippet":"max-snippet:-1","max-image-preview":"max-image-preview:large","max-video-preview":"max-video-preview:-1"},"canonical":"https:\/\/norwegianmade.no\/en\/produkt\/s-sma-ljos-candles-bundle\/","og_locale":"en_US","og_type":"article","og_title":"Pakke med 2x 3x eller 4x sm\u00e5 100g LJ\u00d3S duftllys &#8226; Norwegian Made","og_description":"En pakke med 2x, 3x eller 4x sm\u00e5 100g LJ\u00d3S lys etter eget valgGRATIS FRAKT over hele verden med alle bestillinger!","og_url":"https:\/\/norwegianmade.no\/en\/produkt\/s-sma-ljos-candles-bundle\/","og_site_name":"Norwegian Made","article_modified_time":"2026-04-02T01:39:40+00:00","og_image":[{"width":1080,"height":1350,"url":"https:\/\/norwegianmade.no\/wp-content\/uploads\/2021\/07\/b9202fb2f68140f4a48aabb4a354c029.jpg","type":"image\/jpeg"}],"twitter_card":"summary_large_image","schema":{"@context":"https:\/\/schema.org","@graph":[{"@type":"WebPage","@id":"https:\/\/norwegianmade.no\/en\/produkt\/s-sma-ljos-candles-bundle\/","url":"https:\/\/norwegianmade.no\/en\/produkt\/s-sma-ljos-candles-bundle\/","name":"Pakke med 2x 3x eller 4x sm\u00e5 100g LJ\u00d3S duftllys &#8226; Norwegian Made","isPartOf":{"@id":"https:\/\/norwegianmade.no\/#website"},"primaryImageOfPage":{"@id":"https:\/\/norwegianmade.no\/en\/produkt\/s-sma-ljos-candles-bundle\/#primaryimage"},"image":{"@id":"https:\/\/norwegianmade.no\/en\/produkt\/s-sma-ljos-candles-bundle\/#primaryimage"},"thumbnailUrl":"https:\/\/norwegianmade.no\/wp-content\/uploads\/2021\/07\/b9202fb2f68140f4a48aabb4a354c029.jpg","datePublished":"2021-07-31T14:52:17+00:00","dateModified":"2026-04-02T01:39:40+00:00","breadcrumb":{"@id":"https:\/\/norwegianmade.no\/en\/produkt\/s-sma-ljos-candles-bundle\/#breadcrumb"},"inLanguage":"en-US","potentialAction":[{"@type":"ReadAction","target":["https:\/\/norwegianmade.no\/en\/produkt\/s-sma-ljos-candles-bundle\/"]}]},{"@type":"ImageObject","inLanguage":"en-US","@id":"https:\/\/norwegianmade.no\/en\/produkt\/s-sma-ljos-candles-bundle\/#primaryimage","url":"https:\/\/norwegianmade.no\/wp-content\/uploads\/2021\/07\/b9202fb2f68140f4a48aabb4a354c029.jpg","contentUrl":"https:\/\/norwegianmade.no\/wp-content\/uploads\/2021\/07\/b9202fb2f68140f4a48aabb4a354c029.jpg","width":1080,"height":1350},{"@type":"BreadcrumbList","@id":"https:\/\/norwegianmade.no\/en\/produkt\/s-sma-ljos-candles-bundle\/#breadcrumb","itemListElement":[{"@type":"ListItem","position":1,"name":"Hjem","item":"https:\/\/norwegianmade.no\/en\/"},{"@type":"ListItem","position":2,"name":"Shop","item":"https:\/\/norwegianmade.no\/en\/shop\/"},{"@type":"ListItem","position":3,"name":"Pakke med 2x 3x eller 4x sm\u00e5 100g LJ\u00d3S duftllys"}]},{"@type":"WebSite","@id":"https:\/\/norwegianmade.no\/#website","url":"https:\/\/norwegianmade.no\/","name":"Norwegian Made","description":"Norges st\u00f8rste markedsplass for norske produsenter","publisher":{"@id":"https:\/\/norwegianmade.no\/#organization"},"potentialAction":[{"@type":"SearchAction","target":{"@type":"EntryPoint","urlTemplate":"https:\/\/norwegianmade.no\/?s={search_term_string}"},"query-input":{"@type":"PropertyValueSpecification","valueRequired":true,"valueName":"search_term_string"}}],"inLanguage":"en-US"},{"@type":"Organization","@id":"https:\/\/norwegianmade.no\/#organization","name":"Norwegian Made","url":"https:\/\/norwegianmade.no\/","logo":{"@type":"ImageObject","inLanguage":"en-US","@id":"https:\/\/norwegianmade.no\/#\/schema\/logo\/image\/","url":"https:\/\/norwegianmade.no\/wp-content\/uploads\/2020\/11\/logo-liggende-norwegian-made-web.png","contentUrl":"https:\/\/norwegianmade.no\/wp-content\/uploads\/2020\/11\/logo-liggende-norwegian-made-web.png","width":200,"height":58,"caption":"Norwegian Made"},"image":{"@id":"https:\/\/norwegianmade.no\/#\/schema\/logo\/image\/"}}]}},"_links":{"self":[{"href":"https:\/\/norwegianmade.no\/en\/wp-json\/wp\/v2\/product\/7487","targetHints":{"allow":["GET"]}}],"collection":[{"href":"https:\/\/norwegianmade.no\/en\/wp-json\/wp\/v2\/product"}],"about":[{"href":"https:\/\/norwegianmade.no\/en\/wp-json\/wp\/v2\/types\/product"}],"replies":[{"embeddable":true,"href":"https:\/\/norwegianmade.no\/en\/wp-json\/wp\/v2\/comments?post=7487"}],"wp:featuredmedia":[{"embeddable":true,"href":"https:\/\/norwegianmade.no\/en\/wp-json\/wp\/v2\/media\/7485"}],"wp:attachment":[{"href":"https:\/\/norwegianmade.no\/en\/wp-json\/wp\/v2\/media?parent=7487"}],"wp:term":[{"taxonomy":"product_brand","embeddable":true,"href":"https:\/\/norwegianmade.no\/en\/wp-json\/wp\/v2\/product_brand?post=7487"},{"taxonomy":"product_cat","embeddable":true,"href":"https:\/\/norwegianmade.no\/en\/wp-json\/wp\/v2\/product_cat?post=7487"},{"taxonomy":"product_tag","embeddable":true,"href":"https:\/\/norwegianmade.no\/en\/wp-json\/wp\/v2\/product_tag?post=7487"}],"curies":[{"name":"wp","href":"https:\/\/api.w.org\/{rel}","templated":true}]}}