{"id":7500,"date":"2021-07-31T17:34:38","date_gmt":"2021-07-31T15:34:38","guid":{"rendered":"https:\/\/norwegianmade.no\/?post_type=product&#038;p=7500"},"modified":"2024-10-16T21:00:11","modified_gmt":"2024-10-16T19:00:11","slug":"siga","status":"publish","type":"product","link":"https:\/\/norwegianmade.no\/en\/produkt\/siga\/","title":{"rendered":"S\u00cdGA"},"content":{"rendered":"<p style=\"margin: 0px; padding: 20px 0px 0px; line-height: 20px; font-family: Arial, Helvetica, sans-serif; color: #000000;\" data-mce-style=\"margin: 0px; padding: 20px 0px 0px; line-height: 20px; font-family: Arial, Helvetica, sans-serif; color: #000000;\">Ingredienser:<br style=\"margin: 0px; padding: 0px;\" data-mce-style=\"margin: 0px; padding: 0px;\">En kombinasjon av 100% \u00f8kologisk og 100% naturlige eteriske oljer:<br style=\"margin: 0px; padding: 0px;\" data-mce-style=\"margin: 0px; padding: 0px;\">Furun\u00e5lolje, virakolje,<br style=\"margin: 0px; padding: 0px;\" data-mce-style=\"margin: 0px; padding: 0px;\">patchouliolje og sitrongressolje<\/p>\n<p style=\"margin: 0px; padding: 20px 0px 0px; line-height: 20px; font-family: Arial, Helvetica, sans-serif; color: #000000;\" data-mce-style=\"margin: 0px; padding: 20px 0px 0px; line-height: 20px; font-family: Arial, Helvetica, sans-serif; color: #000000;\">FRI FRAKT<\/p>\n<p style=\"margin: 0px; padding: 20px 0px 0px; line-height: 20px; font-family: Arial, Helvetica, sans-serif; color: #000000;\" data-mce-style=\"margin: 0px; padding: 20px 0px 0px; line-height: 20px; font-family: Arial, Helvetica, sans-serif; color: #000000;\">Gi deg selv en kveld med avslapping og meditasjon sammen med S\u00edga. Denne eksotiske kombinasjonen av virak, patchouli, furun\u00e5l og sitrongress kan hjelpe deg med nettopp d\u00e9t. Virak, hjemmeh\u00f8rende i Afrika og Midt\u00f8sten, er en jordn\u00e6r og krydret duft med fruktige nyanser og inneholder egenskaper som reduserer f\u00f8lelser av angst og stimulerer immunsystemet. Den har ogs\u00e5 en mild beroligende effekt p\u00e5 kroppen. Mens virak hjelper deg \u00e5 berolige kroppen, holder duften av furun\u00e5l sinnet ditt \u00e5rv\u00e5kent og klart. Jordn\u00e6re toner av patchouli har en balanserende og beroligende effekt. For \u00e5 gi denne myke, jordete duften en gnist, har vi brukt til et hint av sitrongress for \u00e5 hindre mental utmattelse. Tilsett et par dr\u00e5per i diffuseren eller oljebrenneren din, trekk pusten dypt og nyt meditasjonen.<\/p>\n<p data-mce-style=\"margin: 0px; padding: 20px 0px 0px; line-height: 20px; font-family: Arial, Helvetica, sans-serif; color: #000000;\" style=\"margin: 0px; padding: 20px 0px 0px; line-height: 20px; font-family: Arial, Helvetica, sans-serif; color: rgb(0, 0, 0);\">Nyt!<\/p>\n<p data-mce-style=\"margin: 0px; padding: 20px 0px 0px; line-height: 20px; font-family: Arial, Helvetica, sans-serif; color: #000000;\" style=\"margin: 0px; padding: 20px 0px 0px; line-height: 20px; font-family: Arial, Helvetica, sans-serif; color: rgb(0, 0, 0);\">H\u00e5ndlaget i Norge<\/p>\n<p><br data-mce-bogus=\"1\"><\/p>\n<div class=\"\" data-block=\"true\" data-editor=\"95be2\" data-offset-key=\"bkn71-0-0\">\n<div data-offset-key=\"bkn71-0-0\" class=\"_1mf _1mj\" style=\"position: relative; direction: ltr; font-family: inherit;\" data-mce-style=\"position: relative; direction: ltr; font-family: inherit;\">\n<div class=\"\" data-block=\"true\" data-editor=\"95be2\" data-offset-key=\"bkn71-0-0\">\n<div data-offset-key=\"bkn71-0-0\" class=\"_1mf _1mj\" data-mce-style=\"position: relative; direction: ltr; font-family: inherit;\" style=\"position: relative; direction: ltr; font-family: inherit;\"><a data-mce-href=\"http:\/\/www.instagram.com\/ljoscandles\" href=\"http:\/\/www.instagram.com\/ljoscandles\"><span data-offset-key=\"bkn71-0-0\" data-mce-style=\"font-family: inherit;\" style=\"font-family: inherit;\">www.instagram.com\/ljoscandles<\/span><\/a><\/div>\n<\/div>\n<div class=\"\" data-block=\"true\" data-editor=\"95be2\" data-offset-key=\"6mj54-0-0\">\n<div data-offset-key=\"6mj54-0-0\" class=\"_1mf _1mj\" data-mce-style=\"position: relative; direction: ltr; font-family: inherit;\" style=\"position: relative; direction: ltr; font-family: inherit;\"><a data-mce-href=\"https:\/\/www.ljoscandles.shop\/shop\" href=\"https:\/\/www.ljoscandles.shop\/shop\"><span data-offset-key=\"6mj54-0-0\" data-mce-style=\"font-family: inherit;\" style=\"font-family: inherit;\">www.ljoscandles.no<\/span><\/a><\/div>\n<\/div>\n<\/div>\n<\/div>\n","protected":false},"excerpt":{"rendered":"<p>Blanding av 100% naturlige essensielle oljer &#8211; fl. 10 ml<\/p>\n","protected":false},"featured_media":7501,"comment_status":"open","ping_status":"closed","template":"","meta":{"_acf_changed":false},"product_brand":[],"product_cat":[78,88],"product_tag":[],"class_list":{"0":"post-7500","1":"product","2":"type-product","3":"status-publish","4":"has-post-thumbnail","6":"product_vendor-ljos-candles","7":"product_cat-gaver","8":"product_cat-lys-duftlys","10":"first","11":"instock","12":"taxable","13":"shipping-taxable","14":"product-type-simple"},"acf":[],"yoast_head":"<!-- This site is optimized with the Yoast SEO plugin v27.1.1 - https:\/\/yoast.com\/product\/yoast-seo-wordpress\/ -->\n<title>S\u00cdGA &#8226; Norwegian Made<\/title>\n<meta name=\"robots\" content=\"index, follow, max-snippet:-1, max-image-preview:large, max-video-preview:-1\" \/>\n<link rel=\"canonical\" href=\"https:\/\/norwegianmade.no\/produkt\/siga\/\" \/>\n<meta property=\"og:locale\" content=\"en_US\" \/>\n<meta property=\"og:type\" content=\"article\" \/>\n<meta property=\"og:title\" content=\"S\u00cdGA &#8226; Norwegian Made\" \/>\n<meta property=\"og:description\" content=\"Blanding av 100% naturlige essensielle oljer - fl. 10 ml\" \/>\n<meta property=\"og:url\" content=\"https:\/\/norwegianmade.no\/produkt\/siga\/\" \/>\n<meta property=\"og:site_name\" content=\"Norwegian Made\" \/>\n<meta property=\"article:modified_time\" content=\"2024-10-16T19:00:11+00:00\" \/>\n<meta property=\"og:image\" content=\"https:\/\/norwegianmade.no\/wp-content\/uploads\/2021\/07\/siga.jpg\" \/>\n\t<meta property=\"og:image:width\" content=\"1588\" \/>\n\t<meta property=\"og:image:height\" content=\"1981\" \/>\n\t<meta property=\"og:image:type\" content=\"image\/jpeg\" \/>\n<meta name=\"twitter:card\" content=\"summary_large_image\" \/>\n<meta name=\"twitter:label1\" content=\"Est. reading time\" \/>\n\t<meta name=\"twitter:data1\" content=\"1 minute\" \/>\n<script type=\"application\/ld+json\" class=\"yoast-schema-graph\">{\"@context\":\"https:\/\/schema.org\",\"@graph\":[{\"@type\":\"WebPage\",\"@id\":\"https:\/\/norwegianmade.no\/produkt\/siga\/\",\"url\":\"https:\/\/norwegianmade.no\/produkt\/siga\/\",\"name\":\"S\u00cdGA &#8226; Norwegian Made\",\"isPartOf\":{\"@id\":\"https:\/\/norwegianmade.no\/#website\"},\"primaryImageOfPage\":{\"@id\":\"https:\/\/norwegianmade.no\/produkt\/siga\/#primaryimage\"},\"image\":{\"@id\":\"https:\/\/norwegianmade.no\/produkt\/siga\/#primaryimage\"},\"thumbnailUrl\":\"https:\/\/norwegianmade.no\/wp-content\/uploads\/2021\/07\/siga.jpg\",\"datePublished\":\"2021-07-31T15:34:38+00:00\",\"dateModified\":\"2024-10-16T19:00:11+00:00\",\"breadcrumb\":{\"@id\":\"https:\/\/norwegianmade.no\/produkt\/siga\/#breadcrumb\"},\"inLanguage\":\"en-US\",\"potentialAction\":[{\"@type\":\"ReadAction\",\"target\":[\"https:\/\/norwegianmade.no\/produkt\/siga\/\"]}]},{\"@type\":\"ImageObject\",\"inLanguage\":\"en-US\",\"@id\":\"https:\/\/norwegianmade.no\/produkt\/siga\/#primaryimage\",\"url\":\"https:\/\/norwegianmade.no\/wp-content\/uploads\/2021\/07\/siga.jpg\",\"contentUrl\":\"https:\/\/norwegianmade.no\/wp-content\/uploads\/2021\/07\/siga.jpg\",\"width\":1588,\"height\":1981},{\"@type\":\"BreadcrumbList\",\"@id\":\"https:\/\/norwegianmade.no\/produkt\/siga\/#breadcrumb\",\"itemListElement\":[{\"@type\":\"ListItem\",\"position\":1,\"name\":\"Hjem\",\"item\":\"https:\/\/norwegianmade.no\/en\/\"},{\"@type\":\"ListItem\",\"position\":2,\"name\":\"Shop\",\"item\":\"https:\/\/norwegianmade.no\/en\/shop\/\"},{\"@type\":\"ListItem\",\"position\":3,\"name\":\"S\u00cdGA\"}]},{\"@type\":\"WebSite\",\"@id\":\"https:\/\/norwegianmade.no\/#website\",\"url\":\"https:\/\/norwegianmade.no\/\",\"name\":\"Norwegian Made\",\"description\":\"Norges st\u00f8rste markedsplass for norske produsenter\",\"publisher\":{\"@id\":\"https:\/\/norwegianmade.no\/#organization\"},\"potentialAction\":[{\"@type\":\"SearchAction\",\"target\":{\"@type\":\"EntryPoint\",\"urlTemplate\":\"https:\/\/norwegianmade.no\/?s={search_term_string}\"},\"query-input\":{\"@type\":\"PropertyValueSpecification\",\"valueRequired\":true,\"valueName\":\"search_term_string\"}}],\"inLanguage\":\"en-US\"},{\"@type\":\"Organization\",\"@id\":\"https:\/\/norwegianmade.no\/#organization\",\"name\":\"Norwegian Made\",\"url\":\"https:\/\/norwegianmade.no\/\",\"logo\":{\"@type\":\"ImageObject\",\"inLanguage\":\"en-US\",\"@id\":\"https:\/\/norwegianmade.no\/#\/schema\/logo\/image\/\",\"url\":\"https:\/\/norwegianmade.no\/wp-content\/uploads\/2020\/11\/logo-liggende-norwegian-made-web.png\",\"contentUrl\":\"https:\/\/norwegianmade.no\/wp-content\/uploads\/2020\/11\/logo-liggende-norwegian-made-web.png\",\"width\":200,\"height\":58,\"caption\":\"Norwegian Made\"},\"image\":{\"@id\":\"https:\/\/norwegianmade.no\/#\/schema\/logo\/image\/\"}}]}<\/script>\n<!-- \/ Yoast SEO plugin. -->","yoast_head_json":{"title":"S\u00cdGA &#8226; Norwegian Made","robots":{"index":"index","follow":"follow","max-snippet":"max-snippet:-1","max-image-preview":"max-image-preview:large","max-video-preview":"max-video-preview:-1"},"canonical":"https:\/\/norwegianmade.no\/produkt\/siga\/","og_locale":"en_US","og_type":"article","og_title":"S\u00cdGA &#8226; Norwegian Made","og_description":"Blanding av 100% naturlige essensielle oljer - fl. 10 ml","og_url":"https:\/\/norwegianmade.no\/produkt\/siga\/","og_site_name":"Norwegian Made","article_modified_time":"2024-10-16T19:00:11+00:00","og_image":[{"width":1588,"height":1981,"url":"https:\/\/norwegianmade.no\/wp-content\/uploads\/2021\/07\/siga.jpg","type":"image\/jpeg"}],"twitter_card":"summary_large_image","twitter_misc":{"Est. reading time":"1 minute"},"schema":{"@context":"https:\/\/schema.org","@graph":[{"@type":"WebPage","@id":"https:\/\/norwegianmade.no\/produkt\/siga\/","url":"https:\/\/norwegianmade.no\/produkt\/siga\/","name":"S\u00cdGA &#8226; Norwegian Made","isPartOf":{"@id":"https:\/\/norwegianmade.no\/#website"},"primaryImageOfPage":{"@id":"https:\/\/norwegianmade.no\/produkt\/siga\/#primaryimage"},"image":{"@id":"https:\/\/norwegianmade.no\/produkt\/siga\/#primaryimage"},"thumbnailUrl":"https:\/\/norwegianmade.no\/wp-content\/uploads\/2021\/07\/siga.jpg","datePublished":"2021-07-31T15:34:38+00:00","dateModified":"2024-10-16T19:00:11+00:00","breadcrumb":{"@id":"https:\/\/norwegianmade.no\/produkt\/siga\/#breadcrumb"},"inLanguage":"en-US","potentialAction":[{"@type":"ReadAction","target":["https:\/\/norwegianmade.no\/produkt\/siga\/"]}]},{"@type":"ImageObject","inLanguage":"en-US","@id":"https:\/\/norwegianmade.no\/produkt\/siga\/#primaryimage","url":"https:\/\/norwegianmade.no\/wp-content\/uploads\/2021\/07\/siga.jpg","contentUrl":"https:\/\/norwegianmade.no\/wp-content\/uploads\/2021\/07\/siga.jpg","width":1588,"height":1981},{"@type":"BreadcrumbList","@id":"https:\/\/norwegianmade.no\/produkt\/siga\/#breadcrumb","itemListElement":[{"@type":"ListItem","position":1,"name":"Hjem","item":"https:\/\/norwegianmade.no\/en\/"},{"@type":"ListItem","position":2,"name":"Shop","item":"https:\/\/norwegianmade.no\/en\/shop\/"},{"@type":"ListItem","position":3,"name":"S\u00cdGA"}]},{"@type":"WebSite","@id":"https:\/\/norwegianmade.no\/#website","url":"https:\/\/norwegianmade.no\/","name":"Norwegian Made","description":"Norges st\u00f8rste markedsplass for norske produsenter","publisher":{"@id":"https:\/\/norwegianmade.no\/#organization"},"potentialAction":[{"@type":"SearchAction","target":{"@type":"EntryPoint","urlTemplate":"https:\/\/norwegianmade.no\/?s={search_term_string}"},"query-input":{"@type":"PropertyValueSpecification","valueRequired":true,"valueName":"search_term_string"}}],"inLanguage":"en-US"},{"@type":"Organization","@id":"https:\/\/norwegianmade.no\/#organization","name":"Norwegian Made","url":"https:\/\/norwegianmade.no\/","logo":{"@type":"ImageObject","inLanguage":"en-US","@id":"https:\/\/norwegianmade.no\/#\/schema\/logo\/image\/","url":"https:\/\/norwegianmade.no\/wp-content\/uploads\/2020\/11\/logo-liggende-norwegian-made-web.png","contentUrl":"https:\/\/norwegianmade.no\/wp-content\/uploads\/2020\/11\/logo-liggende-norwegian-made-web.png","width":200,"height":58,"caption":"Norwegian Made"},"image":{"@id":"https:\/\/norwegianmade.no\/#\/schema\/logo\/image\/"}}]}},"_links":{"self":[{"href":"https:\/\/norwegianmade.no\/en\/wp-json\/wp\/v2\/product\/7500","targetHints":{"allow":["GET"]}}],"collection":[{"href":"https:\/\/norwegianmade.no\/en\/wp-json\/wp\/v2\/product"}],"about":[{"href":"https:\/\/norwegianmade.no\/en\/wp-json\/wp\/v2\/types\/product"}],"replies":[{"embeddable":true,"href":"https:\/\/norwegianmade.no\/en\/wp-json\/wp\/v2\/comments?post=7500"}],"wp:featuredmedia":[{"embeddable":true,"href":"https:\/\/norwegianmade.no\/en\/wp-json\/wp\/v2\/media\/7501"}],"wp:attachment":[{"href":"https:\/\/norwegianmade.no\/en\/wp-json\/wp\/v2\/media?parent=7500"}],"wp:term":[{"taxonomy":"product_brand","embeddable":true,"href":"https:\/\/norwegianmade.no\/en\/wp-json\/wp\/v2\/product_brand?post=7500"},{"taxonomy":"product_cat","embeddable":true,"href":"https:\/\/norwegianmade.no\/en\/wp-json\/wp\/v2\/product_cat?post=7500"},{"taxonomy":"product_tag","embeddable":true,"href":"https:\/\/norwegianmade.no\/en\/wp-json\/wp\/v2\/product_tag?post=7500"}],"curies":[{"name":"wp","href":"https:\/\/api.w.org\/{rel}","templated":true}]}}