{"id":7582,"date":"2021-08-02T17:14:44","date_gmt":"2021-08-02T15:14:44","guid":{"rendered":"https:\/\/norwegianmade.no\/markedsplass\/solvkjede-med-manestein-perle-og-toggle-las\/"},"modified":"2023-09-21T22:41:03","modified_gmt":"2023-09-21T20:41:03","slug":"solvkjede-med-manestein-perle-og-toggle-las","status":"archived","type":"product","link":"https:\/\/norwegianmade.no\/en\/produkt\/solvkjede-med-manestein-perle-og-toggle-las\/","title":{"rendered":"S\u00f8lvkjede med m\u00e5nestein, perle og toggle-l\u00e5s"},"content":{"rendered":"<p><br data-mce-bogus=\"1\"><\/p>\n","protected":false},"excerpt":{"rendered":"<p>S\u00f8lvlenke med m\u00e5nestein og ferskvannsperler og h\u00e5ndlaget &#8216;toggle-l\u00e5s&#8217; <br \/>best\u00e5ende av en preget s\u00f8lvplate med\u00a0 et hint av 24K gull og en perlestikke.\u00a0<br \/>Kjedet er 55 cm og denne spesielle l\u00e5sen gj\u00f8r at smykket kan b\u00e6res p\u00e5 flere m\u00e5ter.<\/p>\n<p>Dette er et unika-smykke &#8211; alts\u00e5 det eneste av sitt slag.<\/p>\n","protected":false},"featured_media":0,"comment_status":"open","ping_status":"closed","template":"","meta":{"_acf_changed":false},"product_brand":[],"product_cat":[228,62,106],"product_tag":[],"class_list":{"0":"post-7582","1":"product","2":"type-product","3":"status-archived","5":"product_vendor-ametysten-solvsmykker","6":"product_cat-halskjeder","7":"product_cat-smykker","8":"product_cat-solvsmykker","9":"product_shipping_class-lett","11":"first","12":"instock","13":"sold-individually","14":"taxable","15":"shipping-taxable","16":"product-type-simple"},"acf":[],"yoast_head":"<!-- This site is optimized with the Yoast SEO plugin v27.1.1 - https:\/\/yoast.com\/product\/yoast-seo-wordpress\/ -->\n<title>S\u00f8lvkjede med m\u00e5nestein, perle og toggle-l\u00e5s &#8226; Norwegian Made<\/title>\n<meta name=\"robots\" content=\"index, follow, max-snippet:-1, max-image-preview:large, max-video-preview:-1\" \/>\n<link rel=\"canonical\" href=\"https:\/\/norwegianmade.no\/produkt\/solvkjede-med-manestein-perle-og-toggle-las\/\" \/>\n<meta property=\"og:locale\" content=\"en_US\" \/>\n<meta property=\"og:type\" content=\"article\" \/>\n<meta property=\"og:title\" content=\"S\u00f8lvkjede med m\u00e5nestein, perle og toggle-l\u00e5s &#8226; Norwegian Made\" \/>\n<meta property=\"og:description\" content=\"S\u00f8lvlenke med m\u00e5nestein og ferskvannsperler og h\u00e5ndlaget &#039;toggle-l\u00e5s&#039; best\u00e5ende av en preget s\u00f8lvplate med\u00a0 et hint av 24K gull og en perlestikke.\u00a0Kjedet er 55 cm og denne spesielle l\u00e5sen gj\u00f8r at smykket kan b\u00e6res p\u00e5 flere m\u00e5ter.Dette er et unika-smykke - alts\u00e5 det eneste av sitt slag.\" \/>\n<meta property=\"og:url\" content=\"https:\/\/norwegianmade.no\/produkt\/solvkjede-med-manestein-perle-og-toggle-las\/\" \/>\n<meta property=\"og:site_name\" content=\"Norwegian Made\" \/>\n<meta property=\"article:modified_time\" content=\"2023-09-21T20:41:03+00:00\" \/>\n<meta name=\"twitter:card\" content=\"summary_large_image\" \/>\n<script type=\"application\/ld+json\" class=\"yoast-schema-graph\">{\"@context\":\"https:\/\/schema.org\",\"@graph\":[{\"@type\":\"WebPage\",\"@id\":\"https:\/\/norwegianmade.no\/produkt\/solvkjede-med-manestein-perle-og-toggle-las\/\",\"url\":\"https:\/\/norwegianmade.no\/produkt\/solvkjede-med-manestein-perle-og-toggle-las\/\",\"name\":\"S\u00f8lvkjede med m\u00e5nestein, perle og toggle-l\u00e5s &#8226; Norwegian Made\",\"isPartOf\":{\"@id\":\"https:\/\/norwegianmade.no\/#website\"},\"datePublished\":\"2021-08-02T15:14:44+00:00\",\"dateModified\":\"2023-09-21T20:41:03+00:00\",\"breadcrumb\":{\"@id\":\"https:\/\/norwegianmade.no\/produkt\/solvkjede-med-manestein-perle-og-toggle-las\/#breadcrumb\"},\"inLanguage\":\"en-US\",\"potentialAction\":[{\"@type\":\"ReadAction\",\"target\":[\"https:\/\/norwegianmade.no\/produkt\/solvkjede-med-manestein-perle-og-toggle-las\/\"]}]},{\"@type\":\"BreadcrumbList\",\"@id\":\"https:\/\/norwegianmade.no\/produkt\/solvkjede-med-manestein-perle-og-toggle-las\/#breadcrumb\",\"itemListElement\":[{\"@type\":\"ListItem\",\"position\":1,\"name\":\"Hjem\",\"item\":\"https:\/\/norwegianmade.no\/en\/\"},{\"@type\":\"ListItem\",\"position\":2,\"name\":\"Shop\",\"item\":\"https:\/\/norwegianmade.no\/en\/shop\/\"},{\"@type\":\"ListItem\",\"position\":3,\"name\":\"S\u00f8lvkjede med m\u00e5nestein, perle og toggle-l\u00e5s\"}]},{\"@type\":\"WebSite\",\"@id\":\"https:\/\/norwegianmade.no\/#website\",\"url\":\"https:\/\/norwegianmade.no\/\",\"name\":\"Norwegian Made\",\"description\":\"Norges st\u00f8rste markedsplass for norske produsenter\",\"publisher\":{\"@id\":\"https:\/\/norwegianmade.no\/#organization\"},\"potentialAction\":[{\"@type\":\"SearchAction\",\"target\":{\"@type\":\"EntryPoint\",\"urlTemplate\":\"https:\/\/norwegianmade.no\/?s={search_term_string}\"},\"query-input\":{\"@type\":\"PropertyValueSpecification\",\"valueRequired\":true,\"valueName\":\"search_term_string\"}}],\"inLanguage\":\"en-US\"},{\"@type\":\"Organization\",\"@id\":\"https:\/\/norwegianmade.no\/#organization\",\"name\":\"Norwegian Made\",\"url\":\"https:\/\/norwegianmade.no\/\",\"logo\":{\"@type\":\"ImageObject\",\"inLanguage\":\"en-US\",\"@id\":\"https:\/\/norwegianmade.no\/#\/schema\/logo\/image\/\",\"url\":\"https:\/\/norwegianmade.no\/wp-content\/uploads\/2020\/11\/logo-liggende-norwegian-made-web.png\",\"contentUrl\":\"https:\/\/norwegianmade.no\/wp-content\/uploads\/2020\/11\/logo-liggende-norwegian-made-web.png\",\"width\":200,\"height\":58,\"caption\":\"Norwegian Made\"},\"image\":{\"@id\":\"https:\/\/norwegianmade.no\/#\/schema\/logo\/image\/\"}}]}<\/script>\n<!-- \/ Yoast SEO plugin. -->","yoast_head_json":{"title":"S\u00f8lvkjede med m\u00e5nestein, perle og toggle-l\u00e5s &#8226; Norwegian Made","robots":{"index":"index","follow":"follow","max-snippet":"max-snippet:-1","max-image-preview":"max-image-preview:large","max-video-preview":"max-video-preview:-1"},"canonical":"https:\/\/norwegianmade.no\/produkt\/solvkjede-med-manestein-perle-og-toggle-las\/","og_locale":"en_US","og_type":"article","og_title":"S\u00f8lvkjede med m\u00e5nestein, perle og toggle-l\u00e5s &#8226; Norwegian Made","og_description":"S\u00f8lvlenke med m\u00e5nestein og ferskvannsperler og h\u00e5ndlaget 'toggle-l\u00e5s' best\u00e5ende av en preget s\u00f8lvplate med\u00a0 et hint av 24K gull og en perlestikke.\u00a0Kjedet er 55 cm og denne spesielle l\u00e5sen gj\u00f8r at smykket kan b\u00e6res p\u00e5 flere m\u00e5ter.Dette er et unika-smykke - alts\u00e5 det eneste av sitt slag.","og_url":"https:\/\/norwegianmade.no\/produkt\/solvkjede-med-manestein-perle-og-toggle-las\/","og_site_name":"Norwegian Made","article_modified_time":"2023-09-21T20:41:03+00:00","twitter_card":"summary_large_image","schema":{"@context":"https:\/\/schema.org","@graph":[{"@type":"WebPage","@id":"https:\/\/norwegianmade.no\/produkt\/solvkjede-med-manestein-perle-og-toggle-las\/","url":"https:\/\/norwegianmade.no\/produkt\/solvkjede-med-manestein-perle-og-toggle-las\/","name":"S\u00f8lvkjede med m\u00e5nestein, perle og toggle-l\u00e5s &#8226; Norwegian Made","isPartOf":{"@id":"https:\/\/norwegianmade.no\/#website"},"datePublished":"2021-08-02T15:14:44+00:00","dateModified":"2023-09-21T20:41:03+00:00","breadcrumb":{"@id":"https:\/\/norwegianmade.no\/produkt\/solvkjede-med-manestein-perle-og-toggle-las\/#breadcrumb"},"inLanguage":"en-US","potentialAction":[{"@type":"ReadAction","target":["https:\/\/norwegianmade.no\/produkt\/solvkjede-med-manestein-perle-og-toggle-las\/"]}]},{"@type":"BreadcrumbList","@id":"https:\/\/norwegianmade.no\/produkt\/solvkjede-med-manestein-perle-og-toggle-las\/#breadcrumb","itemListElement":[{"@type":"ListItem","position":1,"name":"Hjem","item":"https:\/\/norwegianmade.no\/en\/"},{"@type":"ListItem","position":2,"name":"Shop","item":"https:\/\/norwegianmade.no\/en\/shop\/"},{"@type":"ListItem","position":3,"name":"S\u00f8lvkjede med m\u00e5nestein, perle og toggle-l\u00e5s"}]},{"@type":"WebSite","@id":"https:\/\/norwegianmade.no\/#website","url":"https:\/\/norwegianmade.no\/","name":"Norwegian Made","description":"Norges st\u00f8rste markedsplass for norske produsenter","publisher":{"@id":"https:\/\/norwegianmade.no\/#organization"},"potentialAction":[{"@type":"SearchAction","target":{"@type":"EntryPoint","urlTemplate":"https:\/\/norwegianmade.no\/?s={search_term_string}"},"query-input":{"@type":"PropertyValueSpecification","valueRequired":true,"valueName":"search_term_string"}}],"inLanguage":"en-US"},{"@type":"Organization","@id":"https:\/\/norwegianmade.no\/#organization","name":"Norwegian Made","url":"https:\/\/norwegianmade.no\/","logo":{"@type":"ImageObject","inLanguage":"en-US","@id":"https:\/\/norwegianmade.no\/#\/schema\/logo\/image\/","url":"https:\/\/norwegianmade.no\/wp-content\/uploads\/2020\/11\/logo-liggende-norwegian-made-web.png","contentUrl":"https:\/\/norwegianmade.no\/wp-content\/uploads\/2020\/11\/logo-liggende-norwegian-made-web.png","width":200,"height":58,"caption":"Norwegian Made"},"image":{"@id":"https:\/\/norwegianmade.no\/#\/schema\/logo\/image\/"}}]}},"_links":{"self":[{"href":"https:\/\/norwegianmade.no\/en\/wp-json\/wp\/v2\/product\/7582","targetHints":{"allow":["GET"]}}],"collection":[{"href":"https:\/\/norwegianmade.no\/en\/wp-json\/wp\/v2\/product"}],"about":[{"href":"https:\/\/norwegianmade.no\/en\/wp-json\/wp\/v2\/types\/product"}],"replies":[{"embeddable":true,"href":"https:\/\/norwegianmade.no\/en\/wp-json\/wp\/v2\/comments?post=7582"}],"wp:attachment":[{"href":"https:\/\/norwegianmade.no\/en\/wp-json\/wp\/v2\/media?parent=7582"}],"wp:term":[{"taxonomy":"product_brand","embeddable":true,"href":"https:\/\/norwegianmade.no\/en\/wp-json\/wp\/v2\/product_brand?post=7582"},{"taxonomy":"product_cat","embeddable":true,"href":"https:\/\/norwegianmade.no\/en\/wp-json\/wp\/v2\/product_cat?post=7582"},{"taxonomy":"product_tag","embeddable":true,"href":"https:\/\/norwegianmade.no\/en\/wp-json\/wp\/v2\/product_tag?post=7582"}],"curies":[{"name":"wp","href":"https:\/\/api.w.org\/{rel}","templated":true}]}}