{"id":7693,"date":"2021-08-06T11:27:55","date_gmt":"2021-08-06T09:27:55","guid":{"rendered":"https:\/\/norwegianmade.no\/?post_type=product&#038;p=7693"},"modified":"2026-03-27T06:16:50","modified_gmt":"2026-03-27T05:16:50","slug":"kjaeledyrfoto","status":"publish","type":"product","link":"https:\/\/norwegianmade.no\/en\/produkt\/kjaeledyrfoto\/","title":{"rendered":"Kj\u00e6ledyrfoto"},"content":{"rendered":"<p>Jeg har base i Oslo, men reiser gjerne til andre steder for \u00e5 lage bilder. Prisen p\u00e5 2800kr + MVA inkluderer en times session, 3 filer med weboppl\u00f8sning til privat bruk og ett A4 h\u00f8ykvalitets trykk. Flere bilder og lengre tid er selvsagt mulig. Jeg lager ogs\u00e5 h\u00e5ndlagede album. Kontakt meg gjerne for mer info. Tlf. 916 08 516.\u00a0<\/p>\n","protected":false},"excerpt":{"rendered":"<p>For meg var det marsvin. Jeg tror dyrene i livende v\u00e5re redder oss hver dag og minner oss om alt som er godt i verden. Jeg tar bilder av alle slags dyr med- og uten eier i samme bilde. Sessions er fra \u00e9n time til hele dagen &#8211; hvor jeg da kan f\u00f8lge dere gjennom en dag dedikert til familiens firbente medlem. \u00a0<\/p>\n","protected":false},"featured_media":7698,"comment_status":"open","ping_status":"closed","template":"","meta":{"_acf_changed":false},"product_brand":[],"product_cat":[273,78,281,89,81,280,274,15],"product_tag":[],"class_list":{"0":"post-7693","1":"product","2":"type-product","3":"status-publish","4":"has-post-thumbnail","6":"product_vendor-k-linnea-backe-embroidered-cloths-fotograf","7":"product_cat-foto","8":"product_cat-gaver","9":"product_cat-kort","10":"product_cat-kunst","11":"product_cat-kunsthandverk","12":"product_cat-papirvarer","13":"product_cat-tjenester","14":"product_cat-ukategorisert","16":"first","17":"instock","18":"taxable","19":"shipping-taxable","20":"purchasable","21":"product-type-simple"},"acf":[],"yoast_head":"<!-- This site is optimized with the Yoast SEO plugin v27.1.1 - https:\/\/yoast.com\/product\/yoast-seo-wordpress\/ -->\n<title>Kj\u00e6ledyrfoto &#8226; Norwegian Made<\/title>\n<meta name=\"robots\" content=\"index, follow, max-snippet:-1, max-image-preview:large, max-video-preview:-1\" \/>\n<link rel=\"canonical\" href=\"https:\/\/norwegianmade.no\/en\/produkt\/kjaeledyrfoto\/\" \/>\n<meta property=\"og:locale\" content=\"en_US\" \/>\n<meta property=\"og:type\" content=\"article\" \/>\n<meta property=\"og:title\" content=\"Kj\u00e6ledyrfoto &#8226; Norwegian Made\" \/>\n<meta property=\"og:description\" content=\"For meg var det marsvin. Jeg tror dyrene i livende v\u00e5re redder oss hver dag og minner oss om alt som er godt i verden. Jeg tar bilder av alle slags dyr med- og uten eier i samme bilde. Sessions er fra \u00e9n time til hele dagen - hvor jeg da kan f\u00f8lge dere gjennom en dag dedikert til familiens firbente medlem. \u00a0\" \/>\n<meta property=\"og:url\" content=\"https:\/\/norwegianmade.no\/en\/produkt\/kjaeledyrfoto\/\" \/>\n<meta property=\"og:site_name\" content=\"Norwegian Made\" \/>\n<meta property=\"article:modified_time\" content=\"2026-03-27T05:16:50+00:00\" \/>\n<meta property=\"og:image\" content=\"https:\/\/norwegianmade.no\/wp-content\/uploads\/2021\/08\/72603224_102163607880061_4546122848732708864_n.jpg\" \/>\n\t<meta property=\"og:image:width\" content=\"800\" \/>\n\t<meta property=\"og:image:height\" content=\"800\" \/>\n\t<meta property=\"og:image:type\" content=\"image\/jpeg\" \/>\n<meta name=\"twitter:card\" content=\"summary_large_image\" \/>\n<script type=\"application\/ld+json\" class=\"yoast-schema-graph\">{\"@context\":\"https:\/\/schema.org\",\"@graph\":[{\"@type\":\"WebPage\",\"@id\":\"https:\/\/norwegianmade.no\/en\/produkt\/kjaeledyrfoto\/\",\"url\":\"https:\/\/norwegianmade.no\/en\/produkt\/kjaeledyrfoto\/\",\"name\":\"Kj\u00e6ledyrfoto &#8226; Norwegian Made\",\"isPartOf\":{\"@id\":\"https:\/\/norwegianmade.no\/#website\"},\"primaryImageOfPage\":{\"@id\":\"https:\/\/norwegianmade.no\/en\/produkt\/kjaeledyrfoto\/#primaryimage\"},\"image\":{\"@id\":\"https:\/\/norwegianmade.no\/en\/produkt\/kjaeledyrfoto\/#primaryimage\"},\"thumbnailUrl\":\"https:\/\/norwegianmade.no\/wp-content\/uploads\/2021\/08\/72603224_102163607880061_4546122848732708864_n.jpg\",\"datePublished\":\"2021-08-06T09:27:55+00:00\",\"dateModified\":\"2026-03-27T05:16:50+00:00\",\"breadcrumb\":{\"@id\":\"https:\/\/norwegianmade.no\/en\/produkt\/kjaeledyrfoto\/#breadcrumb\"},\"inLanguage\":\"en-US\",\"potentialAction\":[{\"@type\":\"ReadAction\",\"target\":[\"https:\/\/norwegianmade.no\/en\/produkt\/kjaeledyrfoto\/\"]}]},{\"@type\":\"ImageObject\",\"inLanguage\":\"en-US\",\"@id\":\"https:\/\/norwegianmade.no\/en\/produkt\/kjaeledyrfoto\/#primaryimage\",\"url\":\"https:\/\/norwegianmade.no\/wp-content\/uploads\/2021\/08\/72603224_102163607880061_4546122848732708864_n.jpg\",\"contentUrl\":\"https:\/\/norwegianmade.no\/wp-content\/uploads\/2021\/08\/72603224_102163607880061_4546122848732708864_n.jpg\",\"width\":800,\"height\":800},{\"@type\":\"BreadcrumbList\",\"@id\":\"https:\/\/norwegianmade.no\/en\/produkt\/kjaeledyrfoto\/#breadcrumb\",\"itemListElement\":[{\"@type\":\"ListItem\",\"position\":1,\"name\":\"Hjem\",\"item\":\"https:\/\/norwegianmade.no\/en\/\"},{\"@type\":\"ListItem\",\"position\":2,\"name\":\"Shop\",\"item\":\"https:\/\/norwegianmade.no\/en\/shop\/\"},{\"@type\":\"ListItem\",\"position\":3,\"name\":\"Kj\u00e6ledyrfoto\"}]},{\"@type\":\"WebSite\",\"@id\":\"https:\/\/norwegianmade.no\/#website\",\"url\":\"https:\/\/norwegianmade.no\/\",\"name\":\"Norwegian Made\",\"description\":\"Norges st\u00f8rste markedsplass for norske produsenter\",\"publisher\":{\"@id\":\"https:\/\/norwegianmade.no\/#organization\"},\"potentialAction\":[{\"@type\":\"SearchAction\",\"target\":{\"@type\":\"EntryPoint\",\"urlTemplate\":\"https:\/\/norwegianmade.no\/?s={search_term_string}\"},\"query-input\":{\"@type\":\"PropertyValueSpecification\",\"valueRequired\":true,\"valueName\":\"search_term_string\"}}],\"inLanguage\":\"en-US\"},{\"@type\":\"Organization\",\"@id\":\"https:\/\/norwegianmade.no\/#organization\",\"name\":\"Norwegian Made\",\"url\":\"https:\/\/norwegianmade.no\/\",\"logo\":{\"@type\":\"ImageObject\",\"inLanguage\":\"en-US\",\"@id\":\"https:\/\/norwegianmade.no\/#\/schema\/logo\/image\/\",\"url\":\"https:\/\/norwegianmade.no\/wp-content\/uploads\/2020\/11\/logo-liggende-norwegian-made-web.png\",\"contentUrl\":\"https:\/\/norwegianmade.no\/wp-content\/uploads\/2020\/11\/logo-liggende-norwegian-made-web.png\",\"width\":200,\"height\":58,\"caption\":\"Norwegian Made\"},\"image\":{\"@id\":\"https:\/\/norwegianmade.no\/#\/schema\/logo\/image\/\"}}]}<\/script>\n<!-- \/ Yoast SEO plugin. -->","yoast_head_json":{"title":"Kj\u00e6ledyrfoto &#8226; Norwegian Made","robots":{"index":"index","follow":"follow","max-snippet":"max-snippet:-1","max-image-preview":"max-image-preview:large","max-video-preview":"max-video-preview:-1"},"canonical":"https:\/\/norwegianmade.no\/en\/produkt\/kjaeledyrfoto\/","og_locale":"en_US","og_type":"article","og_title":"Kj\u00e6ledyrfoto &#8226; Norwegian Made","og_description":"For meg var det marsvin. Jeg tror dyrene i livende v\u00e5re redder oss hver dag og minner oss om alt som er godt i verden. Jeg tar bilder av alle slags dyr med- og uten eier i samme bilde. Sessions er fra \u00e9n time til hele dagen - hvor jeg da kan f\u00f8lge dere gjennom en dag dedikert til familiens firbente medlem. \u00a0","og_url":"https:\/\/norwegianmade.no\/en\/produkt\/kjaeledyrfoto\/","og_site_name":"Norwegian Made","article_modified_time":"2026-03-27T05:16:50+00:00","og_image":[{"width":800,"height":800,"url":"https:\/\/norwegianmade.no\/wp-content\/uploads\/2021\/08\/72603224_102163607880061_4546122848732708864_n.jpg","type":"image\/jpeg"}],"twitter_card":"summary_large_image","schema":{"@context":"https:\/\/schema.org","@graph":[{"@type":"WebPage","@id":"https:\/\/norwegianmade.no\/en\/produkt\/kjaeledyrfoto\/","url":"https:\/\/norwegianmade.no\/en\/produkt\/kjaeledyrfoto\/","name":"Kj\u00e6ledyrfoto &#8226; Norwegian Made","isPartOf":{"@id":"https:\/\/norwegianmade.no\/#website"},"primaryImageOfPage":{"@id":"https:\/\/norwegianmade.no\/en\/produkt\/kjaeledyrfoto\/#primaryimage"},"image":{"@id":"https:\/\/norwegianmade.no\/en\/produkt\/kjaeledyrfoto\/#primaryimage"},"thumbnailUrl":"https:\/\/norwegianmade.no\/wp-content\/uploads\/2021\/08\/72603224_102163607880061_4546122848732708864_n.jpg","datePublished":"2021-08-06T09:27:55+00:00","dateModified":"2026-03-27T05:16:50+00:00","breadcrumb":{"@id":"https:\/\/norwegianmade.no\/en\/produkt\/kjaeledyrfoto\/#breadcrumb"},"inLanguage":"en-US","potentialAction":[{"@type":"ReadAction","target":["https:\/\/norwegianmade.no\/en\/produkt\/kjaeledyrfoto\/"]}]},{"@type":"ImageObject","inLanguage":"en-US","@id":"https:\/\/norwegianmade.no\/en\/produkt\/kjaeledyrfoto\/#primaryimage","url":"https:\/\/norwegianmade.no\/wp-content\/uploads\/2021\/08\/72603224_102163607880061_4546122848732708864_n.jpg","contentUrl":"https:\/\/norwegianmade.no\/wp-content\/uploads\/2021\/08\/72603224_102163607880061_4546122848732708864_n.jpg","width":800,"height":800},{"@type":"BreadcrumbList","@id":"https:\/\/norwegianmade.no\/en\/produkt\/kjaeledyrfoto\/#breadcrumb","itemListElement":[{"@type":"ListItem","position":1,"name":"Hjem","item":"https:\/\/norwegianmade.no\/en\/"},{"@type":"ListItem","position":2,"name":"Shop","item":"https:\/\/norwegianmade.no\/en\/shop\/"},{"@type":"ListItem","position":3,"name":"Kj\u00e6ledyrfoto"}]},{"@type":"WebSite","@id":"https:\/\/norwegianmade.no\/#website","url":"https:\/\/norwegianmade.no\/","name":"Norwegian Made","description":"Norges st\u00f8rste markedsplass for norske produsenter","publisher":{"@id":"https:\/\/norwegianmade.no\/#organization"},"potentialAction":[{"@type":"SearchAction","target":{"@type":"EntryPoint","urlTemplate":"https:\/\/norwegianmade.no\/?s={search_term_string}"},"query-input":{"@type":"PropertyValueSpecification","valueRequired":true,"valueName":"search_term_string"}}],"inLanguage":"en-US"},{"@type":"Organization","@id":"https:\/\/norwegianmade.no\/#organization","name":"Norwegian Made","url":"https:\/\/norwegianmade.no\/","logo":{"@type":"ImageObject","inLanguage":"en-US","@id":"https:\/\/norwegianmade.no\/#\/schema\/logo\/image\/","url":"https:\/\/norwegianmade.no\/wp-content\/uploads\/2020\/11\/logo-liggende-norwegian-made-web.png","contentUrl":"https:\/\/norwegianmade.no\/wp-content\/uploads\/2020\/11\/logo-liggende-norwegian-made-web.png","width":200,"height":58,"caption":"Norwegian Made"},"image":{"@id":"https:\/\/norwegianmade.no\/#\/schema\/logo\/image\/"}}]}},"_links":{"self":[{"href":"https:\/\/norwegianmade.no\/en\/wp-json\/wp\/v2\/product\/7693","targetHints":{"allow":["GET"]}}],"collection":[{"href":"https:\/\/norwegianmade.no\/en\/wp-json\/wp\/v2\/product"}],"about":[{"href":"https:\/\/norwegianmade.no\/en\/wp-json\/wp\/v2\/types\/product"}],"replies":[{"embeddable":true,"href":"https:\/\/norwegianmade.no\/en\/wp-json\/wp\/v2\/comments?post=7693"}],"wp:featuredmedia":[{"embeddable":true,"href":"https:\/\/norwegianmade.no\/en\/wp-json\/wp\/v2\/media\/7698"}],"wp:attachment":[{"href":"https:\/\/norwegianmade.no\/en\/wp-json\/wp\/v2\/media?parent=7693"}],"wp:term":[{"taxonomy":"product_brand","embeddable":true,"href":"https:\/\/norwegianmade.no\/en\/wp-json\/wp\/v2\/product_brand?post=7693"},{"taxonomy":"product_cat","embeddable":true,"href":"https:\/\/norwegianmade.no\/en\/wp-json\/wp\/v2\/product_cat?post=7693"},{"taxonomy":"product_tag","embeddable":true,"href":"https:\/\/norwegianmade.no\/en\/wp-json\/wp\/v2\/product_tag?post=7693"}],"curies":[{"name":"wp","href":"https:\/\/api.w.org\/{rel}","templated":true}]}}