{"id":9072,"date":"2021-08-14T10:45:19","date_gmt":"2021-08-14T08:45:19","guid":{"rendered":"https:\/\/norwegianmade.no\/markedsplass\/komfirmasjonsfoto\/"},"modified":"2025-05-25T10:44:35","modified_gmt":"2025-05-25T08:44:35","slug":"komfirmasjonsfoto","status":"publish","type":"product","link":"https:\/\/norwegianmade.no\/en\/produkt\/komfirmasjonsfoto\/","title":{"rendered":"Komfirmasjonsfoto"},"content":{"rendered":"<p>Pris oppgitt er for en times session, MVA vil komme i tillegg. Ett h\u00f8ykvalitets, fint redigert trykk i A4 st\u00f8rrelse og fire \u00a0n\u00f8ye redigerte, webst\u00f8rrelse filer til er inkludert. Som sagt, kan jeg gjerne f\u00f8lge konfirmant og familie hele dagen &#8211; og gjerne lage et album, takkekort og trykk til vegg p\u00e5 arkivbestandig (varer i minst 100 \u00e5r:), vakkert fotopapir.\u00a0<\/p>\n<p>Ta kontakt p\u00e5 916 08 516 for flere opplysning og gjerne et m\u00f8te. Jeg er basert i Oslo, men kan gjerne reise for \u00e5 ta bilder.\u00a0<\/p>\n","protected":false},"excerpt":{"rendered":"<p>Konfirmasjon er en viktig familiefest som fortjener bilder og minner.\u00a0<\/p>\n<p>Det er mange muligheter; fra en times session til at jeg f\u00f8lger selskapet hele dagen og kommer til seremonien.\u00a0<\/p>\n<p>Ta kontakt s\u00e5 avtaler vi en pakke som passer for akkurat dere. Jeg lager ogs\u00e5 h\u00f8ykvalitetstrykk p\u00e5 arkivbestandig papir og h\u00e5ndlagede album fra dagen.\u00a0<\/p>\n","protected":false},"featured_media":9521,"comment_status":"open","ping_status":"closed","template":"","meta":{"_acf_changed":false},"product_brand":[],"product_cat":[273,78,281,89,81,280],"product_tag":[],"class_list":{"0":"post-9072","1":"product","2":"type-product","3":"status-publish","4":"has-post-thumbnail","6":"product_vendor-k-linnea-backe-embroidered-cloths-fotograf","7":"product_cat-foto","8":"product_cat-gaver","9":"product_cat-kort","10":"product_cat-kunst","11":"product_cat-kunsthandverk","12":"product_cat-papirvarer","14":"first","15":"instock","16":"taxable","17":"shipping-taxable","18":"purchasable","19":"product-type-simple"},"acf":[],"yoast_head":"<!-- This site is optimized with the Yoast SEO plugin v27.5 - https:\/\/yoast.com\/product\/yoast-seo-wordpress\/ -->\n<title>Komfirmasjonsfoto &#8226; Norwegian Made<\/title>\n<meta name=\"robots\" content=\"index, follow, max-snippet:-1, max-image-preview:large, max-video-preview:-1\" \/>\n<link rel=\"canonical\" href=\"https:\/\/norwegianmade.no\/en\/produkt\/komfirmasjonsfoto\/\" \/>\n<meta property=\"og:locale\" content=\"en_US\" \/>\n<meta property=\"og:type\" content=\"article\" \/>\n<meta property=\"og:title\" content=\"Komfirmasjonsfoto &#8226; Norwegian Made\" \/>\n<meta property=\"og:description\" content=\"Konfirmasjon er en viktig familiefest som fortjener bilder og minner.\u00a0Det er mange muligheter; fra en times session til at jeg f\u00f8lger selskapet hele dagen og kommer til seremonien.\u00a0Ta kontakt s\u00e5 avtaler vi en pakke som passer for akkurat dere. Jeg lager ogs\u00e5 h\u00f8ykvalitetstrykk p\u00e5 arkivbestandig papir og h\u00e5ndlagede album fra dagen.\u00a0\" \/>\n<meta property=\"og:url\" content=\"https:\/\/norwegianmade.no\/en\/produkt\/komfirmasjonsfoto\/\" \/>\n<meta property=\"og:site_name\" content=\"Norwegian Made\" \/>\n<meta property=\"article:modified_time\" content=\"2025-05-25T08:44:35+00:00\" \/>\n<meta property=\"og:image\" content=\"https:\/\/norwegianmade.no\/wp-content\/uploads\/2021\/09\/Komf18.jpg\" \/>\n\t<meta property=\"og:image:width\" content=\"800\" \/>\n\t<meta property=\"og:image:height\" content=\"1200\" \/>\n\t<meta property=\"og:image:type\" content=\"image\/jpeg\" \/>\n<meta name=\"twitter:card\" content=\"summary_large_image\" \/>\n<script type=\"application\/ld+json\" class=\"yoast-schema-graph\">{\"@context\":\"https:\\\/\\\/schema.org\",\"@graph\":[{\"@type\":\"WebPage\",\"@id\":\"https:\\\/\\\/norwegianmade.no\\\/en\\\/produkt\\\/komfirmasjonsfoto\\\/\",\"url\":\"https:\\\/\\\/norwegianmade.no\\\/en\\\/produkt\\\/komfirmasjonsfoto\\\/\",\"name\":\"Komfirmasjonsfoto &#8226; Norwegian Made\",\"isPartOf\":{\"@id\":\"https:\\\/\\\/norwegianmade.no\\\/#website\"},\"primaryImageOfPage\":{\"@id\":\"https:\\\/\\\/norwegianmade.no\\\/en\\\/produkt\\\/komfirmasjonsfoto\\\/#primaryimage\"},\"image\":{\"@id\":\"https:\\\/\\\/norwegianmade.no\\\/en\\\/produkt\\\/komfirmasjonsfoto\\\/#primaryimage\"},\"thumbnailUrl\":\"https:\\\/\\\/norwegianmade.no\\\/wp-content\\\/uploads\\\/2021\\\/09\\\/Komf18.jpg\",\"datePublished\":\"2021-08-14T08:45:19+00:00\",\"dateModified\":\"2025-05-25T08:44:35+00:00\",\"breadcrumb\":{\"@id\":\"https:\\\/\\\/norwegianmade.no\\\/en\\\/produkt\\\/komfirmasjonsfoto\\\/#breadcrumb\"},\"inLanguage\":\"en-US\",\"potentialAction\":[{\"@type\":\"ReadAction\",\"target\":[\"https:\\\/\\\/norwegianmade.no\\\/en\\\/produkt\\\/komfirmasjonsfoto\\\/\"]}]},{\"@type\":\"ImageObject\",\"inLanguage\":\"en-US\",\"@id\":\"https:\\\/\\\/norwegianmade.no\\\/en\\\/produkt\\\/komfirmasjonsfoto\\\/#primaryimage\",\"url\":\"https:\\\/\\\/norwegianmade.no\\\/wp-content\\\/uploads\\\/2021\\\/09\\\/Komf18.jpg\",\"contentUrl\":\"https:\\\/\\\/norwegianmade.no\\\/wp-content\\\/uploads\\\/2021\\\/09\\\/Komf18.jpg\",\"width\":800,\"height\":1200},{\"@type\":\"BreadcrumbList\",\"@id\":\"https:\\\/\\\/norwegianmade.no\\\/en\\\/produkt\\\/komfirmasjonsfoto\\\/#breadcrumb\",\"itemListElement\":[{\"@type\":\"ListItem\",\"position\":1,\"name\":\"Hjem\",\"item\":\"https:\\\/\\\/norwegianmade.no\\\/en\\\/\"},{\"@type\":\"ListItem\",\"position\":2,\"name\":\"Shop\",\"item\":\"https:\\\/\\\/norwegianmade.no\\\/en\\\/shop\\\/\"},{\"@type\":\"ListItem\",\"position\":3,\"name\":\"Komfirmasjonsfoto\"}]},{\"@type\":\"WebSite\",\"@id\":\"https:\\\/\\\/norwegianmade.no\\\/#website\",\"url\":\"https:\\\/\\\/norwegianmade.no\\\/\",\"name\":\"Norwegian Made\",\"description\":\"Norges st\u00f8rste markedsplass for norske produsenter\",\"publisher\":{\"@id\":\"https:\\\/\\\/norwegianmade.no\\\/#organization\"},\"potentialAction\":[{\"@type\":\"SearchAction\",\"target\":{\"@type\":\"EntryPoint\",\"urlTemplate\":\"https:\\\/\\\/norwegianmade.no\\\/?s={search_term_string}\"},\"query-input\":{\"@type\":\"PropertyValueSpecification\",\"valueRequired\":true,\"valueName\":\"search_term_string\"}}],\"inLanguage\":\"en-US\"},{\"@type\":\"Organization\",\"@id\":\"https:\\\/\\\/norwegianmade.no\\\/#organization\",\"name\":\"Norwegian Made\",\"url\":\"https:\\\/\\\/norwegianmade.no\\\/\",\"logo\":{\"@type\":\"ImageObject\",\"inLanguage\":\"en-US\",\"@id\":\"https:\\\/\\\/norwegianmade.no\\\/#\\\/schema\\\/logo\\\/image\\\/\",\"url\":\"https:\\\/\\\/norwegianmade.no\\\/wp-content\\\/uploads\\\/2020\\\/11\\\/logo-liggende-norwegian-made-web.png\",\"contentUrl\":\"https:\\\/\\\/norwegianmade.no\\\/wp-content\\\/uploads\\\/2020\\\/11\\\/logo-liggende-norwegian-made-web.png\",\"width\":200,\"height\":58,\"caption\":\"Norwegian Made\"},\"image\":{\"@id\":\"https:\\\/\\\/norwegianmade.no\\\/#\\\/schema\\\/logo\\\/image\\\/\"}}]}<\/script>\n<!-- \/ Yoast SEO plugin. -->","yoast_head_json":{"title":"Komfirmasjonsfoto &#8226; Norwegian Made","robots":{"index":"index","follow":"follow","max-snippet":"max-snippet:-1","max-image-preview":"max-image-preview:large","max-video-preview":"max-video-preview:-1"},"canonical":"https:\/\/norwegianmade.no\/en\/produkt\/komfirmasjonsfoto\/","og_locale":"en_US","og_type":"article","og_title":"Komfirmasjonsfoto &#8226; Norwegian Made","og_description":"Konfirmasjon er en viktig familiefest som fortjener bilder og minner.\u00a0Det er mange muligheter; fra en times session til at jeg f\u00f8lger selskapet hele dagen og kommer til seremonien.\u00a0Ta kontakt s\u00e5 avtaler vi en pakke som passer for akkurat dere. Jeg lager ogs\u00e5 h\u00f8ykvalitetstrykk p\u00e5 arkivbestandig papir og h\u00e5ndlagede album fra dagen.\u00a0","og_url":"https:\/\/norwegianmade.no\/en\/produkt\/komfirmasjonsfoto\/","og_site_name":"Norwegian Made","article_modified_time":"2025-05-25T08:44:35+00:00","og_image":[{"width":800,"height":1200,"url":"https:\/\/norwegianmade.no\/wp-content\/uploads\/2021\/09\/Komf18.jpg","type":"image\/jpeg"}],"twitter_card":"summary_large_image","schema":{"@context":"https:\/\/schema.org","@graph":[{"@type":"WebPage","@id":"https:\/\/norwegianmade.no\/en\/produkt\/komfirmasjonsfoto\/","url":"https:\/\/norwegianmade.no\/en\/produkt\/komfirmasjonsfoto\/","name":"Komfirmasjonsfoto &#8226; Norwegian Made","isPartOf":{"@id":"https:\/\/norwegianmade.no\/#website"},"primaryImageOfPage":{"@id":"https:\/\/norwegianmade.no\/en\/produkt\/komfirmasjonsfoto\/#primaryimage"},"image":{"@id":"https:\/\/norwegianmade.no\/en\/produkt\/komfirmasjonsfoto\/#primaryimage"},"thumbnailUrl":"https:\/\/norwegianmade.no\/wp-content\/uploads\/2021\/09\/Komf18.jpg","datePublished":"2021-08-14T08:45:19+00:00","dateModified":"2025-05-25T08:44:35+00:00","breadcrumb":{"@id":"https:\/\/norwegianmade.no\/en\/produkt\/komfirmasjonsfoto\/#breadcrumb"},"inLanguage":"en-US","potentialAction":[{"@type":"ReadAction","target":["https:\/\/norwegianmade.no\/en\/produkt\/komfirmasjonsfoto\/"]}]},{"@type":"ImageObject","inLanguage":"en-US","@id":"https:\/\/norwegianmade.no\/en\/produkt\/komfirmasjonsfoto\/#primaryimage","url":"https:\/\/norwegianmade.no\/wp-content\/uploads\/2021\/09\/Komf18.jpg","contentUrl":"https:\/\/norwegianmade.no\/wp-content\/uploads\/2021\/09\/Komf18.jpg","width":800,"height":1200},{"@type":"BreadcrumbList","@id":"https:\/\/norwegianmade.no\/en\/produkt\/komfirmasjonsfoto\/#breadcrumb","itemListElement":[{"@type":"ListItem","position":1,"name":"Hjem","item":"https:\/\/norwegianmade.no\/en\/"},{"@type":"ListItem","position":2,"name":"Shop","item":"https:\/\/norwegianmade.no\/en\/shop\/"},{"@type":"ListItem","position":3,"name":"Komfirmasjonsfoto"}]},{"@type":"WebSite","@id":"https:\/\/norwegianmade.no\/#website","url":"https:\/\/norwegianmade.no\/","name":"Norwegian Made","description":"Norges st\u00f8rste markedsplass for norske produsenter","publisher":{"@id":"https:\/\/norwegianmade.no\/#organization"},"potentialAction":[{"@type":"SearchAction","target":{"@type":"EntryPoint","urlTemplate":"https:\/\/norwegianmade.no\/?s={search_term_string}"},"query-input":{"@type":"PropertyValueSpecification","valueRequired":true,"valueName":"search_term_string"}}],"inLanguage":"en-US"},{"@type":"Organization","@id":"https:\/\/norwegianmade.no\/#organization","name":"Norwegian Made","url":"https:\/\/norwegianmade.no\/","logo":{"@type":"ImageObject","inLanguage":"en-US","@id":"https:\/\/norwegianmade.no\/#\/schema\/logo\/image\/","url":"https:\/\/norwegianmade.no\/wp-content\/uploads\/2020\/11\/logo-liggende-norwegian-made-web.png","contentUrl":"https:\/\/norwegianmade.no\/wp-content\/uploads\/2020\/11\/logo-liggende-norwegian-made-web.png","width":200,"height":58,"caption":"Norwegian Made"},"image":{"@id":"https:\/\/norwegianmade.no\/#\/schema\/logo\/image\/"}}]}},"_links":{"self":[{"href":"https:\/\/norwegianmade.no\/en\/wp-json\/wp\/v2\/product\/9072","targetHints":{"allow":["GET"]}}],"collection":[{"href":"https:\/\/norwegianmade.no\/en\/wp-json\/wp\/v2\/product"}],"about":[{"href":"https:\/\/norwegianmade.no\/en\/wp-json\/wp\/v2\/types\/product"}],"replies":[{"embeddable":true,"href":"https:\/\/norwegianmade.no\/en\/wp-json\/wp\/v2\/comments?post=9072"}],"wp:featuredmedia":[{"embeddable":true,"href":"https:\/\/norwegianmade.no\/en\/wp-json\/wp\/v2\/media\/9521"}],"wp:attachment":[{"href":"https:\/\/norwegianmade.no\/en\/wp-json\/wp\/v2\/media?parent=9072"}],"wp:term":[{"taxonomy":"product_brand","embeddable":true,"href":"https:\/\/norwegianmade.no\/en\/wp-json\/wp\/v2\/product_brand?post=9072"},{"taxonomy":"product_cat","embeddable":true,"href":"https:\/\/norwegianmade.no\/en\/wp-json\/wp\/v2\/product_cat?post=9072"},{"taxonomy":"product_tag","embeddable":true,"href":"https:\/\/norwegianmade.no\/en\/wp-json\/wp\/v2\/product_tag?post=9072"}],"curies":[{"name":"wp","href":"https:\/\/api.w.org\/{rel}","templated":true}]}}