{"id":9309,"date":"2021-08-20T14:09:34","date_gmt":"2021-08-20T12:09:34","guid":{"rendered":"https:\/\/norwegianmade.no\/?post_type=product&#038;p=9309"},"modified":"2025-09-06T02:22:20","modified_gmt":"2025-09-06T00:22:20","slug":"flytende-sape-vegansk-okologiske-oljer-naturlig-duft","status":"publish","type":"product","link":"https:\/\/norwegianmade.no\/en\/produkt\/flytende-sape-vegansk-okologiske-oljer-naturlig-duft\/","title":{"rendered":"Flytende s\u00e5pe &#8211; vegansk, \u00f8kologiske oljer, naturlig duft"},"content":{"rendered":"<div class=\"ws-clamp-text-container\">\n<div>\n<p>Pleiende og fuktighetsgivende s\u00e5pe med ingredienser fra naturen. H\u00e5nd- og kroppsvask med n\u00f8ye utvalgte eteriske oljer som etterlater huden ren med naturlige dufter. S\u00e5pen inneholder \u00f8kologisk olivenolje, \u00f8kologisk mandelolje, \u00f8kologisk castorolje, \u00f8kologisk kokosolje og en blanding eteriske oljer.<\/p>\n<p>Fri for surfaktanter, parabener og syntetisk duft og farge.<\/p>\n<p>S\u00e5pa inneholder kun naturlige ingredienser og vil noen ganger skille seg. Rist gjerne flaska av og til. Ikke la s\u00e5pe bli liggende p\u00e5 overflater da den kan trekke ned i trevirke.<\/p>\n<p>F\u00e5s i 250 ml resirkulerbare PET-flasker<\/p>\n<p>Vi har refill i st\u00f8rre kvantum, fra 4 liter<\/p>\n<p>Ta kontakt ved interesse<\/p>\n<p>&nbsp;<\/p>\n<\/div>\n<div class=\"ws-clamp-text-fade\"><\/div>\n<\/div>\n","protected":false},"excerpt":{"rendered":"<p>Pleiende og fuktighetsgivende s\u00e5pe med ingredienser fra naturen. H\u00e5nd- og kroppsvask med n\u00f8ye utvalgte eteriske oljer som etterlater huden ren med naturlige [&hellip;]<\/p>\n","protected":false},"featured_media":9310,"comment_status":"open","ping_status":"closed","template":"","meta":{"_acf_changed":false},"product_brand":[],"product_cat":[67,121],"product_tag":[],"class_list":{"0":"post-9309","1":"product","2":"type-product","3":"status-publish","4":"has-post-thumbnail","6":"product_vendor-reine-saper","7":"product_cat-hudpleie","8":"product_cat-saper","10":"first","11":"instock","12":"taxable","13":"shipping-taxable","14":"product-type-external"},"acf":[],"yoast_head":"<!-- This site is optimized with the Yoast SEO plugin v27.1.1 - https:\/\/yoast.com\/product\/yoast-seo-wordpress\/ -->\n<title>Flytende s\u00e5pe - vegansk, \u00f8kologiske oljer, naturlig duft &#8226; Norwegian Made<\/title>\n<meta name=\"robots\" content=\"index, follow, max-snippet:-1, max-image-preview:large, max-video-preview:-1\" \/>\n<link rel=\"canonical\" href=\"https:\/\/norwegianmade.no\/produkt\/flytende-sape-vegansk-okologiske-oljer-naturlig-duft\/\" \/>\n<meta property=\"og:locale\" content=\"en_US\" \/>\n<meta property=\"og:type\" content=\"article\" \/>\n<meta property=\"og:title\" content=\"Flytende s\u00e5pe - vegansk, \u00f8kologiske oljer, naturlig duft &#8226; Norwegian Made\" \/>\n<meta property=\"og:description\" content=\"Pleiende og fuktighetsgivende s\u00e5pe med ingredienser fra naturen. H\u00e5nd- og kroppsvask med n\u00f8ye utvalgte eteriske oljer som etterlater huden ren med naturlige [&hellip;]\" \/>\n<meta property=\"og:url\" content=\"https:\/\/norwegianmade.no\/produkt\/flytende-sape-vegansk-okologiske-oljer-naturlig-duft\/\" \/>\n<meta property=\"og:site_name\" content=\"Norwegian Made\" \/>\n<meta property=\"article:modified_time\" content=\"2025-09-06T00:22:20+00:00\" \/>\n<meta property=\"og:image\" content=\"https:\/\/norwegianmade.no\/wp-content\/uploads\/2021\/08\/Flytende-sape-1612807495046.jpg\" \/>\n\t<meta property=\"og:image:width\" content=\"960\" \/>\n\t<meta property=\"og:image:height\" content=\"1280\" \/>\n\t<meta property=\"og:image:type\" content=\"image\/jpeg\" \/>\n<meta name=\"twitter:card\" content=\"summary_large_image\" \/>\n<meta name=\"twitter:label1\" content=\"Est. reading time\" \/>\n\t<meta name=\"twitter:data1\" content=\"1 minute\" \/>\n<script type=\"application\/ld+json\" class=\"yoast-schema-graph\">{\"@context\":\"https:\/\/schema.org\",\"@graph\":[{\"@type\":\"WebPage\",\"@id\":\"https:\/\/norwegianmade.no\/produkt\/flytende-sape-vegansk-okologiske-oljer-naturlig-duft\/\",\"url\":\"https:\/\/norwegianmade.no\/produkt\/flytende-sape-vegansk-okologiske-oljer-naturlig-duft\/\",\"name\":\"Flytende s\u00e5pe - vegansk, \u00f8kologiske oljer, naturlig duft &#8226; Norwegian Made\",\"isPartOf\":{\"@id\":\"https:\/\/norwegianmade.no\/#website\"},\"primaryImageOfPage\":{\"@id\":\"https:\/\/norwegianmade.no\/produkt\/flytende-sape-vegansk-okologiske-oljer-naturlig-duft\/#primaryimage\"},\"image\":{\"@id\":\"https:\/\/norwegianmade.no\/produkt\/flytende-sape-vegansk-okologiske-oljer-naturlig-duft\/#primaryimage\"},\"thumbnailUrl\":\"https:\/\/norwegianmade.no\/wp-content\/uploads\/2021\/08\/Flytende-sape-1612807495046.jpg\",\"datePublished\":\"2021-08-20T12:09:34+00:00\",\"dateModified\":\"2025-09-06T00:22:20+00:00\",\"breadcrumb\":{\"@id\":\"https:\/\/norwegianmade.no\/produkt\/flytende-sape-vegansk-okologiske-oljer-naturlig-duft\/#breadcrumb\"},\"inLanguage\":\"en-US\",\"potentialAction\":[{\"@type\":\"ReadAction\",\"target\":[\"https:\/\/norwegianmade.no\/produkt\/flytende-sape-vegansk-okologiske-oljer-naturlig-duft\/\"]}]},{\"@type\":\"ImageObject\",\"inLanguage\":\"en-US\",\"@id\":\"https:\/\/norwegianmade.no\/produkt\/flytende-sape-vegansk-okologiske-oljer-naturlig-duft\/#primaryimage\",\"url\":\"https:\/\/norwegianmade.no\/wp-content\/uploads\/2021\/08\/Flytende-sape-1612807495046.jpg\",\"contentUrl\":\"https:\/\/norwegianmade.no\/wp-content\/uploads\/2021\/08\/Flytende-sape-1612807495046.jpg\",\"width\":960,\"height\":1280},{\"@type\":\"BreadcrumbList\",\"@id\":\"https:\/\/norwegianmade.no\/produkt\/flytende-sape-vegansk-okologiske-oljer-naturlig-duft\/#breadcrumb\",\"itemListElement\":[{\"@type\":\"ListItem\",\"position\":1,\"name\":\"Hjem\",\"item\":\"https:\/\/norwegianmade.no\/en\/\"},{\"@type\":\"ListItem\",\"position\":2,\"name\":\"Shop\",\"item\":\"https:\/\/norwegianmade.no\/en\/shop\/\"},{\"@type\":\"ListItem\",\"position\":3,\"name\":\"Flytende s\u00e5pe &#8211; vegansk, \u00f8kologiske oljer, naturlig duft\"}]},{\"@type\":\"WebSite\",\"@id\":\"https:\/\/norwegianmade.no\/#website\",\"url\":\"https:\/\/norwegianmade.no\/\",\"name\":\"Norwegian Made\",\"description\":\"Norges st\u00f8rste markedsplass for norske produsenter\",\"publisher\":{\"@id\":\"https:\/\/norwegianmade.no\/#organization\"},\"potentialAction\":[{\"@type\":\"SearchAction\",\"target\":{\"@type\":\"EntryPoint\",\"urlTemplate\":\"https:\/\/norwegianmade.no\/?s={search_term_string}\"},\"query-input\":{\"@type\":\"PropertyValueSpecification\",\"valueRequired\":true,\"valueName\":\"search_term_string\"}}],\"inLanguage\":\"en-US\"},{\"@type\":\"Organization\",\"@id\":\"https:\/\/norwegianmade.no\/#organization\",\"name\":\"Norwegian Made\",\"url\":\"https:\/\/norwegianmade.no\/\",\"logo\":{\"@type\":\"ImageObject\",\"inLanguage\":\"en-US\",\"@id\":\"https:\/\/norwegianmade.no\/#\/schema\/logo\/image\/\",\"url\":\"https:\/\/norwegianmade.no\/wp-content\/uploads\/2020\/11\/logo-liggende-norwegian-made-web.png\",\"contentUrl\":\"https:\/\/norwegianmade.no\/wp-content\/uploads\/2020\/11\/logo-liggende-norwegian-made-web.png\",\"width\":200,\"height\":58,\"caption\":\"Norwegian Made\"},\"image\":{\"@id\":\"https:\/\/norwegianmade.no\/#\/schema\/logo\/image\/\"}}]}<\/script>\n<!-- \/ Yoast SEO plugin. -->","yoast_head_json":{"title":"Flytende s\u00e5pe - vegansk, \u00f8kologiske oljer, naturlig duft &#8226; Norwegian Made","robots":{"index":"index","follow":"follow","max-snippet":"max-snippet:-1","max-image-preview":"max-image-preview:large","max-video-preview":"max-video-preview:-1"},"canonical":"https:\/\/norwegianmade.no\/produkt\/flytende-sape-vegansk-okologiske-oljer-naturlig-duft\/","og_locale":"en_US","og_type":"article","og_title":"Flytende s\u00e5pe - vegansk, \u00f8kologiske oljer, naturlig duft &#8226; Norwegian Made","og_description":"Pleiende og fuktighetsgivende s\u00e5pe med ingredienser fra naturen. H\u00e5nd- og kroppsvask med n\u00f8ye utvalgte eteriske oljer som etterlater huden ren med naturlige [&hellip;]","og_url":"https:\/\/norwegianmade.no\/produkt\/flytende-sape-vegansk-okologiske-oljer-naturlig-duft\/","og_site_name":"Norwegian Made","article_modified_time":"2025-09-06T00:22:20+00:00","og_image":[{"width":960,"height":1280,"url":"https:\/\/norwegianmade.no\/wp-content\/uploads\/2021\/08\/Flytende-sape-1612807495046.jpg","type":"image\/jpeg"}],"twitter_card":"summary_large_image","twitter_misc":{"Est. reading time":"1 minute"},"schema":{"@context":"https:\/\/schema.org","@graph":[{"@type":"WebPage","@id":"https:\/\/norwegianmade.no\/produkt\/flytende-sape-vegansk-okologiske-oljer-naturlig-duft\/","url":"https:\/\/norwegianmade.no\/produkt\/flytende-sape-vegansk-okologiske-oljer-naturlig-duft\/","name":"Flytende s\u00e5pe - vegansk, \u00f8kologiske oljer, naturlig duft &#8226; Norwegian Made","isPartOf":{"@id":"https:\/\/norwegianmade.no\/#website"},"primaryImageOfPage":{"@id":"https:\/\/norwegianmade.no\/produkt\/flytende-sape-vegansk-okologiske-oljer-naturlig-duft\/#primaryimage"},"image":{"@id":"https:\/\/norwegianmade.no\/produkt\/flytende-sape-vegansk-okologiske-oljer-naturlig-duft\/#primaryimage"},"thumbnailUrl":"https:\/\/norwegianmade.no\/wp-content\/uploads\/2021\/08\/Flytende-sape-1612807495046.jpg","datePublished":"2021-08-20T12:09:34+00:00","dateModified":"2025-09-06T00:22:20+00:00","breadcrumb":{"@id":"https:\/\/norwegianmade.no\/produkt\/flytende-sape-vegansk-okologiske-oljer-naturlig-duft\/#breadcrumb"},"inLanguage":"en-US","potentialAction":[{"@type":"ReadAction","target":["https:\/\/norwegianmade.no\/produkt\/flytende-sape-vegansk-okologiske-oljer-naturlig-duft\/"]}]},{"@type":"ImageObject","inLanguage":"en-US","@id":"https:\/\/norwegianmade.no\/produkt\/flytende-sape-vegansk-okologiske-oljer-naturlig-duft\/#primaryimage","url":"https:\/\/norwegianmade.no\/wp-content\/uploads\/2021\/08\/Flytende-sape-1612807495046.jpg","contentUrl":"https:\/\/norwegianmade.no\/wp-content\/uploads\/2021\/08\/Flytende-sape-1612807495046.jpg","width":960,"height":1280},{"@type":"BreadcrumbList","@id":"https:\/\/norwegianmade.no\/produkt\/flytende-sape-vegansk-okologiske-oljer-naturlig-duft\/#breadcrumb","itemListElement":[{"@type":"ListItem","position":1,"name":"Hjem","item":"https:\/\/norwegianmade.no\/en\/"},{"@type":"ListItem","position":2,"name":"Shop","item":"https:\/\/norwegianmade.no\/en\/shop\/"},{"@type":"ListItem","position":3,"name":"Flytende s\u00e5pe &#8211; vegansk, \u00f8kologiske oljer, naturlig duft"}]},{"@type":"WebSite","@id":"https:\/\/norwegianmade.no\/#website","url":"https:\/\/norwegianmade.no\/","name":"Norwegian Made","description":"Norges st\u00f8rste markedsplass for norske produsenter","publisher":{"@id":"https:\/\/norwegianmade.no\/#organization"},"potentialAction":[{"@type":"SearchAction","target":{"@type":"EntryPoint","urlTemplate":"https:\/\/norwegianmade.no\/?s={search_term_string}"},"query-input":{"@type":"PropertyValueSpecification","valueRequired":true,"valueName":"search_term_string"}}],"inLanguage":"en-US"},{"@type":"Organization","@id":"https:\/\/norwegianmade.no\/#organization","name":"Norwegian Made","url":"https:\/\/norwegianmade.no\/","logo":{"@type":"ImageObject","inLanguage":"en-US","@id":"https:\/\/norwegianmade.no\/#\/schema\/logo\/image\/","url":"https:\/\/norwegianmade.no\/wp-content\/uploads\/2020\/11\/logo-liggende-norwegian-made-web.png","contentUrl":"https:\/\/norwegianmade.no\/wp-content\/uploads\/2020\/11\/logo-liggende-norwegian-made-web.png","width":200,"height":58,"caption":"Norwegian Made"},"image":{"@id":"https:\/\/norwegianmade.no\/#\/schema\/logo\/image\/"}}]}},"_links":{"self":[{"href":"https:\/\/norwegianmade.no\/en\/wp-json\/wp\/v2\/product\/9309","targetHints":{"allow":["GET"]}}],"collection":[{"href":"https:\/\/norwegianmade.no\/en\/wp-json\/wp\/v2\/product"}],"about":[{"href":"https:\/\/norwegianmade.no\/en\/wp-json\/wp\/v2\/types\/product"}],"replies":[{"embeddable":true,"href":"https:\/\/norwegianmade.no\/en\/wp-json\/wp\/v2\/comments?post=9309"}],"wp:featuredmedia":[{"embeddable":true,"href":"https:\/\/norwegianmade.no\/en\/wp-json\/wp\/v2\/media\/9310"}],"wp:attachment":[{"href":"https:\/\/norwegianmade.no\/en\/wp-json\/wp\/v2\/media?parent=9309"}],"wp:term":[{"taxonomy":"product_brand","embeddable":true,"href":"https:\/\/norwegianmade.no\/en\/wp-json\/wp\/v2\/product_brand?post=9309"},{"taxonomy":"product_cat","embeddable":true,"href":"https:\/\/norwegianmade.no\/en\/wp-json\/wp\/v2\/product_cat?post=9309"},{"taxonomy":"product_tag","embeddable":true,"href":"https:\/\/norwegianmade.no\/en\/wp-json\/wp\/v2\/product_tag?post=9309"}],"curies":[{"name":"wp","href":"https:\/\/api.w.org\/{rel}","templated":true}]}}