{"id":9312,"date":"2021-08-20T14:10:57","date_gmt":"2021-08-20T12:10:57","guid":{"rendered":"https:\/\/norwegianmade.no\/?post_type=product&#038;p=9312"},"modified":"2025-07-12T17:18:59","modified_gmt":"2025-07-12T15:18:59","slug":"reine-sjampobar-atte-pleiende-oljer","status":"publish","type":"product","link":"https:\/\/norwegianmade.no\/en\/produkt\/reine-sjampobar-atte-pleiende-oljer\/","title":{"rendered":"Reine Sjampobar &#8211; \u00e5tte pleiende oljer"},"content":{"rendered":"<p>En skummende sjampobar med \u00e5tte pleiende oljer. Eteriske oljer av lavendel, sitron, rosmarin og peppermynte. Uten plastemballasje og uten syntetiske stoffer, kun reine ingredienser.<\/p>\n<p>Noen h\u00e5rtyper trenger ikke balsam etter bruk, spesielt de som m\u00e5 vaske h\u00e5ret ofte. Fra 100 gram<\/p>\n<p><em>Ingredients: Cocos nucifera oil (Kokosolje fast \u00f8kologisk), Butyrospermum Parkii (Sheasm\u00f8r \u00f8kologisk deodorisert DEBIO), Cocoa Butter (Theobroma Cacao (Cocoa) Seed Butter), Olea Europea (olivenolje ekstra virgin), Ricinus Communis oil (Ricinusolje \u00f8kologisk kaldpresset DEBIO), Prunus Amygdalus Dulcis oil (Mandelolje \u00f8kologisk kaldpresset), Simmondsia chinensis seed oil (jojoba oil), Aleurites Moluccan nut oil (Kukui nut oil), Lavandula Angustifolia oil (Lavendelolje), Citrus Limon Peel Oil (Sitronolje), Rosmarinus officinalis leaf oil (rosmarinolje), Mentha Arvensis Herb Oil (peppermynteolje). Allergener: Limonene, linalool og citral<\/em><\/p>\n","protected":false},"excerpt":{"rendered":"<p>En skummende sjampobar med \u00e5tte pleiende oljer. Eteriske oljer av lavendel, sitron, rosmarin og peppermynte. Uten plastemballasje og uten syntetiske stoffer, kun [&hellip;]<\/p>\n","protected":false},"featured_media":9313,"comment_status":"open","ping_status":"closed","template":"","meta":{"_acf_changed":false},"product_brand":[],"product_cat":[67,121],"product_tag":[],"class_list":{"0":"post-9312","1":"product","2":"type-product","3":"status-publish","4":"has-post-thumbnail","6":"product_vendor-reine-saper","7":"product_cat-hudpleie","8":"product_cat-saper","10":"first","11":"instock","12":"taxable","13":"shipping-taxable","14":"product-type-external"},"acf":[],"yoast_head":"<!-- This site is optimized with the Yoast SEO plugin v27.1.1 - https:\/\/yoast.com\/product\/yoast-seo-wordpress\/ -->\n<title>Reine Sjampobar - \u00e5tte pleiende oljer &#8226; Norwegian Made<\/title>\n<meta name=\"robots\" content=\"index, follow, max-snippet:-1, max-image-preview:large, max-video-preview:-1\" \/>\n<link rel=\"canonical\" href=\"https:\/\/norwegianmade.no\/en\/produkt\/reine-sjampobar-atte-pleiende-oljer\/\" \/>\n<meta property=\"og:locale\" content=\"en_US\" \/>\n<meta property=\"og:type\" content=\"article\" \/>\n<meta property=\"og:title\" content=\"Reine Sjampobar - \u00e5tte pleiende oljer &#8226; Norwegian Made\" \/>\n<meta property=\"og:description\" content=\"En skummende sjampobar med \u00e5tte pleiende oljer. Eteriske oljer av lavendel, sitron, rosmarin og peppermynte. Uten plastemballasje og uten syntetiske stoffer, kun [&hellip;]\" \/>\n<meta property=\"og:url\" content=\"https:\/\/norwegianmade.no\/en\/produkt\/reine-sjampobar-atte-pleiende-oljer\/\" \/>\n<meta property=\"og:site_name\" content=\"Norwegian Made\" \/>\n<meta property=\"article:modified_time\" content=\"2025-07-12T15:18:59+00:00\" \/>\n<meta property=\"og:image\" content=\"https:\/\/norwegianmade.no\/wp-content\/uploads\/2021\/08\/sjampo-1612202618077.jpg\" \/>\n\t<meta property=\"og:image:width\" content=\"960\" \/>\n\t<meta property=\"og:image:height\" content=\"1280\" \/>\n\t<meta property=\"og:image:type\" content=\"image\/jpeg\" \/>\n<meta name=\"twitter:card\" content=\"summary_large_image\" \/>\n<meta name=\"twitter:label1\" content=\"Est. reading time\" \/>\n\t<meta name=\"twitter:data1\" content=\"1 minute\" \/>\n<script type=\"application\/ld+json\" class=\"yoast-schema-graph\">{\"@context\":\"https:\/\/schema.org\",\"@graph\":[{\"@type\":\"WebPage\",\"@id\":\"https:\/\/norwegianmade.no\/en\/produkt\/reine-sjampobar-atte-pleiende-oljer\/\",\"url\":\"https:\/\/norwegianmade.no\/en\/produkt\/reine-sjampobar-atte-pleiende-oljer\/\",\"name\":\"Reine Sjampobar - \u00e5tte pleiende oljer &#8226; Norwegian Made\",\"isPartOf\":{\"@id\":\"https:\/\/norwegianmade.no\/#website\"},\"primaryImageOfPage\":{\"@id\":\"https:\/\/norwegianmade.no\/en\/produkt\/reine-sjampobar-atte-pleiende-oljer\/#primaryimage\"},\"image\":{\"@id\":\"https:\/\/norwegianmade.no\/en\/produkt\/reine-sjampobar-atte-pleiende-oljer\/#primaryimage\"},\"thumbnailUrl\":\"https:\/\/norwegianmade.no\/wp-content\/uploads\/2021\/08\/sjampo-1612202618077.jpg\",\"datePublished\":\"2021-08-20T12:10:57+00:00\",\"dateModified\":\"2025-07-12T15:18:59+00:00\",\"breadcrumb\":{\"@id\":\"https:\/\/norwegianmade.no\/en\/produkt\/reine-sjampobar-atte-pleiende-oljer\/#breadcrumb\"},\"inLanguage\":\"en-US\",\"potentialAction\":[{\"@type\":\"ReadAction\",\"target\":[\"https:\/\/norwegianmade.no\/en\/produkt\/reine-sjampobar-atte-pleiende-oljer\/\"]}]},{\"@type\":\"ImageObject\",\"inLanguage\":\"en-US\",\"@id\":\"https:\/\/norwegianmade.no\/en\/produkt\/reine-sjampobar-atte-pleiende-oljer\/#primaryimage\",\"url\":\"https:\/\/norwegianmade.no\/wp-content\/uploads\/2021\/08\/sjampo-1612202618077.jpg\",\"contentUrl\":\"https:\/\/norwegianmade.no\/wp-content\/uploads\/2021\/08\/sjampo-1612202618077.jpg\",\"width\":960,\"height\":1280},{\"@type\":\"BreadcrumbList\",\"@id\":\"https:\/\/norwegianmade.no\/en\/produkt\/reine-sjampobar-atte-pleiende-oljer\/#breadcrumb\",\"itemListElement\":[{\"@type\":\"ListItem\",\"position\":1,\"name\":\"Hjem\",\"item\":\"https:\/\/norwegianmade.no\/en\/\"},{\"@type\":\"ListItem\",\"position\":2,\"name\":\"Shop\",\"item\":\"https:\/\/norwegianmade.no\/en\/shop\/\"},{\"@type\":\"ListItem\",\"position\":3,\"name\":\"Reine Sjampobar &#8211; \u00e5tte pleiende oljer\"}]},{\"@type\":\"WebSite\",\"@id\":\"https:\/\/norwegianmade.no\/#website\",\"url\":\"https:\/\/norwegianmade.no\/\",\"name\":\"Norwegian Made\",\"description\":\"Norges st\u00f8rste markedsplass for norske produsenter\",\"publisher\":{\"@id\":\"https:\/\/norwegianmade.no\/#organization\"},\"potentialAction\":[{\"@type\":\"SearchAction\",\"target\":{\"@type\":\"EntryPoint\",\"urlTemplate\":\"https:\/\/norwegianmade.no\/?s={search_term_string}\"},\"query-input\":{\"@type\":\"PropertyValueSpecification\",\"valueRequired\":true,\"valueName\":\"search_term_string\"}}],\"inLanguage\":\"en-US\"},{\"@type\":\"Organization\",\"@id\":\"https:\/\/norwegianmade.no\/#organization\",\"name\":\"Norwegian Made\",\"url\":\"https:\/\/norwegianmade.no\/\",\"logo\":{\"@type\":\"ImageObject\",\"inLanguage\":\"en-US\",\"@id\":\"https:\/\/norwegianmade.no\/#\/schema\/logo\/image\/\",\"url\":\"https:\/\/norwegianmade.no\/wp-content\/uploads\/2020\/11\/logo-liggende-norwegian-made-web.png\",\"contentUrl\":\"https:\/\/norwegianmade.no\/wp-content\/uploads\/2020\/11\/logo-liggende-norwegian-made-web.png\",\"width\":200,\"height\":58,\"caption\":\"Norwegian Made\"},\"image\":{\"@id\":\"https:\/\/norwegianmade.no\/#\/schema\/logo\/image\/\"}}]}<\/script>\n<!-- \/ Yoast SEO plugin. -->","yoast_head_json":{"title":"Reine Sjampobar - \u00e5tte pleiende oljer &#8226; Norwegian Made","robots":{"index":"index","follow":"follow","max-snippet":"max-snippet:-1","max-image-preview":"max-image-preview:large","max-video-preview":"max-video-preview:-1"},"canonical":"https:\/\/norwegianmade.no\/en\/produkt\/reine-sjampobar-atte-pleiende-oljer\/","og_locale":"en_US","og_type":"article","og_title":"Reine Sjampobar - \u00e5tte pleiende oljer &#8226; Norwegian Made","og_description":"En skummende sjampobar med \u00e5tte pleiende oljer. Eteriske oljer av lavendel, sitron, rosmarin og peppermynte. Uten plastemballasje og uten syntetiske stoffer, kun [&hellip;]","og_url":"https:\/\/norwegianmade.no\/en\/produkt\/reine-sjampobar-atte-pleiende-oljer\/","og_site_name":"Norwegian Made","article_modified_time":"2025-07-12T15:18:59+00:00","og_image":[{"width":960,"height":1280,"url":"https:\/\/norwegianmade.no\/wp-content\/uploads\/2021\/08\/sjampo-1612202618077.jpg","type":"image\/jpeg"}],"twitter_card":"summary_large_image","twitter_misc":{"Est. reading time":"1 minute"},"schema":{"@context":"https:\/\/schema.org","@graph":[{"@type":"WebPage","@id":"https:\/\/norwegianmade.no\/en\/produkt\/reine-sjampobar-atte-pleiende-oljer\/","url":"https:\/\/norwegianmade.no\/en\/produkt\/reine-sjampobar-atte-pleiende-oljer\/","name":"Reine Sjampobar - \u00e5tte pleiende oljer &#8226; Norwegian Made","isPartOf":{"@id":"https:\/\/norwegianmade.no\/#website"},"primaryImageOfPage":{"@id":"https:\/\/norwegianmade.no\/en\/produkt\/reine-sjampobar-atte-pleiende-oljer\/#primaryimage"},"image":{"@id":"https:\/\/norwegianmade.no\/en\/produkt\/reine-sjampobar-atte-pleiende-oljer\/#primaryimage"},"thumbnailUrl":"https:\/\/norwegianmade.no\/wp-content\/uploads\/2021\/08\/sjampo-1612202618077.jpg","datePublished":"2021-08-20T12:10:57+00:00","dateModified":"2025-07-12T15:18:59+00:00","breadcrumb":{"@id":"https:\/\/norwegianmade.no\/en\/produkt\/reine-sjampobar-atte-pleiende-oljer\/#breadcrumb"},"inLanguage":"en-US","potentialAction":[{"@type":"ReadAction","target":["https:\/\/norwegianmade.no\/en\/produkt\/reine-sjampobar-atte-pleiende-oljer\/"]}]},{"@type":"ImageObject","inLanguage":"en-US","@id":"https:\/\/norwegianmade.no\/en\/produkt\/reine-sjampobar-atte-pleiende-oljer\/#primaryimage","url":"https:\/\/norwegianmade.no\/wp-content\/uploads\/2021\/08\/sjampo-1612202618077.jpg","contentUrl":"https:\/\/norwegianmade.no\/wp-content\/uploads\/2021\/08\/sjampo-1612202618077.jpg","width":960,"height":1280},{"@type":"BreadcrumbList","@id":"https:\/\/norwegianmade.no\/en\/produkt\/reine-sjampobar-atte-pleiende-oljer\/#breadcrumb","itemListElement":[{"@type":"ListItem","position":1,"name":"Hjem","item":"https:\/\/norwegianmade.no\/en\/"},{"@type":"ListItem","position":2,"name":"Shop","item":"https:\/\/norwegianmade.no\/en\/shop\/"},{"@type":"ListItem","position":3,"name":"Reine Sjampobar &#8211; \u00e5tte pleiende oljer"}]},{"@type":"WebSite","@id":"https:\/\/norwegianmade.no\/#website","url":"https:\/\/norwegianmade.no\/","name":"Norwegian Made","description":"Norges st\u00f8rste markedsplass for norske produsenter","publisher":{"@id":"https:\/\/norwegianmade.no\/#organization"},"potentialAction":[{"@type":"SearchAction","target":{"@type":"EntryPoint","urlTemplate":"https:\/\/norwegianmade.no\/?s={search_term_string}"},"query-input":{"@type":"PropertyValueSpecification","valueRequired":true,"valueName":"search_term_string"}}],"inLanguage":"en-US"},{"@type":"Organization","@id":"https:\/\/norwegianmade.no\/#organization","name":"Norwegian Made","url":"https:\/\/norwegianmade.no\/","logo":{"@type":"ImageObject","inLanguage":"en-US","@id":"https:\/\/norwegianmade.no\/#\/schema\/logo\/image\/","url":"https:\/\/norwegianmade.no\/wp-content\/uploads\/2020\/11\/logo-liggende-norwegian-made-web.png","contentUrl":"https:\/\/norwegianmade.no\/wp-content\/uploads\/2020\/11\/logo-liggende-norwegian-made-web.png","width":200,"height":58,"caption":"Norwegian Made"},"image":{"@id":"https:\/\/norwegianmade.no\/#\/schema\/logo\/image\/"}}]}},"_links":{"self":[{"href":"https:\/\/norwegianmade.no\/en\/wp-json\/wp\/v2\/product\/9312","targetHints":{"allow":["GET"]}}],"collection":[{"href":"https:\/\/norwegianmade.no\/en\/wp-json\/wp\/v2\/product"}],"about":[{"href":"https:\/\/norwegianmade.no\/en\/wp-json\/wp\/v2\/types\/product"}],"replies":[{"embeddable":true,"href":"https:\/\/norwegianmade.no\/en\/wp-json\/wp\/v2\/comments?post=9312"}],"wp:featuredmedia":[{"embeddable":true,"href":"https:\/\/norwegianmade.no\/en\/wp-json\/wp\/v2\/media\/9313"}],"wp:attachment":[{"href":"https:\/\/norwegianmade.no\/en\/wp-json\/wp\/v2\/media?parent=9312"}],"wp:term":[{"taxonomy":"product_brand","embeddable":true,"href":"https:\/\/norwegianmade.no\/en\/wp-json\/wp\/v2\/product_brand?post=9312"},{"taxonomy":"product_cat","embeddable":true,"href":"https:\/\/norwegianmade.no\/en\/wp-json\/wp\/v2\/product_cat?post=9312"},{"taxonomy":"product_tag","embeddable":true,"href":"https:\/\/norwegianmade.no\/en\/wp-json\/wp\/v2\/product_tag?post=9312"}],"curies":[{"name":"wp","href":"https:\/\/api.w.org\/{rel}","templated":true}]}}