{"id":9318,"date":"2021-08-20T14:13:15","date_gmt":"2021-08-20T12:13:15","guid":{"rendered":"https:\/\/norwegianmade.no\/?post_type=product&#038;p=9318"},"modified":"2026-04-06T20:56:17","modified_gmt":"2026-04-06T18:56:17","slug":"julefryd-sapestykker-med-julestemning","status":"publish","type":"product","link":"https:\/\/norwegianmade.no\/en\/produkt\/julefryd-sapestykker-med-julestemning\/","title":{"rendered":"Julefryd &#8211; s\u00e5pestykker med julestemning"},"content":{"rendered":"<div class=\"ws-clamp-text-container\">\n<div>\n<p><em>H\u00e5nds\u00e5pe med eteriske oljer av mandarin og kryddernellik. Legg s\u00e5pen i hvilket som helst rom og kom i julestemning. Fra 50 gram.<\/em><\/p>\n<p>INGREDUENTS: Olea Europea (Olivenolje ekstra virgin), Aqua Purificata TA (Rent vann, Cocos nucifera oil (Kokosolje fast \u00f8kologisk), Ricinus Communis oil (Ricinusolje \u00f8kologisk kaldpresset DEBIO), Butyrospermum Parkii (Sheasm\u00f8r \u00f8kologisk deodorisert DEBIO), Prunus Amygdalus Dulcis oil (Mandelolje \u00f8kologisk kaldpresset), Citrus reticulate Blanco (Mandarinolje) og Eugenia carryophyllus (Kryddernellikolje).<\/p>\n<\/div>\n<\/div>\n","protected":false},"excerpt":{"rendered":"<p>H\u00e5nds\u00e5pe med eteriske oljer av mandarin og kryddernellik. Legg s\u00e5pen i hvilket som helst rom og kom i julestemning. Fra 50 gram. [&hellip;]<\/p>\n","protected":false},"featured_media":9319,"comment_status":"open","ping_status":"closed","template":"","meta":{"_acf_changed":false},"product_brand":[],"product_cat":[67,121],"product_tag":[],"class_list":{"0":"post-9318","1":"product","2":"type-product","3":"status-publish","4":"has-post-thumbnail","6":"product_vendor-reine-saper","7":"product_cat-hudpleie","8":"product_cat-saper","10":"first","11":"instock","12":"taxable","13":"shipping-taxable","14":"product-type-external"},"acf":[],"yoast_head":"<!-- This site is optimized with the Yoast SEO plugin v27.1.1 - https:\/\/yoast.com\/product\/yoast-seo-wordpress\/ -->\n<title>Julefryd - s\u00e5pestykker med julestemning &#8226; Norwegian Made<\/title>\n<meta name=\"robots\" content=\"index, follow, max-snippet:-1, max-image-preview:large, max-video-preview:-1\" \/>\n<link rel=\"canonical\" href=\"https:\/\/norwegianmade.no\/en\/produkt\/julefryd-sapestykker-med-julestemning\/\" \/>\n<meta property=\"og:locale\" content=\"en_US\" \/>\n<meta property=\"og:type\" content=\"article\" \/>\n<meta property=\"og:title\" content=\"Julefryd - s\u00e5pestykker med julestemning &#8226; Norwegian Made\" \/>\n<meta property=\"og:description\" content=\"H\u00e5nds\u00e5pe med eteriske oljer av mandarin og kryddernellik. Legg s\u00e5pen i hvilket som helst rom og kom i julestemning. Fra 50 gram. [&hellip;]\" \/>\n<meta property=\"og:url\" content=\"https:\/\/norwegianmade.no\/en\/produkt\/julefryd-sapestykker-med-julestemning\/\" \/>\n<meta property=\"og:site_name\" content=\"Norwegian Made\" \/>\n<meta property=\"article:modified_time\" content=\"2026-04-06T18:56:17+00:00\" \/>\n<meta property=\"og:image\" content=\"https:\/\/norwegianmade.no\/wp-content\/uploads\/2021\/08\/alle-julefryd-1586714538259.jpg\" \/>\n\t<meta property=\"og:image:width\" content=\"960\" \/>\n\t<meta property=\"og:image:height\" content=\"960\" \/>\n\t<meta property=\"og:image:type\" content=\"image\/jpeg\" \/>\n<meta name=\"twitter:card\" content=\"summary_large_image\" \/>\n<script type=\"application\/ld+json\" class=\"yoast-schema-graph\">{\"@context\":\"https:\/\/schema.org\",\"@graph\":[{\"@type\":\"WebPage\",\"@id\":\"https:\/\/norwegianmade.no\/en\/produkt\/julefryd-sapestykker-med-julestemning\/\",\"url\":\"https:\/\/norwegianmade.no\/en\/produkt\/julefryd-sapestykker-med-julestemning\/\",\"name\":\"Julefryd - s\u00e5pestykker med julestemning &#8226; Norwegian Made\",\"isPartOf\":{\"@id\":\"https:\/\/norwegianmade.no\/#website\"},\"primaryImageOfPage\":{\"@id\":\"https:\/\/norwegianmade.no\/en\/produkt\/julefryd-sapestykker-med-julestemning\/#primaryimage\"},\"image\":{\"@id\":\"https:\/\/norwegianmade.no\/en\/produkt\/julefryd-sapestykker-med-julestemning\/#primaryimage\"},\"thumbnailUrl\":\"https:\/\/norwegianmade.no\/wp-content\/uploads\/2021\/08\/alle-julefryd-1586714538259.jpg\",\"datePublished\":\"2021-08-20T12:13:15+00:00\",\"dateModified\":\"2026-04-06T18:56:17+00:00\",\"breadcrumb\":{\"@id\":\"https:\/\/norwegianmade.no\/en\/produkt\/julefryd-sapestykker-med-julestemning\/#breadcrumb\"},\"inLanguage\":\"en-US\",\"potentialAction\":[{\"@type\":\"ReadAction\",\"target\":[\"https:\/\/norwegianmade.no\/en\/produkt\/julefryd-sapestykker-med-julestemning\/\"]}]},{\"@type\":\"ImageObject\",\"inLanguage\":\"en-US\",\"@id\":\"https:\/\/norwegianmade.no\/en\/produkt\/julefryd-sapestykker-med-julestemning\/#primaryimage\",\"url\":\"https:\/\/norwegianmade.no\/wp-content\/uploads\/2021\/08\/alle-julefryd-1586714538259.jpg\",\"contentUrl\":\"https:\/\/norwegianmade.no\/wp-content\/uploads\/2021\/08\/alle-julefryd-1586714538259.jpg\",\"width\":960,\"height\":960},{\"@type\":\"BreadcrumbList\",\"@id\":\"https:\/\/norwegianmade.no\/en\/produkt\/julefryd-sapestykker-med-julestemning\/#breadcrumb\",\"itemListElement\":[{\"@type\":\"ListItem\",\"position\":1,\"name\":\"Hjem\",\"item\":\"https:\/\/norwegianmade.no\/en\/\"},{\"@type\":\"ListItem\",\"position\":2,\"name\":\"Shop\",\"item\":\"https:\/\/norwegianmade.no\/en\/shop\/\"},{\"@type\":\"ListItem\",\"position\":3,\"name\":\"Julefryd &#8211; s\u00e5pestykker med julestemning\"}]},{\"@type\":\"WebSite\",\"@id\":\"https:\/\/norwegianmade.no\/#website\",\"url\":\"https:\/\/norwegianmade.no\/\",\"name\":\"Norwegian Made\",\"description\":\"Norges st\u00f8rste markedsplass for norske produsenter\",\"publisher\":{\"@id\":\"https:\/\/norwegianmade.no\/#organization\"},\"potentialAction\":[{\"@type\":\"SearchAction\",\"target\":{\"@type\":\"EntryPoint\",\"urlTemplate\":\"https:\/\/norwegianmade.no\/?s={search_term_string}\"},\"query-input\":{\"@type\":\"PropertyValueSpecification\",\"valueRequired\":true,\"valueName\":\"search_term_string\"}}],\"inLanguage\":\"en-US\"},{\"@type\":\"Organization\",\"@id\":\"https:\/\/norwegianmade.no\/#organization\",\"name\":\"Norwegian Made\",\"url\":\"https:\/\/norwegianmade.no\/\",\"logo\":{\"@type\":\"ImageObject\",\"inLanguage\":\"en-US\",\"@id\":\"https:\/\/norwegianmade.no\/#\/schema\/logo\/image\/\",\"url\":\"https:\/\/norwegianmade.no\/wp-content\/uploads\/2020\/11\/logo-liggende-norwegian-made-web.png\",\"contentUrl\":\"https:\/\/norwegianmade.no\/wp-content\/uploads\/2020\/11\/logo-liggende-norwegian-made-web.png\",\"width\":200,\"height\":58,\"caption\":\"Norwegian Made\"},\"image\":{\"@id\":\"https:\/\/norwegianmade.no\/#\/schema\/logo\/image\/\"}}]}<\/script>\n<!-- \/ Yoast SEO plugin. -->","yoast_head_json":{"title":"Julefryd - s\u00e5pestykker med julestemning &#8226; Norwegian Made","robots":{"index":"index","follow":"follow","max-snippet":"max-snippet:-1","max-image-preview":"max-image-preview:large","max-video-preview":"max-video-preview:-1"},"canonical":"https:\/\/norwegianmade.no\/en\/produkt\/julefryd-sapestykker-med-julestemning\/","og_locale":"en_US","og_type":"article","og_title":"Julefryd - s\u00e5pestykker med julestemning &#8226; Norwegian Made","og_description":"H\u00e5nds\u00e5pe med eteriske oljer av mandarin og kryddernellik. Legg s\u00e5pen i hvilket som helst rom og kom i julestemning. Fra 50 gram. [&hellip;]","og_url":"https:\/\/norwegianmade.no\/en\/produkt\/julefryd-sapestykker-med-julestemning\/","og_site_name":"Norwegian Made","article_modified_time":"2026-04-06T18:56:17+00:00","og_image":[{"width":960,"height":960,"url":"https:\/\/norwegianmade.no\/wp-content\/uploads\/2021\/08\/alle-julefryd-1586714538259.jpg","type":"image\/jpeg"}],"twitter_card":"summary_large_image","schema":{"@context":"https:\/\/schema.org","@graph":[{"@type":"WebPage","@id":"https:\/\/norwegianmade.no\/en\/produkt\/julefryd-sapestykker-med-julestemning\/","url":"https:\/\/norwegianmade.no\/en\/produkt\/julefryd-sapestykker-med-julestemning\/","name":"Julefryd - s\u00e5pestykker med julestemning &#8226; Norwegian Made","isPartOf":{"@id":"https:\/\/norwegianmade.no\/#website"},"primaryImageOfPage":{"@id":"https:\/\/norwegianmade.no\/en\/produkt\/julefryd-sapestykker-med-julestemning\/#primaryimage"},"image":{"@id":"https:\/\/norwegianmade.no\/en\/produkt\/julefryd-sapestykker-med-julestemning\/#primaryimage"},"thumbnailUrl":"https:\/\/norwegianmade.no\/wp-content\/uploads\/2021\/08\/alle-julefryd-1586714538259.jpg","datePublished":"2021-08-20T12:13:15+00:00","dateModified":"2026-04-06T18:56:17+00:00","breadcrumb":{"@id":"https:\/\/norwegianmade.no\/en\/produkt\/julefryd-sapestykker-med-julestemning\/#breadcrumb"},"inLanguage":"en-US","potentialAction":[{"@type":"ReadAction","target":["https:\/\/norwegianmade.no\/en\/produkt\/julefryd-sapestykker-med-julestemning\/"]}]},{"@type":"ImageObject","inLanguage":"en-US","@id":"https:\/\/norwegianmade.no\/en\/produkt\/julefryd-sapestykker-med-julestemning\/#primaryimage","url":"https:\/\/norwegianmade.no\/wp-content\/uploads\/2021\/08\/alle-julefryd-1586714538259.jpg","contentUrl":"https:\/\/norwegianmade.no\/wp-content\/uploads\/2021\/08\/alle-julefryd-1586714538259.jpg","width":960,"height":960},{"@type":"BreadcrumbList","@id":"https:\/\/norwegianmade.no\/en\/produkt\/julefryd-sapestykker-med-julestemning\/#breadcrumb","itemListElement":[{"@type":"ListItem","position":1,"name":"Hjem","item":"https:\/\/norwegianmade.no\/en\/"},{"@type":"ListItem","position":2,"name":"Shop","item":"https:\/\/norwegianmade.no\/en\/shop\/"},{"@type":"ListItem","position":3,"name":"Julefryd &#8211; s\u00e5pestykker med julestemning"}]},{"@type":"WebSite","@id":"https:\/\/norwegianmade.no\/#website","url":"https:\/\/norwegianmade.no\/","name":"Norwegian Made","description":"Norges st\u00f8rste markedsplass for norske produsenter","publisher":{"@id":"https:\/\/norwegianmade.no\/#organization"},"potentialAction":[{"@type":"SearchAction","target":{"@type":"EntryPoint","urlTemplate":"https:\/\/norwegianmade.no\/?s={search_term_string}"},"query-input":{"@type":"PropertyValueSpecification","valueRequired":true,"valueName":"search_term_string"}}],"inLanguage":"en-US"},{"@type":"Organization","@id":"https:\/\/norwegianmade.no\/#organization","name":"Norwegian Made","url":"https:\/\/norwegianmade.no\/","logo":{"@type":"ImageObject","inLanguage":"en-US","@id":"https:\/\/norwegianmade.no\/#\/schema\/logo\/image\/","url":"https:\/\/norwegianmade.no\/wp-content\/uploads\/2020\/11\/logo-liggende-norwegian-made-web.png","contentUrl":"https:\/\/norwegianmade.no\/wp-content\/uploads\/2020\/11\/logo-liggende-norwegian-made-web.png","width":200,"height":58,"caption":"Norwegian Made"},"image":{"@id":"https:\/\/norwegianmade.no\/#\/schema\/logo\/image\/"}}]}},"_links":{"self":[{"href":"https:\/\/norwegianmade.no\/en\/wp-json\/wp\/v2\/product\/9318","targetHints":{"allow":["GET"]}}],"collection":[{"href":"https:\/\/norwegianmade.no\/en\/wp-json\/wp\/v2\/product"}],"about":[{"href":"https:\/\/norwegianmade.no\/en\/wp-json\/wp\/v2\/types\/product"}],"replies":[{"embeddable":true,"href":"https:\/\/norwegianmade.no\/en\/wp-json\/wp\/v2\/comments?post=9318"}],"wp:featuredmedia":[{"embeddable":true,"href":"https:\/\/norwegianmade.no\/en\/wp-json\/wp\/v2\/media\/9319"}],"wp:attachment":[{"href":"https:\/\/norwegianmade.no\/en\/wp-json\/wp\/v2\/media?parent=9318"}],"wp:term":[{"taxonomy":"product_brand","embeddable":true,"href":"https:\/\/norwegianmade.no\/en\/wp-json\/wp\/v2\/product_brand?post=9318"},{"taxonomy":"product_cat","embeddable":true,"href":"https:\/\/norwegianmade.no\/en\/wp-json\/wp\/v2\/product_cat?post=9318"},{"taxonomy":"product_tag","embeddable":true,"href":"https:\/\/norwegianmade.no\/en\/wp-json\/wp\/v2\/product_tag?post=9318"}],"curies":[{"name":"wp","href":"https:\/\/api.w.org\/{rel}","templated":true}]}}