{"id":9321,"date":"2021-08-20T14:14:56","date_gmt":"2021-08-20T12:14:56","guid":{"rendered":"https:\/\/norwegianmade.no\/?post_type=product&#038;p=9321"},"modified":"2025-02-12T22:07:02","modified_gmt":"2025-02-12T21:07:02","slug":"velvaere-skrubb-saltbad-leppomade-lotion-sheasmor","status":"publish","type":"product","link":"https:\/\/norwegianmade.no\/en\/produkt\/velvaere-skrubb-saltbad-leppomade-lotion-sheasmor\/","title":{"rendered":"Velv\u00e6re &#8211; skrubb, saltbad, leppomade, lotion, sheasm\u00f8r"},"content":{"rendered":"<p><strong>Reine s\u00f8tskrubb med \u00f8kologiske oljer<\/strong><\/p>\n<p>S\u00f8tskrubb med \u00f8kologisk mandelolje og jojobaolje. Fjerner d\u00f8de hudceller og etterlater huden glatt og myk. E-vitaminoljen pleier s\u00e5r hud.<\/p>\n<p>Naturlig duft av sitron-, teatree- og lavendelolje. F\u00e5s i glass &#8211; 225 ml<\/p>\n<p><strong>Reine Saltbad med himalaya- og epsomsalt<\/strong><\/p>\n<p>Badesaltet er naturlig rik p\u00e5 mineraler og inneholder \u00f8kologiske oljer og dufter fra naturen. Himalayasaltet bidrar til \u00f8kt blodsirkulasjon, renser porer og d\u00f8de hudceller. Epsomsaltet har v\u00e6rt brukt i terapeutiske behandlinger i lang tid og er kjent for sine helsefordeler blant annet redusere muskelkramper og berolige kroppen, hjelpe muskler og nerver til \u00e5 slappe av og redusere hodepine. Kan brukes i badevann og som fotbad. Anbefales ikke for gravide og ammende. F\u00e5s i glass &#8211; 225 ml<\/p>\n<p><strong>Reine Leppomade i metallboks med naturlig ingredienser.<\/strong><\/p>\n<p>Reine S\u00e5pers leppomade er full av n\u00e6ringsrike oljer og vitaminer som tilf\u00f8rer fukt og pleier. Den er god \u00e5 bruke mot s\u00e5re og sprukne lepper, men kan ogs\u00e5 brukes som salve ved hudirritasjoner. Inneholder \u00f8kologisk bivoks, \u00f8kologisk kokosolje, \u00f8kologisk castorolje, \u00f8kologisk kakaosm\u00f8r, \u00f8kologisk mandelolje, e-vitaminolje og peppermynteolje.<\/p>\n<p><strong>Reine Lotionbar &#8211; fuktighet i fast form<\/strong><\/p>\n<p>Lotionbaren sm\u00f8rer og heler s\u00e5r og skadet hud. Gnis mot huden og smeltes av kroppens naturlige varme. Perfekt til \u00e5 ha med p\u00e5 reise, hytta eller jobb. Kan brukes flere ganger. Inneholder \u00f8kologisk mandelolje, Fairtrade sheasm\u00f8r, bovoks, \u00f8kologisk kakaosm\u00f8r og lavendelolje<\/p>\n<p><strong>Reine Kroppsolje<\/strong><\/p>\n<p>Pleiende massasjeolje med \u00f8kologiske oljer med eller eteriske oljer av Ylang ylang, appelsin og sandeltre<\/p>\n<p>Inneholder \u00f8kologisk jojobaolje &#8211; en av de oljene som trekkes lettest inn i huden og tilf\u00f8rer fuktighet med et h\u00f8yt innhold av naturlig vitamin E og antioksidanter. \u00d8kologisk araganolje bidrar til \u00e5 redusere rynker og virker mykgj\u00f8rende p\u00e5 huden. Til strekkmerker og bedrer hudens elastisitet. Oljen kan ogs\u00e5 brukes som massasjeolje, h\u00e5rpleie til slitte og t\u00f8rre tupper, og egner seg godt for alle hudtyper F\u00e5s med eteriske oljer eller uten duft kr 239\/219,- 100ml.<\/p>\n<p><strong>Reine Sheasm\u00f8r<\/strong><\/p>\n<p>Uraffinert \u00f8kologisk sheasm\u00f8r, Fairtrade. N\u00f8tteaktig lukt. F\u00e5s i glass 50g. R\u00e5 sheasm\u00f8r har mange bruksomr\u00e5der og kan brukes som kuldekrem, gi lindring mot s\u00e5r hud, mot aldringstegn og er lett betennelseshemmende. Sheasm\u00f8r er et fast fettstoff som kjem fr\u00e5 n\u00f8tta p\u00e5 sheapalmen. Det smeltar ved kroppstemperatur.<\/p>\n","protected":false},"excerpt":{"rendered":"<p>Reine s\u00f8tskrubb med \u00f8kologiske oljer S\u00f8tskrubb med \u00f8kologisk mandelolje og jojobaolje. Fjerner d\u00f8de hudceller og etterlater huden glatt og myk. E-vitaminoljen pleier [&hellip;]<\/p>\n","protected":false},"featured_media":9324,"comment_status":"open","ping_status":"closed","template":"","meta":{"_acf_changed":false},"product_brand":[],"product_cat":[67,121],"product_tag":[],"class_list":{"0":"post-9321","1":"product","2":"type-product","3":"status-publish","4":"has-post-thumbnail","6":"product_vendor-reine-saper","7":"product_cat-hudpleie","8":"product_cat-saper","10":"first","11":"instock","12":"taxable","13":"shipping-taxable","14":"product-type-external"},"acf":[],"yoast_head":"<!-- This site is optimized with the Yoast SEO plugin v27.1.1 - https:\/\/yoast.com\/product\/yoast-seo-wordpress\/ -->\n<title>Velv\u00e6re - skrubb, saltbad, leppomade, lotion, sheasm\u00f8r &#8226; Norwegian Made<\/title>\n<meta name=\"robots\" content=\"index, follow, max-snippet:-1, max-image-preview:large, max-video-preview:-1\" \/>\n<link rel=\"canonical\" href=\"https:\/\/norwegianmade.no\/en\/produkt\/velvaere-skrubb-saltbad-leppomade-lotion-sheasmor\/\" \/>\n<meta property=\"og:locale\" content=\"en_US\" \/>\n<meta property=\"og:type\" content=\"article\" \/>\n<meta property=\"og:title\" content=\"Velv\u00e6re - skrubb, saltbad, leppomade, lotion, sheasm\u00f8r &#8226; Norwegian Made\" \/>\n<meta property=\"og:description\" content=\"Reine s\u00f8tskrubb med \u00f8kologiske oljer S\u00f8tskrubb med \u00f8kologisk mandelolje og jojobaolje. Fjerner d\u00f8de hudceller og etterlater huden glatt og myk. E-vitaminoljen pleier [&hellip;]\" \/>\n<meta property=\"og:url\" content=\"https:\/\/norwegianmade.no\/en\/produkt\/velvaere-skrubb-saltbad-leppomade-lotion-sheasmor\/\" \/>\n<meta property=\"og:site_name\" content=\"Norwegian Made\" \/>\n<meta property=\"article:modified_time\" content=\"2025-02-12T21:07:02+00:00\" \/>\n<meta property=\"og:image\" content=\"https:\/\/norwegianmade.no\/wp-content\/uploads\/2021\/08\/Velvaere-1612807434322.jpg\" \/>\n\t<meta property=\"og:image:width\" content=\"960\" \/>\n\t<meta property=\"og:image:height\" content=\"1280\" \/>\n\t<meta property=\"og:image:type\" content=\"image\/jpeg\" \/>\n<meta name=\"twitter:card\" content=\"summary_large_image\" \/>\n<meta name=\"twitter:label1\" content=\"Est. reading time\" \/>\n\t<meta name=\"twitter:data1\" content=\"2 minutes\" \/>\n<script type=\"application\/ld+json\" class=\"yoast-schema-graph\">{\"@context\":\"https:\/\/schema.org\",\"@graph\":[{\"@type\":\"WebPage\",\"@id\":\"https:\/\/norwegianmade.no\/en\/produkt\/velvaere-skrubb-saltbad-leppomade-lotion-sheasmor\/\",\"url\":\"https:\/\/norwegianmade.no\/en\/produkt\/velvaere-skrubb-saltbad-leppomade-lotion-sheasmor\/\",\"name\":\"Velv\u00e6re - skrubb, saltbad, leppomade, lotion, sheasm\u00f8r &#8226; Norwegian Made\",\"isPartOf\":{\"@id\":\"https:\/\/norwegianmade.no\/#website\"},\"primaryImageOfPage\":{\"@id\":\"https:\/\/norwegianmade.no\/en\/produkt\/velvaere-skrubb-saltbad-leppomade-lotion-sheasmor\/#primaryimage\"},\"image\":{\"@id\":\"https:\/\/norwegianmade.no\/en\/produkt\/velvaere-skrubb-saltbad-leppomade-lotion-sheasmor\/#primaryimage\"},\"thumbnailUrl\":\"https:\/\/norwegianmade.no\/wp-content\/uploads\/2021\/08\/Velvaere-1612807434322.jpg\",\"datePublished\":\"2021-08-20T12:14:56+00:00\",\"dateModified\":\"2025-02-12T21:07:02+00:00\",\"breadcrumb\":{\"@id\":\"https:\/\/norwegianmade.no\/en\/produkt\/velvaere-skrubb-saltbad-leppomade-lotion-sheasmor\/#breadcrumb\"},\"inLanguage\":\"en-US\",\"potentialAction\":[{\"@type\":\"ReadAction\",\"target\":[\"https:\/\/norwegianmade.no\/en\/produkt\/velvaere-skrubb-saltbad-leppomade-lotion-sheasmor\/\"]}]},{\"@type\":\"ImageObject\",\"inLanguage\":\"en-US\",\"@id\":\"https:\/\/norwegianmade.no\/en\/produkt\/velvaere-skrubb-saltbad-leppomade-lotion-sheasmor\/#primaryimage\",\"url\":\"https:\/\/norwegianmade.no\/wp-content\/uploads\/2021\/08\/Velvaere-1612807434322.jpg\",\"contentUrl\":\"https:\/\/norwegianmade.no\/wp-content\/uploads\/2021\/08\/Velvaere-1612807434322.jpg\",\"width\":960,\"height\":1280},{\"@type\":\"BreadcrumbList\",\"@id\":\"https:\/\/norwegianmade.no\/en\/produkt\/velvaere-skrubb-saltbad-leppomade-lotion-sheasmor\/#breadcrumb\",\"itemListElement\":[{\"@type\":\"ListItem\",\"position\":1,\"name\":\"Hjem\",\"item\":\"https:\/\/norwegianmade.no\/en\/\"},{\"@type\":\"ListItem\",\"position\":2,\"name\":\"Shop\",\"item\":\"https:\/\/norwegianmade.no\/en\/shop\/\"},{\"@type\":\"ListItem\",\"position\":3,\"name\":\"Velv\u00e6re &#8211; skrubb, saltbad, leppomade, lotion, sheasm\u00f8r\"}]},{\"@type\":\"WebSite\",\"@id\":\"https:\/\/norwegianmade.no\/#website\",\"url\":\"https:\/\/norwegianmade.no\/\",\"name\":\"Norwegian Made\",\"description\":\"Norges st\u00f8rste markedsplass for norske produsenter\",\"publisher\":{\"@id\":\"https:\/\/norwegianmade.no\/#organization\"},\"potentialAction\":[{\"@type\":\"SearchAction\",\"target\":{\"@type\":\"EntryPoint\",\"urlTemplate\":\"https:\/\/norwegianmade.no\/?s={search_term_string}\"},\"query-input\":{\"@type\":\"PropertyValueSpecification\",\"valueRequired\":true,\"valueName\":\"search_term_string\"}}],\"inLanguage\":\"en-US\"},{\"@type\":\"Organization\",\"@id\":\"https:\/\/norwegianmade.no\/#organization\",\"name\":\"Norwegian Made\",\"url\":\"https:\/\/norwegianmade.no\/\",\"logo\":{\"@type\":\"ImageObject\",\"inLanguage\":\"en-US\",\"@id\":\"https:\/\/norwegianmade.no\/#\/schema\/logo\/image\/\",\"url\":\"https:\/\/norwegianmade.no\/wp-content\/uploads\/2020\/11\/logo-liggende-norwegian-made-web.png\",\"contentUrl\":\"https:\/\/norwegianmade.no\/wp-content\/uploads\/2020\/11\/logo-liggende-norwegian-made-web.png\",\"width\":200,\"height\":58,\"caption\":\"Norwegian Made\"},\"image\":{\"@id\":\"https:\/\/norwegianmade.no\/#\/schema\/logo\/image\/\"}}]}<\/script>\n<!-- \/ Yoast SEO plugin. -->","yoast_head_json":{"title":"Velv\u00e6re - skrubb, saltbad, leppomade, lotion, sheasm\u00f8r &#8226; Norwegian Made","robots":{"index":"index","follow":"follow","max-snippet":"max-snippet:-1","max-image-preview":"max-image-preview:large","max-video-preview":"max-video-preview:-1"},"canonical":"https:\/\/norwegianmade.no\/en\/produkt\/velvaere-skrubb-saltbad-leppomade-lotion-sheasmor\/","og_locale":"en_US","og_type":"article","og_title":"Velv\u00e6re - skrubb, saltbad, leppomade, lotion, sheasm\u00f8r &#8226; Norwegian Made","og_description":"Reine s\u00f8tskrubb med \u00f8kologiske oljer S\u00f8tskrubb med \u00f8kologisk mandelolje og jojobaolje. Fjerner d\u00f8de hudceller og etterlater huden glatt og myk. E-vitaminoljen pleier [&hellip;]","og_url":"https:\/\/norwegianmade.no\/en\/produkt\/velvaere-skrubb-saltbad-leppomade-lotion-sheasmor\/","og_site_name":"Norwegian Made","article_modified_time":"2025-02-12T21:07:02+00:00","og_image":[{"width":960,"height":1280,"url":"https:\/\/norwegianmade.no\/wp-content\/uploads\/2021\/08\/Velvaere-1612807434322.jpg","type":"image\/jpeg"}],"twitter_card":"summary_large_image","twitter_misc":{"Est. reading time":"2 minutes"},"schema":{"@context":"https:\/\/schema.org","@graph":[{"@type":"WebPage","@id":"https:\/\/norwegianmade.no\/en\/produkt\/velvaere-skrubb-saltbad-leppomade-lotion-sheasmor\/","url":"https:\/\/norwegianmade.no\/en\/produkt\/velvaere-skrubb-saltbad-leppomade-lotion-sheasmor\/","name":"Velv\u00e6re - skrubb, saltbad, leppomade, lotion, sheasm\u00f8r &#8226; Norwegian Made","isPartOf":{"@id":"https:\/\/norwegianmade.no\/#website"},"primaryImageOfPage":{"@id":"https:\/\/norwegianmade.no\/en\/produkt\/velvaere-skrubb-saltbad-leppomade-lotion-sheasmor\/#primaryimage"},"image":{"@id":"https:\/\/norwegianmade.no\/en\/produkt\/velvaere-skrubb-saltbad-leppomade-lotion-sheasmor\/#primaryimage"},"thumbnailUrl":"https:\/\/norwegianmade.no\/wp-content\/uploads\/2021\/08\/Velvaere-1612807434322.jpg","datePublished":"2021-08-20T12:14:56+00:00","dateModified":"2025-02-12T21:07:02+00:00","breadcrumb":{"@id":"https:\/\/norwegianmade.no\/en\/produkt\/velvaere-skrubb-saltbad-leppomade-lotion-sheasmor\/#breadcrumb"},"inLanguage":"en-US","potentialAction":[{"@type":"ReadAction","target":["https:\/\/norwegianmade.no\/en\/produkt\/velvaere-skrubb-saltbad-leppomade-lotion-sheasmor\/"]}]},{"@type":"ImageObject","inLanguage":"en-US","@id":"https:\/\/norwegianmade.no\/en\/produkt\/velvaere-skrubb-saltbad-leppomade-lotion-sheasmor\/#primaryimage","url":"https:\/\/norwegianmade.no\/wp-content\/uploads\/2021\/08\/Velvaere-1612807434322.jpg","contentUrl":"https:\/\/norwegianmade.no\/wp-content\/uploads\/2021\/08\/Velvaere-1612807434322.jpg","width":960,"height":1280},{"@type":"BreadcrumbList","@id":"https:\/\/norwegianmade.no\/en\/produkt\/velvaere-skrubb-saltbad-leppomade-lotion-sheasmor\/#breadcrumb","itemListElement":[{"@type":"ListItem","position":1,"name":"Hjem","item":"https:\/\/norwegianmade.no\/en\/"},{"@type":"ListItem","position":2,"name":"Shop","item":"https:\/\/norwegianmade.no\/en\/shop\/"},{"@type":"ListItem","position":3,"name":"Velv\u00e6re &#8211; skrubb, saltbad, leppomade, lotion, sheasm\u00f8r"}]},{"@type":"WebSite","@id":"https:\/\/norwegianmade.no\/#website","url":"https:\/\/norwegianmade.no\/","name":"Norwegian Made","description":"Norges st\u00f8rste markedsplass for norske produsenter","publisher":{"@id":"https:\/\/norwegianmade.no\/#organization"},"potentialAction":[{"@type":"SearchAction","target":{"@type":"EntryPoint","urlTemplate":"https:\/\/norwegianmade.no\/?s={search_term_string}"},"query-input":{"@type":"PropertyValueSpecification","valueRequired":true,"valueName":"search_term_string"}}],"inLanguage":"en-US"},{"@type":"Organization","@id":"https:\/\/norwegianmade.no\/#organization","name":"Norwegian Made","url":"https:\/\/norwegianmade.no\/","logo":{"@type":"ImageObject","inLanguage":"en-US","@id":"https:\/\/norwegianmade.no\/#\/schema\/logo\/image\/","url":"https:\/\/norwegianmade.no\/wp-content\/uploads\/2020\/11\/logo-liggende-norwegian-made-web.png","contentUrl":"https:\/\/norwegianmade.no\/wp-content\/uploads\/2020\/11\/logo-liggende-norwegian-made-web.png","width":200,"height":58,"caption":"Norwegian Made"},"image":{"@id":"https:\/\/norwegianmade.no\/#\/schema\/logo\/image\/"}}]}},"_links":{"self":[{"href":"https:\/\/norwegianmade.no\/en\/wp-json\/wp\/v2\/product\/9321","targetHints":{"allow":["GET"]}}],"collection":[{"href":"https:\/\/norwegianmade.no\/en\/wp-json\/wp\/v2\/product"}],"about":[{"href":"https:\/\/norwegianmade.no\/en\/wp-json\/wp\/v2\/types\/product"}],"replies":[{"embeddable":true,"href":"https:\/\/norwegianmade.no\/en\/wp-json\/wp\/v2\/comments?post=9321"}],"wp:featuredmedia":[{"embeddable":true,"href":"https:\/\/norwegianmade.no\/en\/wp-json\/wp\/v2\/media\/9324"}],"wp:attachment":[{"href":"https:\/\/norwegianmade.no\/en\/wp-json\/wp\/v2\/media?parent=9321"}],"wp:term":[{"taxonomy":"product_brand","embeddable":true,"href":"https:\/\/norwegianmade.no\/en\/wp-json\/wp\/v2\/product_brand?post=9321"},{"taxonomy":"product_cat","embeddable":true,"href":"https:\/\/norwegianmade.no\/en\/wp-json\/wp\/v2\/product_cat?post=9321"},{"taxonomy":"product_tag","embeddable":true,"href":"https:\/\/norwegianmade.no\/en\/wp-json\/wp\/v2\/product_tag?post=9321"}],"curies":[{"name":"wp","href":"https:\/\/api.w.org\/{rel}","templated":true}]}}