{"id":9330,"date":"2021-08-20T14:21:24","date_gmt":"2021-08-20T12:21:24","guid":{"rendered":"https:\/\/norwegianmade.no\/?post_type=product&#038;p=9330"},"modified":"2024-10-26T15:08:38","modified_gmt":"2024-10-26T13:08:38","slug":"miljovennlige-og-naturlige-vaskenotter","status":"publish","type":"product","link":"https:\/\/norwegianmade.no\/en\/produkt\/miljovennlige-og-naturlige-vaskenotter\/","title":{"rendered":"Milj\u00f8vennlige og naturlige vasken\u00f8tter"},"content":{"rendered":"<p>Vasken\u00f8tter er et naturlig og milj\u00f8vennlig vaskemiddel til klesvask. N\u00f8ttene inneholder stoffet saponin som virker p\u00e5 samme m\u00e5te som vanlig s\u00e5pe. Vasken\u00f8ttene er sk\u00e5nsomme mot alle tekstiler, inkludert ull og silke og mykner t\u00f8yet naturlig.<\/p>\n<p>N\u00f8ttene legges i en t\u00f8ypose som lukkes og bl\u00f8tgj\u00f8res et par minutter f\u00f8r bruk. Vi legger ved en bruksanvisning sammen med vasken\u00f8ttene.<\/p>\n<p>Leveres i papirpose, b\u00f8r oppbevares i lufttett beholder.<\/p>\n","protected":false},"excerpt":{"rendered":"<p>Vasken\u00f8tter er et naturlig og milj\u00f8vennlig vaskemiddel til klesvask. N\u00f8ttene inneholder stoffet saponin som virker p\u00e5 samme m\u00e5te som vanlig s\u00e5pe. Vasken\u00f8ttene [&hellip;]<\/p>\n","protected":false},"featured_media":9331,"comment_status":"open","ping_status":"closed","template":"","meta":{"_acf_changed":false},"product_brand":[],"product_cat":[124],"product_tag":[],"class_list":{"0":"post-9330","1":"product","2":"type-product","3":"status-publish","4":"has-post-thumbnail","6":"product_vendor-reine-saper","7":"product_cat-annet","9":"first","10":"instock","11":"taxable","12":"shipping-taxable","13":"product-type-external"},"acf":[],"yoast_head":"<!-- This site is optimized with the Yoast SEO plugin v27.1.1 - https:\/\/yoast.com\/product\/yoast-seo-wordpress\/ -->\n<title>Milj\u00f8vennlige og naturlige vasken\u00f8tter &#8226; Norwegian Made<\/title>\n<meta name=\"robots\" content=\"index, follow, max-snippet:-1, max-image-preview:large, max-video-preview:-1\" \/>\n<link rel=\"canonical\" href=\"https:\/\/norwegianmade.no\/en\/produkt\/miljovennlige-og-naturlige-vaskenotter\/\" \/>\n<meta property=\"og:locale\" content=\"en_US\" \/>\n<meta property=\"og:type\" content=\"article\" \/>\n<meta property=\"og:title\" content=\"Milj\u00f8vennlige og naturlige vasken\u00f8tter &#8226; Norwegian Made\" \/>\n<meta property=\"og:description\" content=\"Vasken\u00f8tter er et naturlig og milj\u00f8vennlig vaskemiddel til klesvask. N\u00f8ttene inneholder stoffet saponin som virker p\u00e5 samme m\u00e5te som vanlig s\u00e5pe. Vasken\u00f8ttene [&hellip;]\" \/>\n<meta property=\"og:url\" content=\"https:\/\/norwegianmade.no\/en\/produkt\/miljovennlige-og-naturlige-vaskenotter\/\" \/>\n<meta property=\"og:site_name\" content=\"Norwegian Made\" \/>\n<meta property=\"article:modified_time\" content=\"2024-10-26T13:08:38+00:00\" \/>\n<meta property=\"og:image\" content=\"https:\/\/norwegianmade.no\/wp-content\/uploads\/2021\/08\/Vaskenotter-1586552708573.jpg\" \/>\n\t<meta property=\"og:image:width\" content=\"960\" \/>\n\t<meta property=\"og:image:height\" content=\"960\" \/>\n\t<meta property=\"og:image:type\" content=\"image\/jpeg\" \/>\n<meta name=\"twitter:card\" content=\"summary_large_image\" \/>\n<script type=\"application\/ld+json\" class=\"yoast-schema-graph\">{\"@context\":\"https:\/\/schema.org\",\"@graph\":[{\"@type\":\"WebPage\",\"@id\":\"https:\/\/norwegianmade.no\/en\/produkt\/miljovennlige-og-naturlige-vaskenotter\/\",\"url\":\"https:\/\/norwegianmade.no\/en\/produkt\/miljovennlige-og-naturlige-vaskenotter\/\",\"name\":\"Milj\u00f8vennlige og naturlige vasken\u00f8tter &#8226; Norwegian Made\",\"isPartOf\":{\"@id\":\"https:\/\/norwegianmade.no\/#website\"},\"primaryImageOfPage\":{\"@id\":\"https:\/\/norwegianmade.no\/en\/produkt\/miljovennlige-og-naturlige-vaskenotter\/#primaryimage\"},\"image\":{\"@id\":\"https:\/\/norwegianmade.no\/en\/produkt\/miljovennlige-og-naturlige-vaskenotter\/#primaryimage\"},\"thumbnailUrl\":\"https:\/\/norwegianmade.no\/wp-content\/uploads\/2021\/08\/Vaskenotter-1586552708573.jpg\",\"datePublished\":\"2021-08-20T12:21:24+00:00\",\"dateModified\":\"2024-10-26T13:08:38+00:00\",\"breadcrumb\":{\"@id\":\"https:\/\/norwegianmade.no\/en\/produkt\/miljovennlige-og-naturlige-vaskenotter\/#breadcrumb\"},\"inLanguage\":\"en-US\",\"potentialAction\":[{\"@type\":\"ReadAction\",\"target\":[\"https:\/\/norwegianmade.no\/en\/produkt\/miljovennlige-og-naturlige-vaskenotter\/\"]}]},{\"@type\":\"ImageObject\",\"inLanguage\":\"en-US\",\"@id\":\"https:\/\/norwegianmade.no\/en\/produkt\/miljovennlige-og-naturlige-vaskenotter\/#primaryimage\",\"url\":\"https:\/\/norwegianmade.no\/wp-content\/uploads\/2021\/08\/Vaskenotter-1586552708573.jpg\",\"contentUrl\":\"https:\/\/norwegianmade.no\/wp-content\/uploads\/2021\/08\/Vaskenotter-1586552708573.jpg\",\"width\":960,\"height\":960},{\"@type\":\"BreadcrumbList\",\"@id\":\"https:\/\/norwegianmade.no\/en\/produkt\/miljovennlige-og-naturlige-vaskenotter\/#breadcrumb\",\"itemListElement\":[{\"@type\":\"ListItem\",\"position\":1,\"name\":\"Hjem\",\"item\":\"https:\/\/norwegianmade.no\/en\/\"},{\"@type\":\"ListItem\",\"position\":2,\"name\":\"Shop\",\"item\":\"https:\/\/norwegianmade.no\/en\/shop\/\"},{\"@type\":\"ListItem\",\"position\":3,\"name\":\"Milj\u00f8vennlige og naturlige vasken\u00f8tter\"}]},{\"@type\":\"WebSite\",\"@id\":\"https:\/\/norwegianmade.no\/#website\",\"url\":\"https:\/\/norwegianmade.no\/\",\"name\":\"Norwegian Made\",\"description\":\"Norges st\u00f8rste markedsplass for norske produsenter\",\"publisher\":{\"@id\":\"https:\/\/norwegianmade.no\/#organization\"},\"potentialAction\":[{\"@type\":\"SearchAction\",\"target\":{\"@type\":\"EntryPoint\",\"urlTemplate\":\"https:\/\/norwegianmade.no\/?s={search_term_string}\"},\"query-input\":{\"@type\":\"PropertyValueSpecification\",\"valueRequired\":true,\"valueName\":\"search_term_string\"}}],\"inLanguage\":\"en-US\"},{\"@type\":\"Organization\",\"@id\":\"https:\/\/norwegianmade.no\/#organization\",\"name\":\"Norwegian Made\",\"url\":\"https:\/\/norwegianmade.no\/\",\"logo\":{\"@type\":\"ImageObject\",\"inLanguage\":\"en-US\",\"@id\":\"https:\/\/norwegianmade.no\/#\/schema\/logo\/image\/\",\"url\":\"https:\/\/norwegianmade.no\/wp-content\/uploads\/2020\/11\/logo-liggende-norwegian-made-web.png\",\"contentUrl\":\"https:\/\/norwegianmade.no\/wp-content\/uploads\/2020\/11\/logo-liggende-norwegian-made-web.png\",\"width\":200,\"height\":58,\"caption\":\"Norwegian Made\"},\"image\":{\"@id\":\"https:\/\/norwegianmade.no\/#\/schema\/logo\/image\/\"}}]}<\/script>\n<!-- \/ Yoast SEO plugin. -->","yoast_head_json":{"title":"Milj\u00f8vennlige og naturlige vasken\u00f8tter &#8226; Norwegian Made","robots":{"index":"index","follow":"follow","max-snippet":"max-snippet:-1","max-image-preview":"max-image-preview:large","max-video-preview":"max-video-preview:-1"},"canonical":"https:\/\/norwegianmade.no\/en\/produkt\/miljovennlige-og-naturlige-vaskenotter\/","og_locale":"en_US","og_type":"article","og_title":"Milj\u00f8vennlige og naturlige vasken\u00f8tter &#8226; Norwegian Made","og_description":"Vasken\u00f8tter er et naturlig og milj\u00f8vennlig vaskemiddel til klesvask. N\u00f8ttene inneholder stoffet saponin som virker p\u00e5 samme m\u00e5te som vanlig s\u00e5pe. Vasken\u00f8ttene [&hellip;]","og_url":"https:\/\/norwegianmade.no\/en\/produkt\/miljovennlige-og-naturlige-vaskenotter\/","og_site_name":"Norwegian Made","article_modified_time":"2024-10-26T13:08:38+00:00","og_image":[{"width":960,"height":960,"url":"https:\/\/norwegianmade.no\/wp-content\/uploads\/2021\/08\/Vaskenotter-1586552708573.jpg","type":"image\/jpeg"}],"twitter_card":"summary_large_image","schema":{"@context":"https:\/\/schema.org","@graph":[{"@type":"WebPage","@id":"https:\/\/norwegianmade.no\/en\/produkt\/miljovennlige-og-naturlige-vaskenotter\/","url":"https:\/\/norwegianmade.no\/en\/produkt\/miljovennlige-og-naturlige-vaskenotter\/","name":"Milj\u00f8vennlige og naturlige vasken\u00f8tter &#8226; Norwegian Made","isPartOf":{"@id":"https:\/\/norwegianmade.no\/#website"},"primaryImageOfPage":{"@id":"https:\/\/norwegianmade.no\/en\/produkt\/miljovennlige-og-naturlige-vaskenotter\/#primaryimage"},"image":{"@id":"https:\/\/norwegianmade.no\/en\/produkt\/miljovennlige-og-naturlige-vaskenotter\/#primaryimage"},"thumbnailUrl":"https:\/\/norwegianmade.no\/wp-content\/uploads\/2021\/08\/Vaskenotter-1586552708573.jpg","datePublished":"2021-08-20T12:21:24+00:00","dateModified":"2024-10-26T13:08:38+00:00","breadcrumb":{"@id":"https:\/\/norwegianmade.no\/en\/produkt\/miljovennlige-og-naturlige-vaskenotter\/#breadcrumb"},"inLanguage":"en-US","potentialAction":[{"@type":"ReadAction","target":["https:\/\/norwegianmade.no\/en\/produkt\/miljovennlige-og-naturlige-vaskenotter\/"]}]},{"@type":"ImageObject","inLanguage":"en-US","@id":"https:\/\/norwegianmade.no\/en\/produkt\/miljovennlige-og-naturlige-vaskenotter\/#primaryimage","url":"https:\/\/norwegianmade.no\/wp-content\/uploads\/2021\/08\/Vaskenotter-1586552708573.jpg","contentUrl":"https:\/\/norwegianmade.no\/wp-content\/uploads\/2021\/08\/Vaskenotter-1586552708573.jpg","width":960,"height":960},{"@type":"BreadcrumbList","@id":"https:\/\/norwegianmade.no\/en\/produkt\/miljovennlige-og-naturlige-vaskenotter\/#breadcrumb","itemListElement":[{"@type":"ListItem","position":1,"name":"Hjem","item":"https:\/\/norwegianmade.no\/en\/"},{"@type":"ListItem","position":2,"name":"Shop","item":"https:\/\/norwegianmade.no\/en\/shop\/"},{"@type":"ListItem","position":3,"name":"Milj\u00f8vennlige og naturlige vasken\u00f8tter"}]},{"@type":"WebSite","@id":"https:\/\/norwegianmade.no\/#website","url":"https:\/\/norwegianmade.no\/","name":"Norwegian Made","description":"Norges st\u00f8rste markedsplass for norske produsenter","publisher":{"@id":"https:\/\/norwegianmade.no\/#organization"},"potentialAction":[{"@type":"SearchAction","target":{"@type":"EntryPoint","urlTemplate":"https:\/\/norwegianmade.no\/?s={search_term_string}"},"query-input":{"@type":"PropertyValueSpecification","valueRequired":true,"valueName":"search_term_string"}}],"inLanguage":"en-US"},{"@type":"Organization","@id":"https:\/\/norwegianmade.no\/#organization","name":"Norwegian Made","url":"https:\/\/norwegianmade.no\/","logo":{"@type":"ImageObject","inLanguage":"en-US","@id":"https:\/\/norwegianmade.no\/#\/schema\/logo\/image\/","url":"https:\/\/norwegianmade.no\/wp-content\/uploads\/2020\/11\/logo-liggende-norwegian-made-web.png","contentUrl":"https:\/\/norwegianmade.no\/wp-content\/uploads\/2020\/11\/logo-liggende-norwegian-made-web.png","width":200,"height":58,"caption":"Norwegian Made"},"image":{"@id":"https:\/\/norwegianmade.no\/#\/schema\/logo\/image\/"}}]}},"_links":{"self":[{"href":"https:\/\/norwegianmade.no\/en\/wp-json\/wp\/v2\/product\/9330","targetHints":{"allow":["GET"]}}],"collection":[{"href":"https:\/\/norwegianmade.no\/en\/wp-json\/wp\/v2\/product"}],"about":[{"href":"https:\/\/norwegianmade.no\/en\/wp-json\/wp\/v2\/types\/product"}],"replies":[{"embeddable":true,"href":"https:\/\/norwegianmade.no\/en\/wp-json\/wp\/v2\/comments?post=9330"}],"wp:featuredmedia":[{"embeddable":true,"href":"https:\/\/norwegianmade.no\/en\/wp-json\/wp\/v2\/media\/9331"}],"wp:attachment":[{"href":"https:\/\/norwegianmade.no\/en\/wp-json\/wp\/v2\/media?parent=9330"}],"wp:term":[{"taxonomy":"product_brand","embeddable":true,"href":"https:\/\/norwegianmade.no\/en\/wp-json\/wp\/v2\/product_brand?post=9330"},{"taxonomy":"product_cat","embeddable":true,"href":"https:\/\/norwegianmade.no\/en\/wp-json\/wp\/v2\/product_cat?post=9330"},{"taxonomy":"product_tag","embeddable":true,"href":"https:\/\/norwegianmade.no\/en\/wp-json\/wp\/v2\/product_tag?post=9330"}],"curies":[{"name":"wp","href":"https:\/\/api.w.org\/{rel}","templated":true}]}}