{"id":9336,"date":"2021-08-20T14:25:18","date_gmt":"2021-08-20T12:25:18","guid":{"rendered":"https:\/\/norwegianmade.no\/?post_type=product&#038;p=9336"},"modified":"2026-02-11T17:45:43","modified_gmt":"2026-02-11T16:45:43","slug":"lag-ditt-eget-bivokspapir-diy-kit","status":"publish","type":"product","link":"https:\/\/norwegianmade.no\/en\/produkt\/lag-ditt-eget-bivokspapir-diy-kit\/","title":{"rendered":"Lag ditt eget bivokspapir\/DIY-kit"},"content":{"rendered":"<div class=\"ws-clamp-text-container\">\n<div>\n<p>Lag ditt eget bivokspapir\/DIY-kit<\/p>\n<p>I dette DIY-kittet f\u00e5r du nesten alt du trenger for \u00e5 lage dine helt, egne bivoksark.For deg som liker \u00e5 lage egne produkter til deg selv eller som gave. Her f\u00e5r du nok til ca 9 medium store bivokspapir (20&#215;20 cm) eller 6 store bivoksark (30&#215;30 cm)<\/p>\n<p>DIY-settet inkluderer 100 gram bivoks, 100 gram furuharpiks og en brosjyre med tips og triks. Det eneste du trenger selv er t\u00f8ystoff (helst bomull) og Jojobaolje eller olivenolje i tillegg til utstyr som: glassbolle, r\u00f8repinne, pensel, bakepapir, strykejern.<\/p>\n<p>Ikke bruk bivoksark til r\u00e5 fisk eller kj\u00f8tt og unng\u00e5 all kontakt med varmen, inkludert mikrob\u00f8lger og ovner.<\/p>\n<\/div>\n<\/div>\n","protected":false},"excerpt":{"rendered":"<p>Lag ditt eget bivokspapir\/DIY-kit I dette DIY-kittet f\u00e5r du nesten alt du trenger for \u00e5 lage dine helt, egne bivoksark.For deg som [&hellip;]<\/p>\n","protected":false},"featured_media":9337,"comment_status":"open","ping_status":"closed","template":"","meta":{"_acf_changed":false},"product_brand":[],"product_cat":[67,121],"product_tag":[],"class_list":{"0":"post-9336","1":"product","2":"type-product","3":"status-publish","4":"has-post-thumbnail","6":"product_vendor-reine-saper","7":"product_cat-hudpleie","8":"product_cat-saper","10":"first","11":"instock","12":"taxable","13":"shipping-taxable","14":"product-type-external"},"acf":[],"yoast_head":"<!-- This site is optimized with the Yoast SEO plugin v27.5 - https:\/\/yoast.com\/product\/yoast-seo-wordpress\/ -->\n<title>Lag ditt eget bivokspapir\/DIY-kit &#8226; Norwegian Made<\/title>\n<meta name=\"robots\" content=\"index, follow, max-snippet:-1, max-image-preview:large, max-video-preview:-1\" \/>\n<link rel=\"canonical\" href=\"https:\/\/norwegianmade.no\/produkt\/lag-ditt-eget-bivokspapir-diy-kit\/\" \/>\n<meta property=\"og:locale\" content=\"en_US\" \/>\n<meta property=\"og:type\" content=\"article\" \/>\n<meta property=\"og:title\" content=\"Lag ditt eget bivokspapir\/DIY-kit &#8226; Norwegian Made\" \/>\n<meta property=\"og:description\" content=\"Lag ditt eget bivokspapir\/DIY-kit I dette DIY-kittet f\u00e5r du nesten alt du trenger for \u00e5 lage dine helt, egne bivoksark.For deg som [&hellip;]\" \/>\n<meta property=\"og:url\" content=\"https:\/\/norwegianmade.no\/produkt\/lag-ditt-eget-bivokspapir-diy-kit\/\" \/>\n<meta property=\"og:site_name\" content=\"Norwegian Made\" \/>\n<meta property=\"article:modified_time\" content=\"2026-02-11T16:45:43+00:00\" \/>\n<meta property=\"og:image\" content=\"https:\/\/norwegianmade.no\/wp-content\/uploads\/2021\/08\/IMG_2894-1607004225212.jpg\" \/>\n\t<meta property=\"og:image:width\" content=\"960\" \/>\n\t<meta property=\"og:image:height\" content=\"1280\" \/>\n\t<meta property=\"og:image:type\" content=\"image\/jpeg\" \/>\n<meta name=\"twitter:card\" content=\"summary_large_image\" \/>\n<meta name=\"twitter:label1\" content=\"Est. reading time\" \/>\n\t<meta name=\"twitter:data1\" content=\"1 minute\" \/>\n<script type=\"application\/ld+json\" class=\"yoast-schema-graph\">{\"@context\":\"https:\\\/\\\/schema.org\",\"@graph\":[{\"@type\":\"WebPage\",\"@id\":\"https:\\\/\\\/norwegianmade.no\\\/produkt\\\/lag-ditt-eget-bivokspapir-diy-kit\\\/\",\"url\":\"https:\\\/\\\/norwegianmade.no\\\/produkt\\\/lag-ditt-eget-bivokspapir-diy-kit\\\/\",\"name\":\"Lag ditt eget bivokspapir\\\/DIY-kit &#8226; Norwegian Made\",\"isPartOf\":{\"@id\":\"https:\\\/\\\/norwegianmade.no\\\/#website\"},\"primaryImageOfPage\":{\"@id\":\"https:\\\/\\\/norwegianmade.no\\\/produkt\\\/lag-ditt-eget-bivokspapir-diy-kit\\\/#primaryimage\"},\"image\":{\"@id\":\"https:\\\/\\\/norwegianmade.no\\\/produkt\\\/lag-ditt-eget-bivokspapir-diy-kit\\\/#primaryimage\"},\"thumbnailUrl\":\"https:\\\/\\\/norwegianmade.no\\\/wp-content\\\/uploads\\\/2021\\\/08\\\/IMG_2894-1607004225212.jpg\",\"datePublished\":\"2021-08-20T12:25:18+00:00\",\"dateModified\":\"2026-02-11T16:45:43+00:00\",\"breadcrumb\":{\"@id\":\"https:\\\/\\\/norwegianmade.no\\\/produkt\\\/lag-ditt-eget-bivokspapir-diy-kit\\\/#breadcrumb\"},\"inLanguage\":\"en-US\",\"potentialAction\":[{\"@type\":\"ReadAction\",\"target\":[\"https:\\\/\\\/norwegianmade.no\\\/produkt\\\/lag-ditt-eget-bivokspapir-diy-kit\\\/\"]}]},{\"@type\":\"ImageObject\",\"inLanguage\":\"en-US\",\"@id\":\"https:\\\/\\\/norwegianmade.no\\\/produkt\\\/lag-ditt-eget-bivokspapir-diy-kit\\\/#primaryimage\",\"url\":\"https:\\\/\\\/norwegianmade.no\\\/wp-content\\\/uploads\\\/2021\\\/08\\\/IMG_2894-1607004225212.jpg\",\"contentUrl\":\"https:\\\/\\\/norwegianmade.no\\\/wp-content\\\/uploads\\\/2021\\\/08\\\/IMG_2894-1607004225212.jpg\",\"width\":960,\"height\":1280},{\"@type\":\"BreadcrumbList\",\"@id\":\"https:\\\/\\\/norwegianmade.no\\\/produkt\\\/lag-ditt-eget-bivokspapir-diy-kit\\\/#breadcrumb\",\"itemListElement\":[{\"@type\":\"ListItem\",\"position\":1,\"name\":\"Hjem\",\"item\":\"https:\\\/\\\/norwegianmade.no\\\/en\\\/\"},{\"@type\":\"ListItem\",\"position\":2,\"name\":\"Shop\",\"item\":\"https:\\\/\\\/norwegianmade.no\\\/en\\\/shop\\\/\"},{\"@type\":\"ListItem\",\"position\":3,\"name\":\"Lag ditt eget bivokspapir\\\/DIY-kit\"}]},{\"@type\":\"WebSite\",\"@id\":\"https:\\\/\\\/norwegianmade.no\\\/#website\",\"url\":\"https:\\\/\\\/norwegianmade.no\\\/\",\"name\":\"Norwegian Made\",\"description\":\"Norges st\u00f8rste markedsplass for norske produsenter\",\"publisher\":{\"@id\":\"https:\\\/\\\/norwegianmade.no\\\/#organization\"},\"potentialAction\":[{\"@type\":\"SearchAction\",\"target\":{\"@type\":\"EntryPoint\",\"urlTemplate\":\"https:\\\/\\\/norwegianmade.no\\\/?s={search_term_string}\"},\"query-input\":{\"@type\":\"PropertyValueSpecification\",\"valueRequired\":true,\"valueName\":\"search_term_string\"}}],\"inLanguage\":\"en-US\"},{\"@type\":\"Organization\",\"@id\":\"https:\\\/\\\/norwegianmade.no\\\/#organization\",\"name\":\"Norwegian Made\",\"url\":\"https:\\\/\\\/norwegianmade.no\\\/\",\"logo\":{\"@type\":\"ImageObject\",\"inLanguage\":\"en-US\",\"@id\":\"https:\\\/\\\/norwegianmade.no\\\/#\\\/schema\\\/logo\\\/image\\\/\",\"url\":\"https:\\\/\\\/norwegianmade.no\\\/wp-content\\\/uploads\\\/2020\\\/11\\\/logo-liggende-norwegian-made-web.png\",\"contentUrl\":\"https:\\\/\\\/norwegianmade.no\\\/wp-content\\\/uploads\\\/2020\\\/11\\\/logo-liggende-norwegian-made-web.png\",\"width\":200,\"height\":58,\"caption\":\"Norwegian Made\"},\"image\":{\"@id\":\"https:\\\/\\\/norwegianmade.no\\\/#\\\/schema\\\/logo\\\/image\\\/\"}}]}<\/script>\n<!-- \/ Yoast SEO plugin. -->","yoast_head_json":{"title":"Lag ditt eget bivokspapir\/DIY-kit &#8226; Norwegian Made","robots":{"index":"index","follow":"follow","max-snippet":"max-snippet:-1","max-image-preview":"max-image-preview:large","max-video-preview":"max-video-preview:-1"},"canonical":"https:\/\/norwegianmade.no\/produkt\/lag-ditt-eget-bivokspapir-diy-kit\/","og_locale":"en_US","og_type":"article","og_title":"Lag ditt eget bivokspapir\/DIY-kit &#8226; Norwegian Made","og_description":"Lag ditt eget bivokspapir\/DIY-kit I dette DIY-kittet f\u00e5r du nesten alt du trenger for \u00e5 lage dine helt, egne bivoksark.For deg som [&hellip;]","og_url":"https:\/\/norwegianmade.no\/produkt\/lag-ditt-eget-bivokspapir-diy-kit\/","og_site_name":"Norwegian Made","article_modified_time":"2026-02-11T16:45:43+00:00","og_image":[{"width":960,"height":1280,"url":"https:\/\/norwegianmade.no\/wp-content\/uploads\/2021\/08\/IMG_2894-1607004225212.jpg","type":"image\/jpeg"}],"twitter_card":"summary_large_image","twitter_misc":{"Est. reading time":"1 minute"},"schema":{"@context":"https:\/\/schema.org","@graph":[{"@type":"WebPage","@id":"https:\/\/norwegianmade.no\/produkt\/lag-ditt-eget-bivokspapir-diy-kit\/","url":"https:\/\/norwegianmade.no\/produkt\/lag-ditt-eget-bivokspapir-diy-kit\/","name":"Lag ditt eget bivokspapir\/DIY-kit &#8226; Norwegian Made","isPartOf":{"@id":"https:\/\/norwegianmade.no\/#website"},"primaryImageOfPage":{"@id":"https:\/\/norwegianmade.no\/produkt\/lag-ditt-eget-bivokspapir-diy-kit\/#primaryimage"},"image":{"@id":"https:\/\/norwegianmade.no\/produkt\/lag-ditt-eget-bivokspapir-diy-kit\/#primaryimage"},"thumbnailUrl":"https:\/\/norwegianmade.no\/wp-content\/uploads\/2021\/08\/IMG_2894-1607004225212.jpg","datePublished":"2021-08-20T12:25:18+00:00","dateModified":"2026-02-11T16:45:43+00:00","breadcrumb":{"@id":"https:\/\/norwegianmade.no\/produkt\/lag-ditt-eget-bivokspapir-diy-kit\/#breadcrumb"},"inLanguage":"en-US","potentialAction":[{"@type":"ReadAction","target":["https:\/\/norwegianmade.no\/produkt\/lag-ditt-eget-bivokspapir-diy-kit\/"]}]},{"@type":"ImageObject","inLanguage":"en-US","@id":"https:\/\/norwegianmade.no\/produkt\/lag-ditt-eget-bivokspapir-diy-kit\/#primaryimage","url":"https:\/\/norwegianmade.no\/wp-content\/uploads\/2021\/08\/IMG_2894-1607004225212.jpg","contentUrl":"https:\/\/norwegianmade.no\/wp-content\/uploads\/2021\/08\/IMG_2894-1607004225212.jpg","width":960,"height":1280},{"@type":"BreadcrumbList","@id":"https:\/\/norwegianmade.no\/produkt\/lag-ditt-eget-bivokspapir-diy-kit\/#breadcrumb","itemListElement":[{"@type":"ListItem","position":1,"name":"Hjem","item":"https:\/\/norwegianmade.no\/en\/"},{"@type":"ListItem","position":2,"name":"Shop","item":"https:\/\/norwegianmade.no\/en\/shop\/"},{"@type":"ListItem","position":3,"name":"Lag ditt eget bivokspapir\/DIY-kit"}]},{"@type":"WebSite","@id":"https:\/\/norwegianmade.no\/#website","url":"https:\/\/norwegianmade.no\/","name":"Norwegian Made","description":"Norges st\u00f8rste markedsplass for norske produsenter","publisher":{"@id":"https:\/\/norwegianmade.no\/#organization"},"potentialAction":[{"@type":"SearchAction","target":{"@type":"EntryPoint","urlTemplate":"https:\/\/norwegianmade.no\/?s={search_term_string}"},"query-input":{"@type":"PropertyValueSpecification","valueRequired":true,"valueName":"search_term_string"}}],"inLanguage":"en-US"},{"@type":"Organization","@id":"https:\/\/norwegianmade.no\/#organization","name":"Norwegian Made","url":"https:\/\/norwegianmade.no\/","logo":{"@type":"ImageObject","inLanguage":"en-US","@id":"https:\/\/norwegianmade.no\/#\/schema\/logo\/image\/","url":"https:\/\/norwegianmade.no\/wp-content\/uploads\/2020\/11\/logo-liggende-norwegian-made-web.png","contentUrl":"https:\/\/norwegianmade.no\/wp-content\/uploads\/2020\/11\/logo-liggende-norwegian-made-web.png","width":200,"height":58,"caption":"Norwegian Made"},"image":{"@id":"https:\/\/norwegianmade.no\/#\/schema\/logo\/image\/"}}]}},"_links":{"self":[{"href":"https:\/\/norwegianmade.no\/en\/wp-json\/wp\/v2\/product\/9336","targetHints":{"allow":["GET"]}}],"collection":[{"href":"https:\/\/norwegianmade.no\/en\/wp-json\/wp\/v2\/product"}],"about":[{"href":"https:\/\/norwegianmade.no\/en\/wp-json\/wp\/v2\/types\/product"}],"replies":[{"embeddable":true,"href":"https:\/\/norwegianmade.no\/en\/wp-json\/wp\/v2\/comments?post=9336"}],"wp:featuredmedia":[{"embeddable":true,"href":"https:\/\/norwegianmade.no\/en\/wp-json\/wp\/v2\/media\/9337"}],"wp:attachment":[{"href":"https:\/\/norwegianmade.no\/en\/wp-json\/wp\/v2\/media?parent=9336"}],"wp:term":[{"taxonomy":"product_brand","embeddable":true,"href":"https:\/\/norwegianmade.no\/en\/wp-json\/wp\/v2\/product_brand?post=9336"},{"taxonomy":"product_cat","embeddable":true,"href":"https:\/\/norwegianmade.no\/en\/wp-json\/wp\/v2\/product_cat?post=9336"},{"taxonomy":"product_tag","embeddable":true,"href":"https:\/\/norwegianmade.no\/en\/wp-json\/wp\/v2\/product_tag?post=9336"}],"curies":[{"name":"wp","href":"https:\/\/api.w.org\/{rel}","templated":true}]}}