{"id":9339,"date":"2021-08-20T14:26:58","date_gmt":"2021-08-20T12:26:58","guid":{"rendered":"https:\/\/norwegianmade.no\/?post_type=product&#038;p=9339"},"modified":"2025-09-21T04:18:57","modified_gmt":"2025-09-21T02:18:57","slug":"solronna-mild-kroppssape-m-hamp-ringblomst-sitron-og-bergamotolje","status":"publish","type":"product","link":"https:\/\/norwegianmade.no\/en\/produkt\/solronna-mild-kroppssape-m-hamp-ringblomst-sitron-og-bergamotolje\/","title":{"rendered":"Solr\u00f8nna &#8211; Mild kroppss\u00e5pe m\/hamp. Ringblomst. sitron og bergamotolje"},"content":{"rendered":"<div class=\"ws-clamp-text-container\">\n<div>\n<p>Naturlig og vegansk s\u00e5pestykke med \u00f8kologiske oljer h\u00e5ndlaget i Nord-Norge. Mild og pleiende s\u00e5pestykke for hele kroppen med naturlig duft av sitron og bergamot. Fairtrade sheasm\u00f8r og oljeuttrekk av ringblomst n\u00e6rer og pleier s\u00e5r hud.<\/p>\n<p>Hvert s\u00e5pestykke er h\u00e5ndlaget og m\u00f8nstrene vil variere. Etter bruk henges s\u00e5pestykket opp til t\u00f8rk for lengre varighet. Reine S\u00e5per bruker lokale r\u00e5varer og resirkulerbar emballasje.<\/p>\n<p>Reine S\u00e5per anvender kun ekte eteriske oljer som gir en naturlig duft.<\/p>\n<p>H\u00e5ndlaget med omtanke, fra en r\u00e5 nordnorsk natur til deg.<\/p>\n<p>INGREDIENTS: Sodium Olivate (Fors\u00e5pet olivenolje), Aqua (Vann), Sodium Cocoate (Fors\u00e5pet \u00f8kologisk kokosolje), Glycerin, Sodium Ricinoleate (Fors\u00e5pet \u00f8kologisk ricinusolje), Sodium Shea Butterate (Fors\u00e5pet \u00f8kologisk sheasm\u00f8r), Olea Europaea Fruit Oil (\u00d8kologisk olivenolje), Citrus Limon Peel Oil (Sitronolje), Citrus Bergamia Peel Oil Expressed (Bergamotolje), Cocos Nucifera Oil (\u00d8kologisk kokosolje), Calendula Officinalis Flower (T\u00f8rket ringblomster), Ricinus Communis Seed Oil (\u00d8kologisk ricinusolje), Butyrospermum Parkii Butter (\u00d8kologisk sheasm\u00f8r), R\u00f8d perlemorspigment<\/p>\n<p>Allergener: Limonene, Linalool, Citral<\/p>\n<\/div>\n<\/div>\n","protected":false},"excerpt":{"rendered":"<p>Naturlig og vegansk s\u00e5pestykke med \u00f8kologiske oljer h\u00e5ndlaget i Nord-Norge. Mild og pleiende s\u00e5pestykke for hele kroppen med naturlig duft av sitron [&hellip;]<\/p>\n","protected":false},"featured_media":9340,"comment_status":"open","ping_status":"closed","template":"","meta":{"_acf_changed":false},"product_brand":[],"product_cat":[67,121],"product_tag":[],"class_list":{"0":"post-9339","1":"product","2":"type-product","3":"status-publish","4":"has-post-thumbnail","6":"product_vendor-reine-saper","7":"product_cat-hudpleie","8":"product_cat-saper","10":"first","11":"instock","12":"taxable","13":"shipping-taxable","14":"product-type-external"},"acf":[],"yoast_head":"<!-- This site is optimized with the Yoast SEO plugin v27.1.1 - https:\/\/yoast.com\/product\/yoast-seo-wordpress\/ -->\n<title>Solr\u00f8nna - Mild kroppss\u00e5pe m\/hamp. Ringblomst. sitron og bergamotolje &#8226; Norwegian Made<\/title>\n<meta name=\"robots\" content=\"index, follow, max-snippet:-1, max-image-preview:large, max-video-preview:-1\" \/>\n<link rel=\"canonical\" href=\"https:\/\/norwegianmade.no\/en\/produkt\/solronna-mild-kroppssape-m-hamp-ringblomst-sitron-og-bergamotolje\/\" \/>\n<meta property=\"og:locale\" content=\"en_US\" \/>\n<meta property=\"og:type\" content=\"article\" \/>\n<meta property=\"og:title\" content=\"Solr\u00f8nna - Mild kroppss\u00e5pe m\/hamp. Ringblomst. sitron og bergamotolje &#8226; Norwegian Made\" \/>\n<meta property=\"og:description\" content=\"Naturlig og vegansk s\u00e5pestykke med \u00f8kologiske oljer h\u00e5ndlaget i Nord-Norge. Mild og pleiende s\u00e5pestykke for hele kroppen med naturlig duft av sitron [&hellip;]\" \/>\n<meta property=\"og:url\" content=\"https:\/\/norwegianmade.no\/en\/produkt\/solronna-mild-kroppssape-m-hamp-ringblomst-sitron-og-bergamotolje\/\" \/>\n<meta property=\"og:site_name\" content=\"Norwegian Made\" \/>\n<meta property=\"article:modified_time\" content=\"2025-09-21T02:18:57+00:00\" \/>\n<meta property=\"og:image\" content=\"https:\/\/norwegianmade.no\/wp-content\/uploads\/2021\/08\/edited-6-1616444563717.jpg\" \/>\n\t<meta property=\"og:image:width\" content=\"960\" \/>\n\t<meta property=\"og:image:height\" content=\"1200\" \/>\n\t<meta property=\"og:image:type\" content=\"image\/jpeg\" \/>\n<meta name=\"twitter:card\" content=\"summary_large_image\" \/>\n<meta name=\"twitter:label1\" content=\"Est. reading time\" \/>\n\t<meta name=\"twitter:data1\" content=\"1 minute\" \/>\n<script type=\"application\/ld+json\" class=\"yoast-schema-graph\">{\"@context\":\"https:\/\/schema.org\",\"@graph\":[{\"@type\":\"WebPage\",\"@id\":\"https:\/\/norwegianmade.no\/en\/produkt\/solronna-mild-kroppssape-m-hamp-ringblomst-sitron-og-bergamotolje\/\",\"url\":\"https:\/\/norwegianmade.no\/en\/produkt\/solronna-mild-kroppssape-m-hamp-ringblomst-sitron-og-bergamotolje\/\",\"name\":\"Solr\u00f8nna - Mild kroppss\u00e5pe m\/hamp. Ringblomst. sitron og bergamotolje &#8226; Norwegian Made\",\"isPartOf\":{\"@id\":\"https:\/\/norwegianmade.no\/#website\"},\"primaryImageOfPage\":{\"@id\":\"https:\/\/norwegianmade.no\/en\/produkt\/solronna-mild-kroppssape-m-hamp-ringblomst-sitron-og-bergamotolje\/#primaryimage\"},\"image\":{\"@id\":\"https:\/\/norwegianmade.no\/en\/produkt\/solronna-mild-kroppssape-m-hamp-ringblomst-sitron-og-bergamotolje\/#primaryimage\"},\"thumbnailUrl\":\"https:\/\/norwegianmade.no\/wp-content\/uploads\/2021\/08\/edited-6-1616444563717.jpg\",\"datePublished\":\"2021-08-20T12:26:58+00:00\",\"dateModified\":\"2025-09-21T02:18:57+00:00\",\"breadcrumb\":{\"@id\":\"https:\/\/norwegianmade.no\/en\/produkt\/solronna-mild-kroppssape-m-hamp-ringblomst-sitron-og-bergamotolje\/#breadcrumb\"},\"inLanguage\":\"en-US\",\"potentialAction\":[{\"@type\":\"ReadAction\",\"target\":[\"https:\/\/norwegianmade.no\/en\/produkt\/solronna-mild-kroppssape-m-hamp-ringblomst-sitron-og-bergamotolje\/\"]}]},{\"@type\":\"ImageObject\",\"inLanguage\":\"en-US\",\"@id\":\"https:\/\/norwegianmade.no\/en\/produkt\/solronna-mild-kroppssape-m-hamp-ringblomst-sitron-og-bergamotolje\/#primaryimage\",\"url\":\"https:\/\/norwegianmade.no\/wp-content\/uploads\/2021\/08\/edited-6-1616444563717.jpg\",\"contentUrl\":\"https:\/\/norwegianmade.no\/wp-content\/uploads\/2021\/08\/edited-6-1616444563717.jpg\",\"width\":960,\"height\":1200},{\"@type\":\"BreadcrumbList\",\"@id\":\"https:\/\/norwegianmade.no\/en\/produkt\/solronna-mild-kroppssape-m-hamp-ringblomst-sitron-og-bergamotolje\/#breadcrumb\",\"itemListElement\":[{\"@type\":\"ListItem\",\"position\":1,\"name\":\"Hjem\",\"item\":\"https:\/\/norwegianmade.no\/en\/\"},{\"@type\":\"ListItem\",\"position\":2,\"name\":\"Shop\",\"item\":\"https:\/\/norwegianmade.no\/en\/shop\/\"},{\"@type\":\"ListItem\",\"position\":3,\"name\":\"Solr\u00f8nna &#8211; Mild kroppss\u00e5pe m\/hamp. Ringblomst. sitron og bergamotolje\"}]},{\"@type\":\"WebSite\",\"@id\":\"https:\/\/norwegianmade.no\/#website\",\"url\":\"https:\/\/norwegianmade.no\/\",\"name\":\"Norwegian Made\",\"description\":\"Norges st\u00f8rste markedsplass for norske produsenter\",\"publisher\":{\"@id\":\"https:\/\/norwegianmade.no\/#organization\"},\"potentialAction\":[{\"@type\":\"SearchAction\",\"target\":{\"@type\":\"EntryPoint\",\"urlTemplate\":\"https:\/\/norwegianmade.no\/?s={search_term_string}\"},\"query-input\":{\"@type\":\"PropertyValueSpecification\",\"valueRequired\":true,\"valueName\":\"search_term_string\"}}],\"inLanguage\":\"en-US\"},{\"@type\":\"Organization\",\"@id\":\"https:\/\/norwegianmade.no\/#organization\",\"name\":\"Norwegian Made\",\"url\":\"https:\/\/norwegianmade.no\/\",\"logo\":{\"@type\":\"ImageObject\",\"inLanguage\":\"en-US\",\"@id\":\"https:\/\/norwegianmade.no\/#\/schema\/logo\/image\/\",\"url\":\"https:\/\/norwegianmade.no\/wp-content\/uploads\/2020\/11\/logo-liggende-norwegian-made-web.png\",\"contentUrl\":\"https:\/\/norwegianmade.no\/wp-content\/uploads\/2020\/11\/logo-liggende-norwegian-made-web.png\",\"width\":200,\"height\":58,\"caption\":\"Norwegian Made\"},\"image\":{\"@id\":\"https:\/\/norwegianmade.no\/#\/schema\/logo\/image\/\"}}]}<\/script>\n<!-- \/ Yoast SEO plugin. -->","yoast_head_json":{"title":"Solr\u00f8nna - Mild kroppss\u00e5pe m\/hamp. Ringblomst. sitron og bergamotolje &#8226; Norwegian Made","robots":{"index":"index","follow":"follow","max-snippet":"max-snippet:-1","max-image-preview":"max-image-preview:large","max-video-preview":"max-video-preview:-1"},"canonical":"https:\/\/norwegianmade.no\/en\/produkt\/solronna-mild-kroppssape-m-hamp-ringblomst-sitron-og-bergamotolje\/","og_locale":"en_US","og_type":"article","og_title":"Solr\u00f8nna - Mild kroppss\u00e5pe m\/hamp. Ringblomst. sitron og bergamotolje &#8226; Norwegian Made","og_description":"Naturlig og vegansk s\u00e5pestykke med \u00f8kologiske oljer h\u00e5ndlaget i Nord-Norge. Mild og pleiende s\u00e5pestykke for hele kroppen med naturlig duft av sitron [&hellip;]","og_url":"https:\/\/norwegianmade.no\/en\/produkt\/solronna-mild-kroppssape-m-hamp-ringblomst-sitron-og-bergamotolje\/","og_site_name":"Norwegian Made","article_modified_time":"2025-09-21T02:18:57+00:00","og_image":[{"width":960,"height":1200,"url":"https:\/\/norwegianmade.no\/wp-content\/uploads\/2021\/08\/edited-6-1616444563717.jpg","type":"image\/jpeg"}],"twitter_card":"summary_large_image","twitter_misc":{"Est. reading time":"1 minute"},"schema":{"@context":"https:\/\/schema.org","@graph":[{"@type":"WebPage","@id":"https:\/\/norwegianmade.no\/en\/produkt\/solronna-mild-kroppssape-m-hamp-ringblomst-sitron-og-bergamotolje\/","url":"https:\/\/norwegianmade.no\/en\/produkt\/solronna-mild-kroppssape-m-hamp-ringblomst-sitron-og-bergamotolje\/","name":"Solr\u00f8nna - Mild kroppss\u00e5pe m\/hamp. Ringblomst. sitron og bergamotolje &#8226; Norwegian Made","isPartOf":{"@id":"https:\/\/norwegianmade.no\/#website"},"primaryImageOfPage":{"@id":"https:\/\/norwegianmade.no\/en\/produkt\/solronna-mild-kroppssape-m-hamp-ringblomst-sitron-og-bergamotolje\/#primaryimage"},"image":{"@id":"https:\/\/norwegianmade.no\/en\/produkt\/solronna-mild-kroppssape-m-hamp-ringblomst-sitron-og-bergamotolje\/#primaryimage"},"thumbnailUrl":"https:\/\/norwegianmade.no\/wp-content\/uploads\/2021\/08\/edited-6-1616444563717.jpg","datePublished":"2021-08-20T12:26:58+00:00","dateModified":"2025-09-21T02:18:57+00:00","breadcrumb":{"@id":"https:\/\/norwegianmade.no\/en\/produkt\/solronna-mild-kroppssape-m-hamp-ringblomst-sitron-og-bergamotolje\/#breadcrumb"},"inLanguage":"en-US","potentialAction":[{"@type":"ReadAction","target":["https:\/\/norwegianmade.no\/en\/produkt\/solronna-mild-kroppssape-m-hamp-ringblomst-sitron-og-bergamotolje\/"]}]},{"@type":"ImageObject","inLanguage":"en-US","@id":"https:\/\/norwegianmade.no\/en\/produkt\/solronna-mild-kroppssape-m-hamp-ringblomst-sitron-og-bergamotolje\/#primaryimage","url":"https:\/\/norwegianmade.no\/wp-content\/uploads\/2021\/08\/edited-6-1616444563717.jpg","contentUrl":"https:\/\/norwegianmade.no\/wp-content\/uploads\/2021\/08\/edited-6-1616444563717.jpg","width":960,"height":1200},{"@type":"BreadcrumbList","@id":"https:\/\/norwegianmade.no\/en\/produkt\/solronna-mild-kroppssape-m-hamp-ringblomst-sitron-og-bergamotolje\/#breadcrumb","itemListElement":[{"@type":"ListItem","position":1,"name":"Hjem","item":"https:\/\/norwegianmade.no\/en\/"},{"@type":"ListItem","position":2,"name":"Shop","item":"https:\/\/norwegianmade.no\/en\/shop\/"},{"@type":"ListItem","position":3,"name":"Solr\u00f8nna &#8211; Mild kroppss\u00e5pe m\/hamp. Ringblomst. sitron og bergamotolje"}]},{"@type":"WebSite","@id":"https:\/\/norwegianmade.no\/#website","url":"https:\/\/norwegianmade.no\/","name":"Norwegian Made","description":"Norges st\u00f8rste markedsplass for norske produsenter","publisher":{"@id":"https:\/\/norwegianmade.no\/#organization"},"potentialAction":[{"@type":"SearchAction","target":{"@type":"EntryPoint","urlTemplate":"https:\/\/norwegianmade.no\/?s={search_term_string}"},"query-input":{"@type":"PropertyValueSpecification","valueRequired":true,"valueName":"search_term_string"}}],"inLanguage":"en-US"},{"@type":"Organization","@id":"https:\/\/norwegianmade.no\/#organization","name":"Norwegian Made","url":"https:\/\/norwegianmade.no\/","logo":{"@type":"ImageObject","inLanguage":"en-US","@id":"https:\/\/norwegianmade.no\/#\/schema\/logo\/image\/","url":"https:\/\/norwegianmade.no\/wp-content\/uploads\/2020\/11\/logo-liggende-norwegian-made-web.png","contentUrl":"https:\/\/norwegianmade.no\/wp-content\/uploads\/2020\/11\/logo-liggende-norwegian-made-web.png","width":200,"height":58,"caption":"Norwegian Made"},"image":{"@id":"https:\/\/norwegianmade.no\/#\/schema\/logo\/image\/"}}]}},"_links":{"self":[{"href":"https:\/\/norwegianmade.no\/en\/wp-json\/wp\/v2\/product\/9339","targetHints":{"allow":["GET"]}}],"collection":[{"href":"https:\/\/norwegianmade.no\/en\/wp-json\/wp\/v2\/product"}],"about":[{"href":"https:\/\/norwegianmade.no\/en\/wp-json\/wp\/v2\/types\/product"}],"replies":[{"embeddable":true,"href":"https:\/\/norwegianmade.no\/en\/wp-json\/wp\/v2\/comments?post=9339"}],"wp:featuredmedia":[{"embeddable":true,"href":"https:\/\/norwegianmade.no\/en\/wp-json\/wp\/v2\/media\/9340"}],"wp:attachment":[{"href":"https:\/\/norwegianmade.no\/en\/wp-json\/wp\/v2\/media?parent=9339"}],"wp:term":[{"taxonomy":"product_brand","embeddable":true,"href":"https:\/\/norwegianmade.no\/en\/wp-json\/wp\/v2\/product_brand?post=9339"},{"taxonomy":"product_cat","embeddable":true,"href":"https:\/\/norwegianmade.no\/en\/wp-json\/wp\/v2\/product_cat?post=9339"},{"taxonomy":"product_tag","embeddable":true,"href":"https:\/\/norwegianmade.no\/en\/wp-json\/wp\/v2\/product_tag?post=9339"}],"curies":[{"name":"wp","href":"https:\/\/api.w.org\/{rel}","templated":true}]}}