{"id":9360,"date":"2021-08-26T13:10:08","date_gmt":"2021-08-26T11:10:08","guid":{"rendered":"https:\/\/norwegianmade.no\/?post_type=product&#038;p=9360"},"modified":"2025-05-29T10:18:48","modified_gmt":"2025-05-29T08:18:48","slug":"norsk-anheng","status":"publish","type":"product","link":"https:\/\/norwegianmade.no\/en\/produkt\/norsk-anheng\/","title":{"rendered":"Norsk Anheng"},"content":{"rendered":"<p>Tanken bak dette stykket var \u00e5 skape et rent og elegant design som skal b\u00e6res ved spesielle anledninger som fremkaller det norske flagget. Dette er et godt alternativ n\u00e5r det ikke er praktisk \u00e5 bruke bunaden. Norsk Anheng\u00a0kommer med en 50cm sterlings\u00f8lv Venezia kjede.<\/p>\n<p>Spesifikasjoner<br \/>\nMaterialer: emaljer i sterlings\u00f8lv.<br \/>\nSpesielle teknikker: voks st\u00f8p og emaljering.<\/p>\n","protected":false},"excerpt":{"rendered":"<p>Tanken bak dette stykket var \u00e5 skape et rent og elegant design som skal b\u00e6res ved spesielle anledninger som fremkaller det norske [&hellip;]<\/p>\n","protected":false},"featured_media":9361,"comment_status":"open","ping_status":"closed","template":"","meta":{"_acf_changed":false},"product_brand":[],"product_cat":[140,62],"product_tag":[],"class_list":{"0":"post-9360","1":"product","2":"type-product","3":"status-publish","4":"has-post-thumbnail","6":"product_vendor-ag-design","7":"product_cat-halskjeder-og-anheng","8":"product_cat-smykker","10":"first","11":"instock","12":"taxable","13":"shipping-taxable","14":"product-type-external"},"acf":[],"yoast_head":"<!-- This site is optimized with the Yoast SEO plugin v27.1.1 - https:\/\/yoast.com\/product\/yoast-seo-wordpress\/ -->\n<title>Norsk Anheng &#8226; Norwegian Made<\/title>\n<meta name=\"robots\" content=\"index, follow, max-snippet:-1, max-image-preview:large, max-video-preview:-1\" \/>\n<link rel=\"canonical\" href=\"https:\/\/norwegianmade.no\/en\/produkt\/norsk-anheng\/\" \/>\n<meta property=\"og:locale\" content=\"en_US\" \/>\n<meta property=\"og:type\" content=\"article\" \/>\n<meta property=\"og:title\" content=\"Norsk Anheng &#8226; Norwegian Made\" \/>\n<meta property=\"og:description\" content=\"Tanken bak dette stykket var \u00e5 skape et rent og elegant design som skal b\u00e6res ved spesielle anledninger som fremkaller det norske [&hellip;]\" \/>\n<meta property=\"og:url\" content=\"https:\/\/norwegianmade.no\/en\/produkt\/norsk-anheng\/\" \/>\n<meta property=\"og:site_name\" content=\"Norwegian Made\" \/>\n<meta property=\"article:modified_time\" content=\"2025-05-29T08:18:48+00:00\" \/>\n<meta property=\"og:image\" content=\"https:\/\/norwegianmade.no\/wp-content\/uploads\/2021\/08\/AGDesign_02_NorwegianPendant_Pendant_AGDesign_01_NoLogo_1024x1024@2x.webp\" \/>\n\t<meta property=\"og:image:width\" content=\"2048\" \/>\n\t<meta property=\"og:image:height\" content=\"2048\" \/>\n\t<meta property=\"og:image:type\" content=\"image\/webp\" \/>\n<meta name=\"twitter:card\" content=\"summary_large_image\" \/>\n<script type=\"application\/ld+json\" class=\"yoast-schema-graph\">{\"@context\":\"https:\/\/schema.org\",\"@graph\":[{\"@type\":\"WebPage\",\"@id\":\"https:\/\/norwegianmade.no\/en\/produkt\/norsk-anheng\/\",\"url\":\"https:\/\/norwegianmade.no\/en\/produkt\/norsk-anheng\/\",\"name\":\"Norsk Anheng &#8226; Norwegian Made\",\"isPartOf\":{\"@id\":\"https:\/\/norwegianmade.no\/#website\"},\"primaryImageOfPage\":{\"@id\":\"https:\/\/norwegianmade.no\/en\/produkt\/norsk-anheng\/#primaryimage\"},\"image\":{\"@id\":\"https:\/\/norwegianmade.no\/en\/produkt\/norsk-anheng\/#primaryimage\"},\"thumbnailUrl\":\"https:\/\/norwegianmade.no\/wp-content\/uploads\/2021\/08\/AGDesign_02_NorwegianPendant_Pendant_AGDesign_01_NoLogo_1024x1024@2x.webp\",\"datePublished\":\"2021-08-26T11:10:08+00:00\",\"dateModified\":\"2025-05-29T08:18:48+00:00\",\"breadcrumb\":{\"@id\":\"https:\/\/norwegianmade.no\/en\/produkt\/norsk-anheng\/#breadcrumb\"},\"inLanguage\":\"en-US\",\"potentialAction\":[{\"@type\":\"ReadAction\",\"target\":[\"https:\/\/norwegianmade.no\/en\/produkt\/norsk-anheng\/\"]}]},{\"@type\":\"ImageObject\",\"inLanguage\":\"en-US\",\"@id\":\"https:\/\/norwegianmade.no\/en\/produkt\/norsk-anheng\/#primaryimage\",\"url\":\"https:\/\/norwegianmade.no\/wp-content\/uploads\/2021\/08\/AGDesign_02_NorwegianPendant_Pendant_AGDesign_01_NoLogo_1024x1024@2x.webp\",\"contentUrl\":\"https:\/\/norwegianmade.no\/wp-content\/uploads\/2021\/08\/AGDesign_02_NorwegianPendant_Pendant_AGDesign_01_NoLogo_1024x1024@2x.webp\",\"width\":2048,\"height\":2048},{\"@type\":\"BreadcrumbList\",\"@id\":\"https:\/\/norwegianmade.no\/en\/produkt\/norsk-anheng\/#breadcrumb\",\"itemListElement\":[{\"@type\":\"ListItem\",\"position\":1,\"name\":\"Hjem\",\"item\":\"https:\/\/norwegianmade.no\/en\/\"},{\"@type\":\"ListItem\",\"position\":2,\"name\":\"Shop\",\"item\":\"https:\/\/norwegianmade.no\/en\/shop\/\"},{\"@type\":\"ListItem\",\"position\":3,\"name\":\"Norsk Anheng\"}]},{\"@type\":\"WebSite\",\"@id\":\"https:\/\/norwegianmade.no\/#website\",\"url\":\"https:\/\/norwegianmade.no\/\",\"name\":\"Norwegian Made\",\"description\":\"Norges st\u00f8rste markedsplass for norske produsenter\",\"publisher\":{\"@id\":\"https:\/\/norwegianmade.no\/#organization\"},\"potentialAction\":[{\"@type\":\"SearchAction\",\"target\":{\"@type\":\"EntryPoint\",\"urlTemplate\":\"https:\/\/norwegianmade.no\/?s={search_term_string}\"},\"query-input\":{\"@type\":\"PropertyValueSpecification\",\"valueRequired\":true,\"valueName\":\"search_term_string\"}}],\"inLanguage\":\"en-US\"},{\"@type\":\"Organization\",\"@id\":\"https:\/\/norwegianmade.no\/#organization\",\"name\":\"Norwegian Made\",\"url\":\"https:\/\/norwegianmade.no\/\",\"logo\":{\"@type\":\"ImageObject\",\"inLanguage\":\"en-US\",\"@id\":\"https:\/\/norwegianmade.no\/#\/schema\/logo\/image\/\",\"url\":\"https:\/\/norwegianmade.no\/wp-content\/uploads\/2020\/11\/logo-liggende-norwegian-made-web.png\",\"contentUrl\":\"https:\/\/norwegianmade.no\/wp-content\/uploads\/2020\/11\/logo-liggende-norwegian-made-web.png\",\"width\":200,\"height\":58,\"caption\":\"Norwegian Made\"},\"image\":{\"@id\":\"https:\/\/norwegianmade.no\/#\/schema\/logo\/image\/\"}}]}<\/script>\n<!-- \/ Yoast SEO plugin. -->","yoast_head_json":{"title":"Norsk Anheng &#8226; Norwegian Made","robots":{"index":"index","follow":"follow","max-snippet":"max-snippet:-1","max-image-preview":"max-image-preview:large","max-video-preview":"max-video-preview:-1"},"canonical":"https:\/\/norwegianmade.no\/en\/produkt\/norsk-anheng\/","og_locale":"en_US","og_type":"article","og_title":"Norsk Anheng &#8226; Norwegian Made","og_description":"Tanken bak dette stykket var \u00e5 skape et rent og elegant design som skal b\u00e6res ved spesielle anledninger som fremkaller det norske [&hellip;]","og_url":"https:\/\/norwegianmade.no\/en\/produkt\/norsk-anheng\/","og_site_name":"Norwegian Made","article_modified_time":"2025-05-29T08:18:48+00:00","og_image":[{"width":2048,"height":2048,"url":"https:\/\/norwegianmade.no\/wp-content\/uploads\/2021\/08\/AGDesign_02_NorwegianPendant_Pendant_AGDesign_01_NoLogo_1024x1024@2x.webp","type":"image\/webp"}],"twitter_card":"summary_large_image","schema":{"@context":"https:\/\/schema.org","@graph":[{"@type":"WebPage","@id":"https:\/\/norwegianmade.no\/en\/produkt\/norsk-anheng\/","url":"https:\/\/norwegianmade.no\/en\/produkt\/norsk-anheng\/","name":"Norsk Anheng &#8226; Norwegian Made","isPartOf":{"@id":"https:\/\/norwegianmade.no\/#website"},"primaryImageOfPage":{"@id":"https:\/\/norwegianmade.no\/en\/produkt\/norsk-anheng\/#primaryimage"},"image":{"@id":"https:\/\/norwegianmade.no\/en\/produkt\/norsk-anheng\/#primaryimage"},"thumbnailUrl":"https:\/\/norwegianmade.no\/wp-content\/uploads\/2021\/08\/AGDesign_02_NorwegianPendant_Pendant_AGDesign_01_NoLogo_1024x1024@2x.webp","datePublished":"2021-08-26T11:10:08+00:00","dateModified":"2025-05-29T08:18:48+00:00","breadcrumb":{"@id":"https:\/\/norwegianmade.no\/en\/produkt\/norsk-anheng\/#breadcrumb"},"inLanguage":"en-US","potentialAction":[{"@type":"ReadAction","target":["https:\/\/norwegianmade.no\/en\/produkt\/norsk-anheng\/"]}]},{"@type":"ImageObject","inLanguage":"en-US","@id":"https:\/\/norwegianmade.no\/en\/produkt\/norsk-anheng\/#primaryimage","url":"https:\/\/norwegianmade.no\/wp-content\/uploads\/2021\/08\/AGDesign_02_NorwegianPendant_Pendant_AGDesign_01_NoLogo_1024x1024@2x.webp","contentUrl":"https:\/\/norwegianmade.no\/wp-content\/uploads\/2021\/08\/AGDesign_02_NorwegianPendant_Pendant_AGDesign_01_NoLogo_1024x1024@2x.webp","width":2048,"height":2048},{"@type":"BreadcrumbList","@id":"https:\/\/norwegianmade.no\/en\/produkt\/norsk-anheng\/#breadcrumb","itemListElement":[{"@type":"ListItem","position":1,"name":"Hjem","item":"https:\/\/norwegianmade.no\/en\/"},{"@type":"ListItem","position":2,"name":"Shop","item":"https:\/\/norwegianmade.no\/en\/shop\/"},{"@type":"ListItem","position":3,"name":"Norsk Anheng"}]},{"@type":"WebSite","@id":"https:\/\/norwegianmade.no\/#website","url":"https:\/\/norwegianmade.no\/","name":"Norwegian Made","description":"Norges st\u00f8rste markedsplass for norske produsenter","publisher":{"@id":"https:\/\/norwegianmade.no\/#organization"},"potentialAction":[{"@type":"SearchAction","target":{"@type":"EntryPoint","urlTemplate":"https:\/\/norwegianmade.no\/?s={search_term_string}"},"query-input":{"@type":"PropertyValueSpecification","valueRequired":true,"valueName":"search_term_string"}}],"inLanguage":"en-US"},{"@type":"Organization","@id":"https:\/\/norwegianmade.no\/#organization","name":"Norwegian Made","url":"https:\/\/norwegianmade.no\/","logo":{"@type":"ImageObject","inLanguage":"en-US","@id":"https:\/\/norwegianmade.no\/#\/schema\/logo\/image\/","url":"https:\/\/norwegianmade.no\/wp-content\/uploads\/2020\/11\/logo-liggende-norwegian-made-web.png","contentUrl":"https:\/\/norwegianmade.no\/wp-content\/uploads\/2020\/11\/logo-liggende-norwegian-made-web.png","width":200,"height":58,"caption":"Norwegian Made"},"image":{"@id":"https:\/\/norwegianmade.no\/#\/schema\/logo\/image\/"}}]}},"_links":{"self":[{"href":"https:\/\/norwegianmade.no\/en\/wp-json\/wp\/v2\/product\/9360","targetHints":{"allow":["GET"]}}],"collection":[{"href":"https:\/\/norwegianmade.no\/en\/wp-json\/wp\/v2\/product"}],"about":[{"href":"https:\/\/norwegianmade.no\/en\/wp-json\/wp\/v2\/types\/product"}],"replies":[{"embeddable":true,"href":"https:\/\/norwegianmade.no\/en\/wp-json\/wp\/v2\/comments?post=9360"}],"wp:featuredmedia":[{"embeddable":true,"href":"https:\/\/norwegianmade.no\/en\/wp-json\/wp\/v2\/media\/9361"}],"wp:attachment":[{"href":"https:\/\/norwegianmade.no\/en\/wp-json\/wp\/v2\/media?parent=9360"}],"wp:term":[{"taxonomy":"product_brand","embeddable":true,"href":"https:\/\/norwegianmade.no\/en\/wp-json\/wp\/v2\/product_brand?post=9360"},{"taxonomy":"product_cat","embeddable":true,"href":"https:\/\/norwegianmade.no\/en\/wp-json\/wp\/v2\/product_cat?post=9360"},{"taxonomy":"product_tag","embeddable":true,"href":"https:\/\/norwegianmade.no\/en\/wp-json\/wp\/v2\/product_tag?post=9360"}],"curies":[{"name":"wp","href":"https:\/\/api.w.org\/{rel}","templated":true}]}}