{"id":9508,"date":"2021-09-02T14:40:40","date_gmt":"2021-09-02T12:40:40","guid":{"rendered":"https:\/\/norwegianmade.no\/markedsplass\/skulptur-4\/"},"modified":"2026-03-28T00:43:03","modified_gmt":"2026-03-27T23:43:03","slug":"skulptur-4","status":"publish","type":"product","link":"https:\/\/norwegianmade.no\/en\/produkt\/skulptur-4\/","title":{"rendered":"Skulptur"},"content":{"rendered":"<p><\/p>\n","protected":false},"excerpt":{"rendered":"<p>Denne skulpturen er fra Tr\u00f8ndelag, med en flere hundre \u00e5r gammel kropp, som en gang var et hus. Et hus fra 1700-tallet! N\u00e5 er dette er kun en syltynn side av en flere hundre \u00e5r gammel &#8220;historiebok&#8221;. Kan du lese historien?<\/p>\n<p>Jeg var en gang et solid laftet t\u00f8mmerhus fra Fannrem. N\u00e5 s\u00f8ker jeg nytt hjem.<\/p>\n<p>cm H31 x B16 x D2 cm (sokkel 8&#215;8 cm)<\/p>\n","protected":false},"featured_media":9454,"comment_status":"open","ping_status":"closed","template":"","meta":{"_acf_changed":false},"product_brand":[],"product_cat":[108,124,78,82,111,112,59,80,89,81,113,66],"product_tag":[],"class_list":{"0":"post-9508","1":"product","2":"type-product","3":"status-publish","4":"has-post-thumbnail","6":"product_vendor-mette-of-norway","7":"product_cat-andre-ting-i-tre","8":"product_cat-annet","9":"product_cat-gaver","10":"product_cat-handverk","11":"product_cat-hytter","12":"product_cat-innredning","13":"product_cat-interior-kunst","14":"product_cat-interiorartikler","15":"product_cat-kunst","16":"product_cat-kunsthandverk","17":"product_cat-mobler","18":"product_cat-mobler-og-trevarer","20":"first","21":"instock","22":"taxable","23":"shipping-taxable","24":"purchasable","25":"product-type-simple"},"acf":[],"yoast_head":"<!-- This site is optimized with the Yoast SEO plugin v27.1.1 - https:\/\/yoast.com\/product\/yoast-seo-wordpress\/ -->\n<title>Skulptur &#8226; Norwegian Made<\/title>\n<meta name=\"robots\" content=\"index, follow, max-snippet:-1, max-image-preview:large, max-video-preview:-1\" \/>\n<link rel=\"canonical\" href=\"https:\/\/norwegianmade.no\/en\/produkt\/skulptur-4\/\" \/>\n<meta property=\"og:locale\" content=\"en_US\" \/>\n<meta property=\"og:type\" content=\"article\" \/>\n<meta property=\"og:title\" content=\"Skulptur &#8226; Norwegian Made\" \/>\n<meta property=\"og:description\" content=\"Denne skulpturen er fra Tr\u00f8ndelag, med en flere hundre \u00e5r gammel kropp, som en gang var et hus. Et hus fra 1700-tallet! N\u00e5 er dette er kun en syltynn side av en flere hundre \u00e5r gammel &quot;historiebok&quot;. Kan du lese historien?Jeg var en gang et solid laftet t\u00f8mmerhus fra Fannrem. N\u00e5 s\u00f8ker jeg nytt hjem.cm H31 x B16 x D2 cm (sokkel 8x8 cm)\" \/>\n<meta property=\"og:url\" content=\"https:\/\/norwegianmade.no\/en\/produkt\/skulptur-4\/\" \/>\n<meta property=\"og:site_name\" content=\"Norwegian Made\" \/>\n<meta property=\"article:modified_time\" content=\"2026-03-27T23:43:03+00:00\" \/>\n<meta property=\"og:image\" content=\"https:\/\/norwegianmade.no\/wp-content\/uploads\/2021\/09\/DSC0354.jpg\" \/>\n\t<meta property=\"og:image:width\" content=\"1000\" \/>\n\t<meta property=\"og:image:height\" content=\"1000\" \/>\n\t<meta property=\"og:image:type\" content=\"image\/jpeg\" \/>\n<meta name=\"twitter:card\" content=\"summary_large_image\" \/>\n<script type=\"application\/ld+json\" class=\"yoast-schema-graph\">{\"@context\":\"https:\/\/schema.org\",\"@graph\":[{\"@type\":\"WebPage\",\"@id\":\"https:\/\/norwegianmade.no\/en\/produkt\/skulptur-4\/\",\"url\":\"https:\/\/norwegianmade.no\/en\/produkt\/skulptur-4\/\",\"name\":\"Skulptur &#8226; Norwegian Made\",\"isPartOf\":{\"@id\":\"https:\/\/norwegianmade.no\/#website\"},\"primaryImageOfPage\":{\"@id\":\"https:\/\/norwegianmade.no\/en\/produkt\/skulptur-4\/#primaryimage\"},\"image\":{\"@id\":\"https:\/\/norwegianmade.no\/en\/produkt\/skulptur-4\/#primaryimage\"},\"thumbnailUrl\":\"https:\/\/norwegianmade.no\/wp-content\/uploads\/2021\/09\/DSC0354.jpg\",\"datePublished\":\"2021-09-02T12:40:40+00:00\",\"dateModified\":\"2026-03-27T23:43:03+00:00\",\"breadcrumb\":{\"@id\":\"https:\/\/norwegianmade.no\/en\/produkt\/skulptur-4\/#breadcrumb\"},\"inLanguage\":\"en-US\",\"potentialAction\":[{\"@type\":\"ReadAction\",\"target\":[\"https:\/\/norwegianmade.no\/en\/produkt\/skulptur-4\/\"]}]},{\"@type\":\"ImageObject\",\"inLanguage\":\"en-US\",\"@id\":\"https:\/\/norwegianmade.no\/en\/produkt\/skulptur-4\/#primaryimage\",\"url\":\"https:\/\/norwegianmade.no\/wp-content\/uploads\/2021\/09\/DSC0354.jpg\",\"contentUrl\":\"https:\/\/norwegianmade.no\/wp-content\/uploads\/2021\/09\/DSC0354.jpg\",\"width\":1000,\"height\":1000},{\"@type\":\"BreadcrumbList\",\"@id\":\"https:\/\/norwegianmade.no\/en\/produkt\/skulptur-4\/#breadcrumb\",\"itemListElement\":[{\"@type\":\"ListItem\",\"position\":1,\"name\":\"Hjem\",\"item\":\"https:\/\/norwegianmade.no\/en\/\"},{\"@type\":\"ListItem\",\"position\":2,\"name\":\"Shop\",\"item\":\"https:\/\/norwegianmade.no\/en\/shop\/\"},{\"@type\":\"ListItem\",\"position\":3,\"name\":\"Skulptur\"}]},{\"@type\":\"WebSite\",\"@id\":\"https:\/\/norwegianmade.no\/#website\",\"url\":\"https:\/\/norwegianmade.no\/\",\"name\":\"Norwegian Made\",\"description\":\"Norges st\u00f8rste markedsplass for norske produsenter\",\"publisher\":{\"@id\":\"https:\/\/norwegianmade.no\/#organization\"},\"potentialAction\":[{\"@type\":\"SearchAction\",\"target\":{\"@type\":\"EntryPoint\",\"urlTemplate\":\"https:\/\/norwegianmade.no\/?s={search_term_string}\"},\"query-input\":{\"@type\":\"PropertyValueSpecification\",\"valueRequired\":true,\"valueName\":\"search_term_string\"}}],\"inLanguage\":\"en-US\"},{\"@type\":\"Organization\",\"@id\":\"https:\/\/norwegianmade.no\/#organization\",\"name\":\"Norwegian Made\",\"url\":\"https:\/\/norwegianmade.no\/\",\"logo\":{\"@type\":\"ImageObject\",\"inLanguage\":\"en-US\",\"@id\":\"https:\/\/norwegianmade.no\/#\/schema\/logo\/image\/\",\"url\":\"https:\/\/norwegianmade.no\/wp-content\/uploads\/2020\/11\/logo-liggende-norwegian-made-web.png\",\"contentUrl\":\"https:\/\/norwegianmade.no\/wp-content\/uploads\/2020\/11\/logo-liggende-norwegian-made-web.png\",\"width\":200,\"height\":58,\"caption\":\"Norwegian Made\"},\"image\":{\"@id\":\"https:\/\/norwegianmade.no\/#\/schema\/logo\/image\/\"}}]}<\/script>\n<!-- \/ Yoast SEO plugin. -->","yoast_head_json":{"title":"Skulptur &#8226; Norwegian Made","robots":{"index":"index","follow":"follow","max-snippet":"max-snippet:-1","max-image-preview":"max-image-preview:large","max-video-preview":"max-video-preview:-1"},"canonical":"https:\/\/norwegianmade.no\/en\/produkt\/skulptur-4\/","og_locale":"en_US","og_type":"article","og_title":"Skulptur &#8226; Norwegian Made","og_description":"Denne skulpturen er fra Tr\u00f8ndelag, med en flere hundre \u00e5r gammel kropp, som en gang var et hus. Et hus fra 1700-tallet! N\u00e5 er dette er kun en syltynn side av en flere hundre \u00e5r gammel \"historiebok\". Kan du lese historien?Jeg var en gang et solid laftet t\u00f8mmerhus fra Fannrem. N\u00e5 s\u00f8ker jeg nytt hjem.cm H31 x B16 x D2 cm (sokkel 8x8 cm)","og_url":"https:\/\/norwegianmade.no\/en\/produkt\/skulptur-4\/","og_site_name":"Norwegian Made","article_modified_time":"2026-03-27T23:43:03+00:00","og_image":[{"width":1000,"height":1000,"url":"https:\/\/norwegianmade.no\/wp-content\/uploads\/2021\/09\/DSC0354.jpg","type":"image\/jpeg"}],"twitter_card":"summary_large_image","schema":{"@context":"https:\/\/schema.org","@graph":[{"@type":"WebPage","@id":"https:\/\/norwegianmade.no\/en\/produkt\/skulptur-4\/","url":"https:\/\/norwegianmade.no\/en\/produkt\/skulptur-4\/","name":"Skulptur &#8226; Norwegian Made","isPartOf":{"@id":"https:\/\/norwegianmade.no\/#website"},"primaryImageOfPage":{"@id":"https:\/\/norwegianmade.no\/en\/produkt\/skulptur-4\/#primaryimage"},"image":{"@id":"https:\/\/norwegianmade.no\/en\/produkt\/skulptur-4\/#primaryimage"},"thumbnailUrl":"https:\/\/norwegianmade.no\/wp-content\/uploads\/2021\/09\/DSC0354.jpg","datePublished":"2021-09-02T12:40:40+00:00","dateModified":"2026-03-27T23:43:03+00:00","breadcrumb":{"@id":"https:\/\/norwegianmade.no\/en\/produkt\/skulptur-4\/#breadcrumb"},"inLanguage":"en-US","potentialAction":[{"@type":"ReadAction","target":["https:\/\/norwegianmade.no\/en\/produkt\/skulptur-4\/"]}]},{"@type":"ImageObject","inLanguage":"en-US","@id":"https:\/\/norwegianmade.no\/en\/produkt\/skulptur-4\/#primaryimage","url":"https:\/\/norwegianmade.no\/wp-content\/uploads\/2021\/09\/DSC0354.jpg","contentUrl":"https:\/\/norwegianmade.no\/wp-content\/uploads\/2021\/09\/DSC0354.jpg","width":1000,"height":1000},{"@type":"BreadcrumbList","@id":"https:\/\/norwegianmade.no\/en\/produkt\/skulptur-4\/#breadcrumb","itemListElement":[{"@type":"ListItem","position":1,"name":"Hjem","item":"https:\/\/norwegianmade.no\/en\/"},{"@type":"ListItem","position":2,"name":"Shop","item":"https:\/\/norwegianmade.no\/en\/shop\/"},{"@type":"ListItem","position":3,"name":"Skulptur"}]},{"@type":"WebSite","@id":"https:\/\/norwegianmade.no\/#website","url":"https:\/\/norwegianmade.no\/","name":"Norwegian Made","description":"Norges st\u00f8rste markedsplass for norske produsenter","publisher":{"@id":"https:\/\/norwegianmade.no\/#organization"},"potentialAction":[{"@type":"SearchAction","target":{"@type":"EntryPoint","urlTemplate":"https:\/\/norwegianmade.no\/?s={search_term_string}"},"query-input":{"@type":"PropertyValueSpecification","valueRequired":true,"valueName":"search_term_string"}}],"inLanguage":"en-US"},{"@type":"Organization","@id":"https:\/\/norwegianmade.no\/#organization","name":"Norwegian Made","url":"https:\/\/norwegianmade.no\/","logo":{"@type":"ImageObject","inLanguage":"en-US","@id":"https:\/\/norwegianmade.no\/#\/schema\/logo\/image\/","url":"https:\/\/norwegianmade.no\/wp-content\/uploads\/2020\/11\/logo-liggende-norwegian-made-web.png","contentUrl":"https:\/\/norwegianmade.no\/wp-content\/uploads\/2020\/11\/logo-liggende-norwegian-made-web.png","width":200,"height":58,"caption":"Norwegian Made"},"image":{"@id":"https:\/\/norwegianmade.no\/#\/schema\/logo\/image\/"}}]}},"_links":{"self":[{"href":"https:\/\/norwegianmade.no\/en\/wp-json\/wp\/v2\/product\/9508","targetHints":{"allow":["GET"]}}],"collection":[{"href":"https:\/\/norwegianmade.no\/en\/wp-json\/wp\/v2\/product"}],"about":[{"href":"https:\/\/norwegianmade.no\/en\/wp-json\/wp\/v2\/types\/product"}],"replies":[{"embeddable":true,"href":"https:\/\/norwegianmade.no\/en\/wp-json\/wp\/v2\/comments?post=9508"}],"wp:featuredmedia":[{"embeddable":true,"href":"https:\/\/norwegianmade.no\/en\/wp-json\/wp\/v2\/media\/9454"}],"wp:attachment":[{"href":"https:\/\/norwegianmade.no\/en\/wp-json\/wp\/v2\/media?parent=9508"}],"wp:term":[{"taxonomy":"product_brand","embeddable":true,"href":"https:\/\/norwegianmade.no\/en\/wp-json\/wp\/v2\/product_brand?post=9508"},{"taxonomy":"product_cat","embeddable":true,"href":"https:\/\/norwegianmade.no\/en\/wp-json\/wp\/v2\/product_cat?post=9508"},{"taxonomy":"product_tag","embeddable":true,"href":"https:\/\/norwegianmade.no\/en\/wp-json\/wp\/v2\/product_tag?post=9508"}],"curies":[{"name":"wp","href":"https:\/\/api.w.org\/{rel}","templated":true}]}}