{"id":9519,"date":"2021-09-02T21:26:16","date_gmt":"2021-09-02T19:26:16","guid":{"rendered":"https:\/\/norwegianmade.no\/markedsplass\/gront-tre-28-cm\/"},"modified":"2025-09-13T10:42:47","modified_gmt":"2025-09-13T08:42:47","slug":"gront-tre-28-cm","status":"publish","type":"product","link":"https:\/\/norwegianmade.no\/en\/produkt\/gront-tre-28-cm\/","title":{"rendered":"Sjarmerende tre i filtet ull (28 cm)"},"content":{"rendered":"<p><img loading=\"lazy\" decoding=\"async\" class=\"alignnone size-medium wp-image-16856\" src=\"https:\/\/norwegianmade.no\/wp-content\/uploads\/2022\/10\/967AB73C-FF81-42CB-9DB8-995086AE8074-296x300.jpeg\" alt=\"\" width=\"296\" height=\"300\" data-mce-src=\"https:\/\/norwegianmade.no\/wp-content\/uploads\/2022\/10\/967AB73C-FF81-42CB-9DB8-995086AE8074-296x300.jpeg\" srcset=\"https:\/\/norwegianmade.no\/wp-content\/uploads\/2022\/10\/967AB73C-FF81-42CB-9DB8-995086AE8074-296x300.jpeg 296w, https:\/\/norwegianmade.no\/wp-content\/uploads\/2022\/10\/967AB73C-FF81-42CB-9DB8-995086AE8074-600x609.jpeg 600w, https:\/\/norwegianmade.no\/wp-content\/uploads\/2022\/10\/967AB73C-FF81-42CB-9DB8-995086AE8074-100x100.jpeg 100w, https:\/\/norwegianmade.no\/wp-content\/uploads\/2022\/10\/967AB73C-FF81-42CB-9DB8-995086AE8074-64x65.jpeg 64w, https:\/\/norwegianmade.no\/wp-content\/uploads\/2022\/10\/967AB73C-FF81-42CB-9DB8-995086AE8074.jpeg 740w\" sizes=\"auto, (max-width: 296px) 100vw, 296px\" \/><\/p>\n","protected":false},"excerpt":{"rendered":"<p>Sjarmerende tre sydd i en nydelig gr\u00f8nnfarge av filtet ull. Her har jeg valgt \u00e5 dekorere treet med prikker av ull i fargene okergul, hvit og m\u00f8rkegr\u00f8nn. Treet er fylt med allergivennlig fyllvatt og har et herlig lubbent utseende.<\/p>\n<p>Jeg bruker teknikken n\u00e5lefilting n\u00e5r jeg fester de sm\u00e5 ullprikkene i treet. Du kan velge andre farger p\u00e5 prikkene om du \u00f8nsker det.\u00a0<\/p>\n<p>En kvist er satt inn i treet og er inkludert i prisen. Selve treet er 28 cm, og blir noen cm lengre med kvisten som stikker ut. \u00a0<\/p>\n<p>Dette er det mellomstore treet i min kolleksjon tr\u00e6r p\u00e5 kvist.<br \/>Jeg har ogs\u00e5 designet s\u00f8te minitr\u00e6r p\u00e5 23 cm, samt store tr\u00e6r p\u00e5 38 cm.\u00a0<\/p>\n<p>Andre farger p\u00e5 tr\u00e6rne i kolleksjonene er; r\u00f8d, okergul, hvit, brun, lysgr\u00e5, koksgr\u00e5 og bl\u00e5.<\/p>\n<p>Jeg selger ogs\u00e5 ensfargede tr\u00e6r i ovennevnte farger, samt i de 3 ulike st\u00f8rrelsene.\u00a0<\/p>\n<p>P\u00e5 Instagram @aasearild ser du flere bilder av mine egendesignede ullprodukter.\u00a0<\/p>\n<p>Ta gjerne kontakt med meg om du vil designe ditt eget personlige tre i dine favorittfarger.\u00a0<\/p>\n<p>Takk for bes\u00f8ket!\u00a0<\/p>\n","protected":false},"featured_media":9517,"comment_status":"open","ping_status":"closed","template":"","meta":{"_acf_changed":false},"product_brand":[],"product_cat":[64,124,78,59,324,60],"product_tag":[],"class_list":{"0":"post-9519","1":"product","2":"type-product","3":"status-publish","4":"has-post-thumbnail","6":"product_vendor-ull-i-nord","7":"product_cat-accessories","8":"product_cat-annet","9":"product_cat-gaver","10":"product_cat-interior-kunst","11":"product_cat-jul","12":"product_cat-tekstil","13":"product_shipping_class-lett","15":"first","16":"instock","17":"taxable","18":"shipping-taxable","19":"product-type-simple"},"acf":[],"yoast_head":"<!-- This site is optimized with the Yoast SEO plugin v27.1.1 - https:\/\/yoast.com\/product\/yoast-seo-wordpress\/ -->\n<title>Sjarmerende tre i filtet ull (28 cm) &#8226; Norwegian Made<\/title>\n<meta name=\"robots\" content=\"index, follow, max-snippet:-1, max-image-preview:large, max-video-preview:-1\" \/>\n<link rel=\"canonical\" href=\"https:\/\/norwegianmade.no\/en\/produkt\/gront-tre-28-cm\/\" \/>\n<meta property=\"og:locale\" content=\"en_US\" \/>\n<meta property=\"og:type\" content=\"article\" \/>\n<meta property=\"og:title\" content=\"Sjarmerende tre i filtet ull (28 cm) &#8226; Norwegian Made\" \/>\n<meta property=\"og:description\" content=\"Sjarmerende tre sydd i en nydelig gr\u00f8nnfarge av filtet ull. Her har jeg valgt \u00e5 dekorere treet med prikker av ull i fargene okergul, hvit og m\u00f8rkegr\u00f8nn. Treet er fylt med allergivennlig fyllvatt og har et herlig lubbent utseende.Jeg bruker teknikken n\u00e5lefilting n\u00e5r jeg fester de sm\u00e5 ullprikkene i treet. Du kan velge andre farger p\u00e5 prikkene om du \u00f8nsker det.\u00a0En kvist er satt inn i treet og er inkludert i prisen. Selve treet er 28 cm, og blir noen cm lengre med kvisten som stikker ut. \u00a0Dette er det mellomstore treet i min kolleksjon tr\u00e6r p\u00e5 kvist.Jeg har ogs\u00e5 designet s\u00f8te minitr\u00e6r p\u00e5 23 cm, samt store tr\u00e6r p\u00e5 38 cm.\u00a0Andre farger p\u00e5 tr\u00e6rne i kolleksjonene er; r\u00f8d, okergul, hvit, brun, lysgr\u00e5, koksgr\u00e5 og bl\u00e5.Jeg selger ogs\u00e5 ensfargede tr\u00e6r i ovennevnte farger, samt i de 3 ulike st\u00f8rrelsene.\u00a0P\u00e5 Instagram @aasearild ser du flere bilder av mine egendesignede ullprodukter.\u00a0Ta gjerne kontakt med meg om du vil designe ditt eget personlige tre i dine favorittfarger.\u00a0Takk for bes\u00f8ket!\u00a0\" \/>\n<meta property=\"og:url\" content=\"https:\/\/norwegianmade.no\/en\/produkt\/gront-tre-28-cm\/\" \/>\n<meta property=\"og:site_name\" content=\"Norwegian Made\" \/>\n<meta property=\"article:modified_time\" content=\"2025-09-13T08:42:47+00:00\" \/>\n<meta property=\"og:image\" content=\"https:\/\/norwegianmade.no\/wp-content\/uploads\/2021\/09\/C3DD0B92-C29A-4D49-B60B-E27F25D25801.jpeg\" \/>\n\t<meta property=\"og:image:width\" content=\"1151\" \/>\n\t<meta property=\"og:image:height\" content=\"1237\" \/>\n\t<meta property=\"og:image:type\" content=\"image\/jpeg\" \/>\n<meta name=\"twitter:card\" content=\"summary_large_image\" \/>\n<script type=\"application\/ld+json\" class=\"yoast-schema-graph\">{\"@context\":\"https:\/\/schema.org\",\"@graph\":[{\"@type\":\"WebPage\",\"@id\":\"https:\/\/norwegianmade.no\/en\/produkt\/gront-tre-28-cm\/\",\"url\":\"https:\/\/norwegianmade.no\/en\/produkt\/gront-tre-28-cm\/\",\"name\":\"Sjarmerende tre i filtet ull (28 cm) &#8226; Norwegian Made\",\"isPartOf\":{\"@id\":\"https:\/\/norwegianmade.no\/#website\"},\"primaryImageOfPage\":{\"@id\":\"https:\/\/norwegianmade.no\/en\/produkt\/gront-tre-28-cm\/#primaryimage\"},\"image\":{\"@id\":\"https:\/\/norwegianmade.no\/en\/produkt\/gront-tre-28-cm\/#primaryimage\"},\"thumbnailUrl\":\"https:\/\/norwegianmade.no\/wp-content\/uploads\/2021\/09\/C3DD0B92-C29A-4D49-B60B-E27F25D25801.jpeg\",\"datePublished\":\"2021-09-02T19:26:16+00:00\",\"dateModified\":\"2025-09-13T08:42:47+00:00\",\"breadcrumb\":{\"@id\":\"https:\/\/norwegianmade.no\/en\/produkt\/gront-tre-28-cm\/#breadcrumb\"},\"inLanguage\":\"en-US\",\"potentialAction\":[{\"@type\":\"ReadAction\",\"target\":[\"https:\/\/norwegianmade.no\/en\/produkt\/gront-tre-28-cm\/\"]}]},{\"@type\":\"ImageObject\",\"inLanguage\":\"en-US\",\"@id\":\"https:\/\/norwegianmade.no\/en\/produkt\/gront-tre-28-cm\/#primaryimage\",\"url\":\"https:\/\/norwegianmade.no\/wp-content\/uploads\/2021\/09\/C3DD0B92-C29A-4D49-B60B-E27F25D25801.jpeg\",\"contentUrl\":\"https:\/\/norwegianmade.no\/wp-content\/uploads\/2021\/09\/C3DD0B92-C29A-4D49-B60B-E27F25D25801.jpeg\",\"width\":1151,\"height\":1237},{\"@type\":\"BreadcrumbList\",\"@id\":\"https:\/\/norwegianmade.no\/en\/produkt\/gront-tre-28-cm\/#breadcrumb\",\"itemListElement\":[{\"@type\":\"ListItem\",\"position\":1,\"name\":\"Hjem\",\"item\":\"https:\/\/norwegianmade.no\/en\/\"},{\"@type\":\"ListItem\",\"position\":2,\"name\":\"Shop\",\"item\":\"https:\/\/norwegianmade.no\/en\/shop\/\"},{\"@type\":\"ListItem\",\"position\":3,\"name\":\"Sjarmerende tre i filtet ull (28 cm)\"}]},{\"@type\":\"WebSite\",\"@id\":\"https:\/\/norwegianmade.no\/#website\",\"url\":\"https:\/\/norwegianmade.no\/\",\"name\":\"Norwegian Made\",\"description\":\"Norges st\u00f8rste markedsplass for norske produsenter\",\"publisher\":{\"@id\":\"https:\/\/norwegianmade.no\/#organization\"},\"potentialAction\":[{\"@type\":\"SearchAction\",\"target\":{\"@type\":\"EntryPoint\",\"urlTemplate\":\"https:\/\/norwegianmade.no\/?s={search_term_string}\"},\"query-input\":{\"@type\":\"PropertyValueSpecification\",\"valueRequired\":true,\"valueName\":\"search_term_string\"}}],\"inLanguage\":\"en-US\"},{\"@type\":\"Organization\",\"@id\":\"https:\/\/norwegianmade.no\/#organization\",\"name\":\"Norwegian Made\",\"url\":\"https:\/\/norwegianmade.no\/\",\"logo\":{\"@type\":\"ImageObject\",\"inLanguage\":\"en-US\",\"@id\":\"https:\/\/norwegianmade.no\/#\/schema\/logo\/image\/\",\"url\":\"https:\/\/norwegianmade.no\/wp-content\/uploads\/2020\/11\/logo-liggende-norwegian-made-web.png\",\"contentUrl\":\"https:\/\/norwegianmade.no\/wp-content\/uploads\/2020\/11\/logo-liggende-norwegian-made-web.png\",\"width\":200,\"height\":58,\"caption\":\"Norwegian Made\"},\"image\":{\"@id\":\"https:\/\/norwegianmade.no\/#\/schema\/logo\/image\/\"}}]}<\/script>\n<!-- \/ Yoast SEO plugin. -->","yoast_head_json":{"title":"Sjarmerende tre i filtet ull (28 cm) &#8226; Norwegian Made","robots":{"index":"index","follow":"follow","max-snippet":"max-snippet:-1","max-image-preview":"max-image-preview:large","max-video-preview":"max-video-preview:-1"},"canonical":"https:\/\/norwegianmade.no\/en\/produkt\/gront-tre-28-cm\/","og_locale":"en_US","og_type":"article","og_title":"Sjarmerende tre i filtet ull (28 cm) &#8226; Norwegian Made","og_description":"Sjarmerende tre sydd i en nydelig gr\u00f8nnfarge av filtet ull. Her har jeg valgt \u00e5 dekorere treet med prikker av ull i fargene okergul, hvit og m\u00f8rkegr\u00f8nn. Treet er fylt med allergivennlig fyllvatt og har et herlig lubbent utseende.Jeg bruker teknikken n\u00e5lefilting n\u00e5r jeg fester de sm\u00e5 ullprikkene i treet. Du kan velge andre farger p\u00e5 prikkene om du \u00f8nsker det.\u00a0En kvist er satt inn i treet og er inkludert i prisen. Selve treet er 28 cm, og blir noen cm lengre med kvisten som stikker ut. \u00a0Dette er det mellomstore treet i min kolleksjon tr\u00e6r p\u00e5 kvist.Jeg har ogs\u00e5 designet s\u00f8te minitr\u00e6r p\u00e5 23 cm, samt store tr\u00e6r p\u00e5 38 cm.\u00a0Andre farger p\u00e5 tr\u00e6rne i kolleksjonene er; r\u00f8d, okergul, hvit, brun, lysgr\u00e5, koksgr\u00e5 og bl\u00e5.Jeg selger ogs\u00e5 ensfargede tr\u00e6r i ovennevnte farger, samt i de 3 ulike st\u00f8rrelsene.\u00a0P\u00e5 Instagram @aasearild ser du flere bilder av mine egendesignede ullprodukter.\u00a0Ta gjerne kontakt med meg om du vil designe ditt eget personlige tre i dine favorittfarger.\u00a0Takk for bes\u00f8ket!\u00a0","og_url":"https:\/\/norwegianmade.no\/en\/produkt\/gront-tre-28-cm\/","og_site_name":"Norwegian Made","article_modified_time":"2025-09-13T08:42:47+00:00","og_image":[{"width":1151,"height":1237,"url":"https:\/\/norwegianmade.no\/wp-content\/uploads\/2021\/09\/C3DD0B92-C29A-4D49-B60B-E27F25D25801.jpeg","type":"image\/jpeg"}],"twitter_card":"summary_large_image","schema":{"@context":"https:\/\/schema.org","@graph":[{"@type":"WebPage","@id":"https:\/\/norwegianmade.no\/en\/produkt\/gront-tre-28-cm\/","url":"https:\/\/norwegianmade.no\/en\/produkt\/gront-tre-28-cm\/","name":"Sjarmerende tre i filtet ull (28 cm) &#8226; Norwegian Made","isPartOf":{"@id":"https:\/\/norwegianmade.no\/#website"},"primaryImageOfPage":{"@id":"https:\/\/norwegianmade.no\/en\/produkt\/gront-tre-28-cm\/#primaryimage"},"image":{"@id":"https:\/\/norwegianmade.no\/en\/produkt\/gront-tre-28-cm\/#primaryimage"},"thumbnailUrl":"https:\/\/norwegianmade.no\/wp-content\/uploads\/2021\/09\/C3DD0B92-C29A-4D49-B60B-E27F25D25801.jpeg","datePublished":"2021-09-02T19:26:16+00:00","dateModified":"2025-09-13T08:42:47+00:00","breadcrumb":{"@id":"https:\/\/norwegianmade.no\/en\/produkt\/gront-tre-28-cm\/#breadcrumb"},"inLanguage":"en-US","potentialAction":[{"@type":"ReadAction","target":["https:\/\/norwegianmade.no\/en\/produkt\/gront-tre-28-cm\/"]}]},{"@type":"ImageObject","inLanguage":"en-US","@id":"https:\/\/norwegianmade.no\/en\/produkt\/gront-tre-28-cm\/#primaryimage","url":"https:\/\/norwegianmade.no\/wp-content\/uploads\/2021\/09\/C3DD0B92-C29A-4D49-B60B-E27F25D25801.jpeg","contentUrl":"https:\/\/norwegianmade.no\/wp-content\/uploads\/2021\/09\/C3DD0B92-C29A-4D49-B60B-E27F25D25801.jpeg","width":1151,"height":1237},{"@type":"BreadcrumbList","@id":"https:\/\/norwegianmade.no\/en\/produkt\/gront-tre-28-cm\/#breadcrumb","itemListElement":[{"@type":"ListItem","position":1,"name":"Hjem","item":"https:\/\/norwegianmade.no\/en\/"},{"@type":"ListItem","position":2,"name":"Shop","item":"https:\/\/norwegianmade.no\/en\/shop\/"},{"@type":"ListItem","position":3,"name":"Sjarmerende tre i filtet ull (28 cm)"}]},{"@type":"WebSite","@id":"https:\/\/norwegianmade.no\/#website","url":"https:\/\/norwegianmade.no\/","name":"Norwegian Made","description":"Norges st\u00f8rste markedsplass for norske produsenter","publisher":{"@id":"https:\/\/norwegianmade.no\/#organization"},"potentialAction":[{"@type":"SearchAction","target":{"@type":"EntryPoint","urlTemplate":"https:\/\/norwegianmade.no\/?s={search_term_string}"},"query-input":{"@type":"PropertyValueSpecification","valueRequired":true,"valueName":"search_term_string"}}],"inLanguage":"en-US"},{"@type":"Organization","@id":"https:\/\/norwegianmade.no\/#organization","name":"Norwegian Made","url":"https:\/\/norwegianmade.no\/","logo":{"@type":"ImageObject","inLanguage":"en-US","@id":"https:\/\/norwegianmade.no\/#\/schema\/logo\/image\/","url":"https:\/\/norwegianmade.no\/wp-content\/uploads\/2020\/11\/logo-liggende-norwegian-made-web.png","contentUrl":"https:\/\/norwegianmade.no\/wp-content\/uploads\/2020\/11\/logo-liggende-norwegian-made-web.png","width":200,"height":58,"caption":"Norwegian Made"},"image":{"@id":"https:\/\/norwegianmade.no\/#\/schema\/logo\/image\/"}}]}},"_links":{"self":[{"href":"https:\/\/norwegianmade.no\/en\/wp-json\/wp\/v2\/product\/9519","targetHints":{"allow":["GET"]}}],"collection":[{"href":"https:\/\/norwegianmade.no\/en\/wp-json\/wp\/v2\/product"}],"about":[{"href":"https:\/\/norwegianmade.no\/en\/wp-json\/wp\/v2\/types\/product"}],"replies":[{"embeddable":true,"href":"https:\/\/norwegianmade.no\/en\/wp-json\/wp\/v2\/comments?post=9519"}],"wp:featuredmedia":[{"embeddable":true,"href":"https:\/\/norwegianmade.no\/en\/wp-json\/wp\/v2\/media\/9517"}],"wp:attachment":[{"href":"https:\/\/norwegianmade.no\/en\/wp-json\/wp\/v2\/media?parent=9519"}],"wp:term":[{"taxonomy":"product_brand","embeddable":true,"href":"https:\/\/norwegianmade.no\/en\/wp-json\/wp\/v2\/product_brand?post=9519"},{"taxonomy":"product_cat","embeddable":true,"href":"https:\/\/norwegianmade.no\/en\/wp-json\/wp\/v2\/product_cat?post=9519"},{"taxonomy":"product_tag","embeddable":true,"href":"https:\/\/norwegianmade.no\/en\/wp-json\/wp\/v2\/product_tag?post=9519"}],"curies":[{"name":"wp","href":"https:\/\/api.w.org\/{rel}","templated":true}]}}