{"id":9805,"date":"2021-09-11T12:56:50","date_gmt":"2021-09-11T10:56:50","guid":{"rendered":"https:\/\/norwegianmade.no\/markedsplass\/3pk-bordskanere\/"},"modified":"2024-11-05T14:57:16","modified_gmt":"2024-11-05T13:57:16","slug":"3pk-bordskanere","status":"publish","type":"product","link":"https:\/\/norwegianmade.no\/en\/produkt\/3pk-bordskanere\/","title":{"rendered":"3pk. bordsk\u00e5nere"},"content":{"rendered":"<p><\/p>\n","protected":false},"excerpt":{"rendered":"<p>Fine bordsk\u00e5nere i norsk ull med silkeeffekt<\/p>\n<p>Kan vaskes i lunkent s\u00e5pevann med milo\/ullvaskemiddel<\/p>\n<p>St\u00f8rrelse 1:D25\u00a0 \u00a02:D22\u00a0 :D19 (st\u00f8rrelse varierer)<\/p>\n","protected":false},"featured_media":9803,"comment_status":"open","ping_status":"closed","template":"","meta":{"_acf_changed":false},"product_brand":[],"product_cat":[124,78,82,59,80,324,81,60,86,15],"product_tag":[],"class_list":{"0":"post-9805","1":"product","2":"type-product","3":"status-publish","4":"has-post-thumbnail","6":"product_vendor-nina-filtmaker-filtdesign-og-kurs","7":"product_cat-annet","8":"product_cat-gaver","9":"product_cat-handverk","10":"product_cat-interior-kunst","11":"product_cat-interiorartikler","12":"product_cat-jul","13":"product_cat-kunsthandverk","14":"product_cat-tekstil","15":"product_cat-tekstilprodukter","16":"product_cat-ukategorisert","18":"first","19":"instock","20":"taxable","21":"shipping-taxable","22":"product-type-simple"},"acf":[],"yoast_head":"<!-- This site is optimized with the Yoast SEO plugin v27.1.1 - https:\/\/yoast.com\/product\/yoast-seo-wordpress\/ -->\n<title>3pk. bordsk\u00e5nere &#8226; Norwegian Made<\/title>\n<meta name=\"robots\" content=\"index, follow, max-snippet:-1, max-image-preview:large, max-video-preview:-1\" \/>\n<link rel=\"canonical\" href=\"https:\/\/norwegianmade.no\/en\/produkt\/3pk-bordskanere\/\" \/>\n<meta property=\"og:locale\" content=\"en_US\" \/>\n<meta property=\"og:type\" content=\"article\" \/>\n<meta property=\"og:title\" content=\"3pk. bordsk\u00e5nere &#8226; Norwegian Made\" \/>\n<meta property=\"og:description\" content=\"Fine bordsk\u00e5nere i norsk ull med silkeeffektKan vaskes i lunkent s\u00e5pevann med milo\/ullvaskemiddelSt\u00f8rrelse 1:D25\u00a0 \u00a02:D22\u00a0 :D19 (st\u00f8rrelse varierer)\" \/>\n<meta property=\"og:url\" content=\"https:\/\/norwegianmade.no\/en\/produkt\/3pk-bordskanere\/\" \/>\n<meta property=\"og:site_name\" content=\"Norwegian Made\" \/>\n<meta property=\"article:modified_time\" content=\"2024-11-05T13:57:16+00:00\" \/>\n<meta property=\"og:image\" content=\"https:\/\/norwegianmade.no\/wp-content\/uploads\/2021\/09\/PhotoRoom-20210217_194329-1024x948.png\" \/>\n\t<meta property=\"og:image:width\" content=\"1024\" \/>\n\t<meta property=\"og:image:height\" content=\"948\" \/>\n\t<meta property=\"og:image:type\" content=\"image\/png\" \/>\n<meta name=\"twitter:card\" content=\"summary_large_image\" \/>\n<script type=\"application\/ld+json\" class=\"yoast-schema-graph\">{\"@context\":\"https:\/\/schema.org\",\"@graph\":[{\"@type\":\"WebPage\",\"@id\":\"https:\/\/norwegianmade.no\/en\/produkt\/3pk-bordskanere\/\",\"url\":\"https:\/\/norwegianmade.no\/en\/produkt\/3pk-bordskanere\/\",\"name\":\"3pk. bordsk\u00e5nere &#8226; Norwegian Made\",\"isPartOf\":{\"@id\":\"https:\/\/norwegianmade.no\/#website\"},\"primaryImageOfPage\":{\"@id\":\"https:\/\/norwegianmade.no\/en\/produkt\/3pk-bordskanere\/#primaryimage\"},\"image\":{\"@id\":\"https:\/\/norwegianmade.no\/en\/produkt\/3pk-bordskanere\/#primaryimage\"},\"thumbnailUrl\":\"https:\/\/norwegianmade.no\/wp-content\/uploads\/2021\/09\/PhotoRoom-20210217_194329.png\",\"datePublished\":\"2021-09-11T10:56:50+00:00\",\"dateModified\":\"2024-11-05T13:57:16+00:00\",\"breadcrumb\":{\"@id\":\"https:\/\/norwegianmade.no\/en\/produkt\/3pk-bordskanere\/#breadcrumb\"},\"inLanguage\":\"en-US\",\"potentialAction\":[{\"@type\":\"ReadAction\",\"target\":[\"https:\/\/norwegianmade.no\/en\/produkt\/3pk-bordskanere\/\"]}]},{\"@type\":\"ImageObject\",\"inLanguage\":\"en-US\",\"@id\":\"https:\/\/norwegianmade.no\/en\/produkt\/3pk-bordskanere\/#primaryimage\",\"url\":\"https:\/\/norwegianmade.no\/wp-content\/uploads\/2021\/09\/PhotoRoom-20210217_194329.png\",\"contentUrl\":\"https:\/\/norwegianmade.no\/wp-content\/uploads\/2021\/09\/PhotoRoom-20210217_194329.png\",\"width\":2000,\"height\":1852},{\"@type\":\"BreadcrumbList\",\"@id\":\"https:\/\/norwegianmade.no\/en\/produkt\/3pk-bordskanere\/#breadcrumb\",\"itemListElement\":[{\"@type\":\"ListItem\",\"position\":1,\"name\":\"Hjem\",\"item\":\"https:\/\/norwegianmade.no\/en\/\"},{\"@type\":\"ListItem\",\"position\":2,\"name\":\"Shop\",\"item\":\"https:\/\/norwegianmade.no\/en\/shop\/\"},{\"@type\":\"ListItem\",\"position\":3,\"name\":\"3pk. bordsk\u00e5nere\"}]},{\"@type\":\"WebSite\",\"@id\":\"https:\/\/norwegianmade.no\/#website\",\"url\":\"https:\/\/norwegianmade.no\/\",\"name\":\"Norwegian Made\",\"description\":\"Norges st\u00f8rste markedsplass for norske produsenter\",\"publisher\":{\"@id\":\"https:\/\/norwegianmade.no\/#organization\"},\"potentialAction\":[{\"@type\":\"SearchAction\",\"target\":{\"@type\":\"EntryPoint\",\"urlTemplate\":\"https:\/\/norwegianmade.no\/?s={search_term_string}\"},\"query-input\":{\"@type\":\"PropertyValueSpecification\",\"valueRequired\":true,\"valueName\":\"search_term_string\"}}],\"inLanguage\":\"en-US\"},{\"@type\":\"Organization\",\"@id\":\"https:\/\/norwegianmade.no\/#organization\",\"name\":\"Norwegian Made\",\"url\":\"https:\/\/norwegianmade.no\/\",\"logo\":{\"@type\":\"ImageObject\",\"inLanguage\":\"en-US\",\"@id\":\"https:\/\/norwegianmade.no\/#\/schema\/logo\/image\/\",\"url\":\"https:\/\/norwegianmade.no\/wp-content\/uploads\/2020\/11\/logo-liggende-norwegian-made-web.png\",\"contentUrl\":\"https:\/\/norwegianmade.no\/wp-content\/uploads\/2020\/11\/logo-liggende-norwegian-made-web.png\",\"width\":200,\"height\":58,\"caption\":\"Norwegian Made\"},\"image\":{\"@id\":\"https:\/\/norwegianmade.no\/#\/schema\/logo\/image\/\"}}]}<\/script>\n<!-- \/ Yoast SEO plugin. -->","yoast_head_json":{"title":"3pk. bordsk\u00e5nere &#8226; Norwegian Made","robots":{"index":"index","follow":"follow","max-snippet":"max-snippet:-1","max-image-preview":"max-image-preview:large","max-video-preview":"max-video-preview:-1"},"canonical":"https:\/\/norwegianmade.no\/en\/produkt\/3pk-bordskanere\/","og_locale":"en_US","og_type":"article","og_title":"3pk. bordsk\u00e5nere &#8226; Norwegian Made","og_description":"Fine bordsk\u00e5nere i norsk ull med silkeeffektKan vaskes i lunkent s\u00e5pevann med milo\/ullvaskemiddelSt\u00f8rrelse 1:D25\u00a0 \u00a02:D22\u00a0 :D19 (st\u00f8rrelse varierer)","og_url":"https:\/\/norwegianmade.no\/en\/produkt\/3pk-bordskanere\/","og_site_name":"Norwegian Made","article_modified_time":"2024-11-05T13:57:16+00:00","og_image":[{"width":1024,"height":948,"url":"https:\/\/norwegianmade.no\/wp-content\/uploads\/2021\/09\/PhotoRoom-20210217_194329-1024x948.png","type":"image\/png"}],"twitter_card":"summary_large_image","schema":{"@context":"https:\/\/schema.org","@graph":[{"@type":"WebPage","@id":"https:\/\/norwegianmade.no\/en\/produkt\/3pk-bordskanere\/","url":"https:\/\/norwegianmade.no\/en\/produkt\/3pk-bordskanere\/","name":"3pk. bordsk\u00e5nere &#8226; Norwegian Made","isPartOf":{"@id":"https:\/\/norwegianmade.no\/#website"},"primaryImageOfPage":{"@id":"https:\/\/norwegianmade.no\/en\/produkt\/3pk-bordskanere\/#primaryimage"},"image":{"@id":"https:\/\/norwegianmade.no\/en\/produkt\/3pk-bordskanere\/#primaryimage"},"thumbnailUrl":"https:\/\/norwegianmade.no\/wp-content\/uploads\/2021\/09\/PhotoRoom-20210217_194329.png","datePublished":"2021-09-11T10:56:50+00:00","dateModified":"2024-11-05T13:57:16+00:00","breadcrumb":{"@id":"https:\/\/norwegianmade.no\/en\/produkt\/3pk-bordskanere\/#breadcrumb"},"inLanguage":"en-US","potentialAction":[{"@type":"ReadAction","target":["https:\/\/norwegianmade.no\/en\/produkt\/3pk-bordskanere\/"]}]},{"@type":"ImageObject","inLanguage":"en-US","@id":"https:\/\/norwegianmade.no\/en\/produkt\/3pk-bordskanere\/#primaryimage","url":"https:\/\/norwegianmade.no\/wp-content\/uploads\/2021\/09\/PhotoRoom-20210217_194329.png","contentUrl":"https:\/\/norwegianmade.no\/wp-content\/uploads\/2021\/09\/PhotoRoom-20210217_194329.png","width":2000,"height":1852},{"@type":"BreadcrumbList","@id":"https:\/\/norwegianmade.no\/en\/produkt\/3pk-bordskanere\/#breadcrumb","itemListElement":[{"@type":"ListItem","position":1,"name":"Hjem","item":"https:\/\/norwegianmade.no\/en\/"},{"@type":"ListItem","position":2,"name":"Shop","item":"https:\/\/norwegianmade.no\/en\/shop\/"},{"@type":"ListItem","position":3,"name":"3pk. bordsk\u00e5nere"}]},{"@type":"WebSite","@id":"https:\/\/norwegianmade.no\/#website","url":"https:\/\/norwegianmade.no\/","name":"Norwegian Made","description":"Norges st\u00f8rste markedsplass for norske produsenter","publisher":{"@id":"https:\/\/norwegianmade.no\/#organization"},"potentialAction":[{"@type":"SearchAction","target":{"@type":"EntryPoint","urlTemplate":"https:\/\/norwegianmade.no\/?s={search_term_string}"},"query-input":{"@type":"PropertyValueSpecification","valueRequired":true,"valueName":"search_term_string"}}],"inLanguage":"en-US"},{"@type":"Organization","@id":"https:\/\/norwegianmade.no\/#organization","name":"Norwegian Made","url":"https:\/\/norwegianmade.no\/","logo":{"@type":"ImageObject","inLanguage":"en-US","@id":"https:\/\/norwegianmade.no\/#\/schema\/logo\/image\/","url":"https:\/\/norwegianmade.no\/wp-content\/uploads\/2020\/11\/logo-liggende-norwegian-made-web.png","contentUrl":"https:\/\/norwegianmade.no\/wp-content\/uploads\/2020\/11\/logo-liggende-norwegian-made-web.png","width":200,"height":58,"caption":"Norwegian Made"},"image":{"@id":"https:\/\/norwegianmade.no\/#\/schema\/logo\/image\/"}}]}},"_links":{"self":[{"href":"https:\/\/norwegianmade.no\/en\/wp-json\/wp\/v2\/product\/9805","targetHints":{"allow":["GET"]}}],"collection":[{"href":"https:\/\/norwegianmade.no\/en\/wp-json\/wp\/v2\/product"}],"about":[{"href":"https:\/\/norwegianmade.no\/en\/wp-json\/wp\/v2\/types\/product"}],"replies":[{"embeddable":true,"href":"https:\/\/norwegianmade.no\/en\/wp-json\/wp\/v2\/comments?post=9805"}],"wp:featuredmedia":[{"embeddable":true,"href":"https:\/\/norwegianmade.no\/en\/wp-json\/wp\/v2\/media\/9803"}],"wp:attachment":[{"href":"https:\/\/norwegianmade.no\/en\/wp-json\/wp\/v2\/media?parent=9805"}],"wp:term":[{"taxonomy":"product_brand","embeddable":true,"href":"https:\/\/norwegianmade.no\/en\/wp-json\/wp\/v2\/product_brand?post=9805"},{"taxonomy":"product_cat","embeddable":true,"href":"https:\/\/norwegianmade.no\/en\/wp-json\/wp\/v2\/product_cat?post=9805"},{"taxonomy":"product_tag","embeddable":true,"href":"https:\/\/norwegianmade.no\/en\/wp-json\/wp\/v2\/product_tag?post=9805"}],"curies":[{"name":"wp","href":"https:\/\/api.w.org\/{rel}","templated":true}]}}