{"id":9822,"date":"2021-09-11T13:24:58","date_gmt":"2021-09-11T11:24:58","guid":{"rendered":"https:\/\/norwegianmade.no\/markedsplass\/3pk-bordskaner\/"},"modified":"2025-08-04T20:50:21","modified_gmt":"2025-08-04T18:50:21","slug":"3pk-bordskaner","status":"publish","type":"product","link":"https:\/\/norwegianmade.no\/en\/produkt\/3pk-bordskaner\/","title":{"rendered":"3pk. bordsk\u00e5ner"},"content":{"rendered":"<p><br data-mce-bogus=\"1\"><\/p>\n","protected":false},"excerpt":{"rendered":"<p>Fine bordsk\u00e5nere i norsk ull med silkeeffekt<\/p>\n<p>Kan vaskes i lunkent s\u00e5pevann med milo\/ullvaskemiddel<\/p>\n<p>St\u00f8rrelse 1:D25\u00a0 \u00a02:D22\u00a0 :D19 (st\u00f8rrelse kan variere)<\/p>\n","protected":false},"featured_media":9806,"comment_status":"open","ping_status":"closed","template":"","meta":{"_acf_changed":false},"product_brand":[],"product_cat":[124,78,82,59,80,324,81,60,15],"product_tag":[],"class_list":{"0":"post-9822","1":"product","2":"type-product","3":"status-publish","4":"has-post-thumbnail","6":"product_vendor-nina-filtmaker-filtdesign-og-kurs","7":"product_cat-annet","8":"product_cat-gaver","9":"product_cat-handverk","10":"product_cat-interior-kunst","11":"product_cat-interiorartikler","12":"product_cat-jul","13":"product_cat-kunsthandverk","14":"product_cat-tekstil","15":"product_cat-ukategorisert","17":"first","18":"instock","19":"taxable","20":"shipping-taxable","21":"product-type-simple"},"acf":[],"yoast_head":"<!-- This site is optimized with the Yoast SEO plugin v27.1.1 - https:\/\/yoast.com\/product\/yoast-seo-wordpress\/ -->\n<title>3pk. bordsk\u00e5ner &#8226; Norwegian Made<\/title>\n<meta name=\"robots\" content=\"index, follow, max-snippet:-1, max-image-preview:large, max-video-preview:-1\" \/>\n<link rel=\"canonical\" href=\"https:\/\/norwegianmade.no\/en\/produkt\/3pk-bordskaner\/\" \/>\n<meta property=\"og:locale\" content=\"en_US\" \/>\n<meta property=\"og:type\" content=\"article\" \/>\n<meta property=\"og:title\" content=\"3pk. bordsk\u00e5ner &#8226; Norwegian Made\" \/>\n<meta property=\"og:description\" content=\"Fine bordsk\u00e5nere i norsk ull med silkeeffektKan vaskes i lunkent s\u00e5pevann med milo\/ullvaskemiddelSt\u00f8rrelse 1:D25\u00a0 \u00a02:D22\u00a0 :D19 (st\u00f8rrelse kan variere)\" \/>\n<meta property=\"og:url\" content=\"https:\/\/norwegianmade.no\/en\/produkt\/3pk-bordskaner\/\" \/>\n<meta property=\"og:site_name\" content=\"Norwegian Made\" \/>\n<meta property=\"article:modified_time\" content=\"2025-08-04T18:50:21+00:00\" \/>\n<meta property=\"og:image\" content=\"https:\/\/norwegianmade.no\/wp-content\/uploads\/2021\/09\/PhotoRoom-20210911_130050.png\" \/>\n\t<meta property=\"og:image:width\" content=\"1512\" \/>\n\t<meta property=\"og:image:height\" content=\"1512\" \/>\n\t<meta property=\"og:image:type\" content=\"image\/png\" \/>\n<meta name=\"twitter:card\" content=\"summary_large_image\" \/>\n<script type=\"application\/ld+json\" class=\"yoast-schema-graph\">{\"@context\":\"https:\/\/schema.org\",\"@graph\":[{\"@type\":\"WebPage\",\"@id\":\"https:\/\/norwegianmade.no\/en\/produkt\/3pk-bordskaner\/\",\"url\":\"https:\/\/norwegianmade.no\/en\/produkt\/3pk-bordskaner\/\",\"name\":\"3pk. bordsk\u00e5ner &#8226; Norwegian Made\",\"isPartOf\":{\"@id\":\"https:\/\/norwegianmade.no\/#website\"},\"primaryImageOfPage\":{\"@id\":\"https:\/\/norwegianmade.no\/en\/produkt\/3pk-bordskaner\/#primaryimage\"},\"image\":{\"@id\":\"https:\/\/norwegianmade.no\/en\/produkt\/3pk-bordskaner\/#primaryimage\"},\"thumbnailUrl\":\"https:\/\/norwegianmade.no\/wp-content\/uploads\/2021\/09\/PhotoRoom-20210911_130050.png\",\"datePublished\":\"2021-09-11T11:24:58+00:00\",\"dateModified\":\"2025-08-04T18:50:21+00:00\",\"breadcrumb\":{\"@id\":\"https:\/\/norwegianmade.no\/en\/produkt\/3pk-bordskaner\/#breadcrumb\"},\"inLanguage\":\"en-US\",\"potentialAction\":[{\"@type\":\"ReadAction\",\"target\":[\"https:\/\/norwegianmade.no\/en\/produkt\/3pk-bordskaner\/\"]}]},{\"@type\":\"ImageObject\",\"inLanguage\":\"en-US\",\"@id\":\"https:\/\/norwegianmade.no\/en\/produkt\/3pk-bordskaner\/#primaryimage\",\"url\":\"https:\/\/norwegianmade.no\/wp-content\/uploads\/2021\/09\/PhotoRoom-20210911_130050.png\",\"contentUrl\":\"https:\/\/norwegianmade.no\/wp-content\/uploads\/2021\/09\/PhotoRoom-20210911_130050.png\",\"width\":1512,\"height\":1512},{\"@type\":\"BreadcrumbList\",\"@id\":\"https:\/\/norwegianmade.no\/en\/produkt\/3pk-bordskaner\/#breadcrumb\",\"itemListElement\":[{\"@type\":\"ListItem\",\"position\":1,\"name\":\"Hjem\",\"item\":\"https:\/\/norwegianmade.no\/en\/\"},{\"@type\":\"ListItem\",\"position\":2,\"name\":\"Shop\",\"item\":\"https:\/\/norwegianmade.no\/en\/shop\/\"},{\"@type\":\"ListItem\",\"position\":3,\"name\":\"3pk. bordsk\u00e5ner\"}]},{\"@type\":\"WebSite\",\"@id\":\"https:\/\/norwegianmade.no\/#website\",\"url\":\"https:\/\/norwegianmade.no\/\",\"name\":\"Norwegian Made\",\"description\":\"Norges st\u00f8rste markedsplass for norske produsenter\",\"publisher\":{\"@id\":\"https:\/\/norwegianmade.no\/#organization\"},\"potentialAction\":[{\"@type\":\"SearchAction\",\"target\":{\"@type\":\"EntryPoint\",\"urlTemplate\":\"https:\/\/norwegianmade.no\/?s={search_term_string}\"},\"query-input\":{\"@type\":\"PropertyValueSpecification\",\"valueRequired\":true,\"valueName\":\"search_term_string\"}}],\"inLanguage\":\"en-US\"},{\"@type\":\"Organization\",\"@id\":\"https:\/\/norwegianmade.no\/#organization\",\"name\":\"Norwegian Made\",\"url\":\"https:\/\/norwegianmade.no\/\",\"logo\":{\"@type\":\"ImageObject\",\"inLanguage\":\"en-US\",\"@id\":\"https:\/\/norwegianmade.no\/#\/schema\/logo\/image\/\",\"url\":\"https:\/\/norwegianmade.no\/wp-content\/uploads\/2020\/11\/logo-liggende-norwegian-made-web.png\",\"contentUrl\":\"https:\/\/norwegianmade.no\/wp-content\/uploads\/2020\/11\/logo-liggende-norwegian-made-web.png\",\"width\":200,\"height\":58,\"caption\":\"Norwegian Made\"},\"image\":{\"@id\":\"https:\/\/norwegianmade.no\/#\/schema\/logo\/image\/\"}}]}<\/script>\n<!-- \/ Yoast SEO plugin. -->","yoast_head_json":{"title":"3pk. bordsk\u00e5ner &#8226; Norwegian Made","robots":{"index":"index","follow":"follow","max-snippet":"max-snippet:-1","max-image-preview":"max-image-preview:large","max-video-preview":"max-video-preview:-1"},"canonical":"https:\/\/norwegianmade.no\/en\/produkt\/3pk-bordskaner\/","og_locale":"en_US","og_type":"article","og_title":"3pk. bordsk\u00e5ner &#8226; Norwegian Made","og_description":"Fine bordsk\u00e5nere i norsk ull med silkeeffektKan vaskes i lunkent s\u00e5pevann med milo\/ullvaskemiddelSt\u00f8rrelse 1:D25\u00a0 \u00a02:D22\u00a0 :D19 (st\u00f8rrelse kan variere)","og_url":"https:\/\/norwegianmade.no\/en\/produkt\/3pk-bordskaner\/","og_site_name":"Norwegian Made","article_modified_time":"2025-08-04T18:50:21+00:00","og_image":[{"width":1512,"height":1512,"url":"https:\/\/norwegianmade.no\/wp-content\/uploads\/2021\/09\/PhotoRoom-20210911_130050.png","type":"image\/png"}],"twitter_card":"summary_large_image","schema":{"@context":"https:\/\/schema.org","@graph":[{"@type":"WebPage","@id":"https:\/\/norwegianmade.no\/en\/produkt\/3pk-bordskaner\/","url":"https:\/\/norwegianmade.no\/en\/produkt\/3pk-bordskaner\/","name":"3pk. bordsk\u00e5ner &#8226; Norwegian Made","isPartOf":{"@id":"https:\/\/norwegianmade.no\/#website"},"primaryImageOfPage":{"@id":"https:\/\/norwegianmade.no\/en\/produkt\/3pk-bordskaner\/#primaryimage"},"image":{"@id":"https:\/\/norwegianmade.no\/en\/produkt\/3pk-bordskaner\/#primaryimage"},"thumbnailUrl":"https:\/\/norwegianmade.no\/wp-content\/uploads\/2021\/09\/PhotoRoom-20210911_130050.png","datePublished":"2021-09-11T11:24:58+00:00","dateModified":"2025-08-04T18:50:21+00:00","breadcrumb":{"@id":"https:\/\/norwegianmade.no\/en\/produkt\/3pk-bordskaner\/#breadcrumb"},"inLanguage":"en-US","potentialAction":[{"@type":"ReadAction","target":["https:\/\/norwegianmade.no\/en\/produkt\/3pk-bordskaner\/"]}]},{"@type":"ImageObject","inLanguage":"en-US","@id":"https:\/\/norwegianmade.no\/en\/produkt\/3pk-bordskaner\/#primaryimage","url":"https:\/\/norwegianmade.no\/wp-content\/uploads\/2021\/09\/PhotoRoom-20210911_130050.png","contentUrl":"https:\/\/norwegianmade.no\/wp-content\/uploads\/2021\/09\/PhotoRoom-20210911_130050.png","width":1512,"height":1512},{"@type":"BreadcrumbList","@id":"https:\/\/norwegianmade.no\/en\/produkt\/3pk-bordskaner\/#breadcrumb","itemListElement":[{"@type":"ListItem","position":1,"name":"Hjem","item":"https:\/\/norwegianmade.no\/en\/"},{"@type":"ListItem","position":2,"name":"Shop","item":"https:\/\/norwegianmade.no\/en\/shop\/"},{"@type":"ListItem","position":3,"name":"3pk. bordsk\u00e5ner"}]},{"@type":"WebSite","@id":"https:\/\/norwegianmade.no\/#website","url":"https:\/\/norwegianmade.no\/","name":"Norwegian Made","description":"Norges st\u00f8rste markedsplass for norske produsenter","publisher":{"@id":"https:\/\/norwegianmade.no\/#organization"},"potentialAction":[{"@type":"SearchAction","target":{"@type":"EntryPoint","urlTemplate":"https:\/\/norwegianmade.no\/?s={search_term_string}"},"query-input":{"@type":"PropertyValueSpecification","valueRequired":true,"valueName":"search_term_string"}}],"inLanguage":"en-US"},{"@type":"Organization","@id":"https:\/\/norwegianmade.no\/#organization","name":"Norwegian Made","url":"https:\/\/norwegianmade.no\/","logo":{"@type":"ImageObject","inLanguage":"en-US","@id":"https:\/\/norwegianmade.no\/#\/schema\/logo\/image\/","url":"https:\/\/norwegianmade.no\/wp-content\/uploads\/2020\/11\/logo-liggende-norwegian-made-web.png","contentUrl":"https:\/\/norwegianmade.no\/wp-content\/uploads\/2020\/11\/logo-liggende-norwegian-made-web.png","width":200,"height":58,"caption":"Norwegian Made"},"image":{"@id":"https:\/\/norwegianmade.no\/#\/schema\/logo\/image\/"}}]}},"_links":{"self":[{"href":"https:\/\/norwegianmade.no\/en\/wp-json\/wp\/v2\/product\/9822","targetHints":{"allow":["GET"]}}],"collection":[{"href":"https:\/\/norwegianmade.no\/en\/wp-json\/wp\/v2\/product"}],"about":[{"href":"https:\/\/norwegianmade.no\/en\/wp-json\/wp\/v2\/types\/product"}],"replies":[{"embeddable":true,"href":"https:\/\/norwegianmade.no\/en\/wp-json\/wp\/v2\/comments?post=9822"}],"wp:featuredmedia":[{"embeddable":true,"href":"https:\/\/norwegianmade.no\/en\/wp-json\/wp\/v2\/media\/9806"}],"wp:attachment":[{"href":"https:\/\/norwegianmade.no\/en\/wp-json\/wp\/v2\/media?parent=9822"}],"wp:term":[{"taxonomy":"product_brand","embeddable":true,"href":"https:\/\/norwegianmade.no\/en\/wp-json\/wp\/v2\/product_brand?post=9822"},{"taxonomy":"product_cat","embeddable":true,"href":"https:\/\/norwegianmade.no\/en\/wp-json\/wp\/v2\/product_cat?post=9822"},{"taxonomy":"product_tag","embeddable":true,"href":"https:\/\/norwegianmade.no\/en\/wp-json\/wp\/v2\/product_tag?post=9822"}],"curies":[{"name":"wp","href":"https:\/\/api.w.org\/{rel}","templated":true}]}}